{"id":692,"date":"2025-11-02T09:12:58","date_gmt":"2025-11-02T09:12:58","guid":{"rendered":"https:\/\/www.cxjsmartcard.com\/?post_type=product&#038;p=692"},"modified":"2025-12-29T01:27:11","modified_gmt":"2025-12-29T01:27:11","slug":"heating-sealing-uhf-laundry-tag-for-hotel-linen-management","status":"publish","type":"product","link":"https:\/\/www.cxjsmartcard.com\/de\/heating-sealing-uhf-laundry-tag-for-hotel-linen-management\/","title":{"rendered":"UHF-W\u00e4scheetikett mit Hei\u00dfsiegelung f\u00fcr das Hotelw\u00e4schemanagement"},"content":{"rendered":"<p data-start=\"78\" data-end=\"323\">Wasserfestes, weiches UHF-W\u00e4scheetikett zum Hei\u00dfsiegeln oder Einn\u00e4hen in schmale S\u00e4ume von Hotelbettw\u00e4sche, Arbeitskleidung und anderen Textilien. Entwickelt f\u00fcr Hochtemperatur-Wasch- und Trocknungsprozesse sowie f\u00fcr das Scannen in gro\u00dfen Mengen, um die Bestandsgenauigkeit zu verbessern und den Arbeitsaufwand zu reduzieren.<\/p>\n<p data-start=\"325\" data-end=\"341\"><strong data-start=\"325\" data-end=\"341\">Hauptmerkmale<\/strong><\/p>\n<ul data-start=\"342\" data-end=\"864\">\n<li data-start=\"342\" data-end=\"394\">\n<p data-start=\"344\" data-end=\"394\">Gr\u00f6\u00dfen: 55\u00d712 mm, 70\u00d715 mm, 87\u00d717 mm (anpassbar)<\/p>\n<\/li>\n<li data-start=\"395\" data-end=\"419\">\n<p data-start=\"397\" data-end=\"419\">Chips: NXP U8 \/ NXP U9<\/p>\n<\/li>\n<li data-start=\"420\" data-end=\"450\">\n<p data-start=\"422\" data-end=\"450\">Frequenz: 865\u2013928 MHz (UHF)<\/p>\n<\/li>\n<li data-start=\"451\" data-end=\"501\">\n<p data-start=\"453\" data-end=\"501\">Material: Polyester; flexibel f\u00fcr S\u00e4ume und N\u00e4hte<\/p>\n<\/li>\n<li data-start=\"502\" data-end=\"570\">\n<p data-start=\"504\" data-end=\"570\">Lesereichweite: Bis zu 3 m (bitte mit Ihrem Leseger\u00e4t und der Umgebung \u00fcberpr\u00fcfen)<\/p>\n<\/li>\n<li data-start=\"571\" data-end=\"633\">\n<p data-start=\"573\" data-end=\"633\">Garantie: Nach dem ersten von 200 Waschg\u00e4ngen oder 3 Jahren ab Versanddatum<\/p>\n<\/li>\n<li data-start=\"634\" data-end=\"697\">\n<p data-start=\"636\" data-end=\"697\">Chemische Best\u00e4ndigkeit: Kompatibel mit g\u00e4ngigen Waschmitteln<\/p>\n<\/li>\n<li data-start=\"698\" data-end=\"864\">\n<p data-start=\"700\" data-end=\"864\">Betriebliche Vorteile: Erm\u00f6glicht schnelles Erfassen, Sortieren, automatisches Inventarisieren, Nachverfolgen und Berichtserstellen; unterst\u00fctzt Stapelverarbeitung zum Reduzieren von Fehlern und Kosten<\/p>\n<\/li>\n<\/ul>\n<p data-start=\"866\" data-end=\"894\"><strong data-start=\"866\" data-end=\"894\">Technische Spezifikationen<\/strong><\/p>\n<div class=\"_tableContainer_1rjym_1\">\n<div class=\"group _tableWrapper_1rjym_13 flex w-fit flex-col-reverse\" tabindex=\"-1\">\n<table class=\"w-fit min-w-(--thread-content-width)\" data-start=\"896\" data-end=\"3705\">\n<thead data-start=\"896\" data-end=\"1060\">\n<tr data-start=\"896\" data-end=\"1060\">\n<th data-start=\"896\" data-end=\"921\" data-col-size=\"sm\">Artikel<\/th>\n<th data-start=\"921\" data-end=\"1060\" data-col-size=\"lg\">Details<\/th>\n<\/tr>\n<\/thead>\n<tbody data-start=\"1226\" data-end=\"3705\">\n<tr data-start=\"1226\" data-end=\"1390\">\n<td data-start=\"1226\" data-end=\"1251\" data-col-size=\"sm\">Anwendung<\/td>\n<td data-col-size=\"lg\" data-start=\"1251\" data-end=\"1390\">Hotelbettw\u00e4sche, Arbeitskleidung, sonstige Textilprodukte<\/td>\n<\/tr>\n<tr data-start=\"1391\" data-end=\"1555\">\n<td data-start=\"1391\" data-end=\"1416\" data-col-size=\"sm\">Gr\u00f6\u00dfenoptionen<\/td>\n<td data-col-size=\"lg\" data-start=\"1416\" data-end=\"1555\">55\u00d712 mm, 70\u00d715 mm, 87\u00d717 mm (kundenspezifisch)<\/td>\n<\/tr>\n<tr data-start=\"1556\" data-end=\"1720\">\n<td data-start=\"1556\" data-end=\"1581\" data-col-size=\"sm\">IC \/ Chip<\/td>\n<td data-col-size=\"lg\" data-start=\"1581\" data-end=\"1720\">NXP U8, NXP U9<\/td>\n<\/tr>\n<tr data-start=\"1721\" data-end=\"1885\">\n<td data-start=\"1721\" data-end=\"1746\" data-col-size=\"sm\">Betriebsfrequenz<\/td>\n<td data-start=\"1746\" data-end=\"1885\" data-col-size=\"lg\">865\u2013928 MHz<\/td>\n<\/tr>\n<tr data-start=\"1886\" data-end=\"2050\">\n<td data-start=\"1886\" data-end=\"1911\" data-col-size=\"sm\">Etikettenmaterial<\/td>\n<td data-col-size=\"lg\" data-start=\"1911\" data-end=\"2050\">Polyester<\/td>\n<\/tr>\n<tr data-start=\"2051\" data-end=\"2215\">\n<td data-start=\"2051\" data-end=\"2076\" data-col-size=\"sm\">Lesedistanz<\/td>\n<td data-col-size=\"lg\" data-start=\"2076\" data-end=\"2215\">Bis zu 3 m (bis zu ca. 9 Fu\u00df); muss mit einem Leseger\u00e4t vor Ort \u00fcberpr\u00fcft werden.<\/td>\n<\/tr>\n<tr data-start=\"2216\" data-end=\"2380\">\n<td data-start=\"2216\" data-end=\"2241\" data-col-size=\"sm\">Tag-Garantie<\/td>\n<td data-col-size=\"lg\" data-start=\"2241\" data-end=\"2380\">Erster von 200 Waschg\u00e4ngen <strong data-start=\"2268\" data-end=\"2274\">oder<\/strong> 3 Jahre ab Versanddatum<\/td>\n<\/tr>\n<tr data-start=\"2381\" data-end=\"2545\">\n<td data-start=\"2381\" data-end=\"2406\" data-col-size=\"sm\">Lagertemperatur<\/td>\n<td data-start=\"2406\" data-end=\"2545\" data-col-size=\"lg\">\u221240 \u00b0C bis +120 \u00b0C (\u221240 \u00b0F bis +248 \u00b0F)<\/td>\n<\/tr>\n<tr data-start=\"2546\" data-end=\"2710\">\n<td data-start=\"2546\" data-end=\"2571\" data-col-size=\"sm\">Waschgang<\/td>\n<td data-start=\"2571\" data-end=\"2710\" data-col-size=\"lg\">+90 \u00b0C (+194 \u00b0F) f\u00fcr 60 Minuten<\/td>\n<\/tr>\n<tr data-start=\"2711\" data-end=\"2875\">\n<td data-start=\"2711\" data-end=\"2736\" data-col-size=\"sm\">Trocknung<\/td>\n<td data-start=\"2736\" data-end=\"2875\" data-col-size=\"lg\">+180 \u00b0C (+356 \u00b0F) f\u00fcr 3 min; Dehydrationsdruck: 35 bar<\/td>\n<\/tr>\n<tr data-start=\"2876\" data-end=\"3040\">\n<td data-start=\"2876\" data-end=\"2901\" data-col-size=\"sm\">B\u00fcgeleisen<\/td>\n<td data-col-size=\"lg\" data-start=\"2901\" data-end=\"3040\">+195 \u00b0C (+383 \u00b0F) f\u00fcr 30 s, &lt;18 bar; Wasserextraktor: 60 bar f\u00fcr 80 s<\/td>\n<\/tr>\n<tr data-start=\"3041\" data-end=\"3209\">\n<td data-start=\"3041\" data-end=\"3066\" data-col-size=\"sm\">Autoklav<\/td>\n<td data-start=\"3066\" data-end=\"3209\" data-col-size=\"lg\">Entl\u00fcftung: +100 \u00b0C (+212 \u00b0F), 5 min, 0,1 bar; Trocknung: +45 \u00b0C (+113 \u00b0F), 15 min, 0,2 bar; Sterilisation: +134 \u00b0C (+273 \u00b0F), 20 min, 3,25 bar<\/td>\n<\/tr>\n<tr data-start=\"3210\" data-end=\"3375\">\n<td data-start=\"3210\" data-end=\"3235\" data-col-size=\"sm\">Chemische Best\u00e4ndigkeit<\/td>\n<td data-col-size=\"lg\" data-start=\"3235\" data-end=\"3375\">Best\u00e4ndig gegen Chemikalien, die \u00fcblicherweise in industriellen W\u00e4schereien vorkommen<\/td>\n<\/tr>\n<tr data-start=\"3376\" data-end=\"3540\">\n<td data-start=\"3376\" data-end=\"3401\" data-col-size=\"sm\">Verpackungsoptionen<\/td>\n<td data-col-size=\"lg\" data-start=\"3401\" data-end=\"3540\">Varianten aus Vliesstoff, Silikon und PPS erh\u00e4ltlich; individualisierbar mit Seriennummern, Barcodes und QR-Codes<\/td>\n<\/tr>\n<tr data-start=\"3541\" data-end=\"3705\">\n<td data-start=\"3541\" data-end=\"3566\" data-col-size=\"sm\">Typische Vorteile<\/td>\n<td data-start=\"3566\" data-end=\"3705\" data-col-size=\"lg\">Batch-ID, schnellere Sortierung, weniger Fehler, automatisierte Berichterstellung, historische R\u00fcckverfolgbarkeit<\/td>\n<\/tr>\n<\/tbody>\n<\/table>\n<\/div>\n<\/div>","protected":false},"excerpt":{"rendered":"<p>Hei\u00dfsiegelbarer, wasserdichter UHF-RFID-W\u00e4scheanh\u00e4nger f\u00fcr Hotelw\u00e4sche und Arbeitskleidung; 865\u2013928 MHz, NXP U8\/U9, Lesereichweite bis zu 3 m, ausgelegt f\u00fcr 200 W\u00e4schen oder 3 Jahre Garantie.<\/p>","protected":false},"featured_media":693,"template":"","meta":{"_gspb_post_css":""},"product_brand":[],"product_cat":[17,18],"product_tag":[],"class_list":{"0":"post-692","1":"product","2":"type-product","3":"status-publish","4":"has-post-thumbnail","6":"product_cat-rfid-laundry-tags","7":"product_cat-textile-rfid-laundry-tags","9":"first","10":"instock","11":"shipping-taxable","12":"purchasable","13":"product-type-simple"},"_links":{"self":[{"href":"https:\/\/www.cxjsmartcard.com\/de\/wp-json\/wp\/v2\/product\/692","targetHints":{"allow":["GET"]}}],"collection":[{"href":"https:\/\/www.cxjsmartcard.com\/de\/wp-json\/wp\/v2\/product"}],"about":[{"href":"https:\/\/www.cxjsmartcard.com\/de\/wp-json\/wp\/v2\/types\/product"}],"wp:featuredmedia":[{"embeddable":true,"href":"https:\/\/www.cxjsmartcard.com\/de\/wp-json\/wp\/v2\/media\/693"}],"wp:attachment":[{"href":"https:\/\/www.cxjsmartcard.com\/de\/wp-json\/wp\/v2\/media?parent=692"}],"wp:term":[{"taxonomy":"product_brand","embeddable":true,"href":"https:\/\/www.cxjsmartcard.com\/de\/wp-json\/wp\/v2\/product_brand?post=692"},{"taxonomy":"product_cat","embeddable":true,"href":"https:\/\/www.cxjsmartcard.com\/de\/wp-json\/wp\/v2\/product_cat?post=692"},{"taxonomy":"product_tag","embeddable":true,"href":"https:\/\/www.cxjsmartcard.com\/de\/wp-json\/wp\/v2\/product_tag?post=692"}],"curies":[{"name":"wp","href":"https:\/\/api.w.org\/{rel}","templated":true}]}}