{"id":687,"date":"2025-11-02T08:27:34","date_gmt":"2025-11-02T08:27:34","guid":{"rendered":"https:\/\/www.cxjsmartcard.com\/?post_type=product&#038;p=687"},"modified":"2025-12-29T01:27:11","modified_gmt":"2025-12-29T01:27:11","slug":"70x15mm-flexible-rfid-laundry-tag","status":"publish","type":"product","link":"https:\/\/www.cxjsmartcard.com\/de\/70x15mm-flexible-rfid-laundry-tag\/","title":{"rendered":"70 \u00d7 15 mm flexibler RFID-W\u00e4scheanh\u00e4nger"},"content":{"rendered":"<p data-start=\"222\" data-end=\"462\">UHF-Textil-RFID-W\u00e4scheetikett f\u00fcr die industrielle W\u00e4scherei in Hotels, Krankenh\u00e4usern, Bekleidungsfabriken und im Bereich der Arbeitskleidungsverwaltung. Weich, flexibel, wasserdicht und hitzebest\u00e4ndig; kann eingen\u00e4ht, hei\u00dfversiegelt oder in S\u00e4ume eingen\u00e4ht werden, ohne den Tragekomfort zu beeintr\u00e4chtigen.<\/p>\n<p data-start=\"464\" data-end=\"480\"><strong data-start=\"464\" data-end=\"480\">Hauptmerkmale<\/strong><\/p>\n<ul data-start=\"481\" data-end=\"845\">\n<li data-start=\"481\" data-end=\"547\">\n<p data-start=\"483\" data-end=\"547\">Mehr als 200 industrielle Waschzyklen; jeder Tag wurde einem Schreibtest des 100%-Speichers unterzogen.<\/p>\n<\/li>\n<li data-start=\"548\" data-end=\"600\">\n<p data-start=\"550\" data-end=\"600\">H\u00e4lt einem Wasserabsaugdruck von bis zu 60 bar stand.<\/p>\n<\/li>\n<li data-start=\"601\" data-end=\"648\">\n<p data-start=\"603\" data-end=\"648\">Weiches Stoffdesign f\u00fcr schmale S\u00e4ume und N\u00e4hte.<\/p>\n<\/li>\n<li data-start=\"649\" data-end=\"712\">\n<p data-start=\"651\" data-end=\"712\">EPC Klasse 1 Gen2 \/ ISO18000-6C, 860\u2013960 MHz (NXP UCODE\u00ae 8\/9).<\/p>\n<\/li>\n<li data-start=\"713\" data-end=\"769\">\n<p data-start=\"715\" data-end=\"769\">Lesereichweite bis zu 3\u20136 m (abh\u00e4ngig vom Leseger\u00e4t\/der Umgebung).<\/p>\n<\/li>\n<li data-start=\"770\" data-end=\"845\">\n<p data-start=\"772\" data-end=\"845\">Best\u00e4ndig gegen Waschen bei 90 \u00b0C, Trocknen bei 180 \u00b0C, B\u00fcgeln bei 195 \u00b0C und Sterilisieren bei 134 \u00b0C.<\/p>\n<\/li>\n<\/ul>\n<p data-start=\"847\" data-end=\"875\"><strong data-start=\"847\" data-end=\"875\">Technische Spezifikationen<\/strong><\/p>\n<div class=\"_tableContainer_1rjym_1\">\n<div class=\"group _tableWrapper_1rjym_13 flex w-fit flex-col-reverse\" tabindex=\"-1\">\n<table class=\"w-fit min-w-(--thread-content-width)\" data-start=\"877\" data-end=\"2844\">\n<thead data-start=\"877\" data-end=\"974\">\n<tr data-start=\"877\" data-end=\"974\">\n<th data-start=\"877\" data-end=\"899\" data-col-size=\"sm\">Artikel<\/th>\n<th data-start=\"899\" data-end=\"974\" data-col-size=\"md\">Details<\/th>\n<\/tr>\n<\/thead>\n<tbody data-start=\"1073\" data-end=\"2844\">\n<tr data-start=\"1073\" data-end=\"1170\">\n<td data-start=\"1073\" data-end=\"1095\" data-col-size=\"sm\">Produkttyp<\/td>\n<td data-col-size=\"md\" data-start=\"1095\" data-end=\"1170\">UHF-Textil-RFID-W\u00e4scheetikett<\/td>\n<\/tr>\n<tr data-start=\"1171\" data-end=\"1268\">\n<td data-start=\"1171\" data-end=\"1193\" data-col-size=\"sm\">Material<\/td>\n<td data-col-size=\"md\" data-start=\"1193\" data-end=\"1268\">Stoff \/ Gewebt \/ Polyester<\/td>\n<\/tr>\n<tr data-start=\"1269\" data-end=\"1366\">\n<td data-start=\"1269\" data-end=\"1291\" data-col-size=\"sm\">Gr\u00f6\u00dfenoptionen<\/td>\n<td data-start=\"1291\" data-end=\"1366\" data-col-size=\"md\">55\u00d712mm, <strong data-start=\"1302\" data-end=\"1313\">70 \u00d7 15 mm<\/strong>, 87\u00d717mm (anpassbar)<\/td>\n<\/tr>\n<tr data-start=\"1367\" data-end=\"1464\">\n<td data-start=\"1367\" data-end=\"1389\" data-col-size=\"sm\">Chipoptionen<\/td>\n<td data-start=\"1389\" data-end=\"1464\" data-col-size=\"md\">NXP UCODE\u00ae 8, UCODE\u00ae 9<\/td>\n<\/tr>\n<tr data-start=\"1465\" data-end=\"1563\">\n<td data-start=\"1465\" data-end=\"1487\" data-col-size=\"sm\">Frequenz<\/td>\n<td data-col-size=\"md\" data-start=\"1487\" data-end=\"1563\">860\u2013960 MHz<\/td>\n<\/tr>\n<tr data-start=\"1564\" data-end=\"1661\">\n<td data-start=\"1564\" data-end=\"1586\" data-col-size=\"sm\">Protokoll<\/td>\n<td data-col-size=\"md\" data-start=\"1586\" data-end=\"1661\">EPC Klasse 1 Gen2; ISO18000-6C<\/td>\n<\/tr>\n<tr data-start=\"1662\" data-end=\"1759\">\n<td data-start=\"1662\" data-end=\"1684\" data-col-size=\"sm\">Lesedistanz<\/td>\n<td data-col-size=\"md\" data-start=\"1684\" data-end=\"1759\">Bis zu 3\u20136 m (abh\u00e4ngig vom Leser und der Umgebung)<\/td>\n<\/tr>\n<tr data-start=\"1760\" data-end=\"1858\">\n<td data-start=\"1760\" data-end=\"1782\" data-col-size=\"sm\">TID<\/td>\n<td data-start=\"1782\" data-end=\"1858\" data-col-size=\"md\">96-Bit-TID<\/td>\n<\/tr>\n<tr data-start=\"1859\" data-end=\"1957\">\n<td data-start=\"1859\" data-end=\"1881\" data-col-size=\"sm\">EPC-Speicher<\/td>\n<td data-start=\"1881\" data-end=\"1957\" data-col-size=\"md\">96\u2013128 Bit<\/td>\n<\/tr>\n<tr data-start=\"1958\" data-end=\"2056\">\n<td data-start=\"1958\" data-end=\"1980\" data-col-size=\"sm\">Datenaufbewahrung<\/td>\n<td data-col-size=\"md\" data-start=\"1980\" data-end=\"2056\">10 Jahre<\/td>\n<\/tr>\n<tr data-start=\"2057\" data-end=\"2155\">\n<td data-start=\"2057\" data-end=\"2079\" data-col-size=\"sm\">Zyklen umprogrammieren<\/td>\n<td data-col-size=\"md\" data-start=\"2079\" data-end=\"2155\">100.000 Mal<\/td>\n<\/tr>\n<tr data-start=\"2156\" data-end=\"2254\">\n<td data-start=\"2156\" data-end=\"2178\" data-col-size=\"sm\">Waschbest\u00e4ndigkeit<\/td>\n<td data-col-size=\"md\" data-start=\"2178\" data-end=\"2254\">\u00dcber 200 Zyklen, 90 \u00b0C Waschen \/ 180 \u00b0C Trocknen \/ 195 \u00b0C B\u00fcgeln<\/td>\n<\/tr>\n<tr data-start=\"2255\" data-end=\"2352\">\n<td data-start=\"2255\" data-end=\"2277\" data-col-size=\"sm\">Sterilisation<\/td>\n<td data-col-size=\"md\" data-start=\"2277\" data-end=\"2352\">+134\u00b0C f\u00fcr 20 Min. bei 3,25 bar<\/td>\n<\/tr>\n<tr data-start=\"2353\" data-end=\"2450\">\n<td data-start=\"2353\" data-end=\"2375\" data-col-size=\"sm\">Wasserdichtigkeitsklasse<\/td>\n<td data-col-size=\"md\" data-start=\"2375\" data-end=\"2450\">Wasserbest\u00e4ndig, chemikalienbest\u00e4ndig<\/td>\n<\/tr>\n<tr data-start=\"2451\" data-end=\"2549\">\n<td data-start=\"2451\" data-end=\"2473\" data-col-size=\"sm\">Betriebstemperatur.<\/td>\n<td data-start=\"2473\" data-end=\"2549\" data-col-size=\"md\">-20 \u00b0C ~ +85 \u00b0C<\/td>\n<\/tr>\n<tr data-start=\"2550\" data-end=\"2648\">\n<td data-start=\"2550\" data-end=\"2572\" data-col-size=\"sm\">Lagertemperatur.<\/td>\n<td data-start=\"2572\" data-end=\"2648\" data-col-size=\"md\">-40 \u00b0C bis +120 \u00b0C<\/td>\n<\/tr>\n<tr data-start=\"2649\" data-end=\"2746\">\n<td data-start=\"2649\" data-end=\"2671\" data-col-size=\"sm\">Anpassung<\/td>\n<td data-col-size=\"md\" data-start=\"2671\" data-end=\"2746\">Seriennummer, Logo, Kodierung, kundenspezifische Antenne<\/td>\n<\/tr>\n<tr data-start=\"2747\" data-end=\"2844\">\n<td data-start=\"2747\" data-end=\"2769\" data-col-size=\"sm\">Anwendungen<\/td>\n<td data-col-size=\"md\" data-start=\"2769\" data-end=\"2844\">Hotels, Krankenh\u00e4user, Arbeitskleidung, Textilien\/Bekleidung, Uniformmanagement<\/td>\n<\/tr>\n<\/tbody>\n<\/table>\n<\/div>\n<\/div>","protected":false},"excerpt":{"rendered":"<p>Flexibler 70\u00d715mm UHF RFID-W\u00e4scheanh\u00e4nger zur Verfolgung von Arbeitskleidung in Hotels, Krankenh\u00e4usern und der Industrie; \u00fcber 200 Waschzyklen, Lesereichweite 3\u20136 m, EPC Gen2, n\u00e4hbar\/hei\u00dfsiegelbar.<\/p>","protected":false},"featured_media":689,"template":"","meta":{"_gspb_post_css":""},"product_brand":[],"product_cat":[17,18],"product_tag":[],"class_list":{"0":"post-687","1":"product","2":"type-product","3":"status-publish","4":"has-post-thumbnail","6":"product_cat-rfid-laundry-tags","7":"product_cat-textile-rfid-laundry-tags","9":"first","10":"instock","11":"shipping-taxable","12":"purchasable","13":"product-type-simple"},"_links":{"self":[{"href":"https:\/\/www.cxjsmartcard.com\/de\/wp-json\/wp\/v2\/product\/687","targetHints":{"allow":["GET"]}}],"collection":[{"href":"https:\/\/www.cxjsmartcard.com\/de\/wp-json\/wp\/v2\/product"}],"about":[{"href":"https:\/\/www.cxjsmartcard.com\/de\/wp-json\/wp\/v2\/types\/product"}],"wp:featuredmedia":[{"embeddable":true,"href":"https:\/\/www.cxjsmartcard.com\/de\/wp-json\/wp\/v2\/media\/689"}],"wp:attachment":[{"href":"https:\/\/www.cxjsmartcard.com\/de\/wp-json\/wp\/v2\/media?parent=687"}],"wp:term":[{"taxonomy":"product_brand","embeddable":true,"href":"https:\/\/www.cxjsmartcard.com\/de\/wp-json\/wp\/v2\/product_brand?post=687"},{"taxonomy":"product_cat","embeddable":true,"href":"https:\/\/www.cxjsmartcard.com\/de\/wp-json\/wp\/v2\/product_cat?post=687"},{"taxonomy":"product_tag","embeddable":true,"href":"https:\/\/www.cxjsmartcard.com\/de\/wp-json\/wp\/v2\/product_tag?post=687"}],"curies":[{"name":"wp","href":"https:\/\/api.w.org\/{rel}","templated":true}]}}