{"id":672,"date":"2025-11-01T11:04:13","date_gmt":"2025-11-01T11:04:13","guid":{"rendered":"https:\/\/www.cxjsmartcard.com\/?post_type=product&#038;p=672"},"modified":"2025-12-29T01:27:11","modified_gmt":"2025-12-29T01:27:11","slug":"rfid-smart-contactless-mifare-plus-ev2-card","status":"publish","type":"product","link":"https:\/\/www.cxjsmartcard.com\/de\/rfid-smart-contactless-mifare-plus-ev2-card\/","title":{"rendered":"RFID Smart Contactless MIFARE Plus EV2 Karte"},"content":{"rendered":"<p data-start=\"50\" data-end=\"400\">Hochsichere kontaktlose 13,56-MHz-Smartcard auf Basis von NXP MIFARE Plus\u00ae EV2, entwickelt f\u00fcr Transport, Zutrittskontrolle, Kundenbindungsprogramme und Einzelhandel. Unterst\u00fctzt ISO\/IEC 14443A, schnelle Daten\u00fcbertragung von 106\u2013848 kbit\/s, sichere AES-128-Nachrichten\u00fcbermittlung und nahtlose Migration von bestehenden Infrastrukturen.<\/p>\n<p data-start=\"402\" data-end=\"421\"><strong data-start=\"402\" data-end=\"419\">Spezifikation<\/strong><\/p>\n<div class=\"_tableContainer_1rjym_1\">\n<div class=\"group _tableWrapper_1rjym_13 flex w-fit flex-col-reverse\" tabindex=\"-1\">\n<table class=\"w-fit min-w-(--thread-content-width)\" data-start=\"422\" data-end=\"1050\">\n<thead data-start=\"422\" data-end=\"440\">\n<tr data-start=\"422\" data-end=\"440\">\n<th data-start=\"422\" data-end=\"429\" data-col-size=\"sm\">Artikel<\/th>\n<th data-start=\"429\" data-end=\"440\" data-col-size=\"md\">Details<\/th>\n<\/tr>\n<\/thead>\n<tbody data-start=\"451\" data-end=\"1050\">\n<tr data-start=\"451\" data-end=\"500\">\n<td data-start=\"451\" data-end=\"458\" data-col-size=\"sm\">Chip<\/td>\n<td data-col-size=\"md\" data-start=\"458\" data-end=\"500\">MIFARE Plus\u00ae EV2 (2KB \/ 4KB NV-Speicher)<\/td>\n<\/tr>\n<tr data-start=\"501\" data-end=\"526\">\n<td data-start=\"501\" data-end=\"513\" data-col-size=\"sm\">Frequenz<\/td>\n<td data-col-size=\"md\" data-start=\"513\" data-end=\"526\">13,56 MHz<\/td>\n<\/tr>\n<tr data-start=\"527\" data-end=\"576\">\n<td data-start=\"527\" data-end=\"538\" data-col-size=\"sm\">Protokoll<\/td>\n<td data-col-size=\"md\" data-start=\"538\" data-end=\"576\">ISO\/IEC 14443 Typ A (Teile 2\/3\/4)<\/td>\n<\/tr>\n<tr data-start=\"577\" data-end=\"621\">\n<td data-start=\"577\" data-end=\"589\" data-col-size=\"sm\">Datenrate<\/td>\n<td data-col-size=\"md\" data-start=\"589\" data-end=\"621\">106 \/ 212 \/ 424 \/ 848 kbit\/s<\/td>\n<\/tr>\n<tr data-start=\"622\" data-end=\"684\">\n<td data-start=\"622\" data-end=\"628\" data-col-size=\"sm\">UID<\/td>\n<td data-col-size=\"md\" data-start=\"628\" data-end=\"684\">7-Byte-UID (Option \u201eZufalls-ID\u201c), 4-Byte-NUID unterst\u00fctzt<\/td>\n<\/tr>\n<tr data-start=\"685\" data-end=\"736\">\n<td data-start=\"685\" data-end=\"698\" data-col-size=\"sm\">Lesebereich<\/td>\n<td data-col-size=\"md\" data-start=\"698\" data-end=\"736\">~1\u20136 cm (abh\u00e4ngig vom Leseger\u00e4t\/der Antenne)<\/td>\n<\/tr>\n<tr data-start=\"737\" data-end=\"780\">\n<td data-start=\"737\" data-end=\"754\" data-col-size=\"sm\">Kartenmaterialien<\/td>\n<td data-col-size=\"md\" data-start=\"754\" data-end=\"780\">PVC \/ PET \/ PETG \/ ABS<\/td>\n<\/tr>\n<tr data-start=\"781\" data-end=\"839\">\n<td data-start=\"781\" data-end=\"788\" data-col-size=\"sm\">Gr\u00f6\u00dfe<\/td>\n<td data-col-size=\"md\" data-start=\"788\" data-end=\"839\">85,5 \u00d7 54 \u00d7 0,9 mm (ID-1); OEM\/kundenspezifisch erh\u00e4ltlich<\/td>\n<\/tr>\n<tr data-start=\"840\" data-end=\"887\">\n<td data-start=\"840\" data-end=\"857\" data-col-size=\"sm\">Zertifizierungen<\/td>\n<td data-col-size=\"md\" data-start=\"857\" data-end=\"887\">ISO 9001, ISO 14001, CE, SGS<\/td>\n<\/tr>\n<tr data-start=\"888\" data-end=\"963\">\n<td data-start=\"888\" data-end=\"912\" data-col-size=\"sm\">Ausdauer \/ Retention<\/td>\n<td data-col-size=\"md\" data-start=\"912\" data-end=\"963\">~1.000.000 Schreibzyklen; 25 Jahre Datenaufbewahrung<\/td>\n<\/tr>\n<tr data-start=\"964\" data-end=\"1050\">\n<td data-start=\"964\" data-end=\"989\" data-col-size=\"sm\">R\u00fcckw\u00e4rtskompatibilit\u00e4t<\/td>\n<td data-col-size=\"md\" data-start=\"989\" data-end=\"1050\">Speicherorganisation kompatibel mit MIFARE Classic \/ Plus<\/td>\n<\/tr>\n<\/tbody>\n<\/table>\n<\/div>\n<\/div>\n<p data-start=\"1052\" data-end=\"1076\"><strong data-start=\"1052\" data-end=\"1074\">Sicherheit und Datenschutz<\/strong><\/p>\n<div class=\"_tableContainer_1rjym_1\">\n<div class=\"group _tableWrapper_1rjym_13 flex w-fit flex-col-reverse\" tabindex=\"-1\">\n<table class=\"w-fit min-w-(--thread-content-width)\" data-start=\"1077\" data-end=\"1475\">\n<thead data-start=\"1077\" data-end=\"1102\">\n<tr data-start=\"1077\" data-end=\"1102\">\n<th data-start=\"1077\" data-end=\"1087\" data-col-size=\"sm\">Besonderheit<\/th>\n<th data-start=\"1087\" data-end=\"1102\" data-col-size=\"md\">Beschreibung<\/th>\n<\/tr>\n<\/thead>\n<tbody data-start=\"1113\" data-end=\"1475\">\n<tr data-start=\"1113\" data-end=\"1186\">\n<td data-start=\"1113\" data-end=\"1128\" data-col-size=\"sm\">Kryptographie<\/td>\n<td data-col-size=\"md\" data-start=\"1128\" data-end=\"1186\">AES-128 (gegenseitige 3-Pass-Authentifizierung), CMAC-Integrit\u00e4t<\/td>\n<\/tr>\n<tr data-start=\"1187\" data-end=\"1236\">\n<td data-start=\"1187\" data-end=\"1205\" data-col-size=\"sm\">Gemeinsame Kriterien<\/td>\n<td data-col-size=\"md\" data-start=\"1205\" data-end=\"1236\">EAL5+ (Hardware &amp; Software)<\/td>\n<\/tr>\n<tr data-start=\"1237\" data-end=\"1288\">\n<td data-start=\"1237\" data-end=\"1250\" data-col-size=\"sm\">Anti-Relay<\/td>\n<td data-col-size=\"md\" data-start=\"1250\" data-end=\"1288\">N\u00e4herungspr\u00fcfung, Transaktionstimer<\/td>\n<\/tr>\n<tr data-start=\"1289\" data-end=\"1345\">\n<td data-start=\"1289\" data-end=\"1299\" data-col-size=\"sm\">Datenschutz<\/td>\n<td data-col-size=\"md\" data-start=\"1299\" data-end=\"1345\">Zufalls-ID, Virtuelle Kartenarchitektur (VCA)<\/td>\n<\/tr>\n<tr data-start=\"1346\" data-end=\"1402\">\n<td data-start=\"1346\" data-end=\"1361\" data-col-size=\"sm\">Authentizit\u00e4t<\/td>\n<td data-col-size=\"md\" data-start=\"1361\" data-end=\"1402\">Originalit\u00e4tspr\u00fcfung auf echte NXP-ICs<\/td>\n<\/tr>\n<tr data-start=\"1403\" data-end=\"1475\">\n<td data-start=\"1403\" data-end=\"1422\" data-col-size=\"sm\">Sichere Nachrichten\u00fcbermittlung<\/td>\n<td data-col-size=\"md\" data-start=\"1422\" data-end=\"1475\">Verschl\u00fcsselter Funkkanal; Sektor-Authentifizierung<\/td>\n<\/tr>\n<\/tbody>\n<\/table>\n<\/div>\n<\/div>\n<p data-start=\"1477\" data-end=\"1502\"><strong data-start=\"1477\" data-end=\"1500\">Speicherorganisation<\/strong><\/p>\n<div class=\"_tableContainer_1rjym_1\">\n<div class=\"group _tableWrapper_1rjym_13 flex w-fit flex-col-reverse\" tabindex=\"-1\">\n<table class=\"w-fit min-w-(--thread-content-width)\" data-start=\"1503\" data-end=\"1718\">\n<thead data-start=\"1503\" data-end=\"1538\">\n<tr data-start=\"1503\" data-end=\"1538\">\n<th data-start=\"1503\" data-end=\"1517\" data-col-size=\"sm\">EV2-Variante<\/th>\n<th data-start=\"1517\" data-end=\"1538\" data-col-size=\"md\">Layout-Highlights<\/th>\n<\/tr>\n<\/thead>\n<tbody data-start=\"1549\" data-end=\"1718\">\n<tr data-start=\"1549\" data-end=\"1630\">\n<td data-start=\"1549\" data-end=\"1567\" data-col-size=\"sm\">MF1P(H)22 (2KB)<\/td>\n<td data-col-size=\"md\" data-start=\"1567\" data-end=\"1630\">32 Sektoren \u00d7 4 Bl\u00f6cke; Block 0 speichert NXP-Herstellerdaten<\/td>\n<\/tr>\n<tr data-start=\"1631\" data-end=\"1718\">\n<td data-start=\"1631\" data-end=\"1649\" data-col-size=\"sm\">MF1P(H)42 (4KB)<\/td>\n<td data-col-size=\"md\" data-start=\"1649\" data-end=\"1718\">Dar\u00fcber + 8 Sektoren \u00d7 16 Bl\u00f6cke; Sektoranh\u00e4nger definieren Zugriffsschl\u00fcssel<\/td>\n<\/tr>\n<\/tbody>\n<\/table>\n<\/div>\n<\/div>\n<p data-start=\"1720\" data-end=\"1755\"><strong data-start=\"1720\" data-end=\"1753\">Personalisierung &amp; Kartenbasteln<\/strong><\/p>\n<div class=\"_tableContainer_1rjym_1\">\n<div class=\"group _tableWrapper_1rjym_13 flex w-fit flex-col-reverse\" tabindex=\"-1\">\n<table class=\"w-fit min-w-(--thread-content-width)\" data-start=\"1756\" data-end=\"2165\">\n<thead data-start=\"1756\" data-end=\"1775\">\n<tr data-start=\"1756\" data-end=\"1775\">\n<th data-start=\"1756\" data-end=\"1764\" data-col-size=\"sm\">Handwerk<\/th>\n<th data-start=\"1764\" data-end=\"1775\" data-col-size=\"md\">Optionen<\/th>\n<\/tr>\n<\/thead>\n<tbody data-start=\"1786\" data-end=\"2165\">\n<tr data-start=\"1786\" data-end=\"1883\">\n<td data-start=\"1786\" data-end=\"1798\" data-col-size=\"sm\">Nummerierung<\/td>\n<td data-col-size=\"md\" data-start=\"1798\" data-end=\"1883\">Thermodruck-\/Tintenstrahlnummern (schwarz\/wei\u00df\/gold\/silber), gepr\u00e4gte Seriennummer\/NSB (13pt\/18pt)<\/td>\n<\/tr>\n<tr data-start=\"1884\" data-end=\"1965\">\n<td data-start=\"1884\" data-end=\"1895\" data-col-size=\"sm\">Drucken<\/td>\n<td data-col-size=\"md\" data-start=\"1895\" data-end=\"1965\">CMYK-Offset, UV-Lackierung, Seriennummern-\/UID-Mapping, lasergravierter QR-Code\/Barcode<\/td>\n<\/tr>\n<tr data-start=\"1966\" data-end=\"2065\">\n<td data-start=\"1966\" data-end=\"1983\" data-col-size=\"sm\">Folien &amp; Effekte<\/td>\n<td data-col-size=\"md\" data-start=\"1983\" data-end=\"2065\">Gold-\/Silber-\/Laser-Hei\u00dfpr\u00e4gung, Spiegel-\/klar-\/transparent, Hologramm, Lentikular<\/td>\n<\/tr>\n<tr data-start=\"2066\" data-end=\"2165\">\n<td data-start=\"2066\" data-end=\"2076\" data-col-size=\"sm\">Add-ons<\/td>\n<td data-col-size=\"md\" data-start=\"2076\" data-end=\"2165\">Magnetstreifen (HICO 2750\/4000 OE, LOCO 300 OE), Rubbelfelder, Signaturfeld<\/td>\n<\/tr>\n<\/tbody>\n<\/table>\n<\/div>\n<\/div>\n<p data-start=\"2167\" data-end=\"2192\"><strong data-start=\"2167\" data-end=\"2190\">Verpackung &amp; Muster<\/strong><\/p>\n<div class=\"_tableContainer_1rjym_1\">\n<div class=\"group _tableWrapper_1rjym_13 flex w-fit flex-col-reverse\" tabindex=\"-1\">\n<table class=\"w-fit min-w-(--thread-content-width)\" data-start=\"2193\" data-end=\"2414\">\n<thead data-start=\"2193\" data-end=\"2211\">\n<tr data-start=\"2193\" data-end=\"2211\">\n<th data-start=\"2193\" data-end=\"2200\" data-col-size=\"sm\">Artikel<\/th>\n<th data-start=\"2200\" data-end=\"2211\" data-col-size=\"md\">Details<\/th>\n<\/tr>\n<\/thead>\n<tbody data-start=\"2222\" data-end=\"2414\">\n<tr data-start=\"2222\" data-end=\"2295\">\n<td data-start=\"2222\" data-end=\"2238\" data-col-size=\"sm\">Standardpaket<\/td>\n<td data-col-size=\"md\" data-start=\"2238\" data-end=\"2295\">200 St\u00fcck\/Innenkarton; 5000 St\u00fcck\/Umkarton; ca. 35 kg\/Umkarton<\/td>\n<\/tr>\n<tr data-start=\"2296\" data-end=\"2366\">\n<td data-start=\"2296\" data-end=\"2314\" data-col-size=\"sm\">Unregelm\u00e4\u00dfige Gr\u00f6\u00dfen<\/td>\n<td data-col-size=\"md\" data-start=\"2314\" data-end=\"2366\">50\u2013100 St\u00fcck\/OPP-Beutel, dann Karton (oder nach Wunsch)<\/td>\n<\/tr>\n<tr data-start=\"2367\" data-end=\"2414\">\n<td data-start=\"2367\" data-end=\"2377\" data-col-size=\"sm\">Proben<\/td>\n<td data-col-size=\"md\" data-start=\"2377\" data-end=\"2414\">Kostenlose Muster auf Anfrage erh\u00e4ltlich.<\/td>\n<\/tr>\n<\/tbody>\n<\/table>\n<\/div>\n<\/div>\n<p data-start=\"2416\" data-end=\"2442\"><strong data-start=\"2416\" data-end=\"2440\">Typische Anwendungen<\/strong><\/p>\n<ul data-start=\"2443\" data-end=\"2607\">\n<li data-start=\"2443\" data-end=\"2519\">\n<p data-start=\"2445\" data-end=\"2519\">Fahrkarten f\u00fcr den \u00f6ffentlichen Nahverkehr, Campus-\/Unternehmenszugang, Treueprogramme &amp; Mitgliedschaften<\/p>\n<\/li>\n<li data-start=\"2520\" data-end=\"2607\">\n<p data-start=\"2522\" data-end=\"2607\">VIP-\/Gesch\u00e4ftsgeschenkkarten, W\u00e4sche-\/Garantiekarten, Gep\u00e4ckanh\u00e4nger, Rabatt-\/Prepaid-Karten<\/p>\n<\/li>\n<\/ul>","protected":false},"excerpt":{"rendered":"<p>MIFARE Plus EV2 13,56 MHz Smartcard mit AES-Sicherheit, EAL5+, schneller RF-\u00dcbertragung und umfangreichen Personalisierungsm\u00f6glichkeiten \u2013 ideal f\u00fcr Transportwesen, Zutrittskontrolle und Kundenbindungs-\/Mitgliedskarten.<\/p>","protected":false},"featured_media":673,"template":"","meta":{"_gspb_post_css":""},"product_brand":[],"product_cat":[15],"product_tag":[],"class_list":{"0":"post-672","1":"product","2":"type-product","3":"status-publish","4":"has-post-thumbnail","6":"product_cat-rfid-cards","8":"first","9":"instock","10":"shipping-taxable","11":"purchasable","12":"product-type-simple"},"_links":{"self":[{"href":"https:\/\/www.cxjsmartcard.com\/de\/wp-json\/wp\/v2\/product\/672","targetHints":{"allow":["GET"]}}],"collection":[{"href":"https:\/\/www.cxjsmartcard.com\/de\/wp-json\/wp\/v2\/product"}],"about":[{"href":"https:\/\/www.cxjsmartcard.com\/de\/wp-json\/wp\/v2\/types\/product"}],"wp:featuredmedia":[{"embeddable":true,"href":"https:\/\/www.cxjsmartcard.com\/de\/wp-json\/wp\/v2\/media\/673"}],"wp:attachment":[{"href":"https:\/\/www.cxjsmartcard.com\/de\/wp-json\/wp\/v2\/media?parent=672"}],"wp:term":[{"taxonomy":"product_brand","embeddable":true,"href":"https:\/\/www.cxjsmartcard.com\/de\/wp-json\/wp\/v2\/product_brand?post=672"},{"taxonomy":"product_cat","embeddable":true,"href":"https:\/\/www.cxjsmartcard.com\/de\/wp-json\/wp\/v2\/product_cat?post=672"},{"taxonomy":"product_tag","embeddable":true,"href":"https:\/\/www.cxjsmartcard.com\/de\/wp-json\/wp\/v2\/product_tag?post=672"}],"curies":[{"name":"wp","href":"https:\/\/api.w.org\/{rel}","templated":true}]}}