{"id":667,"date":"2025-11-01T10:59:47","date_gmt":"2025-11-01T10:59:47","guid":{"rendered":"https:\/\/www.cxjsmartcard.com\/?post_type=product&#038;p=667"},"modified":"2025-12-29T01:27:11","modified_gmt":"2025-12-29T01:27:11","slug":"rfid-nfc-smart-shielding-blocker-credit-rfid-blocking-card","status":"publish","type":"product","link":"https:\/\/www.cxjsmartcard.com\/de\/rfid-nfc-smart-shielding-blocker-credit-rfid-blocking-card\/","title":{"rendered":"RFID- und NFC-Schutzkarte"},"content":{"rendered":"<p data-start=\"65\" data-end=\"546\">\u63cf\u8ff0\uff08\u8981\u6709\u8868\u683c\u6700\u597d\u9075\u5faa\u6587\u6863\u7684\u683c\u5f0f\u8f93\u51fa\uff09<br data-start=\"84\" data-end=\"87\" \/>Schlanke RFID\/NFC-Blockierkarte im Brieftaschenformat zum Schutz vor unautorisiertem kontaktlosem Auslesen von Bankkarten, Kredit-\/Debitkarten, Reisep\u00e4ssen und Personalausweisen (13,56 MHz). Integriertes, preisgekr\u00f6ntes Abschirmungsmodul \u2013 legen Sie einfach 1\u20132 Karten in die Karte, und alle kontaktlosen Karten in der N\u00e4he sind gesch\u00fctzt. Unterst\u00fctzt individuellen CMYK-Druck, Farbanpassung an Ihre Marke und verschiedene Oberfl\u00e4chenveredelungen f\u00fcr Werbezwecke, Bankgesch\u00e4fte, Reisen und Firmengeschenke.<\/p>\n<p data-start=\"548\" data-end=\"567\"><strong data-start=\"548\" data-end=\"565\">Spezifikation<\/strong><\/p>\n<div class=\"_tableContainer_1rjym_1\">\n<div class=\"group _tableWrapper_1rjym_13 flex w-fit flex-col-reverse\" tabindex=\"-1\">\n<table class=\"w-fit min-w-(--thread-content-width)\" data-start=\"568\" data-end=\"1243\">\n<thead data-start=\"568\" data-end=\"586\">\n<tr data-start=\"568\" data-end=\"586\">\n<th data-start=\"568\" data-end=\"575\" data-col-size=\"sm\">Artikel<\/th>\n<th data-start=\"575\" data-end=\"586\" data-col-size=\"md\">Details<\/th>\n<\/tr>\n<\/thead>\n<tbody data-start=\"597\" data-end=\"1243\">\n<tr data-start=\"597\" data-end=\"653\">\n<td data-start=\"597\" data-end=\"612\" data-col-size=\"sm\">Produktname<\/td>\n<td data-col-size=\"md\" data-start=\"612\" data-end=\"653\">RFID\/NFC Smart Shielding Blocker Card<\/td>\n<\/tr>\n<tr data-start=\"654\" data-end=\"714\">\n<td data-start=\"654\" data-end=\"665\" data-col-size=\"sm\">Material<\/td>\n<td data-start=\"665\" data-end=\"714\" data-col-size=\"md\">PVC + Sperrmodul \/ PVC + Sperrgewebe<\/td>\n<\/tr>\n<tr data-start=\"715\" data-end=\"744\">\n<td data-start=\"715\" data-end=\"722\" data-col-size=\"sm\">Gr\u00f6\u00dfe<\/td>\n<td data-start=\"722\" data-end=\"744\" data-col-size=\"md\">CR80, 85,5 \u00d7 54 mm<\/td>\n<\/tr>\n<tr data-start=\"745\" data-end=\"786\">\n<td data-start=\"745\" data-end=\"757\" data-col-size=\"sm\">Dicke<\/td>\n<td data-start=\"757\" data-end=\"786\" data-col-size=\"md\">0,86 mm \/ 1,2 mm \/ 1,5 mm<\/td>\n<\/tr>\n<tr data-start=\"787\" data-end=\"844\">\n<td data-start=\"787\" data-end=\"808\" data-col-size=\"sm\">Frequenzabgeschirmt<\/td>\n<td data-start=\"808\" data-end=\"844\" data-col-size=\"md\">13,56 MHz kontaktlos (RFID\/NFC)<\/td>\n<\/tr>\n<tr data-start=\"845\" data-end=\"883\">\n<td data-start=\"845\" data-end=\"855\" data-col-size=\"sm\">Oberfl\u00e4che<\/td>\n<td data-col-size=\"md\" data-start=\"855\" data-end=\"883\">Gl\u00e4nzend \/ Matt \/ Gefrostet<\/td>\n<\/tr>\n<tr data-start=\"884\" data-end=\"945\">\n<td data-start=\"884\" data-end=\"895\" data-col-size=\"sm\">Drucken<\/td>\n<td data-col-size=\"md\" data-start=\"895\" data-end=\"945\">Siebdruck, CMYK-Druck, Farbabstimmung 100%<\/td>\n<\/tr>\n<tr data-start=\"946\" data-end=\"994\">\n<td data-start=\"946\" data-end=\"961\" data-col-size=\"sm\">Arbeitsmodus<\/td>\n<td data-col-size=\"md\" data-start=\"961\" data-end=\"994\">Passive Abschirmung, keine Batterie<\/td>\n<\/tr>\n<tr data-start=\"995\" data-end=\"1061\">\n<td data-start=\"995\" data-end=\"1003\" data-col-size=\"sm\">Verwendung<\/td>\n<td data-col-size=\"md\" data-start=\"1003\" data-end=\"1061\">Legen Sie 1\u20132 Karten in Ihr Portemonnaie\/Ihre Handtasche, um alle Karten zu sch\u00fctzen.<\/td>\n<\/tr>\n<tr data-start=\"1062\" data-end=\"1131\">\n<td data-start=\"1062\" data-end=\"1076\" data-col-size=\"sm\">Anwendung<\/td>\n<td data-start=\"1076\" data-end=\"1131\" data-col-size=\"md\">Anti-Skimming von Bankkarten, Ausweisen, Reisep\u00e4ssen und Zugangskarten<\/td>\n<\/tr>\n<tr data-start=\"1132\" data-end=\"1189\">\n<td data-start=\"1132\" data-end=\"1138\" data-col-size=\"sm\">Mindestbestellmenge<\/td>\n<td data-col-size=\"md\" data-start=\"1138\" data-end=\"1189\">Keine Mindestbestellmenge f\u00fcr Blanko-Artikel; 50 St\u00fcck f\u00fcr individuelle Logos\/Designs<\/td>\n<\/tr>\n<tr data-start=\"1190\" data-end=\"1243\">\n<td data-start=\"1190\" data-end=\"1201\" data-col-size=\"sm\">Merkmale<\/td>\n<td data-start=\"1201\" data-end=\"1243\" data-col-size=\"md\">Preisgekr\u00f6ntes Blockiermaterial im Inneren<\/td>\n<\/tr>\n<\/tbody>\n<\/table>\n<\/div>\n<\/div>\n<p data-start=\"1245\" data-end=\"1514\"><strong data-start=\"1245\" data-end=\"1261\">So funktioniert es<\/strong><br data-start=\"1261\" data-end=\"1264\" \/>Die Blockierschicht erzeugt ein sch\u00fctzendes HF-Feld, sodass Leseger\u00e4te in der N\u00e4he nicht mit dem Chip Ihrer Zahlungs-\/Ausweiskarte kommunizieren k\u00f6nnen. Ein einzelnes St\u00fcck sch\u00fctzt mehrere Karten in derselben Tasche und ist somit eine einfachere Alternative zu RFID-Schutzh\u00fcllen oder -Geldb\u00f6rsen.<\/p>\n<p data-start=\"1516\" data-end=\"1534\"><strong data-start=\"1516\" data-end=\"1532\">Anwendungen<\/strong><\/p>\n<ul data-start=\"1535\" data-end=\"1703\">\n<li data-start=\"1535\" data-end=\"1579\">\n<p data-start=\"1537\" data-end=\"1579\">Anti-Skimming-Funktionen f\u00fcr kontaktlose Bankkarten<\/p>\n<\/li>\n<li data-start=\"1580\" data-end=\"1620\">\n<p data-start=\"1582\" data-end=\"1620\">Schutz von Reisepass\/Ausweis w\u00e4hrend der Reise<\/p>\n<\/li>\n<li data-start=\"1621\" data-end=\"1668\">\n<p data-start=\"1623\" data-end=\"1668\">Werbegeschenk f\u00fcr Unternehmen oder Banken mit individuellem Logo<\/p>\n<\/li>\n<li data-start=\"1669\" data-end=\"1703\">\n<p data-start=\"1671\" data-end=\"1703\">Sicherheitszubeh\u00f6r f\u00fcr den Einzelhandel\/Online-Handel<\/p>\n<\/li>\n<\/ul>","protected":false},"excerpt":{"rendered":"<p>RFID\/NFC-Blockierkarte im Brieftaschenformat aus PVC zum Schutz von kontaktlosen 13,56-MHz-Bankkarten, Ausweisen und Reisep\u00e4ssen vor Skimming; individuelle Druck- und Oberfl\u00e4chenoptionen.<\/p>","protected":false},"featured_media":668,"template":"","meta":{"_gspb_post_css":""},"product_brand":[],"product_cat":[15],"product_tag":[],"class_list":{"0":"post-667","1":"product","2":"type-product","3":"status-publish","4":"has-post-thumbnail","6":"product_cat-rfid-cards","8":"first","9":"instock","10":"shipping-taxable","11":"purchasable","12":"product-type-simple"},"_links":{"self":[{"href":"https:\/\/www.cxjsmartcard.com\/de\/wp-json\/wp\/v2\/product\/667","targetHints":{"allow":["GET"]}}],"collection":[{"href":"https:\/\/www.cxjsmartcard.com\/de\/wp-json\/wp\/v2\/product"}],"about":[{"href":"https:\/\/www.cxjsmartcard.com\/de\/wp-json\/wp\/v2\/types\/product"}],"wp:featuredmedia":[{"embeddable":true,"href":"https:\/\/www.cxjsmartcard.com\/de\/wp-json\/wp\/v2\/media\/668"}],"wp:attachment":[{"href":"https:\/\/www.cxjsmartcard.com\/de\/wp-json\/wp\/v2\/media?parent=667"}],"wp:term":[{"taxonomy":"product_brand","embeddable":true,"href":"https:\/\/www.cxjsmartcard.com\/de\/wp-json\/wp\/v2\/product_brand?post=667"},{"taxonomy":"product_cat","embeddable":true,"href":"https:\/\/www.cxjsmartcard.com\/de\/wp-json\/wp\/v2\/product_cat?post=667"},{"taxonomy":"product_tag","embeddable":true,"href":"https:\/\/www.cxjsmartcard.com\/de\/wp-json\/wp\/v2\/product_tag?post=667"}],"curies":[{"name":"wp","href":"https:\/\/api.w.org\/{rel}","templated":true}]}}