{"id":662,"date":"2025-11-01T08:43:38","date_gmt":"2025-11-01T08:43:38","guid":{"rendered":"https:\/\/www.cxjsmartcard.com\/?post_type=product&#038;p=662"},"modified":"2025-12-29T01:27:11","modified_gmt":"2025-12-29T01:27:11","slug":"rfid-contactless-google-nfc-review-card","status":"publish","type":"product","link":"https:\/\/www.cxjsmartcard.com\/de\/rfid-contactless-google-nfc-review-card\/","title":{"rendered":"RFID kontaktlos Google NFC Testkarte"},"content":{"rendered":"<p data-start=\"46\" data-end=\"417\">Kontaktlose NFC-Bewertungskarte, mit der Kunden Ihre Google-Unternehmensbewertungsseite mit nur einem Fingertipp auf einem NFC-f\u00e4higen Smartphone \u00f6ffnen k\u00f6nnen. Ausgestattet mit originalen NXP NTAG213\/215\/216-Chips, wasserfestem PVC, vollfl\u00e4chigem CMYK-Druck und optionaler Laser-\/Serienprogrammierung. Ideal f\u00fcr Markenkampagnen, Restaurants, Salons, Kliniken, Einzelhandelsgesch\u00e4fte und Hotels.<\/p>\n<p data-start=\"419\" data-end=\"438\"><strong data-start=\"419\" data-end=\"436\">Spezifikation<\/strong><\/p>\n<div class=\"_tableContainer_1rjym_1\">\n<div class=\"group _tableWrapper_1rjym_13 flex w-fit flex-col-reverse\" tabindex=\"-1\">\n<table class=\"w-fit min-w-(--thread-content-width)\" data-start=\"439\" data-end=\"1041\">\n<thead data-start=\"439\" data-end=\"457\">\n<tr data-start=\"439\" data-end=\"457\">\n<th data-start=\"439\" data-end=\"446\" data-col-size=\"sm\">Artikel<\/th>\n<th data-start=\"446\" data-end=\"457\" data-col-size=\"md\">Details<\/th>\n<\/tr>\n<\/thead>\n<tbody data-start=\"468\" data-end=\"1041\">\n<tr data-start=\"468\" data-end=\"526\">\n<td data-start=\"468\" data-end=\"483\" data-col-size=\"sm\">Produktname<\/td>\n<td data-col-size=\"md\" data-start=\"483\" data-end=\"526\">RFID kontaktlos Google NFC Testkarte<\/td>\n<\/tr>\n<tr data-start=\"527\" data-end=\"584\">\n<td data-start=\"527\" data-end=\"538\" data-col-size=\"sm\">Funktion<\/td>\n<td data-start=\"538\" data-end=\"584\" data-col-size=\"md\">Mit einem Fingertipp die Google-Rezensions-\/Landingpage \u00f6ffnen<\/td>\n<\/tr>\n<tr data-start=\"585\" data-end=\"631\">\n<td data-start=\"585\" data-end=\"600\" data-col-size=\"sm\">Chipoptionen<\/td>\n<td data-col-size=\"md\" data-start=\"600\" data-end=\"631\">NTAG213 \/ NTAG215 \/ NTAG216<\/td>\n<\/tr>\n<tr data-start=\"632\" data-end=\"674\">\n<td data-start=\"632\" data-end=\"643\" data-col-size=\"sm\">Protokoll<\/td>\n<td data-start=\"643\" data-end=\"674\" data-col-size=\"md\">ISO14443A, NFC Forum Typ 2<\/td>\n<\/tr>\n<tr data-start=\"675\" data-end=\"700\">\n<td data-start=\"675\" data-end=\"687\" data-col-size=\"sm\">Frequenz<\/td>\n<td data-col-size=\"md\" data-start=\"687\" data-end=\"700\">13,56 MHz<\/td>\n<\/tr>\n<tr data-start=\"701\" data-end=\"758\">\n<td data-start=\"701\" data-end=\"720\" data-col-size=\"sm\">Leseentfernung<\/td>\n<td data-col-size=\"md\" data-start=\"720\" data-end=\"758\">2\u20135 cm (abh\u00e4ngig von Telefon und Antenne)<\/td>\n<\/tr>\n<tr data-start=\"759\" data-end=\"804\">\n<td data-start=\"759\" data-end=\"770\" data-col-size=\"sm\">Material<\/td>\n<td data-col-size=\"md\" data-start=\"770\" data-end=\"804\">PVC, wasserdicht \/ wetterfest<\/td>\n<\/tr>\n<tr data-start=\"805\" data-end=\"835\">\n<td data-start=\"805\" data-end=\"812\" data-col-size=\"sm\">Gr\u00f6\u00dfe<\/td>\n<td data-start=\"812\" data-end=\"835\" data-col-size=\"md\">85,5 \u00d7 54 mm (CR80)<\/td>\n<\/tr>\n<tr data-start=\"836\" data-end=\"880\">\n<td data-start=\"836\" data-end=\"847\" data-col-size=\"sm\">Drucken<\/td>\n<td data-col-size=\"md\" data-start=\"847\" data-end=\"880\">CMYK 4C \/ Offset \/ Siebdruck<\/td>\n<\/tr>\n<tr data-start=\"881\" data-end=\"947\">\n<td data-start=\"881\" data-end=\"890\" data-col-size=\"sm\">Kunsthandwerk<\/td>\n<td data-start=\"890\" data-end=\"947\" data-col-size=\"md\">Lasercode, UV-Tinte, Seriennummer, Pr\u00e4gung, Thermotransfer<\/td>\n<\/tr>\n<tr data-start=\"948\" data-end=\"1018\">\n<td data-start=\"948\" data-end=\"962\" data-col-size=\"sm\">Anwendung<\/td>\n<td data-col-size=\"md\" data-start=\"962\" data-end=\"1018\">Kundenfeedback, Social-Media-Bewertungen, Gesch\u00e4ftsf\u00f6rderung<\/td>\n<\/tr>\n<tr data-start=\"1019\" data-end=\"1041\">\n<td data-start=\"1019\" data-end=\"1028\" data-col-size=\"sm\">Probe<\/td>\n<td data-col-size=\"md\" data-start=\"1028\" data-end=\"1041\">Verf\u00fcgbar<\/td>\n<\/tr>\n<\/tbody>\n<\/table>\n<\/div>\n<\/div>\n<p data-start=\"1043\" data-end=\"1227\"><strong data-start=\"1043\" data-end=\"1057\">Anleitung zur Verwendung<\/strong><br data-start=\"1057\" data-end=\"1060\" \/>Platzieren Sie die NFC-Bewertungskarte auf dem Tresen, Schreibtisch oder Tisch \u2192 Kunde tippt mit dem Handy darauf \u2192 Handy \u00f6ffnet den voreingestellten Google-Bewertungslink \u2192 Nutzer hinterl\u00e4sst innerhalb von Sekunden eine 5-Sterne-Bewertung.<\/p>","protected":false},"excerpt":{"rendered":"<p>PVC-NFC-Bewertungskarte mit NTAG213\/215\/216-Chip, die mit einem Fingertipp Ihre Google-Bewertungsseite \u00f6ffnet \u2013 ideal zur Steigerung des Kundenfeedbacks im Gesch\u00e4ft.<\/p>","protected":false},"featured_media":663,"template":"","meta":{"_gspb_post_css":""},"product_brand":[],"product_cat":[15],"product_tag":[],"class_list":{"0":"post-662","1":"product","2":"type-product","3":"status-publish","4":"has-post-thumbnail","6":"product_cat-rfid-cards","8":"first","9":"instock","10":"shipping-taxable","11":"purchasable","12":"product-type-simple"},"_links":{"self":[{"href":"https:\/\/www.cxjsmartcard.com\/de\/wp-json\/wp\/v2\/product\/662","targetHints":{"allow":["GET"]}}],"collection":[{"href":"https:\/\/www.cxjsmartcard.com\/de\/wp-json\/wp\/v2\/product"}],"about":[{"href":"https:\/\/www.cxjsmartcard.com\/de\/wp-json\/wp\/v2\/types\/product"}],"wp:featuredmedia":[{"embeddable":true,"href":"https:\/\/www.cxjsmartcard.com\/de\/wp-json\/wp\/v2\/media\/663"}],"wp:attachment":[{"href":"https:\/\/www.cxjsmartcard.com\/de\/wp-json\/wp\/v2\/media?parent=662"}],"wp:term":[{"taxonomy":"product_brand","embeddable":true,"href":"https:\/\/www.cxjsmartcard.com\/de\/wp-json\/wp\/v2\/product_brand?post=662"},{"taxonomy":"product_cat","embeddable":true,"href":"https:\/\/www.cxjsmartcard.com\/de\/wp-json\/wp\/v2\/product_cat?post=662"},{"taxonomy":"product_tag","embeddable":true,"href":"https:\/\/www.cxjsmartcard.com\/de\/wp-json\/wp\/v2\/product_tag?post=662"}],"curies":[{"name":"wp","href":"https:\/\/api.w.org\/{rel}","templated":true}]}}