{"id":657,"date":"2025-11-01T08:41:57","date_gmt":"2025-11-01T08:41:57","guid":{"rendered":"https:\/\/www.cxjsmartcard.com\/?post_type=product&#038;p=657"},"modified":"2025-12-29T01:27:11","modified_gmt":"2025-12-29T01:27:11","slug":"plastic-pvc-mifare-classic-4k-s70-rfid-card","status":"publish","type":"product","link":"https:\/\/www.cxjsmartcard.com\/de\/plastic-pvc-mifare-classic-4k-s70-rfid-card\/","title":{"rendered":"Kunststoff-PVC MIFARE Classic 4K S70 RFID-Karte"},"content":{"rendered":"<p data-start=\"50\" data-end=\"378\">Kontaktlose 13,56-MHz-PVC-RFID-Karte basierend auf MIFARE Classic 4K (S70), entwickelt f\u00fcr Zutrittskontrolle, bargeldloses Bezahlen, Spiel- und Unterhaltungseinrichtungen, Parkpl\u00e4tze, Campusgel\u00e4nde, Veranstaltungen und Mitgliederverwaltung. Standardgr\u00f6\u00dfe CR80, bedruckbar im Offset-, Digital- und Siebdruckverfahren, unterst\u00fctzt UID-, Seriennummern-, Barcode-, Magnetstreifen- und Chipcodierung.<\/p>\n<p data-start=\"380\" data-end=\"399\"><strong data-start=\"380\" data-end=\"397\">Spezifikation<\/strong><\/p>\n<div class=\"_tableContainer_1rjym_1\">\n<div class=\"group _tableWrapper_1rjym_13 flex w-fit flex-col-reverse\" tabindex=\"-1\">\n<table class=\"w-fit min-w-(--thread-content-width)\" data-start=\"400\" data-end=\"1455\">\n<thead data-start=\"400\" data-end=\"418\">\n<tr data-start=\"400\" data-end=\"418\">\n<th data-start=\"400\" data-end=\"407\" data-col-size=\"sm\">Artikel<\/th>\n<th data-start=\"407\" data-end=\"418\" data-col-size=\"md\">Details<\/th>\n<\/tr>\n<\/thead>\n<tbody data-start=\"429\" data-end=\"1455\">\n<tr data-start=\"429\" data-end=\"491\">\n<td data-start=\"429\" data-end=\"444\" data-col-size=\"sm\">Produktname<\/td>\n<td data-col-size=\"md\" data-start=\"444\" data-end=\"491\">Kunststoff-PVC MIFARE Classic 4K S70 RFID-Karte<\/td>\n<\/tr>\n<tr data-start=\"492\" data-end=\"584\">\n<td data-start=\"492\" data-end=\"514\" data-col-size=\"sm\">Chip-\/RFID-Optionen<\/td>\n<td data-col-size=\"md\" data-start=\"514\" data-end=\"584\">MIFARE Classic 4K S70; au\u00dferdem MIFARE Ultralight EV1\/C\/AES (optional)<\/td>\n<\/tr>\n<tr data-start=\"585\" data-end=\"614\">\n<td data-start=\"585\" data-end=\"596\" data-col-size=\"sm\">Protokoll<\/td>\n<td data-col-size=\"md\" data-start=\"596\" data-end=\"614\">ISO\/IEC 14443A<\/td>\n<\/tr>\n<tr data-start=\"615\" data-end=\"640\">\n<td data-start=\"615\" data-end=\"627\" data-col-size=\"sm\">Frequenz<\/td>\n<td data-start=\"627\" data-end=\"640\" data-col-size=\"md\">13,56 MHz<\/td>\n<\/tr>\n<tr data-start=\"641\" data-end=\"721\">\n<td data-start=\"641\" data-end=\"650\" data-col-size=\"sm\">Erinnerung<\/td>\n<td data-start=\"650\" data-end=\"721\" data-col-size=\"md\">4 KB EEPROM (organisiert in 16 Sektoren \u00d7 4 Bl\u00f6cke, Multi-Anwendung)<\/td>\n<\/tr>\n<tr data-start=\"722\" data-end=\"764\">\n<td data-start=\"722\" data-end=\"745\" data-col-size=\"sm\">Lese-\/Schreibausdauer<\/td>\n<td data-col-size=\"md\" data-start=\"745\" data-end=\"764\">\u2265100.000 Zyklen<\/td>\n<\/tr>\n<tr data-start=\"765\" data-end=\"820\">\n<td data-start=\"765\" data-end=\"782\" data-col-size=\"sm\">Datenintegrit\u00e4t<\/td>\n<td data-start=\"782\" data-end=\"820\" data-col-size=\"md\">16-Bit-CRC, Parit\u00e4t, Antikollision<\/td>\n<\/tr>\n<tr data-start=\"821\" data-end=\"888\">\n<td data-start=\"821\" data-end=\"833\" data-col-size=\"sm\">Kartengr\u00f6\u00dfe<\/td>\n<td data-col-size=\"md\" data-start=\"833\" data-end=\"888\">CR80, 85,5 \u00d7 54 mm; Dicke 0,84\u20130,88 mm (kundenspezifisch)<\/td>\n<\/tr>\n<tr data-start=\"889\" data-end=\"931\">\n<td data-start=\"889\" data-end=\"900\" data-col-size=\"sm\">Material<\/td>\n<td data-col-size=\"md\" data-start=\"900\" data-end=\"931\">Hochwertiges PVC, bedruckbar<\/td>\n<\/tr>\n<tr data-start=\"932\" data-end=\"1001\">\n<td data-start=\"932\" data-end=\"943\" data-col-size=\"sm\">Drucken<\/td>\n<td data-start=\"943\" data-end=\"1001\" data-col-size=\"md\">Heidelberg Offset \/ Digital \/ Siebdruck \/ Vollfarbe<\/td>\n<\/tr>\n<tr data-start=\"1002\" data-end=\"1098\">\n<td data-start=\"1002\" data-end=\"1016\" data-col-size=\"sm\">Kartenbasteln<\/td>\n<td data-col-size=\"md\" data-start=\"1016\" data-end=\"1098\">Seriennummer, Chip-UID, QR-\/Barcode, Magnetstreifen (HICO\/LOCO), Unterschriftenfeld<\/td>\n<\/tr>\n<tr data-start=\"1099\" data-end=\"1169\">\n<td data-start=\"1099\" data-end=\"1118\" data-col-size=\"sm\">Kodierungsdienst<\/td>\n<td data-col-size=\"md\" data-start=\"1118\" data-end=\"1169\">URL, Text, Zahl, Sektorschl\u00fcssel, Sperre\/Verschl\u00fcsselung<\/td>\n<\/tr>\n<tr data-start=\"1170\" data-end=\"1241\">\n<td data-start=\"1170\" data-end=\"1180\" data-col-size=\"sm\">Paket<\/td>\n<td data-col-size=\"md\" data-start=\"1180\" data-end=\"1241\">200 St\u00fcck\/Box; 2000 St\u00fcck\/Karton (kundenspezifische Verpackung m\u00f6glich)<\/td>\n<\/tr>\n<tr data-start=\"1242\" data-end=\"1306\">\n<td data-start=\"1242\" data-end=\"1260\" data-col-size=\"sm\">Qualit\u00e4tskontrolle<\/td>\n<td data-start=\"1260\" data-end=\"1306\" data-col-size=\"md\">100% Chip-Empfindlichkeitstest vor dem Versand<\/td>\n<\/tr>\n<tr data-start=\"1307\" data-end=\"1347\">\n<td data-start=\"1307\" data-end=\"1313\" data-col-size=\"sm\">Mindestbestellmenge<\/td>\n<td data-start=\"1313\" data-end=\"1347\" data-col-size=\"md\">500 St\u00fcck (mit individuellem Aufdruck)<\/td>\n<\/tr>\n<tr data-start=\"1348\" data-end=\"1455\">\n<td data-start=\"1348\" data-end=\"1363\" data-col-size=\"sm\">Anwendungen<\/td>\n<td data-start=\"1363\" data-end=\"1455\" data-col-size=\"md\">Zugangskontrolle, bargeldloses Bezahlen, Spiele, Unterhaltung, Mitgliedschaften, Fahrkarten<\/td>\n<\/tr>\n<\/tbody>\n<\/table>\n<\/div>\n<\/div>\n<p data-start=\"1457\" data-end=\"1471\"><strong data-start=\"1457\" data-end=\"1469\">Merkmale<\/strong><\/p>\n<ul data-start=\"1472\" data-end=\"1754\">\n<li data-start=\"1472\" data-end=\"1530\">\n<p data-start=\"1474\" data-end=\"1530\">Kontaktlose Daten\u00fcbertragung und Stromversorgung, kein Akku erforderlich<\/p>\n<\/li>\n<li data-start=\"1531\" data-end=\"1595\">\n<p data-start=\"1533\" data-end=\"1595\">Reichweite bis zu ~100 mm (abh\u00e4ngig von Antenne\/Leseger\u00e4t)<\/p>\n<\/li>\n<li data-start=\"1596\" data-end=\"1630\">\n<p data-start=\"1598\" data-end=\"1630\">Schneller Ticketkauf\/Einlass (&lt;100 ms)<\/p>\n<\/li>\n<li data-start=\"1631\" data-end=\"1664\">\n<p data-start=\"1633\" data-end=\"1664\">Jede Karte besitzt eine eindeutige Seriennummer.<\/p>\n<\/li>\n<li data-start=\"1665\" data-end=\"1714\">\n<p data-start=\"1667\" data-end=\"1714\">Unterst\u00fctzt mehrere Anwendungen mit Schl\u00fcsselhierarchie<\/p>\n<\/li>\n<li data-start=\"1715\" data-end=\"1754\">\n<p data-start=\"1717\" data-end=\"1754\">Kann w\u00e4hrend der Transaktion im Wallet verbleiben.<\/p>\n<\/li>\n<\/ul>","protected":false},"excerpt":{"rendered":"<p>PVC 13,56MHz MIFARE Classic 4K S70 kontaktlose Karte, ISO14443A, bedruckbar, mit Kodierung und Personalisierung f\u00fcr Zutritts-, Zahlungs- und Unterhaltungseinrichtungen.<\/p>","protected":false},"featured_media":658,"template":"","meta":{"_gspb_post_css":""},"product_brand":[],"product_cat":[15],"product_tag":[],"class_list":{"0":"post-657","1":"product","2":"type-product","3":"status-publish","4":"has-post-thumbnail","6":"product_cat-rfid-cards","8":"first","9":"instock","10":"shipping-taxable","11":"purchasable","12":"product-type-simple"},"_links":{"self":[{"href":"https:\/\/www.cxjsmartcard.com\/de\/wp-json\/wp\/v2\/product\/657","targetHints":{"allow":["GET"]}}],"collection":[{"href":"https:\/\/www.cxjsmartcard.com\/de\/wp-json\/wp\/v2\/product"}],"about":[{"href":"https:\/\/www.cxjsmartcard.com\/de\/wp-json\/wp\/v2\/types\/product"}],"wp:featuredmedia":[{"embeddable":true,"href":"https:\/\/www.cxjsmartcard.com\/de\/wp-json\/wp\/v2\/media\/658"}],"wp:attachment":[{"href":"https:\/\/www.cxjsmartcard.com\/de\/wp-json\/wp\/v2\/media?parent=657"}],"wp:term":[{"taxonomy":"product_brand","embeddable":true,"href":"https:\/\/www.cxjsmartcard.com\/de\/wp-json\/wp\/v2\/product_brand?post=657"},{"taxonomy":"product_cat","embeddable":true,"href":"https:\/\/www.cxjsmartcard.com\/de\/wp-json\/wp\/v2\/product_cat?post=657"},{"taxonomy":"product_tag","embeddable":true,"href":"https:\/\/www.cxjsmartcard.com\/de\/wp-json\/wp\/v2\/product_tag?post=657"}],"curies":[{"name":"wp","href":"https:\/\/api.w.org\/{rel}","templated":true}]}}