{"id":652,"date":"2025-11-01T08:38:58","date_gmt":"2025-11-01T08:38:58","guid":{"rendered":"https:\/\/www.cxjsmartcard.com\/?post_type=product&#038;p=652"},"modified":"2025-12-29T01:27:12","modified_gmt":"2025-12-29T01:27:12","slug":"nxp-ntag213-blank-white-nfc-cards","status":"publish","type":"product","link":"https:\/\/www.cxjsmartcard.com\/de\/nxp-ntag213-blank-white-nfc-cards\/","title":{"rendered":"NXP NTAG213 Blanko-NFC-Karten (wei\u00df)"},"content":{"rendered":"<p data-start=\"40\" data-end=\"379\">Wei\u00dfe, unbeschriebene NFC-Karten mit originalem NXP NTAG213-Chip, kompatibel mit NFC Forum Typ 2 Tag und ISO\/IEC 14443A, entwickelt f\u00fcr intelligentes Marketing, Produktauthentifizierung, URL-\/App-Start, Kundenbindungsprogramme, Spiele und die Kopplung von Unterhaltungselektronik. 13,56 MHz HF, stabile HF-Leistung, Passwortschutz und Unterst\u00fctzung f\u00fcr Vorcodierung.<\/p>\n<p data-start=\"381\" data-end=\"400\"><strong data-start=\"381\" data-end=\"398\">Spezifikation<\/strong><\/p>\n<div class=\"_tableContainer_1rjym_1\">\n<div class=\"group _tableWrapper_1rjym_13 flex w-fit flex-col-reverse\" tabindex=\"-1\">\n<table class=\"w-fit min-w-(--thread-content-width)\" data-start=\"401\" data-end=\"1193\">\n<thead data-start=\"401\" data-end=\"419\">\n<tr data-start=\"401\" data-end=\"419\">\n<th data-start=\"401\" data-end=\"408\" data-col-size=\"sm\">Artikel<\/th>\n<th data-start=\"408\" data-end=\"419\" data-col-size=\"md\">Details<\/th>\n<\/tr>\n<\/thead>\n<tbody data-start=\"430\" data-end=\"1193\">\n<tr data-start=\"430\" data-end=\"476\">\n<td data-start=\"430\" data-end=\"447\" data-col-size=\"sm\">Chip\/Frequenz<\/td>\n<td data-col-size=\"md\" data-start=\"447\" data-end=\"476\">NXP NTAG213, 13,56 MHz HF<\/td>\n<\/tr>\n<tr data-start=\"477\" data-end=\"528\">\n<td data-start=\"477\" data-end=\"488\" data-col-size=\"sm\">Standard<\/td>\n<td data-col-size=\"md\" data-start=\"488\" data-end=\"528\">NFC Forum Typ 2 Tag, ISO\/IEC 14443A<\/td>\n<\/tr>\n<tr data-start=\"529\" data-end=\"563\">\n<td data-start=\"529\" data-end=\"538\" data-col-size=\"sm\">Erinnerung<\/td>\n<td data-start=\"538\" data-end=\"563\" data-col-size=\"md\">144 Bytes Benutzerspeicher<\/td>\n<\/tr>\n<tr data-start=\"564\" data-end=\"615\">\n<td data-start=\"564\" data-end=\"571\" data-col-size=\"sm\">Gr\u00f6\u00dfe<\/td>\n<td data-col-size=\"md\" data-start=\"571\" data-end=\"615\">85,5 \u00d7 54 \u00d7 0,84 mm (CR80) oder kundenspezifisch<\/td>\n<\/tr>\n<tr data-start=\"616\" data-end=\"665\">\n<td data-start=\"616\" data-end=\"627\" data-col-size=\"sm\">Material<\/td>\n<td data-col-size=\"md\" data-start=\"627\" data-end=\"665\">PVC (PET\/PET-G auf Anfrage)<\/td>\n<\/tr>\n<tr data-start=\"666\" data-end=\"718\">\n<td data-start=\"666\" data-end=\"679\" data-col-size=\"sm\">Lesebereich<\/td>\n<td data-start=\"679\" data-end=\"718\" data-col-size=\"md\">1\u20135 cm (abh\u00e4ngig vom Leseger\u00e4t und der Antenne)<\/td>\n<\/tr>\n<tr data-start=\"719\" data-end=\"756\">\n<td data-start=\"719\" data-end=\"737\" data-col-size=\"sm\">Schreibe Ausdauer<\/td>\n<td data-col-size=\"md\" data-start=\"737\" data-end=\"756\">\u2265100.000 Zyklen<\/td>\n<\/tr>\n<tr data-start=\"757\" data-end=\"801\">\n<td data-start=\"757\" data-end=\"773\" data-col-size=\"sm\">Daten\u00fcbertragung<\/td>\n<td data-col-size=\"md\" data-start=\"773\" data-end=\"801\">106 kbit\/s Hochgeschwindigkeits-RF<\/td>\n<\/tr>\n<tr data-start=\"802\" data-end=\"882\">\n<td data-start=\"802\" data-end=\"813\" data-col-size=\"sm\">Sicherheit<\/td>\n<td data-start=\"813\" data-end=\"882\" data-col-size=\"md\">7-Byte-UID, Passwortschutz, Sperrbits, Originalit\u00e4tssignatur<\/td>\n<\/tr>\n<tr data-start=\"883\" data-end=\"946\">\n<td data-start=\"883\" data-end=\"894\" data-col-size=\"sm\">Drucken<\/td>\n<td data-start=\"894\" data-end=\"946\" data-col-size=\"md\">Siebdruck, Vollfarb-CMYK, gl\u00e4nzende\/matte Oberfl\u00e4che<\/td>\n<\/tr>\n<tr data-start=\"947\" data-end=\"1028\">\n<td data-start=\"947\" data-end=\"965\" data-col-size=\"sm\">Personalisierung<\/td>\n<td data-col-size=\"md\" data-start=\"965\" data-end=\"1028\">QR-Code\/Barcode, Logo, Seriennummer, UID-Zuordnung, URL-Vorverarbeitung<\/td>\n<\/tr>\n<tr data-start=\"1029\" data-end=\"1091\">\n<td data-start=\"1029\" data-end=\"1041\" data-col-size=\"sm\">Verpackung<\/td>\n<td data-start=\"1041\" data-end=\"1091\" data-col-size=\"md\">200 St\u00fcck\/Box, 2000 St\u00fcck\/Karton (ca. 13 kg\/Karton)<\/td>\n<\/tr>\n<tr data-start=\"1092\" data-end=\"1193\">\n<td data-start=\"1092\" data-end=\"1107\" data-col-size=\"sm\">Anwendungen<\/td>\n<td data-col-size=\"md\" data-start=\"1107\" data-end=\"1193\">Intelligente Werbung, NFC-Produkt-Tag, Zugang, Zahlungsdemo, Logistik, O2O, SoLoMo<\/td>\n<\/tr>\n<\/tbody>\n<\/table>\n<\/div>\n<\/div>\n<p data-start=\"1195\" data-end=\"1209\"><strong data-start=\"1195\" data-end=\"1207\">Merkmale<\/strong><\/p>\n<ul data-start=\"1210\" data-end=\"1498\">\n<li data-start=\"1210\" data-end=\"1272\">\n<p data-start=\"1212\" data-end=\"1272\">Schnelllesen (FAST_READ) zum Abrufen der gesamten NDEF in einem Befehl<\/p>\n<\/li>\n<li data-start=\"1273\" data-end=\"1327\">\n<p data-start=\"1275\" data-end=\"1327\">Gute HF-Leistung f\u00fcr verschiedene Formen\/Materialien<\/p>\n<\/li>\n<li data-start=\"1328\" data-end=\"1368\">\n<p data-start=\"1330\" data-end=\"1368\">Feldprogrammierbare, schreibgesch\u00fctzte Sperre<\/p>\n<\/li>\n<li data-start=\"1369\" data-end=\"1426\">\n<p data-start=\"1371\" data-end=\"1426\">ECC-basierte Originalit\u00e4tssignatur f\u00fcr Chip-Authentizit\u00e4t<\/p>\n<\/li>\n<li data-start=\"1427\" data-end=\"1498\">\n<p data-start=\"1429\" data-end=\"1498\">Antikollisionsfunktion \u2013 mehrere NFC-Karten k\u00f6nnen nacheinander im Feld gelesen werden.<\/p>\n<\/li>\n<\/ul>","protected":false},"excerpt":{"rendered":"<p>Blanko-wei\u00dfe 13,56-MHz-NFC-Karten vom Typ NXP NTAG213 mit 144 Byte Speicher, ISO14443A\/NFC Typ 2-Konformit\u00e4t und Unterst\u00fctzung f\u00fcr Vollfarbdruck und Vorcodierung.<\/p>","protected":false},"featured_media":653,"template":"","meta":{"_gspb_post_css":""},"product_brand":[],"product_cat":[15],"product_tag":[],"class_list":{"0":"post-652","1":"product","2":"type-product","3":"status-publish","4":"has-post-thumbnail","6":"product_cat-rfid-cards","8":"first","9":"instock","10":"shipping-taxable","11":"purchasable","12":"product-type-simple"},"_links":{"self":[{"href":"https:\/\/www.cxjsmartcard.com\/de\/wp-json\/wp\/v2\/product\/652","targetHints":{"allow":["GET"]}}],"collection":[{"href":"https:\/\/www.cxjsmartcard.com\/de\/wp-json\/wp\/v2\/product"}],"about":[{"href":"https:\/\/www.cxjsmartcard.com\/de\/wp-json\/wp\/v2\/types\/product"}],"wp:featuredmedia":[{"embeddable":true,"href":"https:\/\/www.cxjsmartcard.com\/de\/wp-json\/wp\/v2\/media\/653"}],"wp:attachment":[{"href":"https:\/\/www.cxjsmartcard.com\/de\/wp-json\/wp\/v2\/media?parent=652"}],"wp:term":[{"taxonomy":"product_brand","embeddable":true,"href":"https:\/\/www.cxjsmartcard.com\/de\/wp-json\/wp\/v2\/product_brand?post=652"},{"taxonomy":"product_cat","embeddable":true,"href":"https:\/\/www.cxjsmartcard.com\/de\/wp-json\/wp\/v2\/product_cat?post=652"},{"taxonomy":"product_tag","embeddable":true,"href":"https:\/\/www.cxjsmartcard.com\/de\/wp-json\/wp\/v2\/product_tag?post=652"}],"curies":[{"name":"wp","href":"https:\/\/api.w.org\/{rel}","templated":true}]}}