{"id":648,"date":"2025-11-01T08:35:32","date_gmt":"2025-11-01T08:35:32","guid":{"rendered":"https:\/\/www.cxjsmartcard.com\/?post_type=product&#038;p=648"},"modified":"2025-12-29T01:27:12","modified_gmt":"2025-12-29T01:27:12","slug":"nxp-mifare-desfire-ev2-2k-4k-8k-rfid-cards","status":"publish","type":"product","link":"https:\/\/www.cxjsmartcard.com\/de\/nxp-mifare-desfire-ev2-2k-4k-8k-rfid-cards\/","title":{"rendered":"NXP MIFARE DESFire EV2 2K 4K 8K RFID-Karten"},"content":{"rendered":"<p data-start=\"49\" data-end=\"396\">Hochsichere kontaktlose 13,56-MHz-Karten basierend auf NXP MIFARE DESFire EV2, erh\u00e4ltlich mit 2K-, 4K- und 8K-EEPROM. Sie unterst\u00fctzen ISO\/IEC 14443A, AES\/3DES-Schl\u00fcssel, delegiertes Anwendungsmanagement (MIsmartApp), N\u00e4herungserkennung und VCA f\u00fcr Datenschutz. Konzipiert f\u00fcr Projekte in den Bereichen Transport, Zutrittskontrolle, Campus, Gastgewerbe und Stadtkarten.<\/p>\n<p data-start=\"398\" data-end=\"417\"><strong data-start=\"398\" data-end=\"415\">Spezifikation<\/strong><\/p>\n<div class=\"_tableContainer_1rjym_1\">\n<div class=\"group _tableWrapper_1rjym_13 flex w-fit flex-col-reverse\" tabindex=\"-1\">\n<table class=\"w-fit min-w-(--thread-content-width)\" data-start=\"418\" data-end=\"1199\">\n<thead data-start=\"418\" data-end=\"436\">\n<tr data-start=\"418\" data-end=\"436\">\n<th data-start=\"418\" data-end=\"425\" data-col-size=\"sm\">Artikel<\/th>\n<th data-start=\"425\" data-end=\"436\" data-col-size=\"md\">Details<\/th>\n<\/tr>\n<\/thead>\n<tbody data-start=\"447\" data-end=\"1199\">\n<tr data-start=\"447\" data-end=\"480\">\n<td data-start=\"447\" data-end=\"454\" data-col-size=\"sm\">Chip<\/td>\n<td data-col-size=\"md\" data-start=\"454\" data-end=\"480\">NXP MIFARE DESFire EV2<\/td>\n<\/tr>\n<tr data-start=\"481\" data-end=\"557\">\n<td data-start=\"481\" data-end=\"498\" data-col-size=\"sm\">Speicheroptionen<\/td>\n<td data-col-size=\"md\" data-start=\"498\" data-end=\"557\">2K \/ 4K \/ 8K (unterst\u00fctzt auch h\u00f6heren NV-Speicher in Reihe)<\/td>\n<\/tr>\n<tr data-start=\"558\" data-end=\"610\">\n<td data-start=\"558\" data-end=\"572\" data-col-size=\"sm\">RF-Standard<\/td>\n<td data-col-size=\"md\" data-start=\"572\" data-end=\"610\">ISO\/IEC 14443 Typ A (Teile 2\/3\/4)<\/td>\n<\/tr>\n<tr data-start=\"611\" data-end=\"636\">\n<td data-start=\"611\" data-end=\"623\" data-col-size=\"sm\">Frequenz<\/td>\n<td data-col-size=\"md\" data-start=\"623\" data-end=\"636\">13,56 MHz<\/td>\n<\/tr>\n<tr data-start=\"637\" data-end=\"681\">\n<td data-start=\"637\" data-end=\"649\" data-col-size=\"sm\">Datenrate<\/td>\n<td data-col-size=\"md\" data-start=\"649\" data-end=\"681\">106 \/ 212 \/ 424 \/ 848 kbit\/s<\/td>\n<\/tr>\n<tr data-start=\"682\" data-end=\"722\">\n<td data-start=\"682\" data-end=\"688\" data-col-size=\"sm\">UID<\/td>\n<td data-col-size=\"md\" data-start=\"688\" data-end=\"722\">7-Byte-UID, optionale Zufalls-ID<\/td>\n<\/tr>\n<tr data-start=\"723\" data-end=\"795\">\n<td data-start=\"723\" data-end=\"737\" data-col-size=\"sm\">Dateisystem<\/td>\n<td data-col-size=\"md\" data-start=\"737\" data-end=\"795\">Bis zu 32 Dateien pro Anwendung, mehrere Anwendungen pro PICC<\/td>\n<\/tr>\n<tr data-start=\"796\" data-end=\"871\">\n<td data-start=\"796\" data-end=\"807\" data-col-size=\"sm\">Sicherheit<\/td>\n<td data-start=\"807\" data-end=\"871\" data-col-size=\"md\">Common Criteria EAL5+, AES-128, 3-stufige gegenseitige Authentifizierung<\/td>\n<\/tr>\n<tr data-start=\"872\" data-end=\"910\">\n<td data-start=\"872\" data-end=\"883\" data-col-size=\"sm\">Material<\/td>\n<td data-col-size=\"md\" data-start=\"883\" data-end=\"910\">PVC, ABS, PET, PC usw.<\/td>\n<\/tr>\n<tr data-start=\"911\" data-end=\"946\">\n<td data-start=\"911\" data-end=\"918\" data-col-size=\"sm\">Gr\u00f6\u00dfe<\/td>\n<td data-col-size=\"md\" data-start=\"918\" data-end=\"946\">CR80 30mil oder kundenspezifisch<\/td>\n<\/tr>\n<tr data-start=\"947\" data-end=\"985\">\n<td data-start=\"947\" data-end=\"957\" data-col-size=\"sm\">Oberfl\u00e4che<\/td>\n<td data-start=\"957\" data-end=\"985\" data-col-size=\"md\">Gl\u00e4nzend \/ Matt \/ Gefrostet<\/td>\n<\/tr>\n<tr data-start=\"986\" data-end=\"1028\">\n<td data-start=\"986\" data-end=\"998\" data-col-size=\"sm\">Druckbare<\/td>\n<td data-col-size=\"md\" data-start=\"998\" data-end=\"1028\">Thermodruck, Tintenstrahldruck, UV-Druck, Laser<\/td>\n<\/tr>\n<tr data-start=\"1029\" data-end=\"1110\">\n<td data-start=\"1029\" data-end=\"1038\" data-col-size=\"sm\">Kunsthandwerk<\/td>\n<td data-start=\"1038\" data-end=\"1110\" data-col-size=\"md\">Magnetstreifen, Barcode\/QR-Code, Unterschriftenfeld, Rubbelfeld, Seriennummer<\/td>\n<\/tr>\n<tr data-start=\"1111\" data-end=\"1199\">\n<td data-start=\"1111\" data-end=\"1128\" data-col-size=\"sm\">Zielsysteme<\/td>\n<td data-start=\"1128\" data-end=\"1199\" data-col-size=\"md\">Fahrkartenverkauf, Bankenkonvergenz, City Card, Zugangskontrolle<\/td>\n<\/tr>\n<\/tbody>\n<\/table>\n<\/div>\n<\/div>\n<p data-start=\"1201\" data-end=\"1219\"><strong data-start=\"1201\" data-end=\"1217\">Hauptmerkmale<\/strong><\/p>\n<ul data-start=\"1220\" data-end=\"1537\">\n<li data-start=\"1220\" data-end=\"1251\">\n<p data-start=\"1222\" data-end=\"1251\">Hohes Sicherheitsniveau (EAL5+)<\/p>\n<\/li>\n<li data-start=\"1252\" data-end=\"1299\">\n<p data-start=\"1254\" data-end=\"1299\">AES-gesicherte Nachrichten\u00fcbermittlung \u00e4hnlich wie MIFARE Plus<\/p>\n<\/li>\n<li data-start=\"1300\" data-end=\"1351\">\n<p data-start=\"1302\" data-end=\"1351\">MIsmartApp f\u00fcr delegiertes Anwendungsmanagement<\/p>\n<\/li>\n<li data-start=\"1352\" data-end=\"1404\">\n<p data-start=\"1354\" data-end=\"1404\">Transaktions-MAC, Anti-Tearing und schnelles Schl\u00fcsselrollen<\/p>\n<\/li>\n<li data-start=\"1405\" data-end=\"1477\">\n<p data-start=\"1407\" data-end=\"1477\">Virtuelle Kartenarchitektur (VCA) f\u00fcr Multi-Tenant-\/Multi-Service-Karten<\/p>\n<\/li>\n<li data-start=\"1478\" data-end=\"1537\">\n<p data-start=\"1480\" data-end=\"1537\">R\u00fcckw\u00e4rtskompatibilit\u00e4t mit fr\u00fcheren DESFire-Generationen<\/p>\n<\/li>\n<\/ul>","protected":false},"excerpt":{"rendered":"<p>13,56 MHz NXP MIFARE DESFire EV2 RFID-Karten (2K\/4K\/8K) mit AES-Sicherheit, ISO14443A und flexiblem Multi-Anwendungs-Dateisystem f\u00fcr Transport-, Zugangs- und Smart-City-Karten.<\/p>","protected":false},"featured_media":649,"template":"","meta":{"_gspb_post_css":""},"product_brand":[],"product_cat":[15],"product_tag":[],"class_list":{"0":"post-648","1":"product","2":"type-product","3":"status-publish","4":"has-post-thumbnail","6":"product_cat-rfid-cards","8":"first","9":"instock","10":"shipping-taxable","11":"purchasable","12":"product-type-simple"},"_links":{"self":[{"href":"https:\/\/www.cxjsmartcard.com\/de\/wp-json\/wp\/v2\/product\/648","targetHints":{"allow":["GET"]}}],"collection":[{"href":"https:\/\/www.cxjsmartcard.com\/de\/wp-json\/wp\/v2\/product"}],"about":[{"href":"https:\/\/www.cxjsmartcard.com\/de\/wp-json\/wp\/v2\/types\/product"}],"wp:featuredmedia":[{"embeddable":true,"href":"https:\/\/www.cxjsmartcard.com\/de\/wp-json\/wp\/v2\/media\/649"}],"wp:attachment":[{"href":"https:\/\/www.cxjsmartcard.com\/de\/wp-json\/wp\/v2\/media?parent=648"}],"wp:term":[{"taxonomy":"product_brand","embeddable":true,"href":"https:\/\/www.cxjsmartcard.com\/de\/wp-json\/wp\/v2\/product_brand?post=648"},{"taxonomy":"product_cat","embeddable":true,"href":"https:\/\/www.cxjsmartcard.com\/de\/wp-json\/wp\/v2\/product_cat?post=648"},{"taxonomy":"product_tag","embeddable":true,"href":"https:\/\/www.cxjsmartcard.com\/de\/wp-json\/wp\/v2\/product_tag?post=648"}],"curies":[{"name":"wp","href":"https:\/\/api.w.org\/{rel}","templated":true}]}}