{"id":637,"date":"2025-11-01T08:26:42","date_gmt":"2025-11-01T08:26:42","guid":{"rendered":"https:\/\/www.cxjsmartcard.com\/?post_type=product&#038;p=637"},"modified":"2025-12-29T01:27:12","modified_gmt":"2025-12-29T01:27:12","slug":"mifare-desfire-ev2-2k-rfid-card","status":"publish","type":"product","link":"https:\/\/www.cxjsmartcard.com\/de\/mifare-desfire-ev2-2k-rfid-card\/","title":{"rendered":"MIFARE DESFire EV2 2K RFID-Karte"},"content":{"rendered":"<p data-start=\"38\" data-end=\"428\">Hochsichere kontaktlose 13,56-MHz-Smartcard auf Basis von NXP MIFARE DESFire EV2 2K, entwickelt f\u00fcr vielf\u00e4ltige Anwendungen wie Ticketing, Transport, Zutrittskontrolle, Gastgewerbe, Campus-Management, bargeldloses Bezahlen und Smart-City-Dienste. Sie entspricht ISO\/IEC 14443A, unterst\u00fctzt hohe Daten\u00fcbertragungsraten von bis zu 848 kbit\/s, bietet das Sicherheitsniveau Common Criteria EAL5+ und flexible Datei-\/Anwendungsverwaltung.<\/p>\n<p data-start=\"430\" data-end=\"449\"><strong data-start=\"430\" data-end=\"447\">Spezifikation<\/strong><\/p>\n<div class=\"_tableContainer_1rjym_1\">\n<div class=\"group _tableWrapper_1rjym_13 flex w-fit flex-col-reverse\" tabindex=\"-1\">\n<table class=\"w-fit min-w-(--thread-content-width)\" data-start=\"450\" data-end=\"1095\">\n<thead data-start=\"450\" data-end=\"468\">\n<tr data-start=\"450\" data-end=\"468\">\n<th data-start=\"450\" data-end=\"457\" data-col-size=\"sm\">Artikel<\/th>\n<th data-start=\"457\" data-end=\"468\" data-col-size=\"md\">Details<\/th>\n<\/tr>\n<\/thead>\n<tbody data-start=\"479\" data-end=\"1095\">\n<tr data-start=\"479\" data-end=\"511\">\n<td data-start=\"479\" data-end=\"486\" data-col-size=\"sm\">Chip<\/td>\n<td data-col-size=\"md\" data-start=\"486\" data-end=\"511\">MIFARE DESFire EV2 2K<\/td>\n<\/tr>\n<tr data-start=\"512\" data-end=\"542\">\n<td data-start=\"512\" data-end=\"521\" data-col-size=\"sm\">Erinnerung<\/td>\n<td data-col-size=\"md\" data-start=\"521\" data-end=\"542\">2 KByte NV-Speicher<\/td>\n<\/tr>\n<tr data-start=\"543\" data-end=\"609\">\n<td data-start=\"543\" data-end=\"569\" data-col-size=\"sm\">Standard-\/HF-Schnittstelle<\/td>\n<td data-col-size=\"md\" data-start=\"569\" data-end=\"609\">ISO\/IEC 14443 Typ A (Teile 2, 3, 4)<\/td>\n<\/tr>\n<tr data-start=\"610\" data-end=\"635\">\n<td data-start=\"610\" data-end=\"622\" data-col-size=\"sm\">Frequenz<\/td>\n<td data-col-size=\"md\" data-start=\"622\" data-end=\"635\">13,56 MHz<\/td>\n<\/tr>\n<tr data-start=\"636\" data-end=\"680\">\n<td data-start=\"636\" data-end=\"648\" data-col-size=\"sm\">Datenrate<\/td>\n<td data-col-size=\"md\" data-start=\"648\" data-end=\"680\">106 \/ 212 \/ 424 \/ 848 kbit\/s<\/td>\n<\/tr>\n<tr data-start=\"681\" data-end=\"736\">\n<td data-start=\"681\" data-end=\"687\" data-col-size=\"sm\">UID<\/td>\n<td data-start=\"687\" data-end=\"736\" data-col-size=\"md\">7-Byte-eindeutiger Identifikator (unterst\u00fctzt zuf\u00e4llige IDs)<\/td>\n<\/tr>\n<tr data-start=\"737\" data-end=\"777\">\n<td data-start=\"737\" data-end=\"744\" data-col-size=\"sm\">Gr\u00f6\u00dfe<\/td>\n<td data-start=\"744\" data-end=\"777\" data-col-size=\"md\">85,5 \u00d7 54 mm (CR80) oder kundenspezifisch<\/td>\n<\/tr>\n<tr data-start=\"778\" data-end=\"830\">\n<td data-start=\"778\" data-end=\"791\" data-col-size=\"sm\">Lesebereich<\/td>\n<td data-col-size=\"md\" data-start=\"791\" data-end=\"830\">0\u201310 cm (abh\u00e4ngig vom Leseger\u00e4t\/der Antenne)<\/td>\n<\/tr>\n<tr data-start=\"831\" data-end=\"868\">\n<td data-start=\"831\" data-end=\"849\" data-col-size=\"sm\">Schreibe Ausdauer<\/td>\n<td data-col-size=\"md\" data-start=\"849\" data-end=\"868\">\u2265500.000 Zyklen<\/td>\n<\/tr>\n<tr data-start=\"869\" data-end=\"898\">\n<td data-start=\"869\" data-end=\"886\" data-col-size=\"sm\">Datenaufbewahrung<\/td>\n<td data-col-size=\"md\" data-start=\"886\" data-end=\"898\">25 Jahre<\/td>\n<\/tr>\n<tr data-start=\"899\" data-end=\"942\">\n<td data-start=\"899\" data-end=\"910\" data-col-size=\"sm\">Material<\/td>\n<td data-start=\"910\" data-end=\"942\" data-col-size=\"md\">PVC (kundenspezifisch: PET, PET-G, PC)<\/td>\n<\/tr>\n<tr data-start=\"943\" data-end=\"1010\">\n<td data-start=\"943\" data-end=\"954\" data-col-size=\"sm\">Drucken<\/td>\n<td data-start=\"954\" data-end=\"1010\" data-col-size=\"md\">CMYK-Offsetdruck, Siebdruck, Personalisierung, QR-\/Barcode<\/td>\n<\/tr>\n<tr data-start=\"1011\" data-end=\"1095\">\n<td data-start=\"1011\" data-end=\"1020\" data-col-size=\"sm\">Kunsthandwerk<\/td>\n<td data-start=\"1020\" data-end=\"1095\" data-col-size=\"md\">Seriennummer, Magnetstreifen, Pr\u00e4gung\/Tiefpr\u00e4gung, Lasercode, Hei\u00dfpr\u00e4gung<\/td>\n<\/tr>\n<\/tbody>\n<\/table>\n<\/div>\n<\/div>\n<p data-start=\"1097\" data-end=\"1116\"><strong data-start=\"1097\" data-end=\"1114\">Kernmerkmale<\/strong><\/p>\n<div class=\"_tableContainer_1rjym_1\">\n<div class=\"group _tableWrapper_1rjym_13 flex w-fit flex-col-reverse\" tabindex=\"-1\">\n<table class=\"w-fit min-w-(--thread-content-width)\" data-start=\"1117\" data-end=\"1682\">\n<thead data-start=\"1117\" data-end=\"1142\">\n<tr data-start=\"1117\" data-end=\"1142\">\n<th data-start=\"1117\" data-end=\"1127\" data-col-size=\"sm\">Besonderheit<\/th>\n<th data-start=\"1127\" data-end=\"1142\" data-col-size=\"md\">Beschreibung<\/th>\n<\/tr>\n<\/thead>\n<tbody data-start=\"1153\" data-end=\"1682\">\n<tr data-start=\"1153\" data-end=\"1250\">\n<td data-start=\"1153\" data-end=\"1173\" data-col-size=\"sm\">Mehrfachanwendung<\/td>\n<td data-col-size=\"md\" data-start=\"1173\" data-end=\"1250\">Nahezu unbegrenzte Anzahl an Antr\u00e4gen pro Karte; bis zu 32 Dateien pro Antrag<\/td>\n<\/tr>\n<tr data-start=\"1251\" data-end=\"1334\">\n<td data-start=\"1251\" data-end=\"1273\" data-col-size=\"sm\">Sichere Architektur<\/td>\n<td data-start=\"1273\" data-end=\"1334\" data-col-size=\"md\">AES- (128-Bit) und 3DES-Schl\u00fcssel, gegenseitige 3-Pass-Authentifizierung<\/td>\n<\/tr>\n<tr data-start=\"1335\" data-end=\"1394\">\n<td data-start=\"1335\" data-end=\"1353\" data-col-size=\"sm\">Transaktions-MAC<\/td>\n<td data-col-size=\"md\" data-start=\"1353\" data-end=\"1394\">Gew\u00e4hrleistet die Integrit\u00e4t jeder Transaktion<\/td>\n<\/tr>\n<tr data-start=\"1395\" data-end=\"1466\">\n<td data-start=\"1395\" data-end=\"1408\" data-col-size=\"sm\">MIsmartApp<\/td>\n<td data-start=\"1408\" data-end=\"1466\" data-col-size=\"md\">Delegiertes Anwendungsmanagement f\u00fcr Dienstanbieter<\/td>\n<\/tr>\n<tr data-start=\"1467\" data-end=\"1521\">\n<td data-start=\"1467\" data-end=\"1485\" data-col-size=\"sm\">N\u00e4herungspr\u00fcfung<\/td>\n<td data-col-size=\"md\" data-start=\"1485\" data-end=\"1521\">Schutz vor Relay-Angriffen<\/td>\n<\/tr>\n<tr data-start=\"1522\" data-end=\"1601\">\n<td data-start=\"1522\" data-end=\"1556\" data-col-size=\"sm\">VCA (Virtual Card Architecture)<\/td>\n<td data-col-size=\"md\" data-start=\"1556\" data-end=\"1601\">Bessere Privatsph\u00e4re und Anwendungstrennung<\/td>\n<\/tr>\n<tr data-start=\"1602\" data-end=\"1682\">\n<td data-start=\"1602\" data-end=\"1627\" data-col-size=\"sm\">ISO\/IEC 7816-4 Unterst\u00fctzung<\/td>\n<td data-col-size=\"md\" data-start=\"1627\" data-end=\"1682\">APDU- und Dateistruktur f\u00fcr einfache Systemintegration<\/td>\n<\/tr>\n<\/tbody>\n<\/table>\n<\/div>\n<\/div>\n<p data-start=\"1684\" data-end=\"1711\"><strong data-start=\"1684\" data-end=\"1709\">Anwendungsszenarien<\/strong><\/p>\n<ul data-start=\"1712\" data-end=\"1963\">\n<li data-start=\"1712\" data-end=\"1764\">\n<p data-start=\"1714\" data-end=\"1764\">\u00d6ffentlicher Nahverkehr, E-Ticketing, Zeiterfassung<\/p>\n<\/li>\n<li data-start=\"1765\" data-end=\"1803\">\n<p data-start=\"1767\" data-end=\"1803\">Campus-\/Unternehmens-\/Hotelzugang<\/p>\n<\/li>\n<li data-start=\"1804\" data-end=\"1848\">\n<p data-start=\"1806\" data-end=\"1848\">Bargeldloses Verkaufen und geschlossene Zahlungskreisl\u00e4ufe<\/p>\n<\/li>\n<li data-start=\"1849\" data-end=\"1909\">\n<p data-start=\"1851\" data-end=\"1909\">Die City Card integriert Parken, Fahrrad-\/Autoverleih und Bibliothek.<\/p>\n<\/li>\n<li data-start=\"1910\" data-end=\"1963\">\n<p data-start=\"1912\" data-end=\"1963\">Loyalit\u00e4ts-, Event- und Social-Media-Aktivierungskarten<\/p>\n<\/li>\n<\/ul>","protected":false},"excerpt":{"rendered":"<p>Hochsichere MIFARE DESFire EV2 2K 13,56MHz RFID-Karte mit AES, hoher Datenrate und Unterst\u00fctzung f\u00fcr vielf\u00e4ltige Anwendungen in den Bereichen Transport, Zutrittskontrolle und Smart-City-Projekte.<\/p>","protected":false},"featured_media":638,"template":"","meta":{"_gspb_post_css":""},"product_brand":[],"product_cat":[15],"product_tag":[],"class_list":{"0":"post-637","1":"product","2":"type-product","3":"status-publish","4":"has-post-thumbnail","6":"product_cat-rfid-cards","8":"first","9":"instock","10":"shipping-taxable","11":"purchasable","12":"product-type-simple"},"_links":{"self":[{"href":"https:\/\/www.cxjsmartcard.com\/de\/wp-json\/wp\/v2\/product\/637","targetHints":{"allow":["GET"]}}],"collection":[{"href":"https:\/\/www.cxjsmartcard.com\/de\/wp-json\/wp\/v2\/product"}],"about":[{"href":"https:\/\/www.cxjsmartcard.com\/de\/wp-json\/wp\/v2\/types\/product"}],"wp:featuredmedia":[{"embeddable":true,"href":"https:\/\/www.cxjsmartcard.com\/de\/wp-json\/wp\/v2\/media\/638"}],"wp:attachment":[{"href":"https:\/\/www.cxjsmartcard.com\/de\/wp-json\/wp\/v2\/media?parent=637"}],"wp:term":[{"taxonomy":"product_brand","embeddable":true,"href":"https:\/\/www.cxjsmartcard.com\/de\/wp-json\/wp\/v2\/product_brand?post=637"},{"taxonomy":"product_cat","embeddable":true,"href":"https:\/\/www.cxjsmartcard.com\/de\/wp-json\/wp\/v2\/product_cat?post=637"},{"taxonomy":"product_tag","embeddable":true,"href":"https:\/\/www.cxjsmartcard.com\/de\/wp-json\/wp\/v2\/product_tag?post=637"}],"curies":[{"name":"wp","href":"https:\/\/api.w.org\/{rel}","templated":true}]}}