{"id":621,"date":"2025-11-01T08:20:22","date_gmt":"2025-11-01T08:20:22","guid":{"rendered":"https:\/\/www.cxjsmartcard.com\/?post_type=product&#038;p=621"},"modified":"2025-12-29T01:27:12","modified_gmt":"2025-12-29T01:27:12","slug":"customized-wooden-bamboo-rfid-hotel-key-card","status":"publish","type":"product","link":"https:\/\/www.cxjsmartcard.com\/de\/customized-wooden-bamboo-rfid-hotel-key-card\/","title":{"rendered":"Individuell gestaltete RFID-Hotelschl\u00fcsselkarte aus Bambusholz"},"content":{"rendered":"<p data-start=\"51\" data-end=\"378\">Umweltfreundliche RFID-Hotelschl\u00fcsselkarte aus Holz\/Bambus, hergestellt aus nat\u00fcrlichen, biologisch abbaubaren Holzmaterialien. Vollst\u00e4ndig individualisierbar mit Hotellogo, variablen Daten und verschiedenen Gestaltungsoptionen. Geeignet f\u00fcr Hotelt\u00fcrschlie\u00dfsysteme, Zutrittskontrolle, Veranstaltungen, Mitgliederverwaltung, Werbegeschenke und Markenkampagnen.<\/p>\n<p data-start=\"380\" data-end=\"399\"><strong data-start=\"380\" data-end=\"397\">Spezifikation<\/strong><\/p>\n<div class=\"_tableContainer_1rjym_1\">\n<div class=\"group _tableWrapper_1rjym_13 flex w-fit flex-col-reverse\" tabindex=\"-1\">\n<table class=\"w-fit min-w-(--thread-content-width)\" data-start=\"400\" data-end=\"1166\">\n<thead data-start=\"400\" data-end=\"418\">\n<tr data-start=\"400\" data-end=\"418\">\n<th data-start=\"400\" data-end=\"407\" data-col-size=\"sm\">Artikel<\/th>\n<th data-start=\"407\" data-end=\"418\" data-col-size=\"md\">Details<\/th>\n<\/tr>\n<\/thead>\n<tbody data-start=\"429\" data-end=\"1166\">\n<tr data-start=\"429\" data-end=\"492\">\n<td data-start=\"429\" data-end=\"444\" data-col-size=\"sm\">Produktname<\/td>\n<td data-col-size=\"md\" data-start=\"444\" data-end=\"492\">Individuell gestaltete RFID-Hotelschl\u00fcsselkarte aus Holz\/Bambus<\/td>\n<\/tr>\n<tr data-start=\"493\" data-end=\"582\">\n<td data-start=\"493\" data-end=\"515\" data-col-size=\"sm\">Verf\u00fcgbare Materialien<\/td>\n<td data-col-size=\"md\" data-start=\"515\" data-end=\"582\">Ahorn, Bambus, Linde, Buche, Kirsche, Schwarznuss, Sapele, Eiche<\/td>\n<\/tr>\n<tr data-start=\"583\" data-end=\"637\">\n<td data-start=\"583\" data-end=\"602\" data-col-size=\"sm\">Dicke \/ Gr\u00f6\u00dfe<\/td>\n<td data-col-size=\"md\" data-start=\"602\" data-end=\"637\">0,8\u20130,84 mm oder 0,76 mm (kundenspezifisch)<\/td>\n<\/tr>\n<tr data-start=\"638\" data-end=\"685\">\n<td data-start=\"638\" data-end=\"649\" data-col-size=\"sm\">Protokoll<\/td>\n<td data-col-size=\"md\" data-start=\"649\" data-end=\"685\">ISO14443A, ISO15693, ISO18000-6C<\/td>\n<\/tr>\n<tr data-start=\"686\" data-end=\"733\">\n<td data-start=\"686\" data-end=\"698\" data-col-size=\"sm\">Frequenz<\/td>\n<td data-col-size=\"md\" data-start=\"698\" data-end=\"733\">125 kHz, 13,56 MHz, 860\u2013960 MHz<\/td>\n<\/tr>\n<tr data-start=\"734\" data-end=\"791\">\n<td data-start=\"734\" data-end=\"745\" data-col-size=\"sm\">Drucken<\/td>\n<td data-col-size=\"md\" data-start=\"745\" data-end=\"791\">Laserdruck \/ Siebdruck \/ 4-Farben-Druck<\/td>\n<\/tr>\n<tr data-start=\"792\" data-end=\"907\">\n<td data-start=\"792\" data-end=\"810\" data-col-size=\"sm\">Optionale Bastelarbeiten<\/td>\n<td data-col-size=\"md\" data-start=\"810\" data-end=\"907\">Hei\u00dfpr\u00e4gung Silber\/Gold, HICO\/LOCO-Magnetstreifen, Lasergravur, QR-Code, Seriennummern<\/td>\n<\/tr>\n<tr data-start=\"908\" data-end=\"998\">\n<td data-start=\"908\" data-end=\"923\" data-col-size=\"sm\">Anwendungen<\/td>\n<td data-col-size=\"md\" data-start=\"923\" data-end=\"998\">Zutrittskontrolle, Zahlungen, Veranstaltungen, Treueprogramme, Soziale Medien, Hotelschl\u00fcsselkarte<\/td>\n<\/tr>\n<tr data-start=\"999\" data-end=\"1035\">\n<td data-start=\"999\" data-end=\"1009\" data-col-size=\"sm\">Proben<\/td>\n<td data-col-size=\"md\" data-start=\"1009\" data-end=\"1035\">Kostenlose Muster erh\u00e4ltlich<\/td>\n<\/tr>\n<tr data-start=\"1036\" data-end=\"1094\">\n<td data-start=\"1036\" data-end=\"1060\" data-col-size=\"sm\">Umweltmerkmal<\/td>\n<td data-col-size=\"md\" data-start=\"1060\" data-end=\"1094\">Biologisch abbaubar, 100% recycelbar<\/td>\n<\/tr>\n<tr data-start=\"1095\" data-end=\"1166\">\n<td data-start=\"1095\" data-end=\"1103\" data-col-size=\"sm\">Anmerkungen<\/td>\n<td data-start=\"1103\" data-end=\"1166\" data-col-size=\"md\">Nat\u00fcrliches Holz kann nach dem Bedrucken zu Maserungs-\/Farbabweichungen f\u00fchren.<\/td>\n<\/tr>\n<\/tbody>\n<\/table>\n<\/div>\n<\/div>\n<p data-start=\"1168\" data-end=\"1182\"><strong data-start=\"1168\" data-end=\"1180\">Merkmale<\/strong><\/p>\n<ul data-start=\"1183\" data-end=\"1529\">\n<li data-start=\"1183\" data-end=\"1244\">\n<p data-start=\"1185\" data-end=\"1244\">Holzkarte in Naturoptik als Ersatz f\u00fcr Plastik-Hotelschl\u00fcsselkarten<\/p>\n<\/li>\n<li data-start=\"1245\" data-end=\"1320\">\n<p data-start=\"1247\" data-end=\"1320\">Unterst\u00fctzt g\u00e4ngige RFID-Standards (LF\/HF\/UHF) f\u00fcr Hotel- und Geb\u00e4udeschl\u00f6sser<\/p>\n<\/li>\n<li data-start=\"1321\" data-end=\"1396\">\n<p data-start=\"1323\" data-end=\"1396\">Mehrere Holzarten passend zum Markenauftritt (Bambus f\u00fcr Eco, Walnuss f\u00fcr Premium)<\/p>\n<\/li>\n<li data-start=\"1397\" data-end=\"1457\">\n<p data-start=\"1399\" data-end=\"1457\">Unterst\u00fctzt Logogravur und Hei\u00dffolienpr\u00e4gung f\u00fcr Boutique-Hotels<\/p>\n<\/li>\n<li data-start=\"1458\" data-end=\"1529\">\n<p data-start=\"1460\" data-end=\"1529\">Kann in der Gastronomie als Mitglieds-\/Geschenk-\/VIP-\/Veranstaltungskarte verwendet werden.<\/p>\n<\/li>\n<\/ul>","protected":false},"excerpt":{"rendered":"<p>Biologisch abbaubare RFID-Hotelschl\u00fcsselkarte aus Holz\/Bambus mit ISO14443A\/ISO15693-Kompatibilit\u00e4t, individuellem Logodruck und hochwertiger \u00d6ko-Oberfl\u00e4che f\u00fcr Hotels und Zutrittskontrollsysteme.<\/p>","protected":false},"featured_media":625,"template":"","meta":{"_gspb_post_css":""},"product_brand":[],"product_cat":[15],"product_tag":[],"class_list":{"0":"post-621","1":"product","2":"type-product","3":"status-publish","4":"has-post-thumbnail","6":"product_cat-rfid-cards","8":"first","9":"instock","10":"shipping-taxable","11":"purchasable","12":"product-type-simple"},"_links":{"self":[{"href":"https:\/\/www.cxjsmartcard.com\/de\/wp-json\/wp\/v2\/product\/621","targetHints":{"allow":["GET"]}}],"collection":[{"href":"https:\/\/www.cxjsmartcard.com\/de\/wp-json\/wp\/v2\/product"}],"about":[{"href":"https:\/\/www.cxjsmartcard.com\/de\/wp-json\/wp\/v2\/types\/product"}],"wp:featuredmedia":[{"embeddable":true,"href":"https:\/\/www.cxjsmartcard.com\/de\/wp-json\/wp\/v2\/media\/625"}],"wp:attachment":[{"href":"https:\/\/www.cxjsmartcard.com\/de\/wp-json\/wp\/v2\/media?parent=621"}],"wp:term":[{"taxonomy":"product_brand","embeddable":true,"href":"https:\/\/www.cxjsmartcard.com\/de\/wp-json\/wp\/v2\/product_brand?post=621"},{"taxonomy":"product_cat","embeddable":true,"href":"https:\/\/www.cxjsmartcard.com\/de\/wp-json\/wp\/v2\/product_cat?post=621"},{"taxonomy":"product_tag","embeddable":true,"href":"https:\/\/www.cxjsmartcard.com\/de\/wp-json\/wp\/v2\/product_tag?post=621"}],"curies":[{"name":"wp","href":"https:\/\/api.w.org\/{rel}","templated":true}]}}