{"id":596,"date":"2025-11-01T08:10:10","date_gmt":"2025-11-01T08:10:10","guid":{"rendered":"https:\/\/www.cxjsmartcard.com\/?post_type=product&#038;p=596"},"modified":"2025-12-29T01:27:12","modified_gmt":"2025-12-29T01:27:12","slug":"13-56mhz-contactless-mifare-rfid-smart-cards","status":"publish","type":"product","link":"https:\/\/www.cxjsmartcard.com\/de\/13-56mhz-contactless-mifare-rfid-smart-cards\/","title":{"rendered":"13,56 MHz kontaktlose MIFARE RFID-Smartcards"},"content":{"rendered":"<p data-start=\"51\" data-end=\"301\">13,56 MHz kontaktlose MIFARE RFID-Smartcards f\u00fcr Zutrittskontrolle, Identifizierung, bargeldloses Bezahlen, Zeiterfassung, Hotels, Schulen, Clubs\/SPA, Tourismus, Gesundheitswesen, Superm\u00e4rkte, Parken, Werbeaktionen und Mitgliederverwaltung.<\/p>\n<p data-start=\"303\" data-end=\"322\"><strong data-start=\"303\" data-end=\"320\">Spezifikation<\/strong><\/p>\n<div class=\"_tableContainer_1rjym_1\">\n<div class=\"group _tableWrapper_1rjym_13 flex w-fit flex-col-reverse\" tabindex=\"-1\">\n<table class=\"w-fit min-w-(--thread-content-width)\" data-start=\"323\" data-end=\"958\">\n<thead data-start=\"323\" data-end=\"341\">\n<tr data-start=\"323\" data-end=\"341\">\n<th data-start=\"323\" data-end=\"330\" data-col-size=\"sm\">Artikel<\/th>\n<th data-start=\"330\" data-end=\"341\" data-col-size=\"md\">Details<\/th>\n<\/tr>\n<\/thead>\n<tbody data-start=\"352\" data-end=\"958\">\n<tr data-start=\"352\" data-end=\"420\">\n<td data-start=\"352\" data-end=\"363\" data-col-size=\"sm\">Material<\/td>\n<td data-col-size=\"md\" data-start=\"363\" data-end=\"420\">PVC, PET-G, ABS, PC, PLA, transparentes PVC, Holz usw.<\/td>\n<\/tr>\n<tr data-start=\"421\" data-end=\"473\">\n<td data-start=\"421\" data-end=\"433\" data-col-size=\"sm\">Dimension<\/td>\n<td data-col-size=\"md\" data-start=\"433\" data-end=\"473\">85,5 \u00d7 54 mm (CR80) oder kundenspezifisch<\/td>\n<\/tr>\n<tr data-start=\"474\" data-end=\"507\">\n<td data-start=\"474\" data-end=\"486\" data-col-size=\"sm\">Dicke<\/td>\n<td data-col-size=\"md\" data-start=\"486\" data-end=\"507\">0,84 mm \u00b1 0,05 mm<\/td>\n<\/tr>\n<tr data-start=\"508\" data-end=\"551\">\n<td data-start=\"508\" data-end=\"523\" data-col-size=\"sm\">Kartenoberfl\u00e4che<\/td>\n<td data-col-size=\"md\" data-start=\"523\" data-end=\"551\">Gl\u00e4nzend \/ Matt \/ Gefrostet<\/td>\n<\/tr>\n<tr data-start=\"552\" data-end=\"635\">\n<td data-start=\"552\" data-end=\"563\" data-col-size=\"sm\">Drucken<\/td>\n<td data-col-size=\"md\" data-start=\"563\" data-end=\"635\">Heidelberg CMYK Offsetdruck, Digitaldruck, Siebdruck, Pantone-Farben<\/td>\n<\/tr>\n<tr data-start=\"636\" data-end=\"706\">\n<td data-start=\"636\" data-end=\"656\" data-col-size=\"sm\">Druckvorlage (leer)<\/td>\n<td data-col-size=\"md\" data-start=\"656\" data-end=\"706\">F\u00fcr Thermotransferdrucker oder Tintenstrahldrucker<\/td>\n<\/tr>\n<tr data-start=\"707\" data-end=\"732\">\n<td data-start=\"707\" data-end=\"719\" data-col-size=\"sm\">Frequenz<\/td>\n<td data-col-size=\"md\" data-start=\"719\" data-end=\"732\">13,56 MHz<\/td>\n<\/tr>\n<tr data-start=\"733\" data-end=\"770\">\n<td data-start=\"733\" data-end=\"753\" data-col-size=\"sm\">Technische Unterst\u00fctzung<\/td>\n<td data-col-size=\"md\" data-start=\"753\" data-end=\"770\">Chipcodierung<\/td>\n<\/tr>\n<tr data-start=\"771\" data-end=\"863\">\n<td data-start=\"771\" data-end=\"781\" data-col-size=\"sm\">Paket<\/td>\n<td data-col-size=\"md\" data-start=\"781\" data-end=\"863\">200 St\u00fcck\/Karton (21,5 \u00d7 9 \u00d7 5,5 cm); 2000 St\u00fcck\/Umkarton (49,5 \u00d7 24,5 \u00d7 13,6 cm), 14 kg\/Umkarton<\/td>\n<\/tr>\n<tr data-start=\"864\" data-end=\"958\">\n<td data-start=\"864\" data-end=\"879\" data-col-size=\"sm\">Anwendungen<\/td>\n<td data-col-size=\"md\" data-start=\"879\" data-end=\"958\">Mitgliedschaft, Zugangskontrolle, Hotel, Transport, Treueprogramm, Werbeaktionen usw.<\/td>\n<\/tr>\n<\/tbody>\n<\/table>\n<\/div>\n<\/div>\n<p data-start=\"960\" data-end=\"978\"><strong data-start=\"960\" data-end=\"976\">Chipoptionen<\/strong><\/p>\n<ul data-start=\"979\" data-end=\"1294\">\n<li data-start=\"979\" data-end=\"1029\">\n<p data-start=\"981\" data-end=\"1029\">MIFARE Classic\u00ae EV1 1K, MIFARE Classic\u00ae EV1 4K<\/p>\n<\/li>\n<li data-start=\"1030\" data-end=\"1078\">\n<p data-start=\"1032\" data-end=\"1078\">MIFARE Ultralight\u00ae EV1, MIFARE Ultralight\u00ae C<\/p>\n<\/li>\n<li data-start=\"1079\" data-end=\"1104\">\n<p data-start=\"1081\" data-end=\"1104\">NTAG\u00ae 213 \/ 215 \/ 216<\/p>\n<\/li>\n<li data-start=\"1105\" data-end=\"1156\">\n<p data-start=\"1107\" data-end=\"1156\">MIFARE\u00ae DESFire\u00ae EV1 \/ EV2 \/ EV3 (2K \/ 4K \/ 8K)<\/p>\n<\/li>\n<li data-start=\"1157\" data-end=\"1194\">\n<p data-start=\"1159\" data-end=\"1194\">MIFARE Plus\u00ae EV2, MIFARE Plus\u00ae SE<\/p>\n<\/li>\n<li data-start=\"1195\" data-end=\"1242\">\n<p data-start=\"1197\" data-end=\"1242\">ICODE\u00ae SLI \/ SLIX \/ SLIX2 \/ SLIX-S \/ SLIX-L<\/p>\n<\/li>\n<li data-start=\"1243\" data-end=\"1294\">\n<p data-start=\"1245\" data-end=\"1294\">ISO14443A- und ISO15693-kompatible Chips erh\u00e4ltlich<\/p>\n<\/li>\n<\/ul>\n<p data-start=\"1296\" data-end=\"1318\"><strong data-start=\"1296\" data-end=\"1316\">Verf\u00fcgbare Handwerksarbeiten<\/strong><\/p>\n<ul data-start=\"1319\" data-end=\"1615\">\n<li data-start=\"1319\" data-end=\"1350\">\n<p data-start=\"1321\" data-end=\"1350\">Magnetstreifen (HICO\/LOCO)<\/p>\n<\/li>\n<li data-start=\"1351\" data-end=\"1396\">\n<p data-start=\"1353\" data-end=\"1396\">Signaturfeld \/ Kratzfeld \/ UV-Spot<\/p>\n<\/li>\n<li data-start=\"1397\" data-end=\"1428\">\n<p data-start=\"1399\" data-end=\"1428\">Barcode- oder QR-Code-Druck<\/p>\n<\/li>\n<li data-start=\"1429\" data-end=\"1459\">\n<p data-start=\"1431\" data-end=\"1459\">Hei\u00dfpr\u00e4gung (Gold\/Silber)<\/p>\n<\/li>\n<li data-start=\"1460\" data-end=\"1472\">\n<p data-start=\"1462\" data-end=\"1472\">Hologramm<\/p>\n<\/li>\n<li data-start=\"1473\" data-end=\"1508\">\n<p data-start=\"1475\" data-end=\"1508\">Hintergrund in Metallic-Gold\/Silber<\/p>\n<\/li>\n<li data-start=\"1509\" data-end=\"1615\">\n<p data-start=\"1511\" data-end=\"1615\">Personalisierung: Pr\u00e4gung, Laser-, DOD- oder Thermodruck (Nummer, Name, G\u00fcltigkeit), Lochung usw.<\/p>\n<\/li>\n<\/ul>\n<p data-start=\"1617\" data-end=\"1649\"><strong data-start=\"1617\" data-end=\"1647\">Individuell bedruckte Kartengestaltung<\/strong><\/p>\n<ol data-start=\"1650\" data-end=\"1790\">\n<li data-start=\"1650\" data-end=\"1713\">\n<p data-start=\"1653\" data-end=\"1713\">Senden Sie uns Ihre Anforderungen und wir liefern Ihnen eine komplette Kartenl\u00f6sung.<\/p>\n<\/li>\n<li data-start=\"1714\" data-end=\"1790\">\n<p data-start=\"1717\" data-end=\"1790\">Oder senden Sie uns Ihr Originalkunstwerk (AI\/PDF) und wir senden Ihnen einen Korrekturabzug zur Best\u00e4tigung.<\/p>\n<\/li>\n<\/ol>","protected":false},"excerpt":{"rendered":"<p>Kontaktlose 13,56-MHz-MIFARE-RFID-Karten mit verschiedenen Chipoptionen, hochwertigen PVC-Materialien und individuellem Druck f\u00fcr sichere Zugangs-, Ausweis- und Mitgliedschaftsprogramme.<\/p>","protected":false},"featured_media":597,"template":"","meta":{"_gspb_post_css":""},"product_brand":[],"product_cat":[15],"product_tag":[],"class_list":{"0":"post-596","1":"product","2":"type-product","3":"status-publish","4":"has-post-thumbnail","6":"product_cat-rfid-cards","8":"first","9":"instock","10":"shipping-taxable","11":"purchasable","12":"product-type-simple"},"_links":{"self":[{"href":"https:\/\/www.cxjsmartcard.com\/de\/wp-json\/wp\/v2\/product\/596","targetHints":{"allow":["GET"]}}],"collection":[{"href":"https:\/\/www.cxjsmartcard.com\/de\/wp-json\/wp\/v2\/product"}],"about":[{"href":"https:\/\/www.cxjsmartcard.com\/de\/wp-json\/wp\/v2\/types\/product"}],"wp:featuredmedia":[{"embeddable":true,"href":"https:\/\/www.cxjsmartcard.com\/de\/wp-json\/wp\/v2\/media\/597"}],"wp:attachment":[{"href":"https:\/\/www.cxjsmartcard.com\/de\/wp-json\/wp\/v2\/media?parent=596"}],"wp:term":[{"taxonomy":"product_brand","embeddable":true,"href":"https:\/\/www.cxjsmartcard.com\/de\/wp-json\/wp\/v2\/product_brand?post=596"},{"taxonomy":"product_cat","embeddable":true,"href":"https:\/\/www.cxjsmartcard.com\/de\/wp-json\/wp\/v2\/product_cat?post=596"},{"taxonomy":"product_tag","embeddable":true,"href":"https:\/\/www.cxjsmartcard.com\/de\/wp-json\/wp\/v2\/product_tag?post=596"}],"curies":[{"name":"wp","href":"https:\/\/api.w.org\/{rel}","templated":true}]}}