{"id":1162,"date":"2025-11-24T08:36:41","date_gmt":"2025-11-24T08:36:41","guid":{"rendered":"https:\/\/www.cxjsmartcard.com\/?post_type=product&#038;p=1162"},"modified":"2025-12-29T01:27:06","modified_gmt":"2025-12-29T01:27:06","slug":"anti-metal-nfc-coin-tag","status":"publish","type":"product","link":"https:\/\/www.cxjsmartcard.com\/de\/anti-metal-nfc-coin-tag\/","title":{"rendered":"Antimetall-NFC-M\u00fcnzanh\u00e4nger"},"content":{"rendered":"<p data-start=\"31\" data-end=\"547\">Der Anti-Metall-NFC-M\u00fcnztag ist f\u00fcr zuverl\u00e4ssige Funktion auf Metalloberfl\u00e4chen konzipiert, entspricht vollst\u00e4ndig den Normen ISO\/IEC 14443A und ISO 18000-3 und ist mit allen 13,56-MHz-NFC-Leseger\u00e4ten und -Antennen vom Typ A kompatibel. Er bietet eine stabile Lesereichweite von ca. 1\u20135 cm (bis zu ca. 10 cm, abh\u00e4ngig von der Leseleistung und den Umgebungsbedingungen) und eignet sich daher ideal f\u00fcr die Nahbereichsidentifizierung und -interaktion in professionellen Anwendungen wie Mobile Payment, E-Ticketing und Produktauthentifizierung.<\/p>\n<p data-start=\"549\" data-end=\"877\">Ausgestattet mit NTAG\u00ae 213, NTAG\u00ae 215 und anderen g\u00e4ngigen NFC-Chips bietet dieser Metall-M\u00fcnzchip sowohl eine 7-Byte-UID als auch gro\u00dfz\u00fcgige Speicheroptionen (144 Byte oder 504 Byte). Er unterst\u00fctzt vollst\u00e4ndige Lese-\/Schreibvorg\u00e4nge, 10 Jahre Datenspeicherung und bis zu 100.000 Programmierzyklen und gew\u00e4hrleistet so langfristige Zuverl\u00e4ssigkeit auch in anspruchsvollen Projekten.<\/p>\n<p data-start=\"879\" data-end=\"1222\">Der Tag zeichnet sich durch seine kompakte, runde Form mit 20 mm Durchmesser und eine f\u00fcr metallische Umgebungen optimierte Struktur aus: Eine ge\u00e4tzte Aluminiumantenne auf Tr\u00e4gerpapier ist mit einer wasserdichten PVC-Oberfl\u00e4che und einer Ferrit-Antimetallschicht versehen. Diese Konstruktion isoliert die NFC-Antenne effektiv von metallischen St\u00f6rungen und sorgt gleichzeitig f\u00fcr einen d\u00fcnnen und einfach zu integrierenden Tag.<\/p>\n<p data-start=\"1224\" data-end=\"1464\">Die selbstklebende R\u00fcckseite erm\u00f6glicht eine schnelle und einfache Anbringung \u2013 einfach abziehen und auf Metallschr\u00e4nke, Werkzeuge, Maschinen, T\u00fcren oder andere Metallgegenst\u00e4nde kleben. Jede Packung enth\u00e4lt 200 St\u00fcck und eignet sich daher ideal f\u00fcr mittlere und gro\u00dfe Projekte.<\/p>\n<p data-start=\"1466\" data-end=\"1745\">F\u00fcr Branding- und Integrationsanforderungen bietet der Tag umfangreiche Anpassungsm\u00f6glichkeiten: Sie k\u00f6nnen zwischen verschiedenen Chipmodellen, Antennendesigns, Materialien, Klebstoffoptionen sowie individuellem Druck und speziellen Veredelungen (wie Logos, Seriennummern, Barcodes, QR-Codes oder farbigen Grafiken) w\u00e4hlen.<\/p>\n<p data-start=\"1747\" data-end=\"1764\">RFID-Parameter<\/p>\n<ul data-start=\"1765\" data-end=\"2167\">\n<li data-start=\"1765\" data-end=\"1798\">\n<p data-start=\"1767\" data-end=\"1798\">Typ: Antimetallischer NFC-M\u00fcnzanh\u00e4nger<\/p>\n<\/li>\n<li data-start=\"1799\" data-end=\"1842\">\n<p data-start=\"1801\" data-end=\"1842\">Protokoll: ISO\/IEC 14443 A &amp; ISO 18000-3<\/p>\n<\/li>\n<li data-start=\"1843\" data-end=\"1883\">\n<p data-start=\"1845\" data-end=\"1883\">Frequenz: 13,56 MHz (globales HF-Band)<\/p>\n<\/li>\n<li data-start=\"1884\" data-end=\"1933\">\n<p data-start=\"1886\" data-end=\"1933\">Chipoptionen: NTAG\u00ae 213, NTAG\u00ae 215 und andere<\/p>\n<\/li>\n<li data-start=\"1934\" data-end=\"1992\">\n<p data-start=\"1936\" data-end=\"1992\">Speicher: 7-Byte-UID; Benutzerspeicher 144 Bytes oder 504 Bytes<\/p>\n<\/li>\n<li data-start=\"1993\" data-end=\"2018\">\n<p data-start=\"1995\" data-end=\"2018\">Lesen\/Schreiben: Unterst\u00fctzt<\/p>\n<\/li>\n<li data-start=\"2019\" data-end=\"2087\">\n<p data-start=\"2021\" data-end=\"2087\">Typischer Lesebereich: 1\u20135 cm (abh\u00e4ngig vom Leser und der Umgebung)<\/p>\n<\/li>\n<li data-start=\"2088\" data-end=\"2122\">\n<p data-start=\"2090\" data-end=\"2122\">Datenaufbewahrung: Bis zu 10 Jahre<\/p>\n<\/li>\n<li data-start=\"2123\" data-end=\"2167\">\n<p data-start=\"2125\" data-end=\"2167\">Programmierzyklen: Bis zu 100.000 Zyklen<\/p>\n<\/li>\n<\/ul>\n<p data-start=\"2169\" data-end=\"2190\">Physikalische Parameter<\/p>\n<ul data-start=\"2191\" data-end=\"2672\">\n<li data-start=\"2191\" data-end=\"2230\">\n<p data-start=\"2193\" data-end=\"2230\">Gr\u00f6\u00dfe: Runder M\u00fcnzanh\u00e4nger mit 20 mm Durchmesser<\/p>\n<\/li>\n<li data-start=\"2231\" data-end=\"2268\">\n<p data-start=\"2233\" data-end=\"2268\">Substratmaterial: Trennpapier<\/p>\n<\/li>\n<li data-start=\"2269\" data-end=\"2307\">\n<p data-start=\"2271\" data-end=\"2307\">Antennenmaterial: Aluminium\u00e4tzung<\/p>\n<\/li>\n<li data-start=\"2308\" data-end=\"2376\">\n<p data-start=\"2310\" data-end=\"2376\">Oberfl\u00e4chenmaterial: PVC, wasserdicht, mit metallabweisender Ferritschicht<\/p>\n<\/li>\n<li data-start=\"2377\" data-end=\"2433\">\n<p data-start=\"2379\" data-end=\"2433\">Kodierung: Unterst\u00fctzt (Vorkodierung oder Leerzeichen optional)<\/p>\n<\/li>\n<li data-start=\"2434\" data-end=\"2494\">\n<p data-start=\"2436\" data-end=\"2494\">Montage: Selbstklebend, geeignet f\u00fcr Metalloberfl\u00e4chen<\/p>\n<\/li>\n<li data-start=\"2495\" data-end=\"2534\">\n<p data-start=\"2497\" data-end=\"2534\">Betriebstemperatur: -25\u2103 bis +65\u2103<\/p>\n<\/li>\n<li data-start=\"2535\" data-end=\"2569\">\n<p data-start=\"2537\" data-end=\"2569\">Betriebsfeuchtigkeit: 20%\u201390% RH<\/p>\n<\/li>\n<li data-start=\"2570\" data-end=\"2596\">\n<p data-start=\"2572\" data-end=\"2596\">Verpackung: 200 St\u00fcck\/Karton<\/p>\n<\/li>\n<li data-start=\"2597\" data-end=\"2672\">\n<p data-start=\"2599\" data-end=\"2672\">Kundenspezifische Leistungen: Chip \/ Antenne \/ Material \/ Klebstoff \/ Druck \/ Fertigung<\/p>\n<\/li>\n<\/ul>\n<p data-start=\"2674\" data-end=\"2708\">Anwendungsbereiche und Marktvorteile<\/p>\n<ul data-start=\"2709\" data-end=\"4180\">\n<li data-start=\"2709\" data-end=\"2893\">\n<p data-start=\"2711\" data-end=\"2893\">Mobile Zahlungen &amp; kontaktlose Transaktionen:<br data-start=\"2754\" data-end=\"2757\" \/>Wird mit NFC-f\u00e4higen Ger\u00e4ten f\u00fcr schnelles, sicheres mobiles Bezahlen, digitale Geldb\u00f6rsen und bargeldloses Bezahlen an Metalltheken oder -terminals verwendet.<\/p>\n<\/li>\n<li data-start=\"2895\" data-end=\"3051\">\n<p data-start=\"2897\" data-end=\"3051\">E-Ticketing &amp; Zugang zur Veranstaltung:<br data-start=\"2924\" data-end=\"2927\" \/>Geeignet f\u00fcr Konzerte, Ausstellungen, Transportwesen und Zugangskontrolle an Veranstaltungsorten, erm\u00f6glicht schnelles Scannen und reibungsloses Einchecken.<\/p>\n<\/li>\n<li data-start=\"3053\" data-end=\"3229\">\n<p data-start=\"3055\" data-end=\"3229\">Produktauthentifizierung &amp; F\u00e4lschungsschutz:<br data-start=\"3100\" data-end=\"3103\" \/>Dient der \u00dcberpr\u00fcfung der Echtheit von Markenartikeln wie Elektronik, Luxusprodukten oder Arzneimitteln zum Schutz des Markenwerts.<\/p>\n<\/li>\n<li data-start=\"3231\" data-end=\"3396\">\n<p data-start=\"3233\" data-end=\"3396\">Anlagenverwaltung und Bestandsverfolgung:<br data-start=\"3271\" data-end=\"3274\" \/>Ideal zum Kennzeichnen von Werkzeugen, Ger\u00e4ten, Gestellen und Maschinen aus Metall, wodurch die Nachverfolgung, Z\u00e4hlung und Wartungsdokumentation vereinfacht wird.<\/p>\n<\/li>\n<li data-start=\"3398\" data-end=\"3556\">\n<p data-start=\"3400\" data-end=\"3556\">Wachrundgang-\/Patrouillensysteme:<br data-start=\"3428\" data-end=\"3431\" \/>Dient als Kontrollpunkt f\u00fcr Patrouillen an Metallw\u00e4nden, T\u00fcren oder Anlagen und erm\u00f6glicht es den Wachen, Patrouillenrouten genau abzutasten und zu protokollieren.<\/p>\n<\/li>\n<li data-start=\"3558\" data-end=\"3713\">\n<p data-start=\"3560\" data-end=\"3713\">Zutrittskontrolle &amp; intelligente T\u00fcrschl\u00f6sser:<br data-start=\"3589\" data-end=\"3592\" \/>Kompatibel mit NFC-Zugangssystemen an Metallt\u00fcren oder -rahmen in B\u00fcros, Fabriken, Lagerhallen und Wohngeb\u00e4uden.<\/p>\n<\/li>\n<li data-start=\"3715\" data-end=\"3840\">\n<p data-start=\"3717\" data-end=\"3840\">Anwesenheitsmanagement:<br data-start=\"3739\" data-end=\"3742\" \/>Unterst\u00fctzt die Anwesenheitskontrolle f\u00fcr Mitarbeiter, Studenten, Auftragnehmer oder Veranstaltungspersonal \u00fcber NFC-Ger\u00e4te.<\/p>\n<\/li>\n<li data-start=\"3842\" data-end=\"4007\">\n<p data-start=\"3844\" data-end=\"4007\">Intelligente Verpackungen und interaktives Marketing:<br data-start=\"3884\" data-end=\"3887\" \/>In Verpackungen oder Displays integriert, um beim Antippen mit Smartphones Webseiten, Werbeaktionen oder digitale Kampagnen zu starten.<\/p>\n<\/li>\n<li data-start=\"4009\" data-end=\"4180\">\n<p data-start=\"4011\" data-end=\"4180\">Wachsende Marktnachfrage:<br data-start=\"4033\" data-end=\"4036\" \/>Weit verbreitet in Smart Cities, Logistik, Einzelhandel, Sicherheit, industrieller Produktion, Personalmanagement und anderen IoT- und Hightech-Szenarien.<\/p>\n<\/li>\n<\/ul>\n<p data-start=\"4182\" data-end=\"4223\">Warum sollten Sie sich f\u00fcr unseren Anti-Metall-NFC-M\u00fcnzanh\u00e4nger entscheiden?<\/p>\n<ul data-start=\"4224\" data-end=\"4703\">\n<li data-start=\"4224\" data-end=\"4307\">\n<p data-start=\"4226\" data-end=\"4307\">Robuste, wasserdichte und metallbest\u00e4ndige Konstruktion f\u00fcr den Langzeiteinsatz auf Metalloberfl\u00e4chen<\/p>\n<\/li>\n<li data-start=\"4308\" data-end=\"4377\">\n<p data-start=\"4310\" data-end=\"4377\">Vollst\u00e4ndig kompatibel mit ISO 14443A NFC-Leseger\u00e4ten und 13,56-MHz-Ger\u00e4ten<\/p>\n<\/li>\n<li data-start=\"4378\" data-end=\"4493\">\n<p data-start=\"4380\" data-end=\"4493\">Flexible Anpassungsm\u00f6glichkeiten f\u00fcr Chip, Antenne, Material, Klebstoff, Druck und Verarbeitung, um Ihr Projekt oder Ihre Marke optimal zu erg\u00e4nzen.<\/p>\n<\/li>\n<li data-start=\"4494\" data-end=\"4574\">\n<p data-start=\"4496\" data-end=\"4574\">Lange Lebensdauer mit bis zu 100.000 Schreibzyklen und 10 Jahren Datenspeicherung<\/p>\n<\/li>\n<li data-start=\"4575\" data-end=\"4703\">\n<p data-start=\"4577\" data-end=\"4703\">Geeignet f\u00fcr Zahlungssysteme, Authentifizierung, Zutrittskontrolle, Zeiterfassung, \u00dcberwachungssysteme und weitere NFC-Anwendungen auf Metalloberfl\u00e4chen.<\/p>\n<\/li>\n<\/ul>","protected":false},"excerpt":{"rendered":"<p data-start=\"4736\" data-end=\"5000\">Robuster NFC-M\u00fcnzanh\u00e4nger f\u00fcr Metalloberfl\u00e4chen, kompatibel mit 13,56-MHz-Leseger\u00e4ten nach ISO\/IEC 14443A. Wasserdichte PVC-Konstruktion mit Ferritstruktur, NTAG213\/NTAG215-Chips und selbstklebender R\u00fcckseite. Ideal f\u00fcr Zahlungen, E-Ticketing, Authentifizierung, Zutrittskontrolle, Zeiterfassung und \u00dcberwachung auf Metalloberfl\u00e4chen.<\/p>\n<p data-start=\"5002\" data-end=\"5014\">Wichtigste Spezifikationen:<\/p>\n<ul data-start=\"5015\" data-end=\"5358\">\n<li data-start=\"5015\" data-end=\"5041\">\n<p data-start=\"5017\" data-end=\"5041\">Frequenz: 13,56 MHz HF<\/p>\n<\/li>\n<li data-start=\"5042\" data-end=\"5081\">\n<p data-start=\"5044\" data-end=\"5081\">Protokoll: ISO\/IEC 14443 A &amp; 18000-3<\/p>\n<\/li>\n<li data-start=\"5082\" data-end=\"5125\">\n<p data-start=\"5084\" data-end=\"5125\">Chip: NTAG\u00ae 213 \/ NTAG\u00ae 215, 7-Byte-UID<\/p>\n<\/li>\n<li data-start=\"5126\" data-end=\"5165\">\n<p data-start=\"5128\" data-end=\"5165\">Benutzerspeicher: 144 Bytes oder 504 Bytes<\/p>\n<\/li>\n<li data-start=\"5166\" data-end=\"5206\">\n<p data-start=\"5168\" data-end=\"5206\">Gr\u00f6\u00dfe: \u00d820 mm M\u00fcnzanh\u00e4nger, selbstklebend<\/p>\n<\/li>\n<li data-start=\"5207\" data-end=\"5292\">\n<p data-start=\"5209\" data-end=\"5292\">Aufbau: Aluminiumantenne + Trennpapier + wasserdichtes PVC + Antimetallferrit<\/p>\n<\/li>\n<li data-start=\"5293\" data-end=\"5358\">\n<p data-start=\"5295\" data-end=\"5358\">Langlebigkeit: 10 Jahre Datenspeicherung, 100.000 Programmierzyklen<\/p>\n<\/li>\n<\/ul>","protected":false},"featured_media":1166,"template":"","meta":{"_gspb_post_css":""},"product_brand":[],"product_cat":[29],"product_tag":[],"class_list":{"0":"post-1162","1":"product","2":"type-product","3":"status-publish","4":"has-post-thumbnail","6":"product_cat-nfc-tags","8":"first","9":"instock","10":"shipping-taxable","11":"purchasable","12":"product-type-simple"},"_links":{"self":[{"href":"https:\/\/www.cxjsmartcard.com\/de\/wp-json\/wp\/v2\/product\/1162","targetHints":{"allow":["GET"]}}],"collection":[{"href":"https:\/\/www.cxjsmartcard.com\/de\/wp-json\/wp\/v2\/product"}],"about":[{"href":"https:\/\/www.cxjsmartcard.com\/de\/wp-json\/wp\/v2\/types\/product"}],"wp:featuredmedia":[{"embeddable":true,"href":"https:\/\/www.cxjsmartcard.com\/de\/wp-json\/wp\/v2\/media\/1166"}],"wp:attachment":[{"href":"https:\/\/www.cxjsmartcard.com\/de\/wp-json\/wp\/v2\/media?parent=1162"}],"wp:term":[{"taxonomy":"product_brand","embeddable":true,"href":"https:\/\/www.cxjsmartcard.com\/de\/wp-json\/wp\/v2\/product_brand?post=1162"},{"taxonomy":"product_cat","embeddable":true,"href":"https:\/\/www.cxjsmartcard.com\/de\/wp-json\/wp\/v2\/product_cat?post=1162"},{"taxonomy":"product_tag","embeddable":true,"href":"https:\/\/www.cxjsmartcard.com\/de\/wp-json\/wp\/v2\/product_tag?post=1162"}],"curies":[{"name":"wp","href":"https:\/\/api.w.org\/{rel}","templated":true}]}}