{"id":995,"date":"2025-11-03T09:46:30","date_gmt":"2025-11-03T09:46:30","guid":{"rendered":"https:\/\/www.cxjsmartcard.com\/?post_type=product&#038;p=995"},"modified":"2025-12-29T01:27:06","modified_gmt":"2025-12-29T01:27:06","slug":"uhf-rfid-keychain-key-fob","status":"publish","type":"product","link":"https:\/\/www.cxjsmartcard.com\/da\/uhf-rfid-keychain-key-fob\/","title":{"rendered":"UHF RFID n\u00f8glering n\u00f8glering"},"content":{"rendered":"<p data-start=\"37\" data-end=\"311\">ABS UHF RFID n\u00f8gleringsbrik til sporing af aktiver, adgangskontrol og logistik. Fungerer p\u00e5 860-960 MHz (EPC Gen2), underst\u00f8tter batch-afl\u00e6sning af flere tags og er let, holdbar og kan tilpasses til individuel eller virksomhedsbrug.<\/p>\n<p data-start=\"313\" data-end=\"331\"><strong data-start=\"313\" data-end=\"329\">N\u00f8glefunktioner<\/strong><\/p>\n<ul data-start=\"332\" data-end=\"806\">\n<li data-start=\"332\" data-end=\"389\">\n<p data-start=\"334\" data-end=\"389\">ABS-skal; slagfast\/korrosionsbestandig; \u221220 \u2103 til +70 \u2103<\/p>\n<\/li>\n<li data-start=\"390\" data-end=\"460\">\n<p data-start=\"392\" data-end=\"460\">UHF 860\u2013960 MHz; EPC C1G2\/ISO 18000-6C; 96\u2013512-bit EPC\/brugerhukommelse<\/p>\n<\/li>\n<li data-start=\"461\" data-end=\"517\">\n<p data-start=\"463\" data-end=\"517\">L\u00e6seafstand: 3\u201310 m (afh\u00e6ngig af l\u00e6ser\/milj\u00f8)<\/p>\n<\/li>\n<li data-start=\"518\" data-end=\"575\">\n<p data-start=\"520\" data-end=\"575\">Multi-tag-identifikation for h\u00f8jeffektiv scanning<\/p>\n<\/li>\n<li data-start=\"576\" data-end=\"643\">\n<p data-start=\"578\" data-end=\"643\">Kompakt: typisk 50 \u00d7 30 \u00d7 5 mm; 10\u201320 g; hul til n\u00f8glering\/snor<\/p>\n<\/li>\n<li data-start=\"644\" data-end=\"701\">\n<p data-start=\"646\" data-end=\"701\">Valgfri IP65\/IP67-beskyttelse; levetid &gt;10 \u00e5r<\/p>\n<\/li>\n<li data-start=\"702\" data-end=\"749\">\n<p data-start=\"704\" data-end=\"749\">Chip-muligheder: NXP UCODE 8\/9, Alien H3\/H4\/H9<\/p>\n<\/li>\n<li data-start=\"750\" data-end=\"806\">\n<p data-start=\"752\" data-end=\"806\">Valgfri HF-variant (13,56 MHz, ISO 14443A) p\u00e5 foresp\u00f8rgsel<\/p>\n<\/li>\n<\/ul>\n<p data-start=\"808\" data-end=\"984\"><strong data-start=\"808\" data-end=\"824\">Applikationer<\/strong><br data-start=\"824\" data-end=\"827\" \/>Administration af virksomhedsaktiver \u2022 Smart adgangskontrol og login \u2022 Lager og logistik \u2022 Sporbarhed\/antiforfalskning i detailhandlen \u2022 M\u00e6rkning af k\u00e6ledyr\/v\u00e6rdifulde genstande.<\/p>\n<p data-start=\"986\" data-end=\"1175\"><strong data-start=\"986\" data-end=\"1016\">Relevante kundegrupper<\/strong><br data-start=\"1016\" data-end=\"1019\" \/>Logistik og forsyningsk\u00e6de \u2022 Produktion og lagerdrift \u2022 Intelligente bygninger\/ejendomsadministration \u2022 Detailhandelsm\u00e6rker\/antiforfalskningstjenester \u2022 Individuelle brugere.<\/p>\n<h2 data-start=\"1177\" data-end=\"1202\">Tabel (Specifikationer)<\/h2>\n<div class=\"_tableContainer_1rjym_1\">\n<div class=\"group _tableWrapper_1rjym_13 flex w-fit flex-col-reverse\" tabindex=\"-1\">\n<table class=\"w-fit min-w-(--thread-content-width)\" data-start=\"1204\" data-end=\"3123\">\n<thead data-start=\"1204\" data-end=\"1305\">\n<tr data-start=\"1204\" data-end=\"1305\">\n<th data-start=\"1204\" data-end=\"1225\" data-col-size=\"sm\">Kategori<\/th>\n<th data-start=\"1225\" data-end=\"1253\" data-col-size=\"sm\">Parameter<\/th>\n<th data-start=\"1253\" data-end=\"1305\" data-col-size=\"md\">V\u00e6rdi<\/th>\n<\/tr>\n<\/thead>\n<tbody data-start=\"1407\" data-end=\"3123\">\n<tr data-start=\"1407\" data-end=\"1507\">\n<td data-start=\"1407\" data-end=\"1427\" data-col-size=\"sm\">Produkt<\/td>\n<td data-col-size=\"sm\" data-start=\"1427\" data-end=\"1455\">Navn<\/td>\n<td data-col-size=\"md\" data-start=\"1455\" data-end=\"1507\">ABS UHF RFID-n\u00f8glefjerner<\/td>\n<\/tr>\n<tr data-start=\"1508\" data-end=\"1608\">\n<td data-start=\"1508\" data-end=\"1528\" data-col-size=\"sm\">Dimensioner<\/td>\n<td data-col-size=\"sm\" data-start=\"1528\" data-end=\"1556\">St\u00f8rrelse \/ V\u00e6gt<\/td>\n<td data-col-size=\"md\" data-start=\"1556\" data-end=\"1608\">50 \u00d7 30 \u00d7 5 mm (typ.); 10-20 g<\/td>\n<\/tr>\n<tr data-start=\"1609\" data-end=\"1709\">\n<td data-start=\"1609\" data-end=\"1629\" data-col-size=\"sm\">Materialer<\/td>\n<td data-start=\"1629\" data-end=\"1657\" data-col-size=\"sm\">Boliger<\/td>\n<td data-col-size=\"md\" data-start=\"1657\" data-end=\"1709\">ABS (teknisk plast)<\/td>\n<\/tr>\n<tr data-start=\"1710\" data-end=\"1810\">\n<td data-start=\"1710\" data-end=\"1730\" data-col-size=\"sm\">RF (UHF)<\/td>\n<td data-col-size=\"sm\" data-start=\"1730\" data-end=\"1758\">Frekvens \/ Protokol<\/td>\n<td data-col-size=\"md\" data-start=\"1758\" data-end=\"1810\">860\u2013960 MHz; ISO 18000-6C \/ EPC C1G2<\/td>\n<\/tr>\n<tr data-start=\"1811\" data-end=\"1911\">\n<td data-start=\"1811\" data-end=\"1831\" data-col-size=\"sm\">Hukommelse<\/td>\n<td data-col-size=\"sm\" data-start=\"1831\" data-end=\"1859\">EPC\/Bruger<\/td>\n<td data-col-size=\"md\" data-start=\"1859\" data-end=\"1911\">96\u2013512 bit (konfigurerbar)<\/td>\n<\/tr>\n<tr data-start=\"1912\" data-end=\"2012\">\n<td data-start=\"1912\" data-end=\"1932\" data-col-size=\"sm\">Pr\u00e6station<\/td>\n<td data-start=\"1932\" data-end=\"1960\" data-col-size=\"sm\">L\u00e6seomr\u00e5de<\/td>\n<td data-start=\"1960\" data-end=\"2012\" data-col-size=\"md\">3\u201310 m (afh\u00e6ngig af l\u00e6ser\/milj\u00f8)<\/td>\n<\/tr>\n<tr data-start=\"2013\" data-end=\"2113\">\n<td data-start=\"2013\" data-end=\"2033\" data-col-size=\"sm\">Genneml\u00f8b<\/td>\n<td data-start=\"2033\" data-end=\"2061\" data-col-size=\"sm\">Multil\u00e6sning<\/td>\n<td data-col-size=\"md\" data-start=\"2061\" data-end=\"2113\">Batchl\u00e6sning af hundredvis af tags\/sekund<\/td>\n<\/tr>\n<tr data-start=\"2114\" data-end=\"2214\">\n<td data-start=\"2114\" data-end=\"2134\" data-col-size=\"sm\">Milj\u00f8<\/td>\n<td data-start=\"2134\" data-end=\"2162\" data-col-size=\"sm\">Driftstemperatur<\/td>\n<td data-start=\"2162\" data-end=\"2214\" data-col-size=\"md\">\u221220 \u2103 til +70 \u2103<\/td>\n<\/tr>\n<tr data-start=\"2215\" data-end=\"2315\">\n<td data-start=\"2215\" data-end=\"2235\" data-col-size=\"sm\">Beskyttelse<\/td>\n<td data-start=\"2235\" data-end=\"2263\" data-col-size=\"sm\">Indtr\u00e6ngningsklassificering<\/td>\n<td data-start=\"2263\" data-end=\"2315\" data-col-size=\"md\">IP65 \/ IP67 (valgfrit)<\/td>\n<\/tr>\n<tr data-start=\"2316\" data-end=\"2416\">\n<td data-start=\"2316\" data-end=\"2336\" data-col-size=\"sm\">Lang levetid<\/td>\n<td data-start=\"2336\" data-end=\"2364\" data-col-size=\"sm\">Levetid<\/td>\n<td data-col-size=\"md\" data-start=\"2364\" data-end=\"2416\">&gt;10 \u00e5r (normalt milj\u00f8)<\/td>\n<\/tr>\n<tr data-start=\"2417\" data-end=\"2517\">\n<td data-start=\"2417\" data-end=\"2437\" data-col-size=\"sm\">Personalisering<\/td>\n<td data-col-size=\"sm\" data-start=\"2437\" data-end=\"2465\">Farve\/finish<\/td>\n<td data-col-size=\"md\" data-start=\"2465\" data-end=\"2517\">Tilpassede farver; logo\/ID\/QR\/stregkodeudskrivning<\/td>\n<\/tr>\n<tr data-start=\"2518\" data-end=\"2618\">\n<td data-start=\"2518\" data-end=\"2538\" data-col-size=\"sm\">IC-muligheder<\/td>\n<td data-start=\"2538\" data-end=\"2566\" data-col-size=\"sm\">Chips<\/td>\n<td data-col-size=\"md\" data-start=\"2566\" data-end=\"2618\">UCODE 8\/9; Alien H3\/H4\/H9<\/td>\n<\/tr>\n<tr data-start=\"2619\" data-end=\"2719\">\n<td data-start=\"2619\" data-end=\"2639\" data-col-size=\"sm\">Variant (HF)<\/td>\n<td data-start=\"2639\" data-end=\"2667\" data-col-size=\"sm\">Valgfri<\/td>\n<td data-start=\"2667\" data-end=\"2719\" data-col-size=\"md\">13,56 MHz; ISO 14443A (p\u00e5 foresp\u00f8rgsel)<\/td>\n<\/tr>\n<tr data-start=\"2720\" data-end=\"2820\">\n<td data-start=\"2720\" data-end=\"2740\" data-col-size=\"sm\">Brugsscenarier<\/td>\n<td data-col-size=\"sm\" data-start=\"2740\" data-end=\"2768\">Applikationer<\/td>\n<td data-col-size=\"md\" data-start=\"2768\" data-end=\"2820\">Adgang, aktiver, logistik, detailhandel, k\u00e6ledyr\/genstande<\/td>\n<\/tr>\n<tr data-start=\"2821\" data-end=\"2921\">\n<td data-start=\"2821\" data-end=\"2841\" data-col-size=\"sm\">MOQ<\/td>\n<td data-col-size=\"sm\" data-start=\"2841\" data-end=\"2869\">Minimumsbestilling<\/td>\n<td data-col-size=\"md\" data-start=\"2869\" data-end=\"2921\">200 stk.<\/td>\n<\/tr>\n<tr data-start=\"2922\" data-end=\"3022\">\n<td data-start=\"2922\" data-end=\"2942\" data-col-size=\"sm\">S\u00e6rlige funktioner<\/td>\n<td data-col-size=\"sm\" data-start=\"2942\" data-end=\"2970\">Attributter<\/td>\n<td data-col-size=\"md\" data-start=\"2970\" data-end=\"3022\">Vandt\u00e6t\/vejrbestandig; mini-tag<\/td>\n<\/tr>\n<tr data-start=\"3023\" data-end=\"3123\">\n<td data-start=\"3023\" data-end=\"3043\" data-col-size=\"sm\">Oprindelse<\/td>\n<td data-col-size=\"sm\" data-start=\"3043\" data-end=\"3071\">Oprindelsessted<\/td>\n<td data-col-size=\"md\" data-start=\"3071\" data-end=\"3123\">Guangdong, Kina<\/td>\n<\/tr>\n<\/tbody>\n<\/table>\n<\/div>\n<\/div>","protected":false},"excerpt":{"rendered":"<p>ABS UHF RFID-n\u00f8glebrik til aktiver og adgang \u2013 860\u2013960 MHz EPC Gen2, 3\u201310 m afl\u00e6sning, multi-tag ID, kompakt 50\u00d730\u00d75 mm design, brugerdefinerbare farver\/tryk og valgfri IP65\/67.<\/p>","protected":false},"featured_media":998,"template":"","meta":{"_gspb_post_css":""},"product_brand":[],"product_cat":[30],"product_tag":[],"class_list":{"0":"post-995","1":"product","2":"type-product","3":"status-publish","4":"has-post-thumbnail","6":"product_cat-rfid-keyfobs","8":"first","9":"instock","10":"shipping-taxable","11":"purchasable","12":"product-type-simple"},"_links":{"self":[{"href":"https:\/\/www.cxjsmartcard.com\/da\/wp-json\/wp\/v2\/product\/995","targetHints":{"allow":["GET"]}}],"collection":[{"href":"https:\/\/www.cxjsmartcard.com\/da\/wp-json\/wp\/v2\/product"}],"about":[{"href":"https:\/\/www.cxjsmartcard.com\/da\/wp-json\/wp\/v2\/types\/product"}],"wp:featuredmedia":[{"embeddable":true,"href":"https:\/\/www.cxjsmartcard.com\/da\/wp-json\/wp\/v2\/media\/998"}],"wp:attachment":[{"href":"https:\/\/www.cxjsmartcard.com\/da\/wp-json\/wp\/v2\/media?parent=995"}],"wp:term":[{"taxonomy":"product_brand","embeddable":true,"href":"https:\/\/www.cxjsmartcard.com\/da\/wp-json\/wp\/v2\/product_brand?post=995"},{"taxonomy":"product_cat","embeddable":true,"href":"https:\/\/www.cxjsmartcard.com\/da\/wp-json\/wp\/v2\/product_cat?post=995"},{"taxonomy":"product_tag","embeddable":true,"href":"https:\/\/www.cxjsmartcard.com\/da\/wp-json\/wp\/v2\/product_tag?post=995"}],"curies":[{"name":"wp","href":"https:\/\/api.w.org\/{rel}","templated":true}]}}