{"id":990,"date":"2025-11-03T09:44:33","date_gmt":"2025-11-03T09:44:33","guid":{"rendered":"https:\/\/www.cxjsmartcard.com\/?post_type=product&#038;p=990"},"modified":"2025-12-29T01:27:06","modified_gmt":"2025-12-29T01:27:06","slug":"rfid-keychain-waterproof-key-fob-tag","status":"publish","type":"product","link":"https:\/\/www.cxjsmartcard.com\/da\/rfid-keychain-waterproof-key-fob-tag\/","title":{"rendered":"RFID n\u00f8glering vandt\u00e6t n\u00f8glering"},"content":{"rendered":"<p data-start=\"48\" data-end=\"312\">Holdbar RFID\/NFC-n\u00f8glering til daglig adgang og identifikation. Huse i PVC\/ABS\/epoxy er vandt\u00e6tte og underst\u00f8tter brugerdefineret tryk og serienumre. F\u00e5s p\u00e5 tv\u00e6rs af LF, HF og UHF, s\u00e5 de passer til nye eller \u00e6ldre systemer.<\/p>\n<p data-start=\"314\" data-end=\"328\"><strong data-start=\"314\" data-end=\"326\">Funktioner<\/strong><\/p>\n<ul data-start=\"329\" data-end=\"596\">\n<li data-start=\"329\" data-end=\"359\">\n<p data-start=\"331\" data-end=\"359\">Materialer: PVC, ABS, epoxy<\/p>\n<\/li>\n<li data-start=\"360\" data-end=\"410\">\n<p data-start=\"362\" data-end=\"410\">Frekvenser: 125 kHz \u2022 13,56 MHz \u2022 860\u2013960 MHz<\/p>\n<\/li>\n<li data-start=\"411\" data-end=\"447\">\n<p data-start=\"413\" data-end=\"447\">Tryk: logo og serienummer<\/p>\n<\/li>\n<li data-start=\"448\" data-end=\"552\">\n<p data-start=\"450\" data-end=\"552\">Chipmuligheder: RFID 1K (MIFARE 1K), NTAG213\/215, H9, NXP UCODE 9, TK4100, EM4305, EM4200, T5577 osv.<\/p>\n<\/li>\n<li data-start=\"553\" data-end=\"596\">\n<p data-start=\"555\" data-end=\"596\">Farver: sort, hvid, gr\u00f8n, bl\u00e5, andre<\/p>\n<\/li>\n<\/ul>\n<p data-start=\"598\" data-end=\"769\"><strong data-start=\"598\" data-end=\"614\">Applikationer<\/strong><br data-start=\"614\" data-end=\"617\" \/>Adgangskontrol, fremm\u00f8de, ID, logistik, industriel automation, billetter, medlemskab, offentlig transport, kontantl\u00f8s betaling, sv\u00f8mmebassiner, vaskeri.<\/p>\n<p data-start=\"771\" data-end=\"803\"><strong data-start=\"771\" data-end=\"801\">Noter (almindelige implementeringer)<\/strong><\/p>\n<ul data-start=\"804\" data-end=\"1010\">\n<li data-start=\"804\" data-end=\"911\">\n<p data-start=\"806\" data-end=\"911\"><strong data-start=\"806\" data-end=\"820\">125 kHz LF<\/strong>porte til faciliteter, elevatorer, bygningsindgang \u2013 chips s\u00e5som ATA5577, TK4100, EM4200, EM4305.<\/p>\n<\/li>\n<li data-start=\"912\" data-end=\"1010\">\n<p data-start=\"914\" data-end=\"1010\"><strong data-start=\"914\" data-end=\"943\">13,56 MHz HF (ISO 14443A)<\/strong>Individuelle lejligheds-\/d\u00f8rl\u00e5se \u2013 chips s\u00e5som MIFARE 1K, NTAG213.<\/p>\n<\/li>\n<\/ul>\n<h2 data-start=\"1012\" data-end=\"1037\">Tabel (Specifikationer)<\/h2>\n<div class=\"_tableContainer_1rjym_1\">\n<div class=\"group _tableWrapper_1rjym_13 flex w-fit flex-col-reverse\" tabindex=\"-1\">\n<table class=\"w-fit min-w-(--thread-content-width)\" data-start=\"1039\" data-end=\"2203\">\n<thead data-start=\"1039\" data-end=\"1135\">\n<tr data-start=\"1039\" data-end=\"1135\">\n<th data-start=\"1039\" data-end=\"1057\" data-col-size=\"sm\">Kategori<\/th>\n<th data-start=\"1057\" data-end=\"1077\" data-col-size=\"sm\">Parameter<\/th>\n<th data-start=\"1077\" data-end=\"1135\" data-col-size=\"lg\">V\u00e6rdi<\/th>\n<\/tr>\n<\/thead>\n<tbody data-start=\"1233\" data-end=\"2203\">\n<tr data-start=\"1233\" data-end=\"1329\">\n<td data-start=\"1233\" data-end=\"1251\" data-col-size=\"sm\">Produkt<\/td>\n<td data-col-size=\"sm\" data-start=\"1251\" data-end=\"1271\">Type<\/td>\n<td data-col-size=\"lg\" data-start=\"1271\" data-end=\"1329\">Vandt\u00e6t RFID-n\u00f8glering<\/td>\n<\/tr>\n<tr data-start=\"1330\" data-end=\"1426\">\n<td data-start=\"1330\" data-end=\"1348\" data-col-size=\"sm\">Materialer<\/td>\n<td data-start=\"1348\" data-end=\"1368\" data-col-size=\"sm\">Boliger<\/td>\n<td data-col-size=\"lg\" data-start=\"1368\" data-end=\"1426\">PVC, ABS, epoxy<\/td>\n<\/tr>\n<tr data-start=\"1427\" data-end=\"1523\">\n<td data-start=\"1427\" data-end=\"1445\" data-col-size=\"sm\">RF-b\u00e5nd<\/td>\n<td data-start=\"1445\" data-end=\"1465\" data-col-size=\"sm\">Frekvens<\/td>\n<td data-start=\"1465\" data-end=\"1523\" data-col-size=\"lg\">125 kHz; 13,56 MHz; 860\u2013960 MHz<\/td>\n<\/tr>\n<tr data-start=\"1524\" data-end=\"1620\">\n<td data-start=\"1524\" data-end=\"1542\" data-col-size=\"sm\">Personalisering<\/td>\n<td data-start=\"1542\" data-end=\"1562\" data-col-size=\"sm\">Trykning<\/td>\n<td data-start=\"1562\" data-end=\"1620\" data-col-size=\"lg\">Logotryk; serienumre<\/td>\n<\/tr>\n<tr data-start=\"1621\" data-end=\"1739\">\n<td data-start=\"1621\" data-end=\"1639\" data-col-size=\"sm\">IC-muligheder<\/td>\n<td data-start=\"1639\" data-end=\"1659\" data-col-size=\"sm\">Chips<\/td>\n<td data-col-size=\"lg\" data-start=\"1659\" data-end=\"1739\">RFID 1K; NTAG213\/215; H9; NXP UCODE 9; TK4100; EM4305; EM4200; T5577; andre<\/td>\n<\/tr>\n<tr data-start=\"1740\" data-end=\"1836\">\n<td data-start=\"1740\" data-end=\"1758\" data-col-size=\"sm\">Farver<\/td>\n<td data-col-size=\"sm\" data-start=\"1758\" data-end=\"1778\">Varianter<\/td>\n<td data-col-size=\"lg\" data-start=\"1778\" data-end=\"1836\">Sort, hvid, gr\u00f8n, bl\u00e5 osv.<\/td>\n<\/tr>\n<tr data-start=\"1837\" data-end=\"2009\">\n<td data-start=\"1837\" data-end=\"1855\" data-col-size=\"sm\">Applikationer<\/td>\n<td data-col-size=\"sm\" data-start=\"1855\" data-end=\"1875\">Brugsscenarier<\/td>\n<td data-col-size=\"lg\" data-start=\"1875\" data-end=\"2009\">Adgangskontrol; fremm\u00f8de; ID; logistik; industriel automation; billetter; medlemskab; offentlig transport; e-betaling; pools; vaskeri<\/td>\n<\/tr>\n<tr data-start=\"2010\" data-end=\"2106\">\n<td data-start=\"2010\" data-end=\"2028\" data-col-size=\"sm\">Vejledning<\/td>\n<td data-col-size=\"sm\" data-start=\"2028\" data-end=\"2048\">Typisk LF-brug<\/td>\n<td data-col-size=\"lg\" data-start=\"2048\" data-end=\"2106\">Faciliteter (porte, elevatorer, bygninger)<\/td>\n<\/tr>\n<tr data-start=\"2107\" data-end=\"2203\">\n<td data-start=\"2107\" data-end=\"2125\" data-col-size=\"sm\">Vejledning<\/td>\n<td data-start=\"2125\" data-end=\"2145\" data-col-size=\"sm\">Typisk HF-brug<\/td>\n<td data-col-size=\"lg\" data-start=\"2145\" data-end=\"2203\">D\u00f8rl\u00e5se til lejligheder\/v\u00e6relser (ISO 14443A)<\/td>\n<\/tr>\n<\/tbody>\n<\/table>\n<\/div>\n<\/div>","protected":false},"excerpt":{"rendered":"<p>Vandt\u00e6t RFID\/NFC-n\u00f8glering i PVC\/ABS\/epoxy med specialtryk. Underst\u00f8tter LF 125 kHz, HF 13,56 MHz og UHF 860-960 MHz med brede chipmuligheder til adgang og ID.<\/p>","protected":false},"featured_media":993,"template":"","meta":{"_gspb_post_css":""},"product_brand":[],"product_cat":[30],"product_tag":[],"class_list":{"0":"post-990","1":"product","2":"type-product","3":"status-publish","4":"has-post-thumbnail","6":"product_cat-rfid-keyfobs","8":"first","9":"instock","10":"shipping-taxable","11":"purchasable","12":"product-type-simple"},"_links":{"self":[{"href":"https:\/\/www.cxjsmartcard.com\/da\/wp-json\/wp\/v2\/product\/990","targetHints":{"allow":["GET"]}}],"collection":[{"href":"https:\/\/www.cxjsmartcard.com\/da\/wp-json\/wp\/v2\/product"}],"about":[{"href":"https:\/\/www.cxjsmartcard.com\/da\/wp-json\/wp\/v2\/types\/product"}],"wp:featuredmedia":[{"embeddable":true,"href":"https:\/\/www.cxjsmartcard.com\/da\/wp-json\/wp\/v2\/media\/993"}],"wp:attachment":[{"href":"https:\/\/www.cxjsmartcard.com\/da\/wp-json\/wp\/v2\/media?parent=990"}],"wp:term":[{"taxonomy":"product_brand","embeddable":true,"href":"https:\/\/www.cxjsmartcard.com\/da\/wp-json\/wp\/v2\/product_brand?post=990"},{"taxonomy":"product_cat","embeddable":true,"href":"https:\/\/www.cxjsmartcard.com\/da\/wp-json\/wp\/v2\/product_cat?post=990"},{"taxonomy":"product_tag","embeddable":true,"href":"https:\/\/www.cxjsmartcard.com\/da\/wp-json\/wp\/v2\/product_tag?post=990"}],"curies":[{"name":"wp","href":"https:\/\/api.w.org\/{rel}","templated":true}]}}