{"id":985,"date":"2025-11-03T09:43:06","date_gmt":"2025-11-03T09:43:06","guid":{"rendered":"https:\/\/www.cxjsmartcard.com\/?post_type=product&#038;p=985"},"modified":"2025-12-29T01:27:06","modified_gmt":"2025-12-29T01:27:06","slug":"ntag213-nfc-keychain-key-fob","status":"publish","type":"product","link":"https:\/\/www.cxjsmartcard.com\/da\/ntag213-nfc-keychain-key-fob\/","title":{"rendered":"NTAG213 NFC N\u00f8glering N\u00f8glering"},"content":{"rendered":"<p data-start=\"40\" data-end=\"315\">Holdbar NFC-n\u00f8glefjerner med NXP NTAG213 til daglig adgang og hurtige tryk med smartphones. Det vandt\u00e6tte ABS-kabinet inkluderer en metaldelt ring og underst\u00f8tter brugerdefineret udskrivning, stregkoder\/QR og datakodning for nem udrulning i adgangskontrol og brug p\u00e5 sociale medier.<\/p>\n<p data-start=\"317\" data-end=\"335\"><strong data-start=\"317\" data-end=\"333\">N\u00f8glefunktioner<\/strong><\/p>\n<ul data-start=\"336\" data-end=\"625\">\n<li data-start=\"336\" data-end=\"374\">\n<p data-start=\"338\" data-end=\"374\">HF 13,56 MHz, ISO\/IEC 14443A (NFC)<\/p>\n<\/li>\n<li data-start=\"375\" data-end=\"422\">\n<p data-start=\"377\" data-end=\"422\">144 byte brugerhukommelse; \u2265100.000 skrivecyklusser<\/p>\n<\/li>\n<li data-start=\"423\" data-end=\"480\">\n<p data-start=\"425\" data-end=\"480\">Typisk l\u00e6seafstand: 2-3 cm (afh\u00e6ngigt af enhed\/antenne)<\/p>\n<\/li>\n<li data-start=\"481\" data-end=\"521\">\n<p data-start=\"483\" data-end=\"521\">ABS\/plastikhus; flere farver<\/p>\n<\/li>\n<li data-start=\"522\" data-end=\"584\">\n<p data-start=\"524\" data-end=\"584\">Ensfarvet eller flerfarvet tryk; stregkode\/QR; datakodning<\/p>\n<\/li>\n<li data-start=\"585\" data-end=\"625\">\n<p data-start=\"587\" data-end=\"625\">Standardst\u00f8rrelse 41 \u00d7 32 mm; kan tilpasses<\/p>\n<\/li>\n<\/ul>\n<p data-start=\"627\" data-end=\"761\"><strong data-start=\"627\" data-end=\"643\">Applikationer<\/strong><br data-start=\"643\" data-end=\"646\" \/>Adgangskontrol og d\u00f8rl\u00e5se \u2022 Sociale medier og smarte links \u2022 Check-in til events \u2022 Daglig ID og medlemskabsm\u00e6rkning.<\/p>\n<h2 data-start=\"763\" data-end=\"788\">Tabel (Specifikationer)<\/h2>\n<div class=\"_tableContainer_1rjym_1\">\n<div class=\"group _tableWrapper_1rjym_13 flex w-fit flex-col-reverse\" tabindex=\"-1\">\n<table class=\"w-fit min-w-(--thread-content-width)\" data-start=\"790\" data-end=\"2082\">\n<thead data-start=\"790\" data-end=\"873\">\n<tr data-start=\"790\" data-end=\"873\">\n<th data-start=\"790\" data-end=\"808\" data-col-size=\"sm\">Kategori<\/th>\n<th data-start=\"808\" data-end=\"830\" data-col-size=\"sm\">Parameter<\/th>\n<th data-start=\"830\" data-end=\"873\" data-col-size=\"md\">V\u00e6rdi<\/th>\n<\/tr>\n<\/thead>\n<tbody data-start=\"958\" data-end=\"2082\">\n<tr data-start=\"958\" data-end=\"1041\">\n<td data-start=\"958\" data-end=\"976\" data-col-size=\"sm\">Produkt<\/td>\n<td data-start=\"976\" data-end=\"998\" data-col-size=\"sm\">Navn<\/td>\n<td data-col-size=\"md\" data-start=\"998\" data-end=\"1041\">NTAG213 NFC N\u00f8glering N\u00f8glering<\/td>\n<\/tr>\n<tr data-start=\"1042\" data-end=\"1125\">\n<td data-start=\"1042\" data-end=\"1060\" data-col-size=\"sm\">RF<\/td>\n<td data-start=\"1060\" data-end=\"1082\" data-col-size=\"sm\">Frekvens<\/td>\n<td data-start=\"1082\" data-end=\"1125\" data-col-size=\"md\">13,56 MHz (HF)<\/td>\n<\/tr>\n<tr data-start=\"1126\" data-end=\"1209\">\n<td data-start=\"1126\" data-end=\"1144\" data-col-size=\"sm\"><\/td>\n<td data-col-size=\"sm\" data-start=\"1144\" data-end=\"1166\">Protokol<\/td>\n<td data-col-size=\"md\" data-start=\"1166\" data-end=\"1209\">ISO\/IEC 14443A<\/td>\n<\/tr>\n<tr data-start=\"1210\" data-end=\"1293\">\n<td data-start=\"1210\" data-end=\"1228\" data-col-size=\"sm\">Hukommelse<\/td>\n<td data-start=\"1228\" data-end=\"1250\" data-col-size=\"sm\">Brugerkapacitet<\/td>\n<td data-start=\"1250\" data-end=\"1293\" data-col-size=\"md\">144 byte<\/td>\n<\/tr>\n<tr data-start=\"1294\" data-end=\"1377\">\n<td data-start=\"1294\" data-end=\"1312\" data-col-size=\"sm\">Udholdenhed<\/td>\n<td data-start=\"1312\" data-end=\"1334\" data-col-size=\"sm\">Skrivecyklusser<\/td>\n<td data-col-size=\"md\" data-start=\"1334\" data-end=\"1377\">\u2265100.000<\/td>\n<\/tr>\n<tr data-start=\"1378\" data-end=\"1461\">\n<td data-start=\"1378\" data-end=\"1396\" data-col-size=\"sm\">Pr\u00e6station<\/td>\n<td data-col-size=\"sm\" data-start=\"1396\" data-end=\"1418\">L\u00e6seomr\u00e5de<\/td>\n<td data-col-size=\"md\" data-start=\"1418\" data-end=\"1461\">2\u20133 cm<\/td>\n<\/tr>\n<tr data-start=\"1462\" data-end=\"1545\">\n<td data-start=\"1462\" data-end=\"1480\" data-col-size=\"sm\">Materialer<\/td>\n<td data-col-size=\"sm\" data-start=\"1480\" data-end=\"1502\">Boliger<\/td>\n<td data-col-size=\"md\" data-start=\"1502\" data-end=\"1545\">ABS \/ Plast (vandt\u00e6t)<\/td>\n<\/tr>\n<tr data-start=\"1546\" data-end=\"1629\">\n<td data-start=\"1546\" data-end=\"1564\" data-col-size=\"sm\">Dimensioner<\/td>\n<td data-start=\"1564\" data-end=\"1586\" data-col-size=\"sm\">St\u00f8rrelse<\/td>\n<td data-col-size=\"md\" data-start=\"1586\" data-end=\"1629\">41 \u00d7 32 mm (kan tilpasses)<\/td>\n<\/tr>\n<tr data-start=\"1630\" data-end=\"1722\">\n<td data-start=\"1630\" data-end=\"1648\" data-col-size=\"sm\">Farver<\/td>\n<td data-col-size=\"sm\" data-start=\"1648\" data-end=\"1670\">Valgmuligheder<\/td>\n<td data-col-size=\"md\" data-start=\"1670\" data-end=\"1722\">Sort, gul, r\u00f8d, gr\u00f8n, bl\u00e5, lyser\u00f8d eller brugerdefineret<\/td>\n<\/tr>\n<tr data-start=\"1723\" data-end=\"1821\">\n<td data-start=\"1723\" data-end=\"1741\" data-col-size=\"sm\">Personalisering<\/td>\n<td data-col-size=\"sm\" data-start=\"1741\" data-end=\"1763\">H\u00e5ndv\u00e6rk<\/td>\n<td data-col-size=\"md\" data-start=\"1763\" data-end=\"1821\">Enkelt-\/flerfarvet udskrivning; Stregkode\/QR; Datakodning<\/td>\n<\/tr>\n<tr data-start=\"1822\" data-end=\"1906\">\n<td data-start=\"1822\" data-end=\"1840\" data-col-size=\"sm\">Milj\u00f8<\/td>\n<td data-start=\"1840\" data-end=\"1862\" data-col-size=\"sm\">Driftstemperatur<\/td>\n<td data-start=\"1862\" data-end=\"1906\" data-col-size=\"md\">\u221220 \u2103 til +55 \u2103<\/td>\n<\/tr>\n<tr data-start=\"1907\" data-end=\"1990\">\n<td data-start=\"1907\" data-end=\"1925\" data-col-size=\"sm\">Emballage<\/td>\n<td data-col-size=\"sm\" data-start=\"1925\" data-end=\"1947\">Leveringsformat<\/td>\n<td data-col-size=\"md\" data-start=\"1947\" data-end=\"1990\">100 stk.\/pose; 10 poser\/karton<\/td>\n<\/tr>\n<tr data-start=\"1991\" data-end=\"2082\">\n<td data-start=\"1991\" data-end=\"2009\" data-col-size=\"sm\">Brugsscenarier<\/td>\n<td data-start=\"2009\" data-end=\"2031\" data-col-size=\"sm\">Typiske anvendelser<\/td>\n<td data-col-size=\"md\" data-start=\"2031\" data-end=\"2082\">Sociale medier, adgangskontrol, d\u00f8rl\u00e5sesystemer<\/td>\n<\/tr>\n<\/tbody>\n<\/table>\n<\/div>\n<\/div>","protected":false},"excerpt":{"rendered":"<p>ABS NFC-n\u00f8glefjerner med NTAG213\u201413,56 MHz, 144 byte hukommelse, 2-3 cm afl\u00e6sning, vandt\u00e6t hus, brugerdefinerede farver\/tryk og datakodning til adgang og smarte links.<\/p>","protected":false},"featured_media":986,"template":"","meta":{"_gspb_post_css":""},"product_brand":[],"product_cat":[30],"product_tag":[],"class_list":{"0":"post-985","1":"product","2":"type-product","3":"status-publish","4":"has-post-thumbnail","6":"product_cat-rfid-keyfobs","8":"first","9":"instock","10":"shipping-taxable","11":"purchasable","12":"product-type-simple"},"_links":{"self":[{"href":"https:\/\/www.cxjsmartcard.com\/da\/wp-json\/wp\/v2\/product\/985","targetHints":{"allow":["GET"]}}],"collection":[{"href":"https:\/\/www.cxjsmartcard.com\/da\/wp-json\/wp\/v2\/product"}],"about":[{"href":"https:\/\/www.cxjsmartcard.com\/da\/wp-json\/wp\/v2\/types\/product"}],"wp:featuredmedia":[{"embeddable":true,"href":"https:\/\/www.cxjsmartcard.com\/da\/wp-json\/wp\/v2\/media\/986"}],"wp:attachment":[{"href":"https:\/\/www.cxjsmartcard.com\/da\/wp-json\/wp\/v2\/media?parent=985"}],"wp:term":[{"taxonomy":"product_brand","embeddable":true,"href":"https:\/\/www.cxjsmartcard.com\/da\/wp-json\/wp\/v2\/product_brand?post=985"},{"taxonomy":"product_cat","embeddable":true,"href":"https:\/\/www.cxjsmartcard.com\/da\/wp-json\/wp\/v2\/product_cat?post=985"},{"taxonomy":"product_tag","embeddable":true,"href":"https:\/\/www.cxjsmartcard.com\/da\/wp-json\/wp\/v2\/product_tag?post=985"}],"curies":[{"name":"wp","href":"https:\/\/api.w.org\/{rel}","templated":true}]}}