{"id":980,"date":"2025-11-03T09:41:24","date_gmt":"2025-11-03T09:41:24","guid":{"rendered":"https:\/\/www.cxjsmartcard.com\/?post_type=product&#038;p=980"},"modified":"2025-12-29T01:27:06","modified_gmt":"2025-12-29T01:27:06","slug":"125khz-tk4100-rfid-key-fob-tag","status":"publish","type":"product","link":"https:\/\/www.cxjsmartcard.com\/da\/125khz-tk4100-rfid-key-fob-tag\/","title":{"rendered":"125kHz TK4100 RFID-n\u00f8glering"},"content":{"rendered":"<p data-start=\"42\" data-end=\"301\">Passiv LF-n\u00f8glebrik til daglig adgang og identifikation. Bygget p\u00e5 125 kHz-teknologi med holdbare huse (PPS\/ABS\/epoxy) underst\u00f8tter den brugerdefineret udskrivning og flere chipmuligheder for problemfri implementering p\u00e5 tv\u00e6rs af d\u00f8re, porte og f\u00e6lles faciliteter.<\/p>\n<p data-start=\"303\" data-end=\"317\"><strong data-start=\"303\" data-end=\"315\">Funktioner<\/strong><\/p>\n<ul data-start=\"318\" data-end=\"565\">\n<li data-start=\"318\" data-end=\"363\">\n<p data-start=\"320\" data-end=\"363\">125 kHz LF-drift til kortdistanceudtag<\/p>\n<\/li>\n<li data-start=\"364\" data-end=\"407\">\n<p data-start=\"366\" data-end=\"407\">Holdbare huse: PPS, ABS, epoxy osv.<\/p>\n<\/li>\n<li data-start=\"408\" data-end=\"458\">\n<p data-start=\"410\" data-end=\"458\">Tilpasning: logo og serienummertryk<\/p>\n<\/li>\n<li data-start=\"459\" data-end=\"510\">\n<p data-start=\"461\" data-end=\"510\">Flere chipmuligheder, der matcher eksisterende systemer<\/p>\n<\/li>\n<li data-start=\"511\" data-end=\"565\">\n<p data-start=\"513\" data-end=\"565\">Bredt farvevalg (sort, hvid, gr\u00f8n, bl\u00e5 osv.)<\/p>\n<\/li>\n<\/ul>\n<p data-start=\"567\" data-end=\"792\"><strong data-start=\"567\" data-end=\"591\">Typiske anvendelser<\/strong><br data-start=\"591\" data-end=\"594\" \/>Adgangskontrolsystemer \u2022 Fremm\u00f8dekontrol \u2022 Identifikation \u2022 Logistik og industriel automation \u2022 Billetter og medlemskab \u2022 Offentlig transport \u2022 Kontantl\u00f8s e-betaling \u2022 Sv\u00f8mmebassiner og vaskeri.<\/p>\n<p data-start=\"794\" data-end=\"1112\"><strong data-start=\"794\" data-end=\"823\">Noter om almindelige n\u00f8gleringe<\/strong><br data-start=\"823\" data-end=\"826\" \/>De fleste n\u00f8gleringe til lejlighedsfaciliteter (pools, fitnesscentre, elevatorer) bruger <strong data-start=\"894\" data-end=\"919\">lavfrekvent 125 kHz<\/strong> passiv RFID (f.eks. TK4100, T5577, EM4200\/EM4305). Hvis en n\u00f8glebrik \u00e5bner <strong data-start=\"994\" data-end=\"1028\">individuel lejlighedsd\u00f8r<\/strong>, det er typisk en <strong data-start=\"1047\" data-end=\"1075\">h\u00f8jfrekvent 13,56 MHz<\/strong> system (f.eks. MIFARE 1K eller NTAG213).<\/p>\n<h2 data-start=\"1114\" data-end=\"1139\">Tabel (Specifikationer)<\/h2>\n<div class=\"_tableContainer_1rjym_1\">\n<div class=\"group _tableWrapper_1rjym_13 flex w-fit flex-col-reverse\" tabindex=\"-1\">\n<table class=\"w-fit min-w-(--thread-content-width)\" data-start=\"1141\" data-end=\"2038\">\n<thead data-start=\"1141\" data-end=\"1230\">\n<tr data-start=\"1141\" data-end=\"1230\">\n<th data-start=\"1141\" data-end=\"1156\" data-col-size=\"sm\">Kategori<\/th>\n<th data-start=\"1156\" data-end=\"1175\" data-col-size=\"sm\">Parameter<\/th>\n<th data-start=\"1175\" data-end=\"1230\" data-col-size=\"lg\">V\u00e6rdi<\/th>\n<\/tr>\n<\/thead>\n<tbody data-start=\"1321\" data-end=\"2038\">\n<tr data-start=\"1321\" data-end=\"1410\">\n<td data-start=\"1321\" data-end=\"1336\" data-col-size=\"sm\">Produkt<\/td>\n<td data-start=\"1336\" data-end=\"1355\" data-col-size=\"sm\">Type<\/td>\n<td data-start=\"1355\" data-end=\"1410\" data-col-size=\"lg\">125kHz TK4100 RFID-n\u00f8glering<\/td>\n<\/tr>\n<tr data-start=\"1411\" data-end=\"1500\">\n<td data-start=\"1411\" data-end=\"1426\" data-col-size=\"sm\">Materialer<\/td>\n<td data-start=\"1426\" data-end=\"1445\" data-col-size=\"sm\">Boliger<\/td>\n<td data-start=\"1445\" data-end=\"1500\" data-col-size=\"lg\">PPS, ABS, epoxy osv.<\/td>\n<\/tr>\n<tr data-start=\"1501\" data-end=\"1590\">\n<td data-start=\"1501\" data-end=\"1516\" data-col-size=\"sm\">RF<\/td>\n<td data-start=\"1516\" data-end=\"1535\" data-col-size=\"sm\">Frekvens<\/td>\n<td data-start=\"1535\" data-end=\"1590\" data-col-size=\"lg\">125 kHz (LF)<\/td>\n<\/tr>\n<tr data-start=\"1591\" data-end=\"1680\">\n<td data-start=\"1591\" data-end=\"1606\" data-col-size=\"sm\">Trykning<\/td>\n<td data-start=\"1606\" data-end=\"1625\" data-col-size=\"sm\">Valgmuligheder<\/td>\n<td data-start=\"1625\" data-end=\"1680\" data-col-size=\"lg\">Logotryk; serienumre<\/td>\n<\/tr>\n<tr data-start=\"1681\" data-end=\"1770\">\n<td data-start=\"1681\" data-end=\"1696\" data-col-size=\"sm\">IC-muligheder<\/td>\n<td data-start=\"1696\" data-end=\"1715\" data-col-size=\"sm\">Tilg\u00e6ngelige chips<\/td>\n<td data-start=\"1715\" data-end=\"1770\" data-col-size=\"lg\">TK4100; EM4305; EM4200; T5577; andre<\/td>\n<\/tr>\n<tr data-start=\"1771\" data-end=\"1860\">\n<td data-start=\"1771\" data-end=\"1786\" data-col-size=\"sm\">Farver<\/td>\n<td data-start=\"1786\" data-end=\"1805\" data-col-size=\"sm\">Varianter<\/td>\n<td data-start=\"1805\" data-end=\"1860\" data-col-size=\"lg\">Sort; Hvid; Gr\u00f8n; Bl\u00e5; osv.<\/td>\n<\/tr>\n<tr data-start=\"1861\" data-end=\"2038\">\n<td data-start=\"1861\" data-end=\"1876\" data-col-size=\"sm\">Applikationer<\/td>\n<td data-start=\"1876\" data-end=\"1895\" data-col-size=\"sm\">Brugsscenarier<\/td>\n<td data-start=\"1895\" data-end=\"2038\" data-col-size=\"lg\">Adgangskontrol; fremm\u00f8de; ID; logistik; industriel automation; billetter; medlemskab; offentlig transport; e-betaling; sv\u00f8mmebassiner; vaskeri<\/td>\n<\/tr>\n<\/tbody>\n<\/table>\n<\/div>\n<\/div>","protected":false},"excerpt":{"rendered":"<p>Holdbar 125 kHz LF-n\u00f8glering til adgangskontrol og ID\u2014PPS\/ABS\/epoxy-huse, flere chipmuligheder (TK4100\/T5577\/EM-serien), brugerdefineret logo\/serietryk og forskellige farver.<\/p>","protected":false},"featured_media":981,"template":"","meta":{"_gspb_post_css":""},"product_brand":[],"product_cat":[30],"product_tag":[],"class_list":{"0":"post-980","1":"product","2":"type-product","3":"status-publish","4":"has-post-thumbnail","6":"product_cat-rfid-keyfobs","8":"first","9":"instock","10":"shipping-taxable","11":"purchasable","12":"product-type-simple"},"_links":{"self":[{"href":"https:\/\/www.cxjsmartcard.com\/da\/wp-json\/wp\/v2\/product\/980","targetHints":{"allow":["GET"]}}],"collection":[{"href":"https:\/\/www.cxjsmartcard.com\/da\/wp-json\/wp\/v2\/product"}],"about":[{"href":"https:\/\/www.cxjsmartcard.com\/da\/wp-json\/wp\/v2\/types\/product"}],"wp:featuredmedia":[{"embeddable":true,"href":"https:\/\/www.cxjsmartcard.com\/da\/wp-json\/wp\/v2\/media\/981"}],"wp:attachment":[{"href":"https:\/\/www.cxjsmartcard.com\/da\/wp-json\/wp\/v2\/media?parent=980"}],"wp:term":[{"taxonomy":"product_brand","embeddable":true,"href":"https:\/\/www.cxjsmartcard.com\/da\/wp-json\/wp\/v2\/product_brand?post=980"},{"taxonomy":"product_cat","embeddable":true,"href":"https:\/\/www.cxjsmartcard.com\/da\/wp-json\/wp\/v2\/product_cat?post=980"},{"taxonomy":"product_tag","embeddable":true,"href":"https:\/\/www.cxjsmartcard.com\/da\/wp-json\/wp\/v2\/product_tag?post=980"}],"curies":[{"name":"wp","href":"https:\/\/api.w.org\/{rel}","templated":true}]}}