{"id":973,"date":"2025-11-03T09:39:57","date_gmt":"2025-11-03T09:39:57","guid":{"rendered":"https:\/\/www.cxjsmartcard.com\/?post_type=product&#038;p=973"},"modified":"2025-12-29T01:27:07","modified_gmt":"2025-12-29T01:27:07","slug":"125khz-t5577-rfid-key-fob-for-access-control","status":"publish","type":"product","link":"https:\/\/www.cxjsmartcard.com\/da\/125khz-t5577-rfid-key-fob-for-access-control\/","title":{"rendered":"125kHz T5577 RFID-n\u00f8glering til adgangskontrol"},"content":{"rendered":"<p data-start=\"56\" data-end=\"324\">Kompakt LF-n\u00f8glebrik baseret p\u00e5 T5577-chippen til p\u00e5lidelig adgangskontrol med kort r\u00e6kkevidde. ABS\/PVC\/silikone\/epoxy-huse modst\u00e5r daglig slitage, mens brugerdefineret trykning og datakodning g\u00f8r implementeringen hurtig og ensartet.<\/p>\n<p data-start=\"326\" data-end=\"340\"><strong data-start=\"326\" data-end=\"338\">Funktioner<\/strong><\/p>\n<ul data-start=\"341\" data-end=\"654\">\n<li data-start=\"341\" data-end=\"385\">\n<p data-start=\"343\" data-end=\"385\">125 kHz LF (T5577), 1-2 cm l\u00e6seafstand<\/p>\n<\/li>\n<li data-start=\"386\" data-end=\"431\">\n<p data-start=\"388\" data-end=\"431\">Holdbare huse (ABS\/PVC\/silikone\/epoxy)<\/p>\n<\/li>\n<li data-start=\"432\" data-end=\"495\">\n<p data-start=\"434\" data-end=\"495\">Brugerdefineret kunst: silketryk eller laser; valgfri UID\/seriel\/QR<\/p>\n<\/li>\n<li data-start=\"496\" data-end=\"544\">\n<p data-start=\"498\" data-end=\"544\">Datatjenester: ID-registrering og pr\u00e6kodning<\/p>\n<\/li>\n<li data-start=\"545\" data-end=\"586\">\n<p data-start=\"547\" data-end=\"586\">Driftstemperatur \u221225 \u00b0C til 75 \u00b0C<\/p>\n<\/li>\n<li data-start=\"587\" data-end=\"654\">\n<p data-start=\"589\" data-end=\"654\">OEM-muligheder og bred chip-\/frekvenssupport tilg\u00e6ngelig p\u00e5 foresp\u00f8rgsel<\/p>\n<\/li>\n<\/ul>\n<p data-start=\"656\" data-end=\"859\"><strong data-start=\"656\" data-end=\"672\">Applikationer<\/strong><br data-start=\"672\" data-end=\"675\" \/>D\u00f8r- og portadgang \u2022 E-billetter \u2022 Kontantl\u00f8s\/lukket kredsl\u00f8bsbetaling \u2022 Tid og fremm\u00f8de \u2022 Medlemskab\/loyalitetsordning \u2022 Offentlig transport \u2022 Sv\u00f8mmehaller og vaskeri \u2022 Logistik og industriel automation.<\/p>\n<h2 data-start=\"861\" data-end=\"886\">Tabel (Specifikationer)<\/h2>\n<div class=\"_tableContainer_1rjym_1\">\n<div class=\"group _tableWrapper_1rjym_13 flex w-fit flex-col-reverse\" tabindex=\"-1\">\n<table class=\"w-fit min-w-(--thread-content-width)\" data-start=\"888\" data-end=\"1920\">\n<thead data-start=\"888\" data-end=\"971\">\n<tr data-start=\"888\" data-end=\"971\">\n<th data-start=\"888\" data-end=\"906\" data-col-size=\"sm\">Kategori<\/th>\n<th data-start=\"906\" data-end=\"928\" data-col-size=\"sm\">Parameter<\/th>\n<th data-start=\"928\" data-end=\"971\" data-col-size=\"md\">V\u00e6rdi<\/th>\n<\/tr>\n<\/thead>\n<tbody data-start=\"1056\" data-end=\"1920\">\n<tr data-start=\"1056\" data-end=\"1139\">\n<td data-start=\"1056\" data-end=\"1074\" data-col-size=\"sm\">Produkt<\/td>\n<td data-col-size=\"sm\" data-start=\"1074\" data-end=\"1096\">Type<\/td>\n<td data-col-size=\"md\" data-start=\"1096\" data-end=\"1139\">RFID-n\u00f8glering \/ n\u00f8glebrikke<\/td>\n<\/tr>\n<tr data-start=\"1140\" data-end=\"1223\">\n<td data-start=\"1140\" data-end=\"1158\" data-col-size=\"sm\">Materialer<\/td>\n<td data-col-size=\"sm\" data-start=\"1158\" data-end=\"1180\">Boliger<\/td>\n<td data-col-size=\"md\" data-start=\"1180\" data-end=\"1223\">ABS \/ PVC \/ Silikone \/ Epoxy<\/td>\n<\/tr>\n<tr data-start=\"1224\" data-end=\"1307\">\n<td data-start=\"1224\" data-end=\"1242\" data-col-size=\"sm\">Dimensioner<\/td>\n<td data-col-size=\"sm\" data-start=\"1242\" data-end=\"1264\">St\u00f8rrelse<\/td>\n<td data-col-size=\"md\" data-start=\"1264\" data-end=\"1307\">38 \u00d7 30 \u00d7 6 mm (kan tilpasses)<\/td>\n<\/tr>\n<tr data-start=\"1308\" data-end=\"1392\">\n<td data-start=\"1308\" data-end=\"1326\" data-col-size=\"sm\">Milj\u00f8<\/td>\n<td data-col-size=\"sm\" data-start=\"1326\" data-end=\"1348\">Arbejdstemperatur<\/td>\n<td data-col-size=\"md\" data-start=\"1348\" data-end=\"1392\">\u221225 \u00b0C til 75 \u00b0C<\/td>\n<\/tr>\n<tr data-start=\"1393\" data-end=\"1476\">\n<td data-start=\"1393\" data-end=\"1411\" data-col-size=\"sm\">RF<\/td>\n<td data-col-size=\"sm\" data-start=\"1411\" data-end=\"1433\">Frekvens<\/td>\n<td data-col-size=\"md\" data-start=\"1433\" data-end=\"1476\">125 kHz (LF)<\/td>\n<\/tr>\n<tr data-start=\"1477\" data-end=\"1560\">\n<td data-start=\"1477\" data-end=\"1495\" data-col-size=\"sm\">Chip<\/td>\n<td data-start=\"1495\" data-end=\"1517\" data-col-size=\"sm\">Model<\/td>\n<td data-col-size=\"md\" data-start=\"1517\" data-end=\"1560\">T5577<\/td>\n<\/tr>\n<tr data-start=\"1561\" data-end=\"1644\">\n<td data-start=\"1561\" data-end=\"1579\" data-col-size=\"sm\">Pr\u00e6station<\/td>\n<td data-start=\"1579\" data-end=\"1601\" data-col-size=\"sm\">L\u00e6seafstand<\/td>\n<td data-start=\"1601\" data-end=\"1644\" data-col-size=\"md\">1-2 cm (afh\u00e6ngig af l\u00e6seren)<\/td>\n<\/tr>\n<tr data-start=\"1645\" data-end=\"1728\">\n<td data-start=\"1645\" data-end=\"1663\" data-col-size=\"sm\">Personalisering<\/td>\n<td data-col-size=\"sm\" data-start=\"1663\" data-end=\"1685\">Trykning<\/td>\n<td data-col-size=\"md\" data-start=\"1685\" data-end=\"1728\">Silketryk eller laser<\/td>\n<\/tr>\n<tr data-start=\"1729\" data-end=\"1812\">\n<td data-start=\"1729\" data-end=\"1747\" data-col-size=\"sm\">Datatjenester<\/td>\n<td data-col-size=\"sm\" data-start=\"1747\" data-end=\"1769\">Valgmuligheder<\/td>\n<td data-col-size=\"md\" data-start=\"1769\" data-end=\"1812\">UID\/serienummer\/QR; datakodning\/ID-post<\/td>\n<\/tr>\n<tr data-start=\"1813\" data-end=\"1920\">\n<td data-start=\"1813\" data-end=\"1831\" data-col-size=\"sm\">Brugsscenarier<\/td>\n<td data-start=\"1831\" data-end=\"1853\" data-col-size=\"sm\">Typiske anvendelser<\/td>\n<td data-col-size=\"md\" data-start=\"1853\" data-end=\"1920\">Adgangskontrol, e-billettering, betaling, fremm\u00f8de, ID, logistik<\/td>\n<\/tr>\n<\/tbody>\n<\/table>\n<\/div>\n<\/div>","protected":false},"excerpt":{"rendered":"<p>Holdbar 125 kHz T5577 RFID-n\u00f8glering med 1-2 cm afl\u00e6sning. Hus i ABS\/PVC\/silikone\/epoxy, specialtryk (laser\/silketryk) og datakodning for sikker adgangskontrol.<\/p>","protected":false},"featured_media":974,"template":"","meta":{"_gspb_post_css":""},"product_brand":[],"product_cat":[30],"product_tag":[],"class_list":{"0":"post-973","1":"product","2":"type-product","3":"status-publish","4":"has-post-thumbnail","6":"product_cat-rfid-keyfobs","8":"first","9":"instock","10":"shipping-taxable","11":"purchasable","12":"product-type-simple"},"_links":{"self":[{"href":"https:\/\/www.cxjsmartcard.com\/da\/wp-json\/wp\/v2\/product\/973","targetHints":{"allow":["GET"]}}],"collection":[{"href":"https:\/\/www.cxjsmartcard.com\/da\/wp-json\/wp\/v2\/product"}],"about":[{"href":"https:\/\/www.cxjsmartcard.com\/da\/wp-json\/wp\/v2\/types\/product"}],"wp:featuredmedia":[{"embeddable":true,"href":"https:\/\/www.cxjsmartcard.com\/da\/wp-json\/wp\/v2\/media\/974"}],"wp:attachment":[{"href":"https:\/\/www.cxjsmartcard.com\/da\/wp-json\/wp\/v2\/media?parent=973"}],"wp:term":[{"taxonomy":"product_brand","embeddable":true,"href":"https:\/\/www.cxjsmartcard.com\/da\/wp-json\/wp\/v2\/product_brand?post=973"},{"taxonomy":"product_cat","embeddable":true,"href":"https:\/\/www.cxjsmartcard.com\/da\/wp-json\/wp\/v2\/product_cat?post=973"},{"taxonomy":"product_tag","embeddable":true,"href":"https:\/\/www.cxjsmartcard.com\/da\/wp-json\/wp\/v2\/product_tag?post=973"}],"curies":[{"name":"wp","href":"https:\/\/api.w.org\/{rel}","templated":true}]}}