{"id":968,"date":"2025-11-03T09:36:20","date_gmt":"2025-11-03T09:36:20","guid":{"rendered":"https:\/\/www.cxjsmartcard.com\/?post_type=product&#038;p=968"},"modified":"2025-12-29T01:27:07","modified_gmt":"2025-12-29T01:27:07","slug":"on-duty-rfid-nfc-token-for-patrol-checkpoint","status":"publish","type":"product","link":"https:\/\/www.cxjsmartcard.com\/da\/on-duty-rfid-nfc-token-for-patrol-checkpoint\/","title":{"rendered":"RFID NFC-token p\u00e5 vagt til patruljekontrolpunkt"},"content":{"rendered":"<p data-start=\"56\" data-end=\"363\">Robust NFC\/HF-patruljetoken i ABS-skal, bygget til udend\u00f8rs kontrolpunkter og barske milj\u00f8er. UV-bestandig, vandt\u00e6t og korrosionsbestandig, monteres med et centerskruehul eller kl\u00e6bende bagside og l\u00e6ses hurtigt med telefoner eller ISO 14443A-l\u00e6sere.<\/p>\n<p data-start=\"365\" data-end=\"383\"><strong data-start=\"365\" data-end=\"381\">N\u00f8glefunktioner<\/strong><\/p>\n<ul data-start=\"384\" data-end=\"728\">\n<li data-start=\"384\" data-end=\"444\">\n<p data-start=\"386\" data-end=\"444\">ABS-hus; UV-bestandigt, vandt\u00e6t, vejrbestandigt<\/p>\n<\/li>\n<li data-start=\"445\" data-end=\"517\">\n<p data-start=\"447\" data-end=\"517\">Valgfri kompatibilitet p\u00e5 metal for p\u00e5lidelige afl\u00e6sninger p\u00e5 st\u00e5loverflader<\/p>\n<\/li>\n<li data-start=\"518\" data-end=\"569\">\n<p data-start=\"520\" data-end=\"569\">Flere st\u00f8rrelser og farver til zone-\/rutekodning<\/p>\n<\/li>\n<li data-start=\"570\" data-end=\"616\">\n<p data-start=\"572\" data-end=\"616\">Silketryk eller laser\u00e6tset logo\/nummerering<\/p>\n<\/li>\n<li data-start=\"617\" data-end=\"676\">\n<p data-start=\"619\" data-end=\"676\">L\u00e6seomr\u00e5de (HF): 2\u201310 cm (afh\u00e6ngig af l\u00e6ser\/milj\u00f8)<\/p>\n<\/li>\n<li data-start=\"677\" data-end=\"728\">\n<p data-start=\"679\" data-end=\"728\">Tilg\u00e6ngelige chipfamilier til LF\/HF\/UHF-implementeringer<\/p>\n<\/li>\n<\/ul>\n<p data-start=\"730\" data-end=\"912\"><strong data-start=\"730\" data-end=\"746\">Applikationer<\/strong><br data-start=\"746\" data-end=\"749\" \/>Kontrolpunkter for vagtrundgange \u2022 Vedligeholdelses- og inspektionspunkter \u2022 ID&#039;er for aktiver\/d\u00f8re\/porte inden for logistik, forsyningsselskaber, jernbaner, oliefelter, banker, museer, lufthavne og meget mere.<\/p>\n<p data-start=\"914\" data-end=\"1035\"><strong data-start=\"914\" data-end=\"930\">Installation<\/strong><br data-start=\"930\" data-end=\"933\" \/>Skru gennem midterhullet for permanent montering, eller brug kl\u00e6bemidlet tilbage p\u00e5 rene, t\u00f8rre overflader.<\/p>\n<p data-start=\"1037\" data-end=\"1277\"><strong data-start=\"1037\" data-end=\"1050\">Hurtige ofte stillede sp\u00f8rgsm\u00e5l<\/strong><br data-start=\"1050\" data-end=\"1053\" \/><strong data-start=\"1053\" data-end=\"1083\">Kan den l\u00e6ses p\u00e5 en iPhone?<\/strong> Ja \u2013 moderne iPhones scanner standard NFC-tags.<br data-start=\"1126\" data-end=\"1129\" \/><strong data-start=\"1129\" data-end=\"1159\">Kan den k\u00f8re p\u00e5 lakeret st\u00e5l?<\/strong> Ja \u2013 afsk\u00e6rmningslaget holder afl\u00e6sningerne stabile.<br data-start=\"1203\" data-end=\"1206\" \/><strong data-start=\"1206\" data-end=\"1227\">Er den vandt\u00e6t?<\/strong> Ja \u2013 den forseglede ABS-skal kan klare udend\u00f8rs vejr.<\/p>\n<h2 data-start=\"1279\" data-end=\"1304\">Tabel (Specifikationer)<\/h2>\n<div class=\"_tableContainer_1rjym_1\">\n<div class=\"group _tableWrapper_1rjym_13 flex w-fit flex-col-reverse\" tabindex=\"-1\">\n<table class=\"w-fit min-w-(--thread-content-width)\" data-start=\"1306\" data-end=\"3019\">\n<thead data-start=\"1306\" data-end=\"1420\">\n<tr data-start=\"1306\" data-end=\"1420\">\n<th data-start=\"1306\" data-end=\"1324\" data-col-size=\"sm\">Kategori<\/th>\n<th data-start=\"1324\" data-end=\"1347\" data-col-size=\"sm\">Parameter<\/th>\n<th data-start=\"1347\" data-end=\"1420\" data-col-size=\"md\">V\u00e6rdi<\/th>\n<\/tr>\n<\/thead>\n<tbody data-start=\"1536\" data-end=\"3019\">\n<tr data-start=\"1536\" data-end=\"1649\">\n<td data-start=\"1536\" data-end=\"1554\" data-col-size=\"sm\">Produkt<\/td>\n<td data-start=\"1554\" data-end=\"1577\" data-col-size=\"sm\">Formfaktor<\/td>\n<td data-start=\"1577\" data-end=\"1649\" data-col-size=\"md\">ABS RFID\/NFC patruljetoken<\/td>\n<\/tr>\n<tr data-start=\"1650\" data-end=\"1763\">\n<td data-start=\"1650\" data-end=\"1668\" data-col-size=\"sm\">Materialer<\/td>\n<td data-start=\"1668\" data-end=\"1691\" data-col-size=\"sm\">Boliger<\/td>\n<td data-col-size=\"md\" data-start=\"1691\" data-end=\"1763\">ABS, forseglet, UV-bestandig, vandt\u00e6t<\/td>\n<\/tr>\n<tr data-start=\"1764\" data-end=\"1878\">\n<td data-start=\"1764\" data-end=\"1782\" data-col-size=\"sm\">P\u00e5 metal<\/td>\n<td data-col-size=\"sm\" data-start=\"1782\" data-end=\"1805\">Kompatibilitet<\/td>\n<td data-col-size=\"md\" data-start=\"1805\" data-end=\"1878\">Valgfrit afsk\u00e6rmningslag<\/td>\n<\/tr>\n<tr data-start=\"1879\" data-end=\"1992\">\n<td data-start=\"1879\" data-end=\"1897\" data-col-size=\"sm\">St\u00f8rrelser<\/td>\n<td data-start=\"1897\" data-end=\"1920\" data-col-size=\"sm\">Diameterindstillinger<\/td>\n<td data-start=\"1920\" data-end=\"1992\" data-col-size=\"md\">\u00d835 \/ \u00d830 \/ \u00d828 \/ \u00d820 \/ \u00d812 mm<\/td>\n<\/tr>\n<tr data-start=\"1993\" data-end=\"2106\">\n<td data-start=\"1993\" data-end=\"2011\" data-col-size=\"sm\">Farver<\/td>\n<td data-col-size=\"sm\" data-start=\"2011\" data-end=\"2034\">Standardindstillinger<\/td>\n<td data-col-size=\"md\" data-start=\"2034\" data-end=\"2106\">Hvid, Sort, Bl\u00e5, Gr\u00f8n, Gul, R\u00f8d, Orange, Gr\u00e5<\/td>\n<\/tr>\n<tr data-start=\"2107\" data-end=\"2220\">\n<td data-start=\"2107\" data-end=\"2125\" data-col-size=\"sm\">RF (HF\/NFC)<\/td>\n<td data-start=\"2125\" data-end=\"2148\" data-col-size=\"sm\">Frekvens \/ Standard<\/td>\n<td data-start=\"2148\" data-end=\"2220\" data-col-size=\"md\">13,56 MHz; ISO 14443A<\/td>\n<\/tr>\n<tr data-start=\"2221\" data-end=\"2334\">\n<td data-start=\"2221\" data-end=\"2239\" data-col-size=\"sm\">Chips (HF)<\/td>\n<td data-col-size=\"sm\" data-start=\"2239\" data-end=\"2262\">Valgmuligheder<\/td>\n<td data-col-size=\"md\" data-start=\"2262\" data-end=\"2334\">S50 (MIFARE Classic 1K), NTAG213 \/ NTAG215 \/ NTAG216<\/td>\n<\/tr>\n<tr data-start=\"2335\" data-end=\"2448\">\n<td data-start=\"2335\" data-end=\"2353\" data-col-size=\"sm\">L\u00e6seomr\u00e5de<\/td>\n<td data-col-size=\"sm\" data-start=\"2353\" data-end=\"2376\">Afstand (HF)<\/td>\n<td data-col-size=\"md\" data-start=\"2376\" data-end=\"2448\">2\u201310 cm (afh\u00e6ngigt af enhed\/milj\u00f8)<\/td>\n<\/tr>\n<tr data-start=\"2449\" data-end=\"2562\">\n<td data-start=\"2449\" data-end=\"2467\" data-col-size=\"sm\">Andre bands<\/td>\n<td data-start=\"2467\" data-end=\"2490\" data-col-size=\"sm\">Valgmuligheder<\/td>\n<td data-col-size=\"md\" data-start=\"2490\" data-end=\"2562\">125 kHz (LF) eller 860-960 MHz (UHF) tilg\u00e6ngelig<\/td>\n<\/tr>\n<tr data-start=\"2563\" data-end=\"2676\">\n<td data-start=\"2563\" data-end=\"2581\" data-col-size=\"sm\">Personalisering<\/td>\n<td data-start=\"2581\" data-end=\"2604\" data-col-size=\"sm\">Trykning\/m\u00e6rkning<\/td>\n<td data-col-size=\"md\" data-start=\"2604\" data-end=\"2676\">Silketryk eller laserlogo\/nummerering<\/td>\n<\/tr>\n<tr data-start=\"2677\" data-end=\"2791\">\n<td data-start=\"2677\" data-end=\"2695\" data-col-size=\"sm\">Montering<\/td>\n<td data-start=\"2695\" data-end=\"2718\" data-col-size=\"sm\">Metoder<\/td>\n<td data-col-size=\"md\" data-start=\"2718\" data-end=\"2791\">Centerskruehul eller kl\u00e6bende bagside<\/td>\n<\/tr>\n<tr data-start=\"2792\" data-end=\"2905\">\n<td data-start=\"2792\" data-end=\"2810\" data-col-size=\"sm\">Attributter<\/td>\n<td data-col-size=\"sm\" data-start=\"2810\" data-end=\"2833\">Beskyttelse<\/td>\n<td data-col-size=\"md\" data-start=\"2833\" data-end=\"2905\">Vandt\u00e6t, vejrbestandig, korrosionsbestandig<\/td>\n<\/tr>\n<tr data-start=\"2906\" data-end=\"3019\">\n<td data-start=\"2906\" data-end=\"2924\" data-col-size=\"sm\">Brugsscenarier<\/td>\n<td data-start=\"2924\" data-end=\"2947\" data-col-size=\"sm\">Typiske brancher<\/td>\n<td data-col-size=\"md\" data-start=\"2947\" data-end=\"3019\">Logistik, sikkerhed, forsyningsvirksomheder, transit, olie og gas, ejendomsadministration.<\/td>\n<\/tr>\n<\/tbody>\n<\/table>\n<\/div>\n<\/div>","protected":false},"excerpt":{"rendered":"<p>ABS-patruljebrikker til vagtture \u2014 NFC\/HF ISO 14443A, 2-10 cm afl\u00e6sning, UV-resistent og vandt\u00e6t, valgfrit design p\u00e5 metal, skruemontering eller selvkl\u00e6bende installation, flere st\u00f8rrelser\/farver.<\/p>","protected":false},"featured_media":970,"template":"","meta":{"_gspb_post_css":""},"product_brand":[],"product_cat":[29],"product_tag":[],"class_list":{"0":"post-968","1":"product","2":"type-product","3":"status-publish","4":"has-post-thumbnail","6":"product_cat-nfc-tags","8":"first","9":"instock","10":"shipping-taxable","11":"purchasable","12":"product-type-simple"},"_links":{"self":[{"href":"https:\/\/www.cxjsmartcard.com\/da\/wp-json\/wp\/v2\/product\/968","targetHints":{"allow":["GET"]}}],"collection":[{"href":"https:\/\/www.cxjsmartcard.com\/da\/wp-json\/wp\/v2\/product"}],"about":[{"href":"https:\/\/www.cxjsmartcard.com\/da\/wp-json\/wp\/v2\/types\/product"}],"wp:featuredmedia":[{"embeddable":true,"href":"https:\/\/www.cxjsmartcard.com\/da\/wp-json\/wp\/v2\/media\/970"}],"wp:attachment":[{"href":"https:\/\/www.cxjsmartcard.com\/da\/wp-json\/wp\/v2\/media?parent=968"}],"wp:term":[{"taxonomy":"product_brand","embeddable":true,"href":"https:\/\/www.cxjsmartcard.com\/da\/wp-json\/wp\/v2\/product_brand?post=968"},{"taxonomy":"product_cat","embeddable":true,"href":"https:\/\/www.cxjsmartcard.com\/da\/wp-json\/wp\/v2\/product_cat?post=968"},{"taxonomy":"product_tag","embeddable":true,"href":"https:\/\/www.cxjsmartcard.com\/da\/wp-json\/wp\/v2\/product_tag?post=968"}],"curies":[{"name":"wp","href":"https:\/\/api.w.org\/{rel}","templated":true}]}}