{"id":961,"date":"2025-11-03T09:31:55","date_gmt":"2025-11-03T09:31:55","guid":{"rendered":"https:\/\/www.cxjsmartcard.com\/?post_type=product&#038;p=961"},"modified":"2025-12-29T01:27:07","modified_gmt":"2025-12-29T01:27:07","slug":"nxp-ntag213-215-216-nfc-sticker-labels","status":"publish","type":"product","link":"https:\/\/www.cxjsmartcard.com\/da\/nxp-ntag213-215-216-nfc-sticker-labels\/","title":{"rendered":"NXP NTAG213\/215\/216 NFC-m\u00e6rkeetiketter"},"content":{"rendered":"<p data-start=\"50\" data-end=\"436\">NFC-m\u00e6rkatetiketter bygget p\u00e5 NXP NTAG213\/215\/216 til hurtige og p\u00e5lidelige tryk med smartphones og ISO 14443A-l\u00e6sere. Disse etiketter er fuldt NFC Forum Type 2 Tag-kompatible med NDEF-underst\u00f8ttelse og er ideelle til smart marketing, produktgodkendelse, hyldeforkanter, billetter og events. Kompakte st\u00f8rrelser, h\u00f8j RF-ydeevne og st\u00e6rke sikkerhedsfunktioner g\u00f8r dem nemme at implementere i stor skala.<\/p>\n<p data-start=\"438\" data-end=\"456\"><strong data-start=\"438\" data-end=\"454\">N\u00f8glefunktioner<\/strong><\/p>\n<ul data-start=\"457\" data-end=\"964\">\n<li data-start=\"457\" data-end=\"517\">\n<p data-start=\"459\" data-end=\"517\">HF 13,56 MHz; ISO\/IEC 14443 Type A; NFC Forum Type 2-tag<\/p>\n<\/li>\n<li data-start=\"518\" data-end=\"590\">\n<p data-start=\"520\" data-end=\"590\">H\u00f8j scanningsp\u00e5lidelighed med anti-kollision til milj\u00f8er med flere tags<\/p>\n<\/li>\n<li data-start=\"591\" data-end=\"707\">\n<p data-start=\"593\" data-end=\"707\">Sikkerhed: producentens 7-byte UID, ECC-originalitetssignatur, 32-bit adgangskode, OTP-bits, feltprogrammerbar l\u00e5s<\/p>\n<\/li>\n<li data-start=\"708\" data-end=\"798\">\n<p data-start=\"710\" data-end=\"798\">Datahastighed 106 kbit\/s; NDEF-klar til URL&#039;er, ID&#039;er, Wi-Fi\/Bluetooth-parring, kontaktkort<\/p>\n<\/li>\n<li data-start=\"799\" data-end=\"874\">\n<p data-start=\"801\" data-end=\"874\">Materialer: PVC\/papir\/coated papir; leveres p\u00e5 rulle eller som enkeltstykker<\/p>\n<\/li>\n<li data-start=\"875\" data-end=\"964\">\n<p data-start=\"877\" data-end=\"964\">Brugerdefineret trykning og datatjenester: logo, grafik, serienummer\/UID, QR\/stregkode, pr\u00e6kodning<\/p>\n<\/li>\n<\/ul>\n<p data-start=\"966\" data-end=\"1138\"><strong data-start=\"966\" data-end=\"982\">Applikationer<\/strong><br data-start=\"982\" data-end=\"985\" \/>Smart markedsf\u00f8ring og annoncering \u2022 Produktgodkendelse \u2022 NFC-hyldeforkanter \u2022 Visitkort og medlemskabs-\/eventkort \u2022 Hurtig Bluetooth\/Wi-Fi-parring.<\/p>\n<h2 data-start=\"1140\" data-end=\"1165\">Tabel (Specifikationer)<\/h2>\n<div class=\"_tableContainer_1rjym_1\">\n<div class=\"group _tableWrapper_1rjym_13 flex w-fit flex-col-reverse\" tabindex=\"-1\">\n<table class=\"w-fit min-w-(--thread-content-width)\" data-start=\"1167\" data-end=\"3012\">\n<thead data-start=\"1167\" data-end=\"1289\">\n<tr data-start=\"1167\" data-end=\"1289\">\n<th data-start=\"1167\" data-end=\"1188\" data-col-size=\"sm\">Kategori<\/th>\n<th data-start=\"1188\" data-end=\"1216\" data-col-size=\"sm\">Parameter<\/th>\n<th data-start=\"1216\" data-end=\"1289\" data-col-size=\"md\">V\u00e6rdi<\/th>\n<\/tr>\n<\/thead>\n<tbody data-start=\"1413\" data-end=\"3012\">\n<tr data-start=\"1413\" data-end=\"1534\">\n<td data-start=\"1413\" data-end=\"1434\" data-col-size=\"sm\">Produkt<\/td>\n<td data-start=\"1434\" data-end=\"1462\" data-col-size=\"sm\">Navn<\/td>\n<td data-col-size=\"md\" data-start=\"1462\" data-end=\"1534\">NXP NTAG213 \/ NTAG215 \/ NTAG216 NFC-m\u00e6rkat<\/td>\n<\/tr>\n<tr data-start=\"1535\" data-end=\"1657\">\n<td data-start=\"1535\" data-end=\"1556\" data-col-size=\"sm\">IC<\/td>\n<td data-col-size=\"sm\" data-start=\"1556\" data-end=\"1584\">Chipmodeller<\/td>\n<td data-col-size=\"md\" data-start=\"1584\" data-end=\"1657\">NTAG213, NTAG215, NTAG216 (tilpassede muligheder er tilg\u00e6ngelige)<\/td>\n<\/tr>\n<tr data-start=\"1658\" data-end=\"1781\">\n<td data-start=\"1658\" data-end=\"1679\" data-col-size=\"sm\">RF<\/td>\n<td data-start=\"1679\" data-end=\"1707\" data-col-size=\"sm\">Frekvens<\/td>\n<td data-start=\"1707\" data-end=\"1781\" data-col-size=\"md\">13,56 MHz (HF)<\/td>\n<\/tr>\n<tr data-start=\"1782\" data-end=\"1904\">\n<td data-start=\"1782\" data-end=\"1803\" data-col-size=\"sm\"><\/td>\n<td data-col-size=\"sm\" data-start=\"1803\" data-end=\"1831\">Protokol<\/td>\n<td data-col-size=\"md\" data-start=\"1831\" data-end=\"1904\">ISO\/IEC 14443 Type A; NFC Forum Type 2-tag<\/td>\n<\/tr>\n<tr data-start=\"1905\" data-end=\"2028\">\n<td data-start=\"1905\" data-end=\"1926\" data-col-size=\"sm\">Pr\u00e6station<\/td>\n<td data-col-size=\"sm\" data-start=\"1926\" data-end=\"1954\">Kommunikationshastighed<\/td>\n<td data-col-size=\"md\" data-start=\"1954\" data-end=\"2028\">106 kbit\/s<\/td>\n<\/tr>\n<tr data-start=\"2029\" data-end=\"2151\">\n<td data-start=\"2029\" data-end=\"2050\" data-col-size=\"sm\">Antikollisionsbeskyttelse<\/td>\n<td data-start=\"2050\" data-end=\"2078\" data-col-size=\"sm\">Underst\u00f8ttelse af flere tags<\/td>\n<td data-start=\"2078\" data-end=\"2151\" data-col-size=\"md\">Ja \u2013 v\u00e6lger tags individuelt i feltet<\/td>\n<\/tr>\n<tr data-start=\"2152\" data-end=\"2274\">\n<td data-start=\"2152\" data-end=\"2173\" data-col-size=\"sm\">Sikkerhed<\/td>\n<td data-col-size=\"sm\" data-start=\"2173\" data-end=\"2201\">Funktioner<\/td>\n<td data-col-size=\"md\" data-start=\"2201\" data-end=\"2274\">7-byte UID; ECC-originalitetssignatur; 32-bit adgangskode; OTP; l\u00e5sebits<\/td>\n<\/tr>\n<tr data-start=\"2275\" data-end=\"2397\">\n<td data-start=\"2275\" data-end=\"2296\" data-col-size=\"sm\">Materialer<\/td>\n<td data-col-size=\"sm\" data-start=\"2296\" data-end=\"2324\">Overflade\/Underlag<\/td>\n<td data-col-size=\"md\" data-start=\"2324\" data-end=\"2397\">PVC, papir, bestr\u00f8get papir<\/td>\n<\/tr>\n<tr data-start=\"2398\" data-end=\"2520\">\n<td data-start=\"2398\" data-end=\"2419\" data-col-size=\"sm\">Dimensioner<\/td>\n<td data-col-size=\"sm\" data-start=\"2419\" data-end=\"2447\">Standardst\u00f8rrelser<\/td>\n<td data-col-size=\"md\" data-start=\"2447\" data-end=\"2520\">\u00d825 \/ 30 \/ 35 \/ 40 \/ 45 \/ 50 mm; brugerdefinerede st\u00f8rrelser og former<\/td>\n<\/tr>\n<tr data-start=\"2521\" data-end=\"2643\">\n<td data-start=\"2521\" data-end=\"2542\" data-col-size=\"sm\">Personalisering<\/td>\n<td data-col-size=\"sm\" data-start=\"2542\" data-end=\"2570\">Trykning\/Emballage<\/td>\n<td data-col-size=\"md\" data-start=\"2570\" data-end=\"2643\">Logo, grafik, QR, serienummer; rulle- eller enkeltstykkeemballage<\/td>\n<\/tr>\n<tr data-start=\"2644\" data-end=\"2766\">\n<td data-start=\"2644\" data-end=\"2665\" data-col-size=\"sm\">Datatjenester<\/td>\n<td data-start=\"2665\" data-end=\"2693\" data-col-size=\"sm\">Kodning<\/td>\n<td data-col-size=\"md\" data-start=\"2693\" data-end=\"2766\">NDEF\/EPC-forkodning tilg\u00e6ngelig<\/td>\n<\/tr>\n<tr data-start=\"2767\" data-end=\"2889\">\n<td data-start=\"2767\" data-end=\"2788\" data-col-size=\"sm\">Fordele<\/td>\n<td data-col-size=\"sm\" data-start=\"2788\" data-end=\"2816\">H\u00f8jdepunkter<\/td>\n<td data-col-size=\"md\" data-start=\"2816\" data-end=\"2889\">Lille st\u00f8rrelse, hurtig afl\u00e6sning, h\u00f8j RF-ydeevne, sikker, fleksibel<\/td>\n<\/tr>\n<tr data-start=\"2890\" data-end=\"3012\">\n<td data-start=\"2890\" data-end=\"2911\" data-col-size=\"sm\">Applikationer<\/td>\n<td data-col-size=\"sm\" data-start=\"2911\" data-end=\"2939\">Typiske brugsscenarier<\/td>\n<td data-col-size=\"md\" data-start=\"2939\" data-end=\"3012\">Markedsf\u00f8ring, autentificering, hyldeforkanter, kort, parring<\/td>\n<\/tr>\n<\/tbody>\n<\/table>\n<\/div>\n<\/div>","protected":false},"excerpt":{"rendered":"<p>NFC-klisterm\u00e6rker med NXP NTAG213\/215\/216\u201413,56 MHz, ISO 14443A, sikre funktioner, NDEF-klar og brugerdefineret udskrivning\/kodning til marketing, godkendelse og events.<\/p>","protected":false},"featured_media":962,"template":"","meta":{"_gspb_post_css":""},"product_brand":[],"product_cat":[29],"product_tag":[],"class_list":{"0":"post-961","1":"product","2":"type-product","3":"status-publish","4":"has-post-thumbnail","6":"product_cat-nfc-tags","8":"first","9":"instock","10":"shipping-taxable","11":"purchasable","12":"product-type-simple"},"_links":{"self":[{"href":"https:\/\/www.cxjsmartcard.com\/da\/wp-json\/wp\/v2\/product\/961","targetHints":{"allow":["GET"]}}],"collection":[{"href":"https:\/\/www.cxjsmartcard.com\/da\/wp-json\/wp\/v2\/product"}],"about":[{"href":"https:\/\/www.cxjsmartcard.com\/da\/wp-json\/wp\/v2\/types\/product"}],"wp:featuredmedia":[{"embeddable":true,"href":"https:\/\/www.cxjsmartcard.com\/da\/wp-json\/wp\/v2\/media\/962"}],"wp:attachment":[{"href":"https:\/\/www.cxjsmartcard.com\/da\/wp-json\/wp\/v2\/media?parent=961"}],"wp:term":[{"taxonomy":"product_brand","embeddable":true,"href":"https:\/\/www.cxjsmartcard.com\/da\/wp-json\/wp\/v2\/product_brand?post=961"},{"taxonomy":"product_cat","embeddable":true,"href":"https:\/\/www.cxjsmartcard.com\/da\/wp-json\/wp\/v2\/product_cat?post=961"},{"taxonomy":"product_tag","embeddable":true,"href":"https:\/\/www.cxjsmartcard.com\/da\/wp-json\/wp\/v2\/product_tag?post=961"}],"curies":[{"name":"wp","href":"https:\/\/api.w.org\/{rel}","templated":true}]}}