{"id":954,"date":"2025-11-03T09:30:20","date_gmt":"2025-11-03T09:30:20","guid":{"rendered":"https:\/\/www.cxjsmartcard.com\/?post_type=product&#038;p=954"},"modified":"2025-12-29T01:27:07","modified_gmt":"2025-12-29T01:27:07","slug":"nxp-mifare-ultralight-ev1-nfc-sticker","status":"publish","type":"product","link":"https:\/\/www.cxjsmartcard.com\/da\/nxp-mifare-ultralight-ev1-nfc-sticker\/","title":{"rendered":"NXP MIFARE Ultralight EV1 NFC-klisterm\u00e6rke"},"content":{"rendered":"<p data-start=\"49\" data-end=\"419\">NFC-klisterm\u00e6rker baseret p\u00e5 MIFARE Ultralight\u00ae EV1 til sikre, hurtige og telefonkompatible tap-oplevelser. Ideel til mobilbetalinger, adgangskontrol, e-billettering, loyalitetssystemer, marketing og produktgodkendelse. Hver tag underst\u00f8tter anti-kollision og har et 7-byte UID, OTP-hukommelse, envejst\u00e6llere, ECC-originalitetssignatur og valgfri adgangskodebeskyttelse.<\/p>\n<p data-start=\"421\" data-end=\"560\"><strong data-start=\"421\" data-end=\"445\">Materialer og trykning<\/strong><br data-start=\"445\" data-end=\"448\" \/>Papir, selvkl\u00e6bende papir, PVC, bl\u00f8d plast eller PET med fuldfarvetryk (logoer, grafik, variable data).<\/p>\n<p data-start=\"562\" data-end=\"655\"><strong data-start=\"562\" data-end=\"586\">St\u00f8rrelser (tilpasses)<\/strong><br data-start=\"586\" data-end=\"589\" \/>\u00d825 mm, 25\u00d725 mm, 30\u00d730 mm, 40\u00d740 mm, 50\u00d750 mm og specialfremstillede former.<\/p>\n<p data-start=\"657\" data-end=\"752\"><strong data-start=\"657\" data-end=\"690\">Kompatible chips (p\u00e5 foresp\u00f8rgsel)<\/strong><br data-start=\"690\" data-end=\"693\" \/>MIFARE Ultralight\u00ae \/ Ultralight\u00ae C \u2022 NTAG\u00ae 203 \/ 213 \/ 216.<\/p>\n<p data-start=\"754\" data-end=\"946\"><strong data-start=\"754\" data-end=\"770\">Applikationer<\/strong><br data-start=\"770\" data-end=\"773\" \/>Kontaktl\u00f8se mobilbetalinger \u2022 Adgangskontrol \u2022 E-billetter og dagskort til events \u2022 Loyalitetsprogrammer og marketingkampagner \u2022 Produktgodkendelse og adgang til digitalt indhold.<\/p>\n<p data-start=\"948\" data-end=\"1144\"><strong data-start=\"948\" data-end=\"964\">Vigtigste fordele<\/strong><br data-start=\"964\" data-end=\"967\" \/>Hurtige transaktioner (&lt;35 ms) \u2022 Sikkert og manipulationssikret design \u2022 Fleksibel integration i billetter, kort og etiketter \u2022 V\u00e6gte til masseudrulninger og milj\u00f8er med h\u00f8j trafik.<\/p>\n<h2 data-start=\"1146\" data-end=\"1171\">Tabel (Specifikationer)<\/h2>\n<div class=\"_tableContainer_1rjym_1\">\n<div class=\"group _tableWrapper_1rjym_13 flex w-fit flex-col-reverse\" tabindex=\"-1\">\n<table class=\"w-fit min-w-(--thread-content-width)\" data-start=\"1173\" data-end=\"2573\">\n<thead data-start=\"1173\" data-end=\"1278\">\n<tr data-start=\"1173\" data-end=\"1278\">\n<th data-start=\"1173\" data-end=\"1191\" data-col-size=\"sm\">Kategori<\/th>\n<th data-start=\"1191\" data-end=\"1214\" data-col-size=\"sm\">Parameter<\/th>\n<th data-start=\"1214\" data-end=\"1278\" data-col-size=\"md\">V\u00e6rdi<\/th>\n<\/tr>\n<\/thead>\n<tbody data-start=\"1385\" data-end=\"2573\">\n<tr data-start=\"1385\" data-end=\"1490\">\n<td data-start=\"1385\" data-end=\"1403\" data-col-size=\"sm\">Produkt<\/td>\n<td data-start=\"1403\" data-end=\"1426\" data-col-size=\"sm\">Type<\/td>\n<td data-start=\"1426\" data-end=\"1490\" data-col-size=\"md\">NFC-klisterm\u00e6rke \/ -etiket<\/td>\n<\/tr>\n<tr data-start=\"1491\" data-end=\"1596\">\n<td data-start=\"1491\" data-end=\"1509\" data-col-size=\"sm\">RF<\/td>\n<td data-start=\"1509\" data-end=\"1532\" data-col-size=\"sm\">Frekvens<\/td>\n<td data-col-size=\"md\" data-start=\"1532\" data-end=\"1596\">13,56 MHz<\/td>\n<\/tr>\n<tr data-start=\"1597\" data-end=\"1702\">\n<td data-start=\"1597\" data-end=\"1616\" data-col-size=\"sm\"><\/td>\n<td data-col-size=\"sm\" data-start=\"1616\" data-end=\"1638\">Protokol<\/td>\n<td data-col-size=\"md\" data-start=\"1638\" data-end=\"1702\">ISO\/IEC 14443 Type A<\/td>\n<\/tr>\n<tr data-start=\"1703\" data-end=\"1808\">\n<td data-start=\"1703\" data-end=\"1721\" data-col-size=\"sm\">IC<\/td>\n<td data-start=\"1721\" data-end=\"1744\" data-col-size=\"sm\">Misligholdelse<\/td>\n<td data-col-size=\"md\" data-start=\"1744\" data-end=\"1808\">MIFARE Ultralight\u00ae EV1<\/td>\n<\/tr>\n<tr data-start=\"1809\" data-end=\"1935\">\n<td data-start=\"1809\" data-end=\"1827\" data-col-size=\"sm\">Sikkerhed<\/td>\n<td data-start=\"1827\" data-end=\"1850\" data-col-size=\"sm\">Funktioner<\/td>\n<td data-col-size=\"md\" data-start=\"1850\" data-end=\"1935\">7-byte UID; OTP; envejst\u00e6llere; ECC-originalitetssignatur; adgangskodebeskyttelse<\/td>\n<\/tr>\n<tr data-start=\"1936\" data-end=\"2041\">\n<td data-start=\"1936\" data-end=\"1954\" data-col-size=\"sm\">Antikollisionsbeskyttelse<\/td>\n<td data-col-size=\"sm\" data-start=\"1954\" data-end=\"1977\">Multi-tag-l\u00e6sninger<\/td>\n<td data-col-size=\"md\" data-start=\"1977\" data-end=\"2041\">Underst\u00f8ttet<\/td>\n<\/tr>\n<tr data-start=\"2042\" data-end=\"2147\">\n<td data-start=\"2042\" data-end=\"2060\" data-col-size=\"sm\">Materialer<\/td>\n<td data-col-size=\"sm\" data-start=\"2060\" data-end=\"2083\">Overflade\/Underlag<\/td>\n<td data-col-size=\"md\" data-start=\"2083\" data-end=\"2147\">Papir, selvkl\u00e6bende papir, PVC, bl\u00f8d plastik, PET<\/td>\n<\/tr>\n<tr data-start=\"2148\" data-end=\"2253\">\n<td data-start=\"2148\" data-end=\"2166\" data-col-size=\"sm\">Dimensioner<\/td>\n<td data-col-size=\"sm\" data-start=\"2166\" data-end=\"2189\">Standardst\u00f8rrelser<\/td>\n<td data-col-size=\"md\" data-start=\"2189\" data-end=\"2253\">\u00d825 mm; 25\u00d725; 30\u00d730; 40\u00d740; 50\u00d750 mm; specialfremstillet<\/td>\n<\/tr>\n<tr data-start=\"2254\" data-end=\"2359\">\n<td data-start=\"2254\" data-end=\"2272\" data-col-size=\"sm\">Trykning<\/td>\n<td data-col-size=\"sm\" data-start=\"2272\" data-end=\"2295\">Metoder<\/td>\n<td data-col-size=\"md\" data-start=\"2295\" data-end=\"2359\">Fuld farve (logoer, grafik, variable data)<\/td>\n<\/tr>\n<tr data-start=\"2360\" data-end=\"2465\">\n<td data-start=\"2360\" data-end=\"2378\" data-col-size=\"sm\">Valgmuligheder<\/td>\n<td data-col-size=\"sm\" data-start=\"2378\" data-end=\"2401\">Alternative chips<\/td>\n<td data-col-size=\"md\" data-start=\"2401\" data-end=\"2465\">Ultralet C; NTAG 203\/213\/216<\/td>\n<\/tr>\n<tr data-start=\"2466\" data-end=\"2573\">\n<td data-start=\"2466\" data-end=\"2484\" data-col-size=\"sm\">Brugsscenarier<\/td>\n<td data-start=\"2484\" data-end=\"2507\" data-col-size=\"sm\">Applikationer<\/td>\n<td data-col-size=\"md\" data-start=\"2507\" data-end=\"2573\">Betalinger, adgang, e-billetter, loyalitetsordning\/markedsf\u00f8ring, godkendelse<\/td>\n<\/tr>\n<\/tbody>\n<\/table>\n<\/div>\n<\/div>","protected":false},"excerpt":{"rendered":"<p>NFC-klisterm\u00e6rker med MIFARE Ultralight EV1\u2014ISO 14443A, hurtige og sikre tryk, anti-kollision og farvestr\u00e5lende ansigter til betalinger, adgang, e-billetter og brandkampagner.<\/p>","protected":false},"featured_media":955,"template":"","meta":{"_gspb_post_css":""},"product_brand":[],"product_cat":[29],"product_tag":[],"class_list":{"0":"post-954","1":"product","2":"type-product","3":"status-publish","4":"has-post-thumbnail","6":"product_cat-nfc-tags","8":"first","9":"instock","10":"shipping-taxable","11":"purchasable","12":"product-type-simple"},"_links":{"self":[{"href":"https:\/\/www.cxjsmartcard.com\/da\/wp-json\/wp\/v2\/product\/954","targetHints":{"allow":["GET"]}}],"collection":[{"href":"https:\/\/www.cxjsmartcard.com\/da\/wp-json\/wp\/v2\/product"}],"about":[{"href":"https:\/\/www.cxjsmartcard.com\/da\/wp-json\/wp\/v2\/types\/product"}],"wp:featuredmedia":[{"embeddable":true,"href":"https:\/\/www.cxjsmartcard.com\/da\/wp-json\/wp\/v2\/media\/955"}],"wp:attachment":[{"href":"https:\/\/www.cxjsmartcard.com\/da\/wp-json\/wp\/v2\/media?parent=954"}],"wp:term":[{"taxonomy":"product_brand","embeddable":true,"href":"https:\/\/www.cxjsmartcard.com\/da\/wp-json\/wp\/v2\/product_brand?post=954"},{"taxonomy":"product_cat","embeddable":true,"href":"https:\/\/www.cxjsmartcard.com\/da\/wp-json\/wp\/v2\/product_cat?post=954"},{"taxonomy":"product_tag","embeddable":true,"href":"https:\/\/www.cxjsmartcard.com\/da\/wp-json\/wp\/v2\/product_tag?post=954"}],"curies":[{"name":"wp","href":"https:\/\/api.w.org\/{rel}","templated":true}]}}