{"id":939,"date":"2025-11-03T09:26:36","date_gmt":"2025-11-03T09:26:36","guid":{"rendered":"https:\/\/www.cxjsmartcard.com\/?post_type=product&#038;p=939"},"modified":"2025-12-29T01:27:07","modified_gmt":"2025-12-29T01:27:07","slug":"uhf-rfid-medical-glass-tube-tags-for-glass-bottle-tracking","status":"publish","type":"product","link":"https:\/\/www.cxjsmartcard.com\/da\/uhf-rfid-medical-glass-tube-tags-for-glass-bottle-tracking\/","title":{"rendered":"UHF RFID medicinske glasr\u00f8rsm\u00e6rker til sporing af glasflasker"},"content":{"rendered":"<p data-start=\"70\" data-end=\"397\">UHF RFID-etiket til farmaceutiske glasflasker, bygget p\u00e5 FM13UF0051E med <strong data-start=\"160\" data-end=\"175\">128-bit EPC<\/strong> hukommelse for hurtig multi-l\u00e6sning. Den coatede papirside er printbar og kombineres med et universalkl\u00e6bemiddel for p\u00e5lidelig p\u00e5f\u00f8ring p\u00e5 t\u00f8rpulverglasbeholdere og h\u00e6tteglas.<\/p>\n<p data-start=\"399\" data-end=\"417\"><strong data-start=\"399\" data-end=\"415\">N\u00f8glefunktioner<\/strong><\/p>\n<ul data-start=\"418\" data-end=\"720\">\n<li data-start=\"418\" data-end=\"459\">\n<p data-start=\"420\" data-end=\"459\">EPC Gen2 \/ ISO\/IEC 18000-6C-kompatibel<\/p>\n<\/li>\n<li data-start=\"460\" data-end=\"536\">\n<p data-start=\"462\" data-end=\"536\">128-bit EPC; optimeret til hurtig afl\u00e6sning, multiafl\u00e6sning og sporbarhed<\/p>\n<\/li>\n<li data-start=\"537\" data-end=\"605\">\n<p data-start=\"539\" data-end=\"605\">Bestr\u00f8get papiroverflade; printbar via termotransfer eller silketryk<\/p>\n<\/li>\n<li data-start=\"606\" data-end=\"674\">\n<p data-start=\"608\" data-end=\"674\">Leveres som selvkl\u00e6bende etiket eller medf\u00f8lgende coated papirkonstruktion<\/p>\n<\/li>\n<li data-start=\"675\" data-end=\"720\">\n<p data-start=\"677\" data-end=\"720\">Tilpassede chip-, st\u00f8rrelses- og overfladematerialer<\/p>\n<\/li>\n<\/ul>\n<p data-start=\"722\" data-end=\"868\"><strong data-start=\"722\" data-end=\"738\">Applikationer<\/strong><br data-start=\"738\" data-end=\"741\" \/>Medicinsk og sundhedsm\u00e6ssig styring \u2022 Farmaceutisk logistik \u2022 Identifikation af medicinflasker \u2022 Sporing af glasflasker med t\u00f8rpulver.<\/p>\n<p data-start=\"870\" data-end=\"987\"><strong data-start=\"870\" data-end=\"898\">Tryk- og datatjenester<\/strong><br data-start=\"898\" data-end=\"901\" \/>Termotransfer og silketryk; EPC-datainitialisering\/kodning underst\u00f8ttes.<\/p>\n<p data-start=\"989\" data-end=\"1068\"><strong data-start=\"989\" data-end=\"1012\">Drift og opbevaring<\/strong><br data-start=\"1012\" data-end=\"1015\" \/>Anvendelse: 0\u201360 \u2103, 20\u201380% RF \u2022 Opbevaring: 20\u201330 \u2103, 20\u201360% RF.<\/p>\n<h2 data-start=\"1070\" data-end=\"1095\">Tabel (Specifikationer)<\/h2>\n<div class=\"_tableContainer_1rjym_1\">\n<div class=\"group _tableWrapper_1rjym_13 flex w-fit flex-col-reverse\" tabindex=\"-1\">\n<table class=\"w-fit min-w-(--thread-content-width)\" data-start=\"1097\" data-end=\"2611\">\n<thead data-start=\"1097\" data-end=\"1190\">\n<tr data-start=\"1097\" data-end=\"1190\">\n<th data-start=\"1097\" data-end=\"1116\" data-col-size=\"sm\">Kategori<\/th>\n<th data-start=\"1116\" data-end=\"1143\" data-col-size=\"sm\">Parameter<\/th>\n<th data-start=\"1143\" data-end=\"1190\" data-col-size=\"md\">V\u00e6rdi<\/th>\n<\/tr>\n<\/thead>\n<tbody data-start=\"1285\" data-end=\"2611\">\n<tr data-start=\"1285\" data-end=\"1383\">\n<td data-start=\"1285\" data-end=\"1304\" data-col-size=\"sm\">Produkt<\/td>\n<td data-start=\"1304\" data-end=\"1331\" data-col-size=\"sm\">Navn<\/td>\n<td data-start=\"1331\" data-end=\"1383\" data-col-size=\"md\">UHF RFID-tag til medicinsk flaske med t\u00f8rt pulver i glas<\/td>\n<\/tr>\n<tr data-start=\"1384\" data-end=\"1477\">\n<td data-start=\"1384\" data-end=\"1403\" data-col-size=\"sm\">IC<\/td>\n<td data-start=\"1403\" data-end=\"1430\" data-col-size=\"sm\">Chip<\/td>\n<td data-col-size=\"md\" data-start=\"1430\" data-end=\"1477\">FM13UF0051E<\/td>\n<\/tr>\n<tr data-start=\"1478\" data-end=\"1571\">\n<td data-start=\"1478\" data-end=\"1497\" data-col-size=\"sm\">Hukommelse<\/td>\n<td data-start=\"1497\" data-end=\"1524\" data-col-size=\"sm\">EPC<\/td>\n<td data-start=\"1524\" data-end=\"1571\" data-col-size=\"md\">128 bit<\/td>\n<\/tr>\n<tr data-start=\"1572\" data-end=\"1666\">\n<td data-start=\"1572\" data-end=\"1591\" data-col-size=\"sm\">RF<\/td>\n<td data-col-size=\"sm\" data-start=\"1591\" data-end=\"1619\">Protokol<\/td>\n<td data-col-size=\"md\" data-start=\"1619\" data-end=\"1666\">ISO\/IEC 18000-6C; EPCglobal Klasse 1 Gen 2<\/td>\n<\/tr>\n<tr data-start=\"1667\" data-end=\"1760\">\n<td data-start=\"1667\" data-end=\"1686\" data-col-size=\"sm\">Formfaktor<\/td>\n<td data-col-size=\"sm\" data-start=\"1686\" data-end=\"1713\">Etiketst\u00f8rrelse<\/td>\n<td data-col-size=\"md\" data-start=\"1713\" data-end=\"1760\">40 \u00d7 20 mm (andre kan tilpasses)<\/td>\n<\/tr>\n<tr data-start=\"1761\" data-end=\"1854\">\n<td data-start=\"1761\" data-end=\"1780\" data-col-size=\"sm\">Ansigtsmateriale<\/td>\n<td data-start=\"1780\" data-end=\"1807\" data-col-size=\"sm\">Etiket ansigt<\/td>\n<td data-start=\"1807\" data-end=\"1854\" data-col-size=\"md\">Bestr\u00f8get papir (printbart)<\/td>\n<\/tr>\n<tr data-start=\"1855\" data-end=\"1953\">\n<td data-start=\"1855\" data-end=\"1874\" data-col-size=\"sm\">Kl\u00e6bemiddel<\/td>\n<td data-start=\"1874\" data-end=\"1901\" data-col-size=\"sm\">Vedh\u00e6ftet fil<\/td>\n<td data-col-size=\"md\" data-start=\"1901\" data-end=\"1953\">Universalkl\u00e6bemiddel \/ indkapslet bestr\u00f8get papir<\/td>\n<\/tr>\n<tr data-start=\"1954\" data-end=\"2047\">\n<td data-start=\"1954\" data-end=\"1973\" data-col-size=\"sm\">Pr\u00e6station<\/td>\n<td data-col-size=\"sm\" data-start=\"1973\" data-end=\"2000\">H\u00f8jdepunkter<\/td>\n<td data-col-size=\"md\" data-start=\"2000\" data-end=\"2047\">Hurtig afl\u00e6sning; multiafl\u00e6sning; sporbarhed<\/td>\n<\/tr>\n<tr data-start=\"2048\" data-end=\"2141\">\n<td data-start=\"2048\" data-end=\"2067\" data-col-size=\"sm\">Personalisering<\/td>\n<td data-col-size=\"sm\" data-start=\"2067\" data-end=\"2094\">Brugerdefinerede indstillinger<\/td>\n<td data-col-size=\"md\" data-start=\"2094\" data-end=\"2141\">Tilpasning af chip\/st\u00f8rrelse\/overflademateriale<\/td>\n<\/tr>\n<tr data-start=\"2142\" data-end=\"2235\">\n<td data-start=\"2142\" data-end=\"2161\" data-col-size=\"sm\">Trykning<\/td>\n<td data-col-size=\"sm\" data-start=\"2161\" data-end=\"2188\">Metoder<\/td>\n<td data-col-size=\"md\" data-start=\"2188\" data-end=\"2235\">Termotransfer; silketryk; specialfremstillet<\/td>\n<\/tr>\n<tr data-start=\"2236\" data-end=\"2329\">\n<td data-start=\"2236\" data-end=\"2255\" data-col-size=\"sm\">Datatjenester<\/td>\n<td data-col-size=\"sm\" data-start=\"2255\" data-end=\"2282\">Initialisering<\/td>\n<td data-col-size=\"md\" data-start=\"2282\" data-end=\"2329\">EPC-kodning<\/td>\n<\/tr>\n<tr data-start=\"2330\" data-end=\"2423\">\n<td data-start=\"2330\" data-end=\"2349\" data-col-size=\"sm\">Milj\u00f8<\/td>\n<td data-start=\"2349\" data-end=\"2376\" data-col-size=\"sm\">Drift<\/td>\n<td data-start=\"2376\" data-end=\"2423\" data-col-size=\"md\">0\u201360 \u2103; 20\u201380% RF<\/td>\n<\/tr>\n<tr data-start=\"2424\" data-end=\"2517\">\n<td data-start=\"2424\" data-end=\"2443\" data-col-size=\"sm\"><\/td>\n<td data-start=\"2443\" data-end=\"2470\" data-col-size=\"sm\">Opbevaring<\/td>\n<td data-col-size=\"md\" data-start=\"2470\" data-end=\"2517\">20\u201330 \u2103; 20\u201360% RF<\/td>\n<\/tr>\n<tr data-start=\"2518\" data-end=\"2611\">\n<td data-start=\"2518\" data-end=\"2537\" data-col-size=\"sm\">Brugsscenarier<\/td>\n<td data-col-size=\"sm\" data-start=\"2537\" data-end=\"2564\">Applikationer<\/td>\n<td data-col-size=\"md\" data-start=\"2564\" data-end=\"2611\">Medicinske, farmaceutiske, medicinflasker<\/td>\n<\/tr>\n<\/tbody>\n<\/table>\n<\/div>\n<\/div>","protected":false},"excerpt":{"rendered":"<p>Printbar UHF RFID-etiket til farmaceutiske glasflasker \u2013 FM13UF0051E med 128-bit EPC, hurtig multil\u00e6sningsydeevne, coated papirforside og kl\u00e6bende fastg\u00f8relse.<\/p>","protected":false},"featured_media":940,"template":"","meta":{"_gspb_post_css":""},"product_brand":[],"product_cat":[31],"product_tag":[],"class_list":{"0":"post-939","1":"product","2":"type-product","3":"status-publish","4":"has-post-thumbnail","6":"product_cat-rfid-sticker-labels","8":"first","9":"instock","10":"shipping-taxable","11":"purchasable","12":"product-type-simple"},"_links":{"self":[{"href":"https:\/\/www.cxjsmartcard.com\/da\/wp-json\/wp\/v2\/product\/939","targetHints":{"allow":["GET"]}}],"collection":[{"href":"https:\/\/www.cxjsmartcard.com\/da\/wp-json\/wp\/v2\/product"}],"about":[{"href":"https:\/\/www.cxjsmartcard.com\/da\/wp-json\/wp\/v2\/types\/product"}],"wp:featuredmedia":[{"embeddable":true,"href":"https:\/\/www.cxjsmartcard.com\/da\/wp-json\/wp\/v2\/media\/940"}],"wp:attachment":[{"href":"https:\/\/www.cxjsmartcard.com\/da\/wp-json\/wp\/v2\/media?parent=939"}],"wp:term":[{"taxonomy":"product_brand","embeddable":true,"href":"https:\/\/www.cxjsmartcard.com\/da\/wp-json\/wp\/v2\/product_brand?post=939"},{"taxonomy":"product_cat","embeddable":true,"href":"https:\/\/www.cxjsmartcard.com\/da\/wp-json\/wp\/v2\/product_cat?post=939"},{"taxonomy":"product_tag","embeddable":true,"href":"https:\/\/www.cxjsmartcard.com\/da\/wp-json\/wp\/v2\/product_tag?post=939"}],"curies":[{"name":"wp","href":"https:\/\/api.w.org\/{rel}","templated":true}]}}