{"id":935,"date":"2025-11-03T09:24:58","date_gmt":"2025-11-03T09:24:58","guid":{"rendered":"https:\/\/www.cxjsmartcard.com\/?post_type=product&#038;p=935"},"modified":"2025-12-29T01:27:07","modified_gmt":"2025-12-29T01:27:07","slug":"uhf-rfid-label-for-logistics-warehouse-management","status":"publish","type":"product","link":"https:\/\/www.cxjsmartcard.com\/da\/uhf-rfid-label-for-logistics-warehouse-management\/","title":{"rendered":"UHF RFID-m\u00e6rke til logistik og lagerstyring"},"content":{"rendered":"<p data-start=\"63\" data-end=\"390\">Storformat UHF RFID-logistiketiketter til hurtig og p\u00e5lidelig scanning af flere l\u00e6sninger p\u00e5 tv\u00e6rs af paller, kartoner og hylder. Bygget p\u00e5 NXP UCODE 9 og tilg\u00e6ngelig med termisk papir, PET- eller PP-forside, underst\u00f8tter den store print-\/kodningsworkflows og b\u00e5ndfri print, hvor det er n\u00f8dvendigt.<\/p>\n<p data-start=\"392\" data-end=\"410\"><strong data-start=\"392\" data-end=\"408\">N\u00f8glefunktioner<\/strong><\/p>\n<ul data-start=\"411\" data-end=\"673\">\n<li data-start=\"411\" data-end=\"452\">\n<p data-start=\"413\" data-end=\"452\">EPC Gen2 \/ ISO\/IEC 18000-6C-kompatibel<\/p>\n<\/li>\n<li data-start=\"453\" data-end=\"523\">\n<p data-start=\"455\" data-end=\"523\">UCODE 9-ydeevne: hurtig lageropg\u00f8relse, masseafl\u00e6sninger og sporbarhed<\/p>\n<\/li>\n<li data-start=\"524\" data-end=\"602\">\n<p data-start=\"526\" data-end=\"602\">Printklare overflader: termopapir, coated papir, PET, PP syntetisk papir<\/p>\n<\/li>\n<li data-start=\"603\" data-end=\"673\">\n<p data-start=\"605\" data-end=\"673\">Brugerdefinerede st\u00f8rrelser og antennelayouts; datainitialisering (EPC-kodning)<\/p>\n<\/li>\n<\/ul>\n<p data-start=\"675\" data-end=\"836\"><strong data-start=\"675\" data-end=\"691\">Applikationer<\/strong><br data-start=\"691\" data-end=\"694\" \/>Lager- og DC-m\u00e6rkning \u2022 Paller, kasser og beholdere \u2022 Cross-docking og lagring \u2022 Forsendelsesetiketter, hvor installation af b\u00e5nd er ubelejlig.<\/p>\n<p data-start=\"838\" data-end=\"966\"><strong data-start=\"838\" data-end=\"861\">Udskrivning og kodning<\/strong><br data-start=\"861\" data-end=\"864\" \/>Termotransfer, silketryk og anden specialtrykning med EPC-forkodning til n\u00f8glef\u00e6rdig implementering.<\/p>\n<h2 data-start=\"968\" data-end=\"993\">Tabel (Specifikationer)<\/h2>\n<div class=\"_tableContainer_1rjym_1\">\n<div class=\"group _tableWrapper_1rjym_13 flex w-fit flex-col-reverse\" tabindex=\"-1\">\n<table class=\"w-fit min-w-(--thread-content-width)\" data-start=\"995\" data-end=\"2418\">\n<thead data-start=\"995\" data-end=\"1087\">\n<tr data-start=\"995\" data-end=\"1087\">\n<th data-start=\"995\" data-end=\"1014\" data-col-size=\"sm\">Kategori<\/th>\n<th data-start=\"1014\" data-end=\"1040\" data-col-size=\"sm\">Parameter<\/th>\n<th data-start=\"1040\" data-end=\"1087\" data-col-size=\"md\">V\u00e6rdi<\/th>\n<\/tr>\n<\/thead>\n<tbody data-start=\"1181\" data-end=\"2418\">\n<tr data-start=\"1181\" data-end=\"1289\">\n<td data-start=\"1181\" data-end=\"1200\" data-col-size=\"sm\">Produkt<\/td>\n<td data-start=\"1200\" data-end=\"1226\" data-col-size=\"sm\">Navn<\/td>\n<td data-col-size=\"md\" data-start=\"1226\" data-end=\"1289\">UHF RFID-m\u00e6rkat til logistik og lagerstyring<\/td>\n<\/tr>\n<tr data-start=\"1290\" data-end=\"1382\">\n<td data-start=\"1290\" data-end=\"1309\" data-col-size=\"sm\">IC<\/td>\n<td data-col-size=\"sm\" data-start=\"1309\" data-end=\"1335\">Chip<\/td>\n<td data-col-size=\"md\" data-start=\"1335\" data-end=\"1382\">NXP UCODE 9 (tilpasses)<\/td>\n<\/tr>\n<tr data-start=\"1383\" data-end=\"1475\">\n<td data-start=\"1383\" data-end=\"1402\" data-col-size=\"sm\">RF<\/td>\n<td data-start=\"1402\" data-end=\"1428\" data-col-size=\"sm\">Protokol<\/td>\n<td data-col-size=\"md\" data-start=\"1428\" data-end=\"1475\">ISO\/IEC 18000-6C; EPCglobal Klasse 1 Gen 2<\/td>\n<\/tr>\n<tr data-start=\"1476\" data-end=\"1568\">\n<td data-start=\"1476\" data-end=\"1495\" data-col-size=\"sm\">Hukommelse<\/td>\n<td data-start=\"1495\" data-end=\"1521\" data-col-size=\"sm\">TID \/ EPC \/ Bruger<\/td>\n<td data-col-size=\"md\" data-start=\"1521\" data-end=\"1568\">96 bit \/ 96 bit \/ 0 bit<\/td>\n<\/tr>\n<tr data-start=\"1569\" data-end=\"1661\">\n<td data-start=\"1569\" data-end=\"1588\" data-col-size=\"sm\">M\u00e6rke<\/td>\n<td data-col-size=\"sm\" data-start=\"1588\" data-end=\"1614\">St\u00f8rrelse<\/td>\n<td data-col-size=\"md\" data-start=\"1614\" data-end=\"1661\">152 \u00d7 101 mm (andre st\u00f8rrelser tilg\u00e6ngelige)<\/td>\n<\/tr>\n<tr data-start=\"1662\" data-end=\"1754\">\n<td data-start=\"1662\" data-end=\"1681\" data-col-size=\"sm\">Antenne<\/td>\n<td data-col-size=\"sm\" data-start=\"1681\" data-end=\"1707\">St\u00f8rrelse<\/td>\n<td data-col-size=\"md\" data-start=\"1707\" data-end=\"1754\">94,8 \u00d7 8,14 mm (referencedesign)<\/td>\n<\/tr>\n<tr data-start=\"1755\" data-end=\"1856\">\n<td data-start=\"1755\" data-end=\"1774\" data-col-size=\"sm\">Ansigtsmaterialer<\/td>\n<td data-col-size=\"sm\" data-start=\"1774\" data-end=\"1800\">Valgmuligheder<\/td>\n<td data-col-size=\"md\" data-start=\"1800\" data-end=\"1856\">Termopapir; bestr\u00f8get papir; PET; PP syntetisk papir<\/td>\n<\/tr>\n<tr data-start=\"1857\" data-end=\"1949\">\n<td data-start=\"1857\" data-end=\"1876\" data-col-size=\"sm\">Trykning<\/td>\n<td data-col-size=\"sm\" data-start=\"1876\" data-end=\"1902\">Metoder<\/td>\n<td data-col-size=\"md\" data-start=\"1902\" data-end=\"1949\">Termotransfer; silketryk; specialfremstillet<\/td>\n<\/tr>\n<tr data-start=\"1950\" data-end=\"2043\">\n<td data-start=\"1950\" data-end=\"1969\" data-col-size=\"sm\">Datatjenester<\/td>\n<td data-start=\"1969\" data-end=\"1995\" data-col-size=\"sm\">Initialisering<\/td>\n<td data-col-size=\"md\" data-start=\"1995\" data-end=\"2043\">EPC-kodning<\/td>\n<\/tr>\n<tr data-start=\"2044\" data-end=\"2137\">\n<td data-start=\"2044\" data-end=\"2063\" data-col-size=\"sm\">Milj\u00f8<\/td>\n<td data-col-size=\"sm\" data-start=\"2063\" data-end=\"2089\">Drift<\/td>\n<td data-col-size=\"md\" data-start=\"2089\" data-end=\"2137\">0\u201360 \u2103; 20\u201380% RF<\/td>\n<\/tr>\n<tr data-start=\"2138\" data-end=\"2231\">\n<td data-start=\"2138\" data-end=\"2157\" data-col-size=\"sm\"><\/td>\n<td data-start=\"2157\" data-end=\"2183\" data-col-size=\"sm\">Opbevaring<\/td>\n<td data-col-size=\"md\" data-start=\"2183\" data-end=\"2231\">20\u201330 \u2103; 20\u201360% RF<\/td>\n<\/tr>\n<tr data-start=\"2232\" data-end=\"2324\">\n<td data-start=\"2232\" data-end=\"2251\" data-col-size=\"sm\">Fordele<\/td>\n<td data-col-size=\"sm\" data-start=\"2251\" data-end=\"2277\">H\u00f8jdepunkter<\/td>\n<td data-col-size=\"md\" data-start=\"2277\" data-end=\"2324\">Hurtig afl\u00e6sning; multiafl\u00e6sning; sporbarhed<\/td>\n<\/tr>\n<tr data-start=\"2325\" data-end=\"2418\">\n<td data-start=\"2325\" data-end=\"2344\" data-col-size=\"sm\">Brugsscenarier<\/td>\n<td data-col-size=\"sm\" data-start=\"2344\" data-end=\"2370\">Typiske anvendelser<\/td>\n<td data-col-size=\"md\" data-start=\"2370\" data-end=\"2418\">Logistik, lager, b\u00e5ndfri trykning<\/td>\n<\/tr>\n<\/tbody>\n<\/table>\n<\/div>\n<\/div>","protected":false},"excerpt":{"rendered":"<p>Stor UHF RFID-logistiketiket med UCODE 9 til hurtig og pr\u00e6cis multil\u00e6sning. 152\u00d7101 mm format, termiske\/PET\/PP-flader og EPC-kodning til opbevaring af store m\u00e6ngder.<\/p>","protected":false},"featured_media":936,"template":"","meta":{"_gspb_post_css":""},"product_brand":[],"product_cat":[31],"product_tag":[],"class_list":{"0":"post-935","1":"product","2":"type-product","3":"status-publish","4":"has-post-thumbnail","6":"product_cat-rfid-sticker-labels","8":"first","9":"instock","10":"shipping-taxable","11":"purchasable","12":"product-type-simple"},"_links":{"self":[{"href":"https:\/\/www.cxjsmartcard.com\/da\/wp-json\/wp\/v2\/product\/935","targetHints":{"allow":["GET"]}}],"collection":[{"href":"https:\/\/www.cxjsmartcard.com\/da\/wp-json\/wp\/v2\/product"}],"about":[{"href":"https:\/\/www.cxjsmartcard.com\/da\/wp-json\/wp\/v2\/types\/product"}],"wp:featuredmedia":[{"embeddable":true,"href":"https:\/\/www.cxjsmartcard.com\/da\/wp-json\/wp\/v2\/media\/936"}],"wp:attachment":[{"href":"https:\/\/www.cxjsmartcard.com\/da\/wp-json\/wp\/v2\/media?parent=935"}],"wp:term":[{"taxonomy":"product_brand","embeddable":true,"href":"https:\/\/www.cxjsmartcard.com\/da\/wp-json\/wp\/v2\/product_brand?post=935"},{"taxonomy":"product_cat","embeddable":true,"href":"https:\/\/www.cxjsmartcard.com\/da\/wp-json\/wp\/v2\/product_cat?post=935"},{"taxonomy":"product_tag","embeddable":true,"href":"https:\/\/www.cxjsmartcard.com\/da\/wp-json\/wp\/v2\/product_tag?post=935"}],"curies":[{"name":"wp","href":"https:\/\/api.w.org\/{rel}","templated":true}]}}