{"id":930,"date":"2025-11-03T09:22:49","date_gmt":"2025-11-03T09:22:49","guid":{"rendered":"https:\/\/www.cxjsmartcard.com\/?post_type=product&#038;p=930"},"modified":"2025-12-29T01:27:07","modified_gmt":"2025-12-29T01:27:07","slug":"uv-resistant-rfid-zip-cable-ties-self-locking","status":"publish","type":"product","link":"https:\/\/www.cxjsmartcard.com\/da\/uv-resistant-rfid-zip-cable-ties-self-locking\/","title":{"rendered":"UV-bestandige RFID-kabelbindere med lynl\u00e5s (selvl\u00e5sende)"},"content":{"rendered":"<p data-start=\"59\" data-end=\"334\">Selvl\u00e5sende RFID-kabelbindere, der kombinerer en manipulationssikret forsegling med UHF- og NFC-identifikation. Det UV- og vejrbestandige ABS\/PP-kabinet er IP68-klassificeret til udend\u00f8rs brug, mens den indlejrede chip underst\u00f8tter hurtig scanning af aktiver, containere og kabelbundter.<\/p>\n<p data-start=\"336\" data-end=\"354\"><strong data-start=\"336\" data-end=\"352\">N\u00f8glefunktioner<\/strong><\/p>\n<ul data-start=\"355\" data-end=\"676\">\n<li data-start=\"355\" data-end=\"420\">\n<p data-start=\"357\" data-end=\"420\">Dobbelte RF-muligheder: UHF 860-960 MHz (EPC C1G2) og NFC 13,56 MHz<\/p>\n<\/li>\n<li data-start=\"421\" data-end=\"474\">\n<p data-start=\"423\" data-end=\"474\">Sikkerhedssikret forsegling med ultralydsindkapsling<\/p>\n<\/li>\n<li data-start=\"475\" data-end=\"530\">\n<p data-start=\"477\" data-end=\"530\">2\u20135 m UHF-l\u00e6ser\u00e6kkevidde (afh\u00e6ngig af milj\u00f8\/l\u00e6ser)<\/p>\n<\/li>\n<li data-start=\"531\" data-end=\"601\">\n<p data-start=\"533\" data-end=\"601\">Holdbar: brand- og syrebestandig; anti-aging; UV- og vejrbestandig<\/p>\n<\/li>\n<li data-start=\"602\" data-end=\"676\">\n<p data-start=\"604\" data-end=\"676\">Kan tilpasses: tryk\/laserm\u00e6rkning, QR\/stregkode\/nummerering, EPC-kodning<\/p>\n<\/li>\n<\/ul>\n<p data-start=\"678\" data-end=\"809\"><strong data-start=\"678\" data-end=\"694\">Applikationer<\/strong><br data-start=\"694\" data-end=\"697\" \/>\u2022 Gastanke og -containere \u2022 Kabel-\/ledningsh\u00e5ndtering \u2022 Bundling af t\u00f8j og tekstiler \u2022 Sporing af aktiver og logistik.<\/p>\n<p data-start=\"811\" data-end=\"961\"><strong data-start=\"811\" data-end=\"827\">Installation<\/strong><br data-start=\"827\" data-end=\"830\" \/>Tr\u00e6k b\u00e5ndet gennem genstanden og tr\u00e6k for at l\u00e5se. Brug den indbyggede rille til at oph\u00e6nge eller bundte efter behov for at identificere det ved oph\u00e6ngning.<\/p>\n<h2 data-start=\"963\" data-end=\"988\">Tabel (Specifikationer)<\/h2>\n<div class=\"_tableContainer_1rjym_1\">\n<div class=\"group _tableWrapper_1rjym_13 flex w-fit flex-col-reverse\" tabindex=\"-1\">\n<table class=\"w-fit min-w-(--thread-content-width)\" data-start=\"990\" data-end=\"3617\">\n<thead data-start=\"990\" data-end=\"1103\">\n<tr data-start=\"990\" data-end=\"1103\">\n<th data-start=\"990\" data-end=\"1014\" data-col-size=\"sm\">Kategori<\/th>\n<th data-start=\"1014\" data-end=\"1042\" data-col-size=\"sm\">Parameter<\/th>\n<th data-start=\"1042\" data-end=\"1103\" data-col-size=\"md\">V\u00e6rdi<\/th>\n<\/tr>\n<\/thead>\n<tbody data-start=\"1218\" data-end=\"3617\">\n<tr data-start=\"1218\" data-end=\"1331\">\n<td data-start=\"1218\" data-end=\"1242\" data-col-size=\"sm\">Produkt<\/td>\n<td data-start=\"1242\" data-end=\"1270\" data-col-size=\"sm\">Type<\/td>\n<td data-start=\"1270\" data-end=\"1331\" data-col-size=\"md\">RFID-sl\u00f8jfe \/ forseglingsm\u00e6rke<\/td>\n<\/tr>\n<tr data-start=\"1332\" data-end=\"1445\">\n<td data-start=\"1332\" data-end=\"1356\" data-col-size=\"sm\">Boliger<\/td>\n<td data-start=\"1356\" data-end=\"1384\" data-col-size=\"sm\">St\u00f8rrelse<\/td>\n<td data-start=\"1384\" data-end=\"1445\" data-col-size=\"md\">88 \u00d7 28 mm<\/td>\n<\/tr>\n<tr data-start=\"1446\" data-end=\"1559\">\n<td data-start=\"1446\" data-end=\"1470\" data-col-size=\"sm\">Kabelbinder<\/td>\n<td data-col-size=\"sm\" data-start=\"1470\" data-end=\"1498\">L\u00e6ngde<\/td>\n<td data-col-size=\"md\" data-start=\"1498\" data-end=\"1559\">300 mm<\/td>\n<\/tr>\n<tr data-start=\"1560\" data-end=\"1673\">\n<td data-start=\"1560\" data-end=\"1584\" data-col-size=\"sm\">Materialer<\/td>\n<td data-start=\"1584\" data-end=\"1612\" data-col-size=\"sm\">Legeme<\/td>\n<td data-start=\"1612\" data-end=\"1673\" data-col-size=\"md\">ABS \/ PP<\/td>\n<\/tr>\n<tr data-start=\"1674\" data-end=\"1787\">\n<td data-start=\"1674\" data-end=\"1698\" data-col-size=\"sm\">V\u00e6gt<\/td>\n<td data-col-size=\"sm\" data-start=\"1698\" data-end=\"1726\">Ca.<\/td>\n<td data-col-size=\"md\" data-start=\"1726\" data-end=\"1787\">5 g<\/td>\n<\/tr>\n<tr data-start=\"1788\" data-end=\"1901\">\n<td data-start=\"1788\" data-end=\"1812\" data-col-size=\"sm\">Farver<\/td>\n<td data-start=\"1812\" data-end=\"1840\" data-col-size=\"sm\">Valgmuligheder<\/td>\n<td data-col-size=\"md\" data-start=\"1840\" data-end=\"1901\">Sort, Bl\u00e5, R\u00f8d, Gul<\/td>\n<\/tr>\n<tr data-start=\"1902\" data-end=\"2015\">\n<td data-start=\"1902\" data-end=\"1926\" data-col-size=\"sm\">RF (UHF)<\/td>\n<td data-col-size=\"sm\" data-start=\"1926\" data-end=\"1954\">Frekvens \/ Protokol<\/td>\n<td data-col-size=\"md\" data-start=\"1954\" data-end=\"2015\">860\u2013960 MHz; ISO\/IEC 18000-6C, EPC Klasse 1 Gen 2<\/td>\n<\/tr>\n<tr data-start=\"2016\" data-end=\"2129\">\n<td data-start=\"2016\" data-end=\"2040\" data-col-size=\"sm\">RF (NFC)<\/td>\n<td data-col-size=\"sm\" data-start=\"2040\" data-end=\"2068\">Frekvens \/ Protokol<\/td>\n<td data-col-size=\"md\" data-start=\"2068\" data-end=\"2129\">13,56 MHz; ISO\/IEC 14443\/15693 (chipafh\u00e6ngig)<\/td>\n<\/tr>\n<tr data-start=\"2130\" data-end=\"2247\">\n<td data-start=\"2130\" data-end=\"2154\" data-col-size=\"sm\">IC-muligheder<\/td>\n<td data-start=\"2154\" data-end=\"2182\" data-col-size=\"sm\">Chips<\/td>\n<td data-col-size=\"md\" data-start=\"2182\" data-end=\"2247\">UCODE 9 (standard); NTAG213\/215\/216; Alien H3\/H4; Impinj Monza<\/td>\n<\/tr>\n<tr data-start=\"2248\" data-end=\"2361\">\n<td data-start=\"2248\" data-end=\"2272\" data-col-size=\"sm\">Hukommelse<\/td>\n<td data-col-size=\"sm\" data-start=\"2272\" data-end=\"2300\">EPC (UHF)<\/td>\n<td data-col-size=\"md\" data-start=\"2300\" data-end=\"2361\">128 bit<\/td>\n<\/tr>\n<tr data-start=\"2362\" data-end=\"2475\">\n<td data-start=\"2362\" data-end=\"2386\" data-col-size=\"sm\">Pr\u00e6station<\/td>\n<td data-start=\"2386\" data-end=\"2414\" data-col-size=\"sm\">L\u00e6seomr\u00e5de (UHF)<\/td>\n<td data-col-size=\"md\" data-start=\"2414\" data-end=\"2475\">2\u20135 m (afh\u00e6ngig af l\u00e6ser\/milj\u00f8)<\/td>\n<\/tr>\n<tr data-start=\"2476\" data-end=\"2589\">\n<td data-start=\"2476\" data-end=\"2500\" data-col-size=\"sm\">P\u00e5lidelighed<\/td>\n<td data-col-size=\"sm\" data-start=\"2500\" data-end=\"2528\">Dataopbevaring<\/td>\n<td data-col-size=\"md\" data-start=\"2528\" data-end=\"2589\">&gt;10 \u00e5r<\/td>\n<\/tr>\n<tr data-start=\"2590\" data-end=\"2703\">\n<td data-start=\"2590\" data-end=\"2614\" data-col-size=\"sm\">Udholdenhed<\/td>\n<td data-col-size=\"sm\" data-start=\"2614\" data-end=\"2642\">Omskrivninger<\/td>\n<td data-col-size=\"md\" data-start=\"2642\" data-end=\"2703\">100.000 gange<\/td>\n<\/tr>\n<tr data-start=\"2704\" data-end=\"2817\">\n<td data-start=\"2704\" data-end=\"2728\" data-col-size=\"sm\">Beskyttelse<\/td>\n<td data-col-size=\"sm\" data-start=\"2728\" data-end=\"2756\">Vandt\u00e6thedsklassificering<\/td>\n<td data-col-size=\"md\" data-start=\"2756\" data-end=\"2817\">IP68<\/td>\n<\/tr>\n<tr data-start=\"2818\" data-end=\"2931\">\n<td data-start=\"2818\" data-end=\"2842\" data-col-size=\"sm\">Milj\u00f8<\/td>\n<td data-start=\"2842\" data-end=\"2870\" data-col-size=\"sm\">Driftstemperatur<\/td>\n<td data-col-size=\"md\" data-start=\"2870\" data-end=\"2931\">\u221220 \u2103 til +80 \u2103<\/td>\n<\/tr>\n<tr data-start=\"2932\" data-end=\"3045\">\n<td data-start=\"2932\" data-end=\"2956\" data-col-size=\"sm\">Forarbejdning<\/td>\n<td data-col-size=\"sm\" data-start=\"2956\" data-end=\"2984\">Indkapsling<\/td>\n<td data-col-size=\"md\" data-start=\"2984\" data-end=\"3045\">Ultralyd<\/td>\n<\/tr>\n<tr data-start=\"3046\" data-end=\"3159\">\n<td data-start=\"3046\" data-end=\"3070\" data-col-size=\"sm\">Overholdelse<\/td>\n<td data-col-size=\"sm\" data-start=\"3070\" data-end=\"3098\">Milj\u00f8standarder<\/td>\n<td data-col-size=\"md\" data-start=\"3098\" data-end=\"3159\">RoHS-kompatibel<\/td>\n<\/tr>\n<tr data-start=\"3160\" data-end=\"3273\">\n<td data-start=\"3160\" data-end=\"3184\" data-col-size=\"sm\">Personalisering<\/td>\n<td data-col-size=\"sm\" data-start=\"3184\" data-end=\"3212\">Trykning\/m\u00e6rkning<\/td>\n<td data-col-size=\"md\" data-start=\"3212\" data-end=\"3273\">Logo, tekst, QR, stregkode, serienummer; EPC\/dataskrivning<\/td>\n<\/tr>\n<tr data-start=\"3274\" data-end=\"3387\">\n<td data-start=\"3274\" data-end=\"3298\" data-col-size=\"sm\">Montering<\/td>\n<td data-col-size=\"sm\" data-start=\"3298\" data-end=\"3326\">Metoder<\/td>\n<td data-col-size=\"md\" data-start=\"3326\" data-end=\"3387\">Bundtl\u00e5sning eller oph\u00e6ngning<\/td>\n<\/tr>\n<tr data-start=\"3388\" data-end=\"3501\">\n<td data-start=\"3388\" data-end=\"3412\" data-col-size=\"sm\">Levetid<\/td>\n<td data-col-size=\"sm\" data-start=\"3412\" data-end=\"3440\">Typisk<\/td>\n<td data-col-size=\"md\" data-start=\"3440\" data-end=\"3501\">&gt;2 \u00e5r<\/td>\n<\/tr>\n<tr data-start=\"3502\" data-end=\"3617\">\n<td data-start=\"3502\" data-end=\"3526\" data-col-size=\"sm\">N\u00f8gleattributter<\/td>\n<td data-col-size=\"sm\" data-start=\"3526\" data-end=\"3554\">Holdbarhed<\/td>\n<td data-col-size=\"md\" data-start=\"3554\" data-end=\"3617\">UV-bestandig; st\u00f8vt\u00e6t; brand- og syrebestandig; anti-aging<\/td>\n<\/tr>\n<\/tbody>\n<\/table>\n<\/div>\n<\/div>","protected":false},"excerpt":{"rendered":"<p>UV-resistent RFID-kabelforsegling med IP68-beskyttelse \u2013 UHF- og NFC-muligheder, 2-5 m afl\u00e6sning, manipulationssikret design og brugerdefineret udskrivning til aktiver, containere og kabelbundter.<\/p>","protected":false},"featured_media":933,"template":"","meta":{"_gspb_post_css":""},"product_brand":[],"product_cat":[31],"product_tag":[],"class_list":{"0":"post-930","1":"product","2":"type-product","3":"status-publish","4":"has-post-thumbnail","6":"product_cat-rfid-sticker-labels","8":"first","9":"instock","10":"shipping-taxable","11":"purchasable","12":"product-type-simple"},"_links":{"self":[{"href":"https:\/\/www.cxjsmartcard.com\/da\/wp-json\/wp\/v2\/product\/930","targetHints":{"allow":["GET"]}}],"collection":[{"href":"https:\/\/www.cxjsmartcard.com\/da\/wp-json\/wp\/v2\/product"}],"about":[{"href":"https:\/\/www.cxjsmartcard.com\/da\/wp-json\/wp\/v2\/types\/product"}],"wp:featuredmedia":[{"embeddable":true,"href":"https:\/\/www.cxjsmartcard.com\/da\/wp-json\/wp\/v2\/media\/933"}],"wp:attachment":[{"href":"https:\/\/www.cxjsmartcard.com\/da\/wp-json\/wp\/v2\/media?parent=930"}],"wp:term":[{"taxonomy":"product_brand","embeddable":true,"href":"https:\/\/www.cxjsmartcard.com\/da\/wp-json\/wp\/v2\/product_brand?post=930"},{"taxonomy":"product_cat","embeddable":true,"href":"https:\/\/www.cxjsmartcard.com\/da\/wp-json\/wp\/v2\/product_cat?post=930"},{"taxonomy":"product_tag","embeddable":true,"href":"https:\/\/www.cxjsmartcard.com\/da\/wp-json\/wp\/v2\/product_tag?post=930"}],"curies":[{"name":"wp","href":"https:\/\/api.w.org\/{rel}","templated":true}]}}