{"id":926,"date":"2025-11-03T09:20:40","date_gmt":"2025-11-03T09:20:40","guid":{"rendered":"https:\/\/www.cxjsmartcard.com\/?post_type=product&#038;p=926"},"modified":"2025-12-29T01:27:07","modified_gmt":"2025-12-29T01:27:07","slug":"rfid-jeans-hang-tag-860-960-mhz","status":"publish","type":"product","link":"https:\/\/www.cxjsmartcard.com\/da\/rfid-jeans-hang-tag-860-960-mhz\/","title":{"rendered":"RFID Jeans-h\u00e6ngem\u00e6rke (860-960 MHz)"},"content":{"rendered":"<p data-start=\"45\" data-end=\"330\">Brugerdefinerede UHF RFID-h\u00e6ngem\u00e6rker til jeans og t\u00f8j med hurtig multi-l\u00e6sning af EPC Gen2-ydeevne. Disse m\u00e6rker er bygget til bekl\u00e6dningslager, forsyningsk\u00e6der og detailhandel og underst\u00f8tter 128-bit EPC-kodning og brandbare overfladematerialer til problemfri arbejdsgange i butikker og p\u00e5 lager.<\/p>\n<p data-start=\"332\" data-end=\"350\"><strong data-start=\"332\" data-end=\"348\">N\u00f8glefunktioner<\/strong><\/p>\n<ul data-start=\"351\" data-end=\"869\">\n<li data-start=\"351\" data-end=\"414\">\n<p data-start=\"353\" data-end=\"414\"><strong data-start=\"353\" data-end=\"370\">UHF-standard:<\/strong> ISO\/IEC 18000-6C, EPCglobal Klasse 1 Gen 2<\/p>\n<\/li>\n<li data-start=\"415\" data-end=\"453\">\n<p data-start=\"417\" data-end=\"453\"><strong data-start=\"417\" data-end=\"427\">Chips:<\/strong> M730, U9 (tilpasses)<\/p>\n<\/li>\n<li data-start=\"454\" data-end=\"557\">\n<p data-start=\"456\" data-end=\"557\"><strong data-start=\"456\" data-end=\"477\">L\u00e6s ydeevne:<\/strong> Hurtig afl\u00e6sning og p\u00e5lidelig afl\u00e6sning af flere tags; underst\u00f8tter sporbarhed fra start til slut<\/p>\n<\/li>\n<li data-start=\"558\" data-end=\"626\">\n<p data-start=\"560\" data-end=\"626\"><strong data-start=\"560\" data-end=\"576\">Formfaktor:<\/strong> 83 \u00d7 25 mm etiket med 70 \u00d7 14 mm &quot;b\u00e6lte&quot;-antenne<\/p>\n<\/li>\n<li data-start=\"627\" data-end=\"713\">\n<p data-start=\"629\" data-end=\"713\"><strong data-start=\"629\" data-end=\"648\">Ansigtsmaterialer:<\/strong> Kunstpapir, PET, PP syntetisk papir; andre materialer p\u00e5 foresp\u00f8rgsel<\/p>\n<\/li>\n<li data-start=\"714\" data-end=\"803\">\n<p data-start=\"716\" data-end=\"803\"><strong data-start=\"716\" data-end=\"729\">Trykning:<\/strong> Termotransfer, silketryk og specialtryk (logo\/tekst\/grafik)<\/p>\n<\/li>\n<li data-start=\"804\" data-end=\"869\">\n<p data-start=\"806\" data-end=\"869\"><strong data-start=\"806\" data-end=\"824\">Datatjenester:<\/strong> EPC-kodning \/ datainitialisering tilg\u00e6ngelig<\/p>\n<\/li>\n<\/ul>\n<p data-start=\"871\" data-end=\"982\"><strong data-start=\"871\" data-end=\"887\">Applikationer<\/strong><br data-start=\"887\" data-end=\"890\" \/>Lagerstyring af t\u00f8j og fodt\u00f8j \u2022 Forsyningsk\u00e6de for t\u00f8j \u2022 Detailhandel med bekl\u00e6dningsgenstande.<\/p>\n<p data-start=\"984\" data-end=\"1073\"><strong data-start=\"984\" data-end=\"1007\">Drift og opbevaring<\/strong><br data-start=\"1007\" data-end=\"1010\" \/>Drift: 0\u201360 \u2103 ved 20\u201380% RF \u2022 Opbevaring: 20\u201330 \u2103 ved 20\u201360% RF.<\/p>\n<h2 data-start=\"1075\" data-end=\"1100\">Tabel (Specifikationer)<\/h2>\n<div class=\"_tableContainer_1rjym_1\">\n<div class=\"group _tableWrapper_1rjym_13 flex w-fit flex-col-reverse\" tabindex=\"-1\">\n<table class=\"w-fit min-w-(--thread-content-width)\" data-start=\"1102\" data-end=\"2831\">\n<thead data-start=\"1102\" data-end=\"1209\">\n<tr data-start=\"1102\" data-end=\"1209\">\n<th data-start=\"1102\" data-end=\"1120\" data-col-size=\"sm\">Kategori<\/th>\n<th data-start=\"1120\" data-end=\"1148\" data-col-size=\"sm\">Parameter<\/th>\n<th data-start=\"1148\" data-end=\"1209\" data-col-size=\"md\">V\u00e6rdi<\/th>\n<\/tr>\n<\/thead>\n<tbody data-start=\"1318\" data-end=\"2831\">\n<tr data-start=\"1318\" data-end=\"1425\">\n<td data-start=\"1318\" data-end=\"1336\" data-col-size=\"sm\">Produkt<\/td>\n<td data-col-size=\"sm\" data-start=\"1336\" data-end=\"1364\">Navn<\/td>\n<td data-col-size=\"md\" data-start=\"1364\" data-end=\"1425\">RFID-h\u00e6ngem\u00e6rker til t\u00f8jsporing<\/td>\n<\/tr>\n<tr data-start=\"1426\" data-end=\"1533\">\n<td data-start=\"1426\" data-end=\"1444\" data-col-size=\"sm\">RF<\/td>\n<td data-start=\"1444\" data-end=\"1472\" data-col-size=\"sm\">Frekvens<\/td>\n<td data-col-size=\"md\" data-start=\"1472\" data-end=\"1533\">860\u2013960 MHz (UHF)<\/td>\n<\/tr>\n<tr data-start=\"1534\" data-end=\"1641\">\n<td data-start=\"1534\" data-end=\"1552\" data-col-size=\"sm\"><\/td>\n<td data-start=\"1552\" data-end=\"1580\" data-col-size=\"sm\">Protokol<\/td>\n<td data-col-size=\"md\" data-start=\"1580\" data-end=\"1641\">ISO\/IEC 18000-6C; EPCglobal Klasse 1 Gen 2<\/td>\n<\/tr>\n<tr data-start=\"1642\" data-end=\"1749\">\n<td data-start=\"1642\" data-end=\"1660\" data-col-size=\"sm\">IC-muligheder<\/td>\n<td data-start=\"1660\" data-end=\"1688\" data-col-size=\"sm\">Chip<\/td>\n<td data-col-size=\"md\" data-start=\"1688\" data-end=\"1749\">M730; U9 (andre kan tilpasses)<\/td>\n<\/tr>\n<tr data-start=\"1750\" data-end=\"1857\">\n<td data-start=\"1750\" data-end=\"1768\" data-col-size=\"sm\">Hukommelse<\/td>\n<td data-col-size=\"sm\" data-start=\"1768\" data-end=\"1796\">EPC \/ Bruger<\/td>\n<td data-col-size=\"md\" data-start=\"1796\" data-end=\"1857\">128 bit \/ 0 bit<\/td>\n<\/tr>\n<tr data-start=\"1858\" data-end=\"1965\">\n<td data-start=\"1858\" data-end=\"1876\" data-col-size=\"sm\">Dimensioner<\/td>\n<td data-col-size=\"sm\" data-start=\"1876\" data-end=\"1904\">Etiketst\u00f8rrelse<\/td>\n<td data-col-size=\"md\" data-start=\"1904\" data-end=\"1965\">83 \u00d7 25 mm (kan tilpasses)<\/td>\n<\/tr>\n<tr data-start=\"1966\" data-end=\"2073\">\n<td data-start=\"1966\" data-end=\"1984\" data-col-size=\"sm\">Antenne<\/td>\n<td data-col-size=\"sm\" data-start=\"1984\" data-end=\"2012\">St\u00f8rrelse \/ Stil<\/td>\n<td data-col-size=\"md\" data-start=\"2012\" data-end=\"2073\">70 \u00d7 14 mm; &quot;b\u00e6lte&quot;-layout<\/td>\n<\/tr>\n<tr data-start=\"2074\" data-end=\"2181\">\n<td data-start=\"2074\" data-end=\"2092\" data-col-size=\"sm\">Materialer<\/td>\n<td data-col-size=\"sm\" data-start=\"2092\" data-end=\"2120\">Ansigtsindstillinger<\/td>\n<td data-col-size=\"md\" data-start=\"2120\" data-end=\"2181\">Kunstpapir; PET; PP syntetisk papir; specialfremstillet<\/td>\n<\/tr>\n<tr data-start=\"2182\" data-end=\"2289\">\n<td data-start=\"2182\" data-end=\"2200\" data-col-size=\"sm\">Trykning<\/td>\n<td data-col-size=\"sm\" data-start=\"2200\" data-end=\"2228\">Metoder<\/td>\n<td data-col-size=\"md\" data-start=\"2228\" data-end=\"2289\">Termotransfer; silketryk; anden specialtrykning<\/td>\n<\/tr>\n<tr data-start=\"2290\" data-end=\"2397\">\n<td data-start=\"2290\" data-end=\"2308\" data-col-size=\"sm\">Personalisering<\/td>\n<td data-col-size=\"sm\" data-start=\"2308\" data-end=\"2336\">Datainitialisering<\/td>\n<td data-col-size=\"md\" data-start=\"2336\" data-end=\"2397\">EPC-kodning<\/td>\n<\/tr>\n<tr data-start=\"2398\" data-end=\"2505\">\n<td data-start=\"2398\" data-end=\"2416\" data-col-size=\"sm\">Milj\u00f8<\/td>\n<td data-start=\"2416\" data-end=\"2444\" data-col-size=\"sm\">Driftsforhold<\/td>\n<td data-col-size=\"md\" data-start=\"2444\" data-end=\"2505\">0\u201360 \u2103; 20\u201380% RF<\/td>\n<\/tr>\n<tr data-start=\"2506\" data-end=\"2613\">\n<td data-start=\"2506\" data-end=\"2524\" data-col-size=\"sm\"><\/td>\n<td data-start=\"2524\" data-end=\"2552\" data-col-size=\"sm\">Opbevaringsforhold<\/td>\n<td data-col-size=\"md\" data-start=\"2552\" data-end=\"2613\">20\u201330 \u2103; 20\u201360% RF<\/td>\n<\/tr>\n<tr data-start=\"2614\" data-end=\"2721\">\n<td data-start=\"2614\" data-end=\"2632\" data-col-size=\"sm\">Fordele<\/td>\n<td data-col-size=\"sm\" data-start=\"2632\" data-end=\"2660\">H\u00f8jdepunkter<\/td>\n<td data-col-size=\"md\" data-start=\"2660\" data-end=\"2721\">Hurtig afl\u00e6sning; multiafl\u00e6sning; sporbarhed<\/td>\n<\/tr>\n<tr data-start=\"2722\" data-end=\"2831\">\n<td data-start=\"2722\" data-end=\"2740\" data-col-size=\"sm\">Brugsscenarier<\/td>\n<td data-start=\"2740\" data-end=\"2768\" data-col-size=\"sm\">Typiske anvendelser<\/td>\n<td data-col-size=\"md\" data-start=\"2768\" data-end=\"2831\">Lagerbeholdning af t\u00f8j og fodt\u00f8j; forsyningsk\u00e6de for t\u00f8j; detailhandel<\/td>\n<\/tr>\n<\/tbody>\n<\/table>\n<\/div>\n<\/div>","protected":false},"excerpt":{"rendered":"<p>UHF EPC Gen2-h\u00e6ngem\u00e6rke til jeans og t\u00f8j \u2013 83 \u00d7 25 mm etiket med 70 \u00d7 14 mm antenne, M730\/U9-chips, 128-bit EPC, hurtig multil\u00e6sning og brugerdefinerbar udskrivning\/kodning.<\/p>","protected":false},"featured_media":927,"template":"","meta":{"_gspb_post_css":""},"product_brand":[],"product_cat":[31],"product_tag":[],"class_list":{"0":"post-926","1":"product","2":"type-product","3":"status-publish","4":"has-post-thumbnail","6":"product_cat-rfid-sticker-labels","8":"first","9":"instock","10":"shipping-taxable","11":"purchasable","12":"product-type-simple"},"_links":{"self":[{"href":"https:\/\/www.cxjsmartcard.com\/da\/wp-json\/wp\/v2\/product\/926","targetHints":{"allow":["GET"]}}],"collection":[{"href":"https:\/\/www.cxjsmartcard.com\/da\/wp-json\/wp\/v2\/product"}],"about":[{"href":"https:\/\/www.cxjsmartcard.com\/da\/wp-json\/wp\/v2\/types\/product"}],"wp:featuredmedia":[{"embeddable":true,"href":"https:\/\/www.cxjsmartcard.com\/da\/wp-json\/wp\/v2\/media\/927"}],"wp:attachment":[{"href":"https:\/\/www.cxjsmartcard.com\/da\/wp-json\/wp\/v2\/media?parent=926"}],"wp:term":[{"taxonomy":"product_brand","embeddable":true,"href":"https:\/\/www.cxjsmartcard.com\/da\/wp-json\/wp\/v2\/product_brand?post=926"},{"taxonomy":"product_cat","embeddable":true,"href":"https:\/\/www.cxjsmartcard.com\/da\/wp-json\/wp\/v2\/product_cat?post=926"},{"taxonomy":"product_tag","embeddable":true,"href":"https:\/\/www.cxjsmartcard.com\/da\/wp-json\/wp\/v2\/product_tag?post=926"}],"curies":[{"name":"wp","href":"https:\/\/api.w.org\/{rel}","templated":true}]}}