{"id":922,"date":"2025-11-03T09:18:04","date_gmt":"2025-11-03T09:18:04","guid":{"rendered":"https:\/\/www.cxjsmartcard.com\/?post_type=product&#038;p=922"},"modified":"2025-12-29T01:27:07","modified_gmt":"2025-12-29T01:27:07","slug":"led-light-uhf-rfid-label-sticker","status":"publish","type":"product","link":"https:\/\/www.cxjsmartcard.com\/da\/led-light-uhf-rfid-label-sticker\/","title":{"rendered":"LED-lys UHF RFID-etiketklisterm\u00e6rke"},"content":{"rendered":"<p data-start=\"44\" data-end=\"365\">UHF RFID-etiket med lang r\u00e6kkevidde og indbygget LED for \u00f8jeblikkelig visuel lokalisering. Designet til hurtig batchl\u00e6sning p\u00e5 10 m+, samtidig med at det muligg\u00f8r realtids-LED-signaler p\u00e5 etiketten, der pr\u00e6cist identificerer varer p\u00e5 hylder, kasser eller reoler. Holdbar, genanvendelig konstruktion underst\u00f8tter logistik, detailhandel, sundhedspleje og eventaktiviteter med h\u00f8j volumen.<\/p>\n<p data-start=\"367\" data-end=\"385\"><strong data-start=\"367\" data-end=\"383\">Hvorfor det hj\u00e6lper<\/strong><\/p>\n<ul data-start=\"386\" data-end=\"981\">\n<li data-start=\"386\" data-end=\"474\">\n<p data-start=\"388\" data-end=\"474\"><strong data-start=\"388\" data-end=\"422\">Effektiv scanning over lange afstande:<\/strong> Batch-afl\u00e6sninger uden synsfelt p\u00e5 over 10 meter.<\/p>\n<\/li>\n<li data-start=\"475\" data-end=\"584\">\n<p data-start=\"477\" data-end=\"584\"><strong data-start=\"477\" data-end=\"502\">Synlighed i realtid:<\/strong> LED-blinkm\u00f8nstre angiver placering eller status (f.eks. pluk\/l\u00e6g p\u00e5 lager, lav lagerbeholdning).<\/p>\n<\/li>\n<li data-start=\"585\" data-end=\"663\">\n<p data-start=\"587\" data-end=\"663\"><strong data-start=\"587\" data-end=\"607\">H\u00f8jere n\u00f8jagtighed:<\/strong> Reducer manuelle fejl; str\u00f8mlin automatiserede arbejdsgange.<\/p>\n<\/li>\n<li data-start=\"664\" data-end=\"756\">\n<p data-start=\"666\" data-end=\"756\"><strong data-start=\"666\" data-end=\"695\">Programmerbar fleksibilitet:<\/strong> Fjernbetjening af LED-adf\u00e6rd, der passer til forskellige scenarier.<\/p>\n<\/li>\n<li data-start=\"757\" data-end=\"846\">\n<p data-start=\"759\" data-end=\"846\"><strong data-start=\"759\" data-end=\"785\">Industriel holdbarhed:<\/strong> Bygget til gentagen brug med stabil RF- og LED-ydeevne.<\/p>\n<\/li>\n<li data-start=\"847\" data-end=\"921\">\n<p data-start=\"849\" data-end=\"921\"><strong data-start=\"849\" data-end=\"872\">Brug i flere scenarier:<\/strong> Lager, detailhandel, medicinske aktiver og mere.<\/p>\n<\/li>\n<li data-start=\"922\" data-end=\"981\">\n<p data-start=\"924\" data-end=\"981\"><strong data-start=\"924\" data-end=\"942\">Langsigtet investeringsafkast:<\/strong> Mindre arbejdskraft og svind; hurtigere revisioner.<\/p>\n<\/li>\n<\/ul>\n<p data-start=\"983\" data-end=\"1203\"><strong data-start=\"983\" data-end=\"1007\">Typiske anvendelser<\/strong><br data-start=\"1007\" data-end=\"1010\" \/>Sikker adgangskontrol \u2022 Kontantl\u00f8st medlemskab\/loyalitetsordning \u2022 Adgang til events og branding \u2022 Sociale\/marketingm\u00e6ssige taps \u2022 Detailhandel \u2022 Elektronik og messer \u2022 Spil og leget\u00f8j \u2022 Smarte visitkort.<\/p>\n<h2 data-start=\"1205\" data-end=\"1230\">Tabel (Specifikationer)<\/h2>\n<div class=\"_tableContainer_1rjym_1\">\n<div class=\"group _tableWrapper_1rjym_13 flex w-fit flex-col-reverse\" tabindex=\"-1\">\n<table class=\"w-fit min-w-(--thread-content-width)\" data-start=\"1232\" data-end=\"3463\">\n<thead data-start=\"1232\" data-end=\"1355\">\n<tr data-start=\"1232\" data-end=\"1355\">\n<th data-start=\"1232\" data-end=\"1258\" data-col-size=\"sm\">Kategori<\/th>\n<th data-start=\"1258\" data-end=\"1294\" data-col-size=\"sm\">Parameter<\/th>\n<th data-start=\"1294\" data-end=\"1355\" data-col-size=\"md\">V\u00e6rdi<\/th>\n<\/tr>\n<\/thead>\n<tbody data-start=\"1480\" data-end=\"3463\">\n<tr data-start=\"1480\" data-end=\"1603\">\n<td data-start=\"1480\" data-end=\"1506\" data-col-size=\"sm\">Produkt<\/td>\n<td data-col-size=\"sm\" data-start=\"1506\" data-end=\"1542\">Type<\/td>\n<td data-col-size=\"md\" data-start=\"1542\" data-end=\"1603\">LED-lys UHF RFID-etiketklisterm\u00e6rke<\/td>\n<\/tr>\n<tr data-start=\"1604\" data-end=\"1727\">\n<td data-start=\"1604\" data-end=\"1630\" data-col-size=\"sm\">IC<\/td>\n<td data-start=\"1630\" data-end=\"1666\" data-col-size=\"sm\">Chip<\/td>\n<td data-start=\"1666\" data-end=\"1727\" data-col-size=\"md\">KX2005X-BL<\/td>\n<\/tr>\n<tr data-start=\"1728\" data-end=\"1851\">\n<td data-start=\"1728\" data-end=\"1754\" data-col-size=\"sm\">RF<\/td>\n<td data-start=\"1754\" data-end=\"1790\" data-col-size=\"sm\">Frekvens<\/td>\n<td data-col-size=\"md\" data-start=\"1790\" data-end=\"1851\">860\u2013960 MHz<\/td>\n<\/tr>\n<tr data-start=\"1852\" data-end=\"1975\">\n<td data-start=\"1852\" data-end=\"1878\" data-col-size=\"sm\"><\/td>\n<td data-col-size=\"sm\" data-start=\"1878\" data-end=\"1914\">Protokol<\/td>\n<td data-col-size=\"md\" data-start=\"1914\" data-end=\"1975\">ISO\/IEC 18000-6C, EPC Klasse 1 Gen 2<\/td>\n<\/tr>\n<tr data-start=\"1976\" data-end=\"2099\">\n<td data-start=\"1976\" data-end=\"2002\" data-col-size=\"sm\">Operation<\/td>\n<td data-col-size=\"sm\" data-start=\"2002\" data-end=\"2038\">Arbejdstilstand<\/td>\n<td data-col-size=\"md\" data-start=\"2038\" data-end=\"2099\">Passiv<\/td>\n<\/tr>\n<tr data-start=\"2100\" data-end=\"2223\">\n<td data-start=\"2100\" data-end=\"2126\" data-col-size=\"sm\">L\u00e6seydelse<\/td>\n<td data-start=\"2126\" data-end=\"2162\" data-col-size=\"sm\">Typisk r\u00e6kkevidde<\/td>\n<td data-col-size=\"md\" data-start=\"2162\" data-end=\"2223\">10 m+ (afh\u00e6ngig af l\u00e6ser\/milj\u00f8)<\/td>\n<\/tr>\n<tr data-start=\"2224\" data-end=\"2347\">\n<td data-start=\"2224\" data-end=\"2250\" data-col-size=\"sm\">Antenne<\/td>\n<td data-col-size=\"sm\" data-start=\"2250\" data-end=\"2286\">Type \/ St\u00f8rrelse<\/td>\n<td data-col-size=\"md\" data-start=\"2286\" data-end=\"2347\">Aluminium\u00e6tsning, 95 \u00d7 18,5 mm<\/td>\n<\/tr>\n<tr data-start=\"2348\" data-end=\"2471\">\n<td data-start=\"2348\" data-end=\"2374\" data-col-size=\"sm\">Format<\/td>\n<td data-col-size=\"sm\" data-start=\"2374\" data-end=\"2410\">V\u00e5dindl\u00e6g \/ Etiketst\u00f8rrelse<\/td>\n<td data-col-size=\"md\" data-start=\"2410\" data-end=\"2471\">100 \u00d7 52 mm (kan tilpasses)<\/td>\n<\/tr>\n<tr data-start=\"2472\" data-end=\"2595\">\n<td data-start=\"2472\" data-end=\"2498\" data-col-size=\"sm\">Materialer<\/td>\n<td data-start=\"2498\" data-end=\"2534\" data-col-size=\"sm\">Ansigt \/ Konstruktioner<\/td>\n<td data-col-size=\"md\" data-start=\"2534\" data-end=\"2595\">Bestr\u00f8get papir, PET, syntetisk papir, termisk papir, specialfremstillet<\/td>\n<\/tr>\n<tr data-start=\"2596\" data-end=\"2719\">\n<td data-start=\"2596\" data-end=\"2622\" data-col-size=\"sm\">Trykning og m\u00e6rkning<\/td>\n<td data-col-size=\"sm\" data-start=\"2622\" data-end=\"2658\">Metoder<\/td>\n<td data-col-size=\"md\" data-start=\"2658\" data-end=\"2719\">Fuldfarvetryk, logo, stregkode, QR, serienummer<\/td>\n<\/tr>\n<tr data-start=\"2720\" data-end=\"2843\">\n<td data-start=\"2720\" data-end=\"2746\" data-col-size=\"sm\">P\u00e5lidelighed<\/td>\n<td data-col-size=\"sm\" data-start=\"2746\" data-end=\"2782\">IC-liv<\/td>\n<td data-col-size=\"md\" data-start=\"2782\" data-end=\"2843\">100.000 programmeringscyklusser; 10 \u00e5rs dataopbevaring<\/td>\n<\/tr>\n<tr data-start=\"2844\" data-end=\"2967\">\n<td data-start=\"2844\" data-end=\"2870\" data-col-size=\"sm\">Milj\u00f8 (brug)<\/td>\n<td data-col-size=\"sm\" data-start=\"2870\" data-end=\"2906\">Driftstemperatur \/ luftfugtighed<\/td>\n<td data-col-size=\"md\" data-start=\"2906\" data-end=\"2967\">\u221225 til +50 \u2103 \/ 20\u201380% RF<\/td>\n<\/tr>\n<tr data-start=\"2968\" data-end=\"3091\">\n<td data-start=\"2968\" data-end=\"2994\" data-col-size=\"sm\">Milj\u00f8 (opbevaring)<\/td>\n<td data-col-size=\"sm\" data-start=\"2994\" data-end=\"3030\">Opbevaringstemperatur \/ -fugtighed<\/td>\n<td data-col-size=\"md\" data-start=\"3030\" data-end=\"3091\">+23 \u2103 \u00b15 \u2103 \/ 50% \u00b110% RF (ingen kondensering)<\/td>\n<\/tr>\n<tr data-start=\"3092\" data-end=\"3215\">\n<td data-start=\"3092\" data-end=\"3118\" data-col-size=\"sm\">Emballage<\/td>\n<td data-col-size=\"sm\" data-start=\"3118\" data-end=\"3154\">Rulle \/ Karton<\/td>\n<td data-col-size=\"md\" data-start=\"3154\" data-end=\"3215\">1.000-5.000 stk. pr. rulle; 4 ruller pr. karton<\/td>\n<\/tr>\n<tr data-start=\"3216\" data-end=\"3339\">\n<td data-start=\"3216\" data-end=\"3242\" data-col-size=\"sm\">Pr\u00f8ver<\/td>\n<td data-start=\"3242\" data-end=\"3278\" data-col-size=\"sm\">Tilg\u00e6ngelighed<\/td>\n<td data-col-size=\"md\" data-start=\"3278\" data-end=\"3339\">Gratis pr\u00f8ve til kvalitetstest<\/td>\n<\/tr>\n<tr data-start=\"3340\" data-end=\"3463\">\n<td data-start=\"3340\" data-end=\"3366\" data-col-size=\"sm\">L\u00f8sninger<\/td>\n<td data-start=\"3366\" data-end=\"3402\" data-col-size=\"sm\">Eksempel p\u00e5 implementeringer<\/td>\n<td data-col-size=\"md\" data-start=\"3402\" data-end=\"3463\">Lager, detailhandel, sporing af medicinske aktiver, events<\/td>\n<\/tr>\n<\/tbody>\n<\/table>\n<\/div>\n<\/div>","protected":false},"excerpt":{"rendered":"<p>UHF RFID-etiket med integreret LED til afl\u00e6sning p\u00e5 over 10 m og \u00f8jeblikkelig visuel lokalisering \u2013 passivt EPC Gen2-design, printbar overflade og holdbar konstruktion til detailhandel, lager, sundhedspleje og events.<\/p>","protected":false},"featured_media":923,"template":"","meta":{"_gspb_post_css":""},"product_brand":[],"product_cat":[31],"product_tag":[],"class_list":{"0":"post-922","1":"product","2":"type-product","3":"status-publish","4":"has-post-thumbnail","6":"product_cat-rfid-sticker-labels","8":"first","9":"instock","10":"shipping-taxable","11":"purchasable","12":"product-type-simple"},"_links":{"self":[{"href":"https:\/\/www.cxjsmartcard.com\/da\/wp-json\/wp\/v2\/product\/922","targetHints":{"allow":["GET"]}}],"collection":[{"href":"https:\/\/www.cxjsmartcard.com\/da\/wp-json\/wp\/v2\/product"}],"about":[{"href":"https:\/\/www.cxjsmartcard.com\/da\/wp-json\/wp\/v2\/types\/product"}],"wp:featuredmedia":[{"embeddable":true,"href":"https:\/\/www.cxjsmartcard.com\/da\/wp-json\/wp\/v2\/media\/923"}],"wp:attachment":[{"href":"https:\/\/www.cxjsmartcard.com\/da\/wp-json\/wp\/v2\/media?parent=922"}],"wp:term":[{"taxonomy":"product_brand","embeddable":true,"href":"https:\/\/www.cxjsmartcard.com\/da\/wp-json\/wp\/v2\/product_brand?post=922"},{"taxonomy":"product_cat","embeddable":true,"href":"https:\/\/www.cxjsmartcard.com\/da\/wp-json\/wp\/v2\/product_cat?post=922"},{"taxonomy":"product_tag","embeddable":true,"href":"https:\/\/www.cxjsmartcard.com\/da\/wp-json\/wp\/v2\/product_tag?post=922"}],"curies":[{"name":"wp","href":"https:\/\/api.w.org\/{rel}","templated":true}]}}