{"id":913,"date":"2025-11-03T09:13:58","date_gmt":"2025-11-03T09:13:58","guid":{"rendered":"https:\/\/www.cxjsmartcard.com\/?post_type=product&#038;p=913"},"modified":"2025-12-29T01:27:07","modified_gmt":"2025-12-29T01:27:07","slug":"dogbone-m830-rfid-foam-tags-for-marathon-timing","status":"publish","type":"product","link":"https:\/\/www.cxjsmartcard.com\/da\/dogbone-m830-rfid-foam-tags-for-marathon-timing\/","title":{"rendered":"DogBone M830 RFID-skumm\u00e6rker til maratonl\u00f8b"},"content":{"rendered":"<p data-start=\"59\" data-end=\"320\">UHF EPC Gen2 skum-tidsm\u00e6rker med DogBone M830-indl\u00e6g til hurtig og pr\u00e6cis afl\u00e6sning ved l\u00f8bscheckpoints. Skumafstandsstykket forbedrer ydeevnen p\u00e5 den menneskelige krop og muligg\u00f8r p\u00e5lidelig multi-afl\u00e6sning af tidtagning p\u00e5 startnummer eller skom\u00e6rker under barske udend\u00f8rsforhold.<\/p>\n<p data-start=\"322\" data-end=\"340\"><strong data-start=\"322\" data-end=\"338\">N\u00f8glefunktioner<\/strong><\/p>\n<ul data-start=\"341\" data-end=\"655\">\n<li data-start=\"341\" data-end=\"403\">\n<p data-start=\"343\" data-end=\"403\">M830 UHF-indl\u00e6g, EPCglobal Klasse 1 Gen 2 \/ ISO\/IEC 18000-6C<\/p>\n<\/li>\n<li data-start=\"404\" data-end=\"451\">\n<p data-start=\"406\" data-end=\"451\">48-bit TID, 128-bit EPC (0-bit brugerhukommelse)<\/p>\n<\/li>\n<li data-start=\"452\" data-end=\"515\">\n<p data-start=\"454\" data-end=\"515\">Dog-bone antennelayout optimeret til hastighed og f\u00f8lsomhed<\/p>\n<\/li>\n<li data-start=\"516\" data-end=\"591\">\n<p data-start=\"518\" data-end=\"591\">Trykklare overfladematerialer med termotransfer- eller silketrykmuligheder<\/p>\n<\/li>\n<li data-start=\"592\" data-end=\"655\">\n<p data-start=\"594\" data-end=\"655\">Konsekvent multil\u00e6sningsydeevne til timing af massedeltagere<\/p>\n<\/li>\n<\/ul>\n<p data-start=\"657\" data-end=\"818\"><strong data-start=\"657\" data-end=\"673\">Applikationer<\/strong><br data-start=\"673\" data-end=\"676\" \/>Tidtagning for maraton- og landevejsl\u00f8b \u2022 Triatlon- og cykelbegivenheder \u2022 Registrering af massedeltagere og tidtagning af omgange \u2022 Etiketter af aktiver til barske milj\u00f8er.<\/p>\n<p data-start=\"820\" data-end=\"938\"><strong data-start=\"820\" data-end=\"843\">Udskrivning og kodning<\/strong><br data-start=\"843\" data-end=\"846\" \/>Underst\u00f8tter startnummerering, eventlogoer, stregkoder\/QR og EPC-forkodning til batch-implementering.<\/p>\n<p data-start=\"940\" data-end=\"1015\"><strong data-start=\"940\" data-end=\"964\">Driftsforhold<\/strong><br data-start=\"964\" data-end=\"967\" \/>0\u201360 \u2103 \/ 20\u201380% RF; opbevaring 20\u201330 \u2103 \/ 20\u201360% RF.<\/p>\n<h2 data-start=\"1017\" data-end=\"1042\">Tabel (Specifikationer)<\/h2>\n<div class=\"_tableContainer_1rjym_1\">\n<div class=\"group _tableWrapper_1rjym_13 flex w-fit flex-col-reverse\" tabindex=\"-1\">\n<table class=\"w-fit min-w-(--thread-content-width)\" data-start=\"1044\" data-end=\"2297\">\n<thead data-start=\"1044\" data-end=\"1132\">\n<tr data-start=\"1044\" data-end=\"1132\">\n<th data-start=\"1044\" data-end=\"1062\" data-col-size=\"sm\">Kategori<\/th>\n<th data-start=\"1062\" data-end=\"1085\" data-col-size=\"sm\">Parameter<\/th>\n<th data-start=\"1085\" data-end=\"1132\" data-col-size=\"md\">V\u00e6rdi<\/th>\n<\/tr>\n<\/thead>\n<tbody data-start=\"1222\" data-end=\"2297\">\n<tr data-start=\"1222\" data-end=\"1310\">\n<td data-start=\"1222\" data-end=\"1240\" data-col-size=\"sm\">Produkt<\/td>\n<td data-col-size=\"sm\" data-start=\"1240\" data-end=\"1263\">Navn<\/td>\n<td data-col-size=\"md\" data-start=\"1263\" data-end=\"1310\">DogBone M830 RFID-skumtag<\/td>\n<\/tr>\n<tr data-start=\"1311\" data-end=\"1399\">\n<td data-start=\"1311\" data-end=\"1329\" data-col-size=\"sm\">IC<\/td>\n<td data-col-size=\"sm\" data-start=\"1329\" data-end=\"1352\">Chip<\/td>\n<td data-col-size=\"md\" data-start=\"1352\" data-end=\"1399\">M830<\/td>\n<\/tr>\n<tr data-start=\"1400\" data-end=\"1488\">\n<td data-start=\"1400\" data-end=\"1418\" data-col-size=\"sm\">RF<\/td>\n<td data-col-size=\"sm\" data-start=\"1418\" data-end=\"1441\">Protokol<\/td>\n<td data-col-size=\"md\" data-start=\"1441\" data-end=\"1488\">ISO\/IEC 18000-6C, EPCglobal Klasse 1 Gen 2<\/td>\n<\/tr>\n<tr data-start=\"1489\" data-end=\"1577\">\n<td data-start=\"1489\" data-end=\"1507\" data-col-size=\"sm\">Hukommelse<\/td>\n<td data-col-size=\"sm\" data-start=\"1507\" data-end=\"1530\">TID \/ EPC \/ Bruger<\/td>\n<td data-col-size=\"md\" data-start=\"1530\" data-end=\"1577\">48 bit \/ 128 bit \/ 0 bit<\/td>\n<\/tr>\n<tr data-start=\"1578\" data-end=\"1667\">\n<td data-start=\"1578\" data-end=\"1596\" data-col-size=\"sm\">M\u00e6rke<\/td>\n<td data-col-size=\"sm\" data-start=\"1596\" data-end=\"1619\">St\u00f8rrelse<\/td>\n<td data-col-size=\"md\" data-start=\"1619\" data-end=\"1667\">97 \u00d7 27 mm<\/td>\n<\/tr>\n<tr data-start=\"1668\" data-end=\"1757\">\n<td data-start=\"1668\" data-end=\"1686\" data-col-size=\"sm\">Antenne<\/td>\n<td data-col-size=\"sm\" data-start=\"1686\" data-end=\"1709\">St\u00f8rrelse \/ Form<\/td>\n<td data-col-size=\"md\" data-start=\"1709\" data-end=\"1757\">94 \u00d7 24 mm, hundeben<\/td>\n<\/tr>\n<tr data-start=\"1758\" data-end=\"1847\">\n<td data-start=\"1758\" data-end=\"1776\" data-col-size=\"sm\">Ansigt<\/td>\n<td data-start=\"1776\" data-end=\"1799\" data-col-size=\"sm\">Materialer<\/td>\n<td data-col-size=\"md\" data-start=\"1799\" data-end=\"1847\">Kunstpapir, PET, PP syntetisk papir<\/td>\n<\/tr>\n<tr data-start=\"1848\" data-end=\"1937\">\n<td data-start=\"1848\" data-end=\"1866\" data-col-size=\"sm\">Trykning<\/td>\n<td data-col-size=\"sm\" data-start=\"1866\" data-end=\"1889\">Metoder<\/td>\n<td data-col-size=\"md\" data-start=\"1889\" data-end=\"1937\">Termotransfer; silketryk; specialfremstillet<\/td>\n<\/tr>\n<tr data-start=\"1938\" data-end=\"2027\">\n<td data-start=\"1938\" data-end=\"1956\" data-col-size=\"sm\">Pr\u00e6station<\/td>\n<td data-start=\"1956\" data-end=\"1979\" data-col-size=\"sm\">Vigtigste fordele<\/td>\n<td data-col-size=\"md\" data-start=\"1979\" data-end=\"2027\">Hurtig afl\u00e6sning; multiafl\u00e6sning; sporbarhed<\/td>\n<\/tr>\n<tr data-start=\"2028\" data-end=\"2117\">\n<td data-start=\"2028\" data-end=\"2046\" data-col-size=\"sm\">Milj\u00f8<\/td>\n<td data-start=\"2046\" data-end=\"2069\" data-col-size=\"sm\">Drift<\/td>\n<td data-start=\"2069\" data-end=\"2117\" data-col-size=\"md\">0\u201360 \u2103 \/ 20\u201380% RF<\/td>\n<\/tr>\n<tr data-start=\"2118\" data-end=\"2207\">\n<td data-start=\"2118\" data-end=\"2136\" data-col-size=\"sm\"><\/td>\n<td data-col-size=\"sm\" data-start=\"2136\" data-end=\"2159\">Opbevaring<\/td>\n<td data-col-size=\"md\" data-start=\"2159\" data-end=\"2207\">20\u201330 \u2103 \/ 20\u201360% RF<\/td>\n<\/tr>\n<tr data-start=\"2208\" data-end=\"2297\">\n<td data-start=\"2208\" data-end=\"2226\" data-col-size=\"sm\">Brugsscenarier<\/td>\n<td data-col-size=\"sm\" data-start=\"2226\" data-end=\"2249\">Typiske anvendelser<\/td>\n<td data-col-size=\"md\" data-start=\"2249\" data-end=\"2297\">Marathontid; m\u00e6rkning i barske milj\u00f8er<\/td>\n<\/tr>\n<\/tbody>\n<\/table>\n<\/div>\n<\/div>","protected":false},"excerpt":{"rendered":"<p>DogBone M830 UHF-skum-tidsm\u00e6rke \u2013 97\u00d727 mm etiket med 48-bit TID og 128-bit EPC til hurtig l\u00f8bstidtagning med flere l\u00e6sninger; printklar urskive og ensartet ydeevne p\u00e5 kroppen.<\/p>","protected":false},"featured_media":914,"template":"","meta":{"_gspb_post_css":""},"product_brand":[],"product_cat":[31],"product_tag":[],"class_list":{"0":"post-913","1":"product","2":"type-product","3":"status-publish","4":"has-post-thumbnail","6":"product_cat-rfid-sticker-labels","8":"first","9":"instock","10":"shipping-taxable","11":"purchasable","12":"product-type-simple"},"_links":{"self":[{"href":"https:\/\/www.cxjsmartcard.com\/da\/wp-json\/wp\/v2\/product\/913","targetHints":{"allow":["GET"]}}],"collection":[{"href":"https:\/\/www.cxjsmartcard.com\/da\/wp-json\/wp\/v2\/product"}],"about":[{"href":"https:\/\/www.cxjsmartcard.com\/da\/wp-json\/wp\/v2\/types\/product"}],"wp:featuredmedia":[{"embeddable":true,"href":"https:\/\/www.cxjsmartcard.com\/da\/wp-json\/wp\/v2\/media\/914"}],"wp:attachment":[{"href":"https:\/\/www.cxjsmartcard.com\/da\/wp-json\/wp\/v2\/media?parent=913"}],"wp:term":[{"taxonomy":"product_brand","embeddable":true,"href":"https:\/\/www.cxjsmartcard.com\/da\/wp-json\/wp\/v2\/product_brand?post=913"},{"taxonomy":"product_cat","embeddable":true,"href":"https:\/\/www.cxjsmartcard.com\/da\/wp-json\/wp\/v2\/product_cat?post=913"},{"taxonomy":"product_tag","embeddable":true,"href":"https:\/\/www.cxjsmartcard.com\/da\/wp-json\/wp\/v2\/product_tag?post=913"}],"curies":[{"name":"wp","href":"https:\/\/api.w.org\/{rel}","templated":true}]}}