{"id":906,"date":"2025-11-03T09:11:46","date_gmt":"2025-11-03T09:11:46","guid":{"rendered":"https:\/\/www.cxjsmartcard.com\/?post_type=product&#038;p=906"},"modified":"2025-12-29T01:27:07","modified_gmt":"2025-12-29T01:27:07","slug":"arc-certified-m730-uhf-rfid-clothing-hang-tag","status":"publish","type":"product","link":"https:\/\/www.cxjsmartcard.com\/da\/arc-certified-m730-uhf-rfid-clothing-hang-tag\/","title":{"rendered":"ARC-certificeret M730 UHF RFID-bekl\u00e6dningsm\u00e6rke"},"content":{"rendered":"<p data-start=\"57\" data-end=\"327\">ARC-certificerede UHF-h\u00e6ngem\u00e6rker bygget p\u00e5 M730-chippen til hurtig og pr\u00e6cis sporing af t\u00f8j. De er designet til detailhandel med store m\u00e6ngder og muligg\u00f8r hurtig scanning af flere l\u00e6sninger, forbedrer lagerbeholdningens n\u00f8jagtighed og styrker brandbeskyttelsen p\u00e5 tv\u00e6rs af forsyningsk\u00e6den.<\/p>\n<p data-start=\"329\" data-end=\"347\"><strong data-start=\"329\" data-end=\"345\">N\u00f8glefunktioner<\/strong><\/p>\n<ul data-start=\"348\" data-end=\"673\">\n<li data-start=\"348\" data-end=\"403\">\n<p data-start=\"350\" data-end=\"403\">EPC Gen2 (ISO\/IEC 18000-6C) med 128-bit EPC-hukommelse<\/p>\n<\/li>\n<li data-start=\"404\" data-end=\"455\">\n<p data-start=\"406\" data-end=\"455\">ARC-certificering for overholdelse af detailhandelsprogram<\/p>\n<\/li>\n<li data-start=\"456\" data-end=\"521\">\n<p data-start=\"458\" data-end=\"521\">Hurtig og p\u00e5lidelig multil\u00e6sningsydelse p\u00e5 stativer og i kartoner<\/p>\n<\/li>\n<li data-start=\"522\" data-end=\"584\">\n<p data-start=\"524\" data-end=\"584\">Brugerdefinerede ansigtsmaterialer, st\u00f8rrelser, trykning og kodning<\/p>\n<\/li>\n<li data-start=\"585\" data-end=\"673\">\n<p data-start=\"587\" data-end=\"673\">Sporbarhed fra fabrik til butik; underst\u00f8tter termotransfer og silketryk<\/p>\n<\/li>\n<\/ul>\n<p data-start=\"675\" data-end=\"816\"><strong data-start=\"675\" data-end=\"691\">Applikationer<\/strong><br data-start=\"691\" data-end=\"694\" \/>Lagerstyring af t\u00f8j og fodt\u00f8j \u2022 Sporing af t\u00f8jforsyningsk\u00e6den \u2022 Detailhandel med t\u00f8j og brandbeskyttelse.<\/p>\n<h2 data-start=\"818\" data-end=\"843\">Tabel (Specifikationer)<\/h2>\n<div class=\"_tableContainer_1rjym_1\">\n<div class=\"group _tableWrapper_1rjym_13 flex w-fit flex-col-reverse\" tabindex=\"-1\">\n<table class=\"w-fit min-w-(--thread-content-width)\" data-start=\"845\" data-end=\"2509\">\n<thead data-start=\"845\" data-end=\"955\">\n<tr data-start=\"845\" data-end=\"955\">\n<th data-start=\"845\" data-end=\"863\" data-col-size=\"sm\">Kategori<\/th>\n<th data-start=\"863\" data-end=\"894\" data-col-size=\"sm\">Parameter<\/th>\n<th data-start=\"894\" data-end=\"955\" data-col-size=\"md\">V\u00e6rdi<\/th>\n<\/tr>\n<\/thead>\n<tbody data-start=\"1067\" data-end=\"2509\">\n<tr data-start=\"1067\" data-end=\"1177\">\n<td data-start=\"1067\" data-end=\"1085\" data-col-size=\"sm\">Produkt<\/td>\n<td data-col-size=\"sm\" data-start=\"1085\" data-end=\"1116\">Navn<\/td>\n<td data-col-size=\"md\" data-start=\"1116\" data-end=\"1177\">RFID-h\u00e6ngem\u00e6rker til t\u00f8jsporing<\/td>\n<\/tr>\n<tr data-start=\"1178\" data-end=\"1288\">\n<td data-start=\"1178\" data-end=\"1196\" data-col-size=\"sm\">IC<\/td>\n<td data-col-size=\"sm\" data-start=\"1196\" data-end=\"1227\">Chip<\/td>\n<td data-col-size=\"md\" data-start=\"1227\" data-end=\"1288\">M730<\/td>\n<\/tr>\n<tr data-start=\"1289\" data-end=\"1399\">\n<td data-start=\"1289\" data-end=\"1307\" data-col-size=\"sm\">RF<\/td>\n<td data-start=\"1307\" data-end=\"1338\" data-col-size=\"sm\">Protokol<\/td>\n<td data-col-size=\"md\" data-start=\"1338\" data-end=\"1399\">ISO\/IEC 18000-6C, EPCglobal Klasse 1 Gen 2<\/td>\n<\/tr>\n<tr data-start=\"1400\" data-end=\"1510\">\n<td data-start=\"1400\" data-end=\"1418\" data-col-size=\"sm\">Hukommelse<\/td>\n<td data-col-size=\"sm\" data-start=\"1418\" data-end=\"1449\">EPC \/ Bruger<\/td>\n<td data-col-size=\"md\" data-start=\"1449\" data-end=\"1510\">128 bit \/ 0 bit<\/td>\n<\/tr>\n<tr data-start=\"1511\" data-end=\"1621\">\n<td data-start=\"1511\" data-end=\"1529\" data-col-size=\"sm\">Dimensioner<\/td>\n<td data-start=\"1529\" data-end=\"1560\" data-col-size=\"sm\">Etiketst\u00f8rrelse<\/td>\n<td data-start=\"1560\" data-end=\"1621\" data-col-size=\"md\">83 \u00d7 25 mm<\/td>\n<\/tr>\n<tr data-start=\"1622\" data-end=\"1732\">\n<td data-start=\"1622\" data-end=\"1640\" data-col-size=\"sm\">Antenne<\/td>\n<td data-col-size=\"sm\" data-start=\"1640\" data-end=\"1671\">St\u00f8rrelsesmuligheder<\/td>\n<td data-col-size=\"md\" data-start=\"1671\" data-end=\"1732\">70 \u00d7 14 mm; 70 \u00d7 10 mm; 50 \u00d7 30 mm<\/td>\n<\/tr>\n<tr data-start=\"1733\" data-end=\"1843\">\n<td data-start=\"1733\" data-end=\"1751\" data-col-size=\"sm\">Materialer<\/td>\n<td data-start=\"1751\" data-end=\"1782\" data-col-size=\"sm\">Ansigtsmateriale<\/td>\n<td data-col-size=\"md\" data-start=\"1782\" data-end=\"1843\">Kunstpapir, PET, PP syntetisk papir eller brugerdefineret<\/td>\n<\/tr>\n<tr data-start=\"1844\" data-end=\"1954\">\n<td data-start=\"1844\" data-end=\"1862\" data-col-size=\"sm\">Milj\u00f8<\/td>\n<td data-col-size=\"sm\" data-start=\"1862\" data-end=\"1893\">Driftstemperatur \/ luftfugtighed<\/td>\n<td data-col-size=\"md\" data-start=\"1893\" data-end=\"1954\">0 \u2103 ~ 60 \u2103 \/ 20% ~ 80% RF<\/td>\n<\/tr>\n<tr data-start=\"1955\" data-end=\"2065\">\n<td data-start=\"1955\" data-end=\"1973\" data-col-size=\"sm\"><\/td>\n<td data-start=\"1973\" data-end=\"2004\" data-col-size=\"sm\">Opbevaringstemperatur \/ -fugtighed<\/td>\n<td data-col-size=\"md\" data-start=\"2004\" data-end=\"2065\">20 \u2103 ~ 30 \u2103 \/ 20% ~ 60% RF<\/td>\n<\/tr>\n<tr data-start=\"2066\" data-end=\"2176\">\n<td data-start=\"2066\" data-end=\"2084\" data-col-size=\"sm\">Trykning<\/td>\n<td data-col-size=\"sm\" data-start=\"2084\" data-end=\"2115\">Metoder<\/td>\n<td data-col-size=\"md\" data-start=\"2115\" data-end=\"2176\">Termotransfer, silketryk<\/td>\n<\/tr>\n<tr data-start=\"2177\" data-end=\"2287\">\n<td data-start=\"2177\" data-end=\"2195\" data-col-size=\"sm\">Personalisering<\/td>\n<td data-start=\"2195\" data-end=\"2226\" data-col-size=\"sm\">Tilpasning<\/td>\n<td data-col-size=\"md\" data-start=\"2226\" data-end=\"2287\">Etiketst\u00f8rrelse, tryk (logo\/tekst\/grafik), EPC-kodning<\/td>\n<\/tr>\n<tr data-start=\"2288\" data-end=\"2398\">\n<td data-start=\"2288\" data-end=\"2306\" data-col-size=\"sm\">Fordele<\/td>\n<td data-col-size=\"sm\" data-start=\"2306\" data-end=\"2337\">H\u00f8jdepunkter<\/td>\n<td data-col-size=\"md\" data-start=\"2337\" data-end=\"2398\">Hurtig afl\u00e6sning, multiafl\u00e6sning, sporbarhed af bekl\u00e6dning<\/td>\n<\/tr>\n<tr data-start=\"2399\" data-end=\"2509\">\n<td data-start=\"2399\" data-end=\"2417\" data-col-size=\"sm\">Brugsscenarier<\/td>\n<td data-col-size=\"sm\" data-start=\"2417\" data-end=\"2448\">Typiske anvendelser<\/td>\n<td data-col-size=\"md\" data-start=\"2448\" data-end=\"2509\">Lagerbeholdning af t\u00f8j og fodt\u00f8j, forsyningsk\u00e6de, detailhandel<\/td>\n<\/tr>\n<\/tbody>\n<\/table>\n<\/div>\n<\/div>","protected":false},"excerpt":{"rendered":"<p>ARC-certificeret M730 UHF RFID-h\u00e6ngetag til bekl\u00e6dning \u2013 EPC Gen2 med 128-bit EPC, hurtig multil\u00e6sningsydeevne og brugerdefinerede materialer, st\u00f8rrelser, tryk og kodning.<\/p>","protected":false},"featured_media":908,"template":"","meta":{"_gspb_post_css":""},"product_brand":[],"product_cat":[31],"product_tag":[],"class_list":{"0":"post-906","1":"product","2":"type-product","3":"status-publish","4":"has-post-thumbnail","6":"product_cat-rfid-sticker-labels","8":"first","9":"instock","10":"shipping-taxable","11":"purchasable","12":"product-type-simple"},"_links":{"self":[{"href":"https:\/\/www.cxjsmartcard.com\/da\/wp-json\/wp\/v2\/product\/906","targetHints":{"allow":["GET"]}}],"collection":[{"href":"https:\/\/www.cxjsmartcard.com\/da\/wp-json\/wp\/v2\/product"}],"about":[{"href":"https:\/\/www.cxjsmartcard.com\/da\/wp-json\/wp\/v2\/types\/product"}],"wp:featuredmedia":[{"embeddable":true,"href":"https:\/\/www.cxjsmartcard.com\/da\/wp-json\/wp\/v2\/media\/908"}],"wp:attachment":[{"href":"https:\/\/www.cxjsmartcard.com\/da\/wp-json\/wp\/v2\/media?parent=906"}],"wp:term":[{"taxonomy":"product_brand","embeddable":true,"href":"https:\/\/www.cxjsmartcard.com\/da\/wp-json\/wp\/v2\/product_brand?post=906"},{"taxonomy":"product_cat","embeddable":true,"href":"https:\/\/www.cxjsmartcard.com\/da\/wp-json\/wp\/v2\/product_cat?post=906"},{"taxonomy":"product_tag","embeddable":true,"href":"https:\/\/www.cxjsmartcard.com\/da\/wp-json\/wp\/v2\/product_tag?post=906"}],"curies":[{"name":"wp","href":"https:\/\/api.w.org\/{rel}","templated":true}]}}