{"id":901,"date":"2025-11-03T09:07:10","date_gmt":"2025-11-03T09:07:10","guid":{"rendered":"https:\/\/www.cxjsmartcard.com\/?post_type=product&#038;p=901"},"modified":"2025-12-29T01:27:08","modified_gmt":"2025-12-29T01:27:08","slug":"866-868mhz-u8-rfid-anti-metal-label-etsi","status":"publish","type":"product","link":"https:\/\/www.cxjsmartcard.com\/da\/866-868mhz-u8-rfid-anti-metal-label-etsi\/","title":{"rendered":"866\u2013868MHz U8 RFID antimetalm\u00e6rke (ETSI)"},"content":{"rendered":"<p data-start=\"54\" data-end=\"340\">Tynd, fleksibel UHF anti-metal etiket, der er indstillet til ETSI-b\u00e5ndet (866-868 MHz). Bygget p\u00e5 NXP\u00ae UCODE 8\/9 med en PET-forside og integreret metalisolering, leverer den hurtig og p\u00e5lidelig afl\u00e6sning p\u00e5 st\u00e5laktiver, samtidig med at den forbliver printbar og nem at kode til implementering i store m\u00e6ngder.<\/p>\n<p data-start=\"342\" data-end=\"371\"><strong data-start=\"342\" data-end=\"369\">N\u00f8glefunktioner og fordele<\/strong><\/p>\n<ul data-start=\"372\" data-end=\"835\">\n<li data-start=\"372\" data-end=\"458\">\n<p data-start=\"374\" data-end=\"458\"><strong data-start=\"374\" data-end=\"401\">ETSI-tunet ydeevne:<\/strong> 866\u2013868 MHz, EPCglobal Klasse 1 Gen2 \/ ISO\/IEC 18000-6C<\/p>\n<\/li>\n<li data-start=\"459\" data-end=\"558\">\n<p data-start=\"461\" data-end=\"558\"><strong data-start=\"461\" data-end=\"484\">Optimeret p\u00e5 metal:<\/strong> 4 m afl\u00e6sning p\u00e5 metal (typisk), 3,5 m p\u00e5 plastik, 3 m p\u00e5 v\u00e6skebeholdere<\/p>\n<\/li>\n<li data-start=\"559\" data-end=\"676\">\n<p data-start=\"561\" data-end=\"676\"><strong data-start=\"561\" data-end=\"577\">Klar til udskrivning:<\/strong> Kompatibel med industrielle RFID-printere (f.eks. Sato CL4NX, Zebra ZT410 Silverline, Boside TX3R)<\/p>\n<\/li>\n<li data-start=\"677\" data-end=\"754\">\n<p data-start=\"679\" data-end=\"754\"><strong data-start=\"679\" data-end=\"705\">Fleksibel konstruktion:<\/strong> Passer til buede eller uj\u00e6vne metaloverflader<\/p>\n<\/li>\n<li data-start=\"755\" data-end=\"835\">\n<p data-start=\"757\" data-end=\"835\"><strong data-start=\"757\" data-end=\"777\">Hurtig multil\u00e6sning:<\/strong> Underst\u00f8tter bulkscanning, sporbarhed og hurtig lagerstyring<\/p>\n<\/li>\n<\/ul>\n<p data-start=\"837\" data-end=\"1033\"><strong data-start=\"837\" data-end=\"853\">Applikationer<\/strong><br data-start=\"853\" data-end=\"856\" \/>Indend\u00f8rs aktiver og kontorudstyr \u2022 IT-hardware og elektronik \u2022 Logistik- og lagerartikler \u2022 Anti-forfalskningsm\u00e6rkning af v\u00e6rdigenstande \u2022 Metalbeholdere, v\u00e6rkt\u00f8j og reservedele.<\/p>\n<p data-start=\"1035\" data-end=\"1163\"><strong data-start=\"1035\" data-end=\"1060\">Tilpasningsmuligheder<\/strong><br data-start=\"1060\" data-end=\"1063\" \/>Brugerdefinerede st\u00f8rrelser; farve-\/logotryk; tekst, stregkode og QR-kode; EPC-kodning og datainitialisering.<\/p>\n<h2 data-start=\"1165\" data-end=\"1190\">Tabel (Specifikationer)<\/h2>\n<div class=\"_tableContainer_1rjym_1\">\n<div class=\"group _tableWrapper_1rjym_13 flex w-fit flex-col-reverse\" tabindex=\"-1\">\n<table class=\"w-fit min-w-(--thread-content-width)\" data-start=\"1192\" data-end=\"2778\">\n<thead data-start=\"1192\" data-end=\"1290\">\n<tr data-start=\"1192\" data-end=\"1290\">\n<th data-start=\"1192\" data-end=\"1210\" data-col-size=\"sm\">Kategori<\/th>\n<th data-start=\"1210\" data-end=\"1236\" data-col-size=\"sm\">Parameter<\/th>\n<th data-start=\"1236\" data-end=\"1290\" data-col-size=\"md\">V\u00e6rdi<\/th>\n<\/tr>\n<\/thead>\n<tbody data-start=\"1390\" data-end=\"2778\">\n<tr data-start=\"1390\" data-end=\"1487\">\n<td data-start=\"1390\" data-end=\"1408\" data-col-size=\"sm\">Produkt<\/td>\n<td data-start=\"1408\" data-end=\"1434\" data-col-size=\"sm\">Navn<\/td>\n<td data-col-size=\"md\" data-start=\"1434\" data-end=\"1487\">866\u2013868 MHz (ETSI) RFID anti-metal etiket<\/td>\n<\/tr>\n<tr data-start=\"1488\" data-end=\"1586\">\n<td data-start=\"1488\" data-end=\"1506\" data-col-size=\"sm\">RF<\/td>\n<td data-col-size=\"sm\" data-start=\"1506\" data-end=\"1532\">Frekvens<\/td>\n<td data-col-size=\"md\" data-start=\"1532\" data-end=\"1586\">866\u2013868 MHz (ETSI UHF)<\/td>\n<\/tr>\n<tr data-start=\"1587\" data-end=\"1685\">\n<td data-start=\"1587\" data-end=\"1605\" data-col-size=\"sm\"><\/td>\n<td data-col-size=\"sm\" data-start=\"1605\" data-end=\"1631\">Protokol<\/td>\n<td data-col-size=\"md\" data-start=\"1631\" data-end=\"1685\">ISO\/IEC 18000-6C, EPCglobal Klasse 1 Gen 2<\/td>\n<\/tr>\n<tr data-start=\"1686\" data-end=\"1784\">\n<td data-start=\"1686\" data-end=\"1704\" data-col-size=\"sm\">IC-muligheder<\/td>\n<td data-col-size=\"sm\" data-start=\"1704\" data-end=\"1730\">Chip<\/td>\n<td data-col-size=\"md\" data-start=\"1730\" data-end=\"1784\">NXP UCODE 8 \/ UCODE 9<\/td>\n<\/tr>\n<tr data-start=\"1785\" data-end=\"1883\">\n<td data-start=\"1785\" data-end=\"1803\" data-col-size=\"sm\">Hukommelse<\/td>\n<td data-col-size=\"sm\" data-start=\"1803\" data-end=\"1829\">EPC \/ Bruger<\/td>\n<td data-col-size=\"md\" data-start=\"1829\" data-end=\"1883\">128 bit \/ 0 bit<\/td>\n<\/tr>\n<tr data-start=\"1884\" data-end=\"1982\">\n<td data-start=\"1884\" data-end=\"1902\" data-col-size=\"sm\">Mekanik<\/td>\n<td data-col-size=\"sm\" data-start=\"1902\" data-end=\"1928\">Ansigtsmateriale<\/td>\n<td data-col-size=\"md\" data-start=\"1928\" data-end=\"1982\">K\u00c6LEDYR<\/td>\n<\/tr>\n<tr data-start=\"1983\" data-end=\"2081\">\n<td data-start=\"1983\" data-end=\"2001\" data-col-size=\"sm\">Dimensioner<\/td>\n<td data-col-size=\"sm\" data-start=\"2001\" data-end=\"2027\">Etiketst\u00f8rrelse (L\u00d7B\u00d7T)<\/td>\n<td data-col-size=\"md\" data-start=\"2027\" data-end=\"2081\">50 \u00d7 15 \u00d7 1,26 mm<\/td>\n<\/tr>\n<tr data-start=\"2082\" data-end=\"2181\">\n<td data-start=\"2082\" data-end=\"2100\" data-col-size=\"sm\">Pr\u00e6station<\/td>\n<td data-col-size=\"sm\" data-start=\"2100\" data-end=\"2126\">L\u00e6seafstand<\/td>\n<td data-col-size=\"md\" data-start=\"2126\" data-end=\"2181\">4 m (p\u00e5 metal); 3,5 m (p\u00e5 plastik); 3 m (p\u00e5 v\u00e6ske)<\/td>\n<\/tr>\n<tr data-start=\"2182\" data-end=\"2280\">\n<td data-start=\"2182\" data-end=\"2200\" data-col-size=\"sm\">Trykning<\/td>\n<td data-col-size=\"sm\" data-start=\"2200\" data-end=\"2226\">Printerkompatibilitet<\/td>\n<td data-col-size=\"md\" data-start=\"2226\" data-end=\"2280\">Sato CL4NX; Zebra ZT410 Silverline; Boside TX3R<\/td>\n<\/tr>\n<tr data-start=\"2281\" data-end=\"2381\">\n<td data-start=\"2281\" data-end=\"2299\" data-col-size=\"sm\">Personalisering<\/td>\n<td data-col-size=\"sm\" data-start=\"2299\" data-end=\"2325\">Data\/M\u00e6rkning<\/td>\n<td data-col-size=\"md\" data-start=\"2325\" data-end=\"2381\">Tekst, stregkode, QR, farve-\/logotryk; EPC-kodning<\/td>\n<\/tr>\n<tr data-start=\"2382\" data-end=\"2480\">\n<td data-start=\"2382\" data-end=\"2400\" data-col-size=\"sm\">Milj\u00f8<\/td>\n<td data-start=\"2400\" data-end=\"2426\" data-col-size=\"sm\">Driftstemperatur<\/td>\n<td data-col-size=\"md\" data-start=\"2426\" data-end=\"2480\">\u221240 til +85 \u2103<\/td>\n<\/tr>\n<tr data-start=\"2481\" data-end=\"2579\">\n<td data-start=\"2481\" data-end=\"2499\" data-col-size=\"sm\"><\/td>\n<td data-col-size=\"sm\" data-start=\"2499\" data-end=\"2525\">Opbevaringstemperatur<\/td>\n<td data-col-size=\"md\" data-start=\"2525\" data-end=\"2579\">\u221240 til +85 \u2103<\/td>\n<\/tr>\n<tr data-start=\"2580\" data-end=\"2678\">\n<td data-start=\"2580\" data-end=\"2598\" data-col-size=\"sm\">Fordele<\/td>\n<td data-col-size=\"sm\" data-start=\"2598\" data-end=\"2624\">H\u00f8jdepunkter<\/td>\n<td data-col-size=\"md\" data-start=\"2624\" data-end=\"2678\">Fleksibel etiket; multil\u00e6sning; sporbarhed<\/td>\n<\/tr>\n<tr data-start=\"2679\" data-end=\"2778\">\n<td data-start=\"2679\" data-end=\"2697\" data-col-size=\"sm\">Brugsscenarier<\/td>\n<td data-col-size=\"sm\" data-start=\"2697\" data-end=\"2723\">Typiske anvendelser<\/td>\n<td data-col-size=\"md\" data-start=\"2723\" data-end=\"2778\">IT-aktiver, kontorudstyr, metalbeholdere\/-v\u00e6rkt\u00f8j<\/td>\n<\/tr>\n<\/tbody>\n<\/table>\n<\/div>\n<\/div>","protected":false},"excerpt":{"rendered":"<p>ETSI-tunet UHF anti-metal etiket med UCODE 8\/9 - 4 m afl\u00e6sning p\u00e5 metal, fleksibel PET-konstruktion og printer-\/kodningsklar til hurtig sporing af aktiver.<\/p>","protected":false},"featured_media":903,"template":"","meta":{"_gspb_post_css":""},"product_brand":[],"product_cat":[31],"product_tag":[],"class_list":{"0":"post-901","1":"product","2":"type-product","3":"status-publish","4":"has-post-thumbnail","6":"product_cat-rfid-sticker-labels","8":"first","9":"instock","10":"shipping-taxable","11":"purchasable","12":"product-type-simple"},"_links":{"self":[{"href":"https:\/\/www.cxjsmartcard.com\/da\/wp-json\/wp\/v2\/product\/901","targetHints":{"allow":["GET"]}}],"collection":[{"href":"https:\/\/www.cxjsmartcard.com\/da\/wp-json\/wp\/v2\/product"}],"about":[{"href":"https:\/\/www.cxjsmartcard.com\/da\/wp-json\/wp\/v2\/types\/product"}],"wp:featuredmedia":[{"embeddable":true,"href":"https:\/\/www.cxjsmartcard.com\/da\/wp-json\/wp\/v2\/media\/903"}],"wp:attachment":[{"href":"https:\/\/www.cxjsmartcard.com\/da\/wp-json\/wp\/v2\/media?parent=901"}],"wp:term":[{"taxonomy":"product_brand","embeddable":true,"href":"https:\/\/www.cxjsmartcard.com\/da\/wp-json\/wp\/v2\/product_brand?post=901"},{"taxonomy":"product_cat","embeddable":true,"href":"https:\/\/www.cxjsmartcard.com\/da\/wp-json\/wp\/v2\/product_cat?post=901"},{"taxonomy":"product_tag","embeddable":true,"href":"https:\/\/www.cxjsmartcard.com\/da\/wp-json\/wp\/v2\/product_tag?post=901"}],"curies":[{"name":"wp","href":"https:\/\/api.w.org\/{rel}","templated":true}]}}