{"id":894,"date":"2025-11-03T09:04:37","date_gmt":"2025-11-03T09:04:37","guid":{"rendered":"https:\/\/www.cxjsmartcard.com\/?post_type=product&#038;p=894"},"modified":"2025-12-29T01:27:08","modified_gmt":"2025-12-29T01:27:08","slug":"nfc-coin-on-metal-rfid-tag","status":"publish","type":"product","link":"https:\/\/www.cxjsmartcard.com\/da\/nfc-coin-on-metal-rfid-tag\/","title":{"rendered":"NFC-m\u00f8nt p\u00e5 metal RFID-tag"},"content":{"rendered":"<p data-start=\"38\" data-end=\"337\">PVC p\u00e5 metal NFC-m\u00f8nttag designet til fastg\u00f8relse p\u00e5 st\u00e5l og andre ledende overflader. Den indlejrede anti-metalbarriere bevarer l\u00e6seegenskaberne, mens 3M-kl\u00e6bemiddel med h\u00f8j kl\u00e6beevne giver en st\u00e6rk binding p\u00e5 metal og plast med lav overfladeenergi. Fuldt kompatibel med NFC-aktiverede telefoner.<\/p>\n<p data-start=\"339\" data-end=\"518\"><strong data-start=\"339\" data-end=\"360\">Byggeri og materialer<\/strong><br data-start=\"360\" data-end=\"363\" \/>PVC-toplag med anti-metalbarriere og valgfri 3M9080 kl\u00e6bemiddel. 30 mm diameter, 1 mm tykkelse - kompakt nok til v\u00e6rkt\u00f8j, hylder og maskinhuse.<\/p>\n<p data-start=\"520\" data-end=\"538\"><strong data-start=\"520\" data-end=\"536\">N\u00f8glefunktioner<\/strong><\/p>\n<ul data-start=\"539\" data-end=\"863\">\n<li data-start=\"539\" data-end=\"595\">\n<p data-start=\"541\" data-end=\"595\">Fungerer p\u00e5 metal takket v\u00e6re integreret antimetallag<\/p>\n<\/li>\n<li data-start=\"596\" data-end=\"649\">\n<p data-start=\"598\" data-end=\"649\">Vandt\u00e6t\/vejrbestandig mini-h\u00e5rd tag-formfaktor<\/p>\n<\/li>\n<li data-start=\"650\" data-end=\"692\">\n<p data-start=\"652\" data-end=\"692\">Telefonl\u00e6sbar (ISO 14443A, 13,56 MHz)<\/p>\n<\/li>\n<li data-start=\"693\" data-end=\"732\">\n<p data-start=\"695\" data-end=\"732\">Valgfri laser\u00e6tset ID p\u00e5 overfladen<\/p>\n<\/li>\n<li data-start=\"733\" data-end=\"789\">\n<p data-start=\"735\" data-end=\"789\">Brugerdefineret tryk: fuldfarvet kunst, QR-koder, serienummer\/ID<\/p>\n<\/li>\n<li data-start=\"790\" data-end=\"863\">\n<p data-start=\"792\" data-end=\"863\">Bredere platformtilg\u00e6ngelighed p\u00e5 foresp\u00f8rgsel (LF 125 kHz \/ UHF 860-960 MHz)<\/p>\n<\/li>\n<\/ul>\n<p data-start=\"865\" data-end=\"1040\"><strong data-start=\"865\" data-end=\"881\">Applikationer<\/strong><br data-start=\"881\" data-end=\"884\" \/>Aktiv- og v\u00e6rkt\u00f8js-ID p\u00e5 metal \u2022 Lagerreoler og -kasser \u2022 IT-reoler og -skabe \u2022 Servicepunkter for udstyr \u2022 Forbrugerkontaktpunkter (URL\/NDEF-lancering).<\/p>\n<p data-start=\"1042\" data-end=\"1204\"><strong data-start=\"1042\" data-end=\"1054\">Montering<\/strong><br data-start=\"1054\" data-end=\"1057\" \/>Fjern og kl\u00e6b med h\u00f8jkl\u00e6bende kl\u00e6bemiddel p\u00e5 rene, t\u00f8rre overflader. Overvej mekanisk fastholdelse eller industrielle varianter til buede eller slidte omr\u00e5der.<\/p>\n<h2 data-start=\"1206\" data-end=\"1231\">Tabel (Specifikationer)<\/h2>\n<div class=\"_tableContainer_1rjym_1\">\n<div class=\"group _tableWrapper_1rjym_13 flex w-fit flex-col-reverse\" tabindex=\"-1\">\n<table class=\"w-fit min-w-(--thread-content-width)\" data-start=\"1233\" data-end=\"2692\">\n<thead data-start=\"1233\" data-end=\"1329\">\n<tr data-start=\"1233\" data-end=\"1329\">\n<th data-start=\"1233\" data-end=\"1251\" data-col-size=\"sm\">Kategori<\/th>\n<th data-start=\"1251\" data-end=\"1274\" data-col-size=\"sm\">Parameter<\/th>\n<th data-start=\"1274\" data-end=\"1329\" data-col-size=\"md\">V\u00e6rdi<\/th>\n<\/tr>\n<\/thead>\n<tbody data-start=\"1427\" data-end=\"2692\">\n<tr data-start=\"1427\" data-end=\"1523\">\n<td data-start=\"1427\" data-end=\"1445\" data-col-size=\"sm\">Produkt<\/td>\n<td data-col-size=\"sm\" data-start=\"1445\" data-end=\"1468\">Type<\/td>\n<td data-col-size=\"md\" data-start=\"1468\" data-end=\"1523\">NFC-m\u00f8nt p\u00e5 metal PVC-skive<\/td>\n<\/tr>\n<tr data-start=\"1524\" data-end=\"1620\">\n<td data-start=\"1524\" data-end=\"1542\" data-col-size=\"sm\">Materialer<\/td>\n<td data-col-size=\"sm\" data-start=\"1542\" data-end=\"1565\">Opstable<\/td>\n<td data-col-size=\"md\" data-start=\"1565\" data-end=\"1620\">PVC + anti-metalbarriere + valgfri 3M9080 kl\u00e6bemiddel<\/td>\n<\/tr>\n<tr data-start=\"1621\" data-end=\"1717\">\n<td data-start=\"1621\" data-end=\"1639\" data-col-size=\"sm\">Dimensioner<\/td>\n<td data-start=\"1639\" data-end=\"1662\" data-col-size=\"sm\">St\u00f8rrelse<\/td>\n<td data-col-size=\"md\" data-start=\"1662\" data-end=\"1717\">\u00d830 mm \u00d7 1 mm<\/td>\n<\/tr>\n<tr data-start=\"1718\" data-end=\"1814\">\n<td data-start=\"1718\" data-end=\"1736\" data-col-size=\"sm\">RF<\/td>\n<td data-start=\"1736\" data-end=\"1759\" data-col-size=\"sm\">Gr\u00e6nseflade\/Standard<\/td>\n<td data-start=\"1759\" data-end=\"1814\" data-col-size=\"md\">ISO 14443A (HF 13,56 MHz)<\/td>\n<\/tr>\n<tr data-start=\"1815\" data-end=\"1911\">\n<td data-start=\"1815\" data-end=\"1833\" data-col-size=\"sm\">Chip-muligheder<\/td>\n<td data-col-size=\"sm\" data-start=\"1833\" data-end=\"1856\">IC&#039;er<\/td>\n<td data-col-size=\"md\" data-start=\"1856\" data-end=\"1911\">NTAG\u00ae 213 \/ NTAG\u00ae 215 \/ NTAG\u00ae 216<\/td>\n<\/tr>\n<tr data-start=\"1912\" data-end=\"2008\">\n<td data-start=\"1912\" data-end=\"1930\" data-col-size=\"sm\">Hukommelse<\/td>\n<td data-col-size=\"sm\" data-start=\"1930\" data-end=\"1953\">Brugerkapacitet<\/td>\n<td data-col-size=\"md\" data-start=\"1953\" data-end=\"2008\">144 \/ 504 \/ 888 bytes (afh\u00e6ngig af chip)<\/td>\n<\/tr>\n<tr data-start=\"2009\" data-end=\"2105\">\n<td data-start=\"2009\" data-end=\"2027\" data-col-size=\"sm\">Trykning<\/td>\n<td data-col-size=\"sm\" data-start=\"2027\" data-end=\"2050\">Personalisering<\/td>\n<td data-col-size=\"md\" data-start=\"2050\" data-end=\"2105\">Fuldfarvetryk, QR-kode, serienummer\/ID (valgfrit)<\/td>\n<\/tr>\n<tr data-start=\"2106\" data-end=\"2202\">\n<td data-start=\"2106\" data-end=\"2124\" data-col-size=\"sm\">L\u00e6sbarhed<\/td>\n<td data-col-size=\"sm\" data-start=\"2124\" data-end=\"2147\">Enheder<\/td>\n<td data-col-size=\"md\" data-start=\"2147\" data-end=\"2202\">NFC-smartphones og ISO 14443A-l\u00e6sere<\/td>\n<\/tr>\n<tr data-start=\"2203\" data-end=\"2299\">\n<td data-start=\"2203\" data-end=\"2221\" data-col-size=\"sm\">P\u00e5 metal<\/td>\n<td data-col-size=\"sm\" data-start=\"2221\" data-end=\"2244\">Barriere<\/td>\n<td data-col-size=\"md\" data-start=\"2244\" data-end=\"2299\">Integreret antimetallisk lag<\/td>\n<\/tr>\n<tr data-start=\"2300\" data-end=\"2396\">\n<td data-start=\"2300\" data-end=\"2318\" data-col-size=\"sm\">Kl\u00e6bemiddel<\/td>\n<td data-start=\"2318\" data-end=\"2341\" data-col-size=\"sm\">Bagside<\/td>\n<td data-col-size=\"md\" data-start=\"2341\" data-end=\"2396\">H\u00f8j kl\u00e6beevne 3M9080<\/td>\n<\/tr>\n<tr data-start=\"2397\" data-end=\"2498\">\n<td data-start=\"2397\" data-end=\"2415\" data-col-size=\"sm\">Beskyttelse<\/td>\n<td data-col-size=\"sm\" data-start=\"2415\" data-end=\"2438\">Attributter<\/td>\n<td data-col-size=\"md\" data-start=\"2438\" data-end=\"2498\">Vandt\u00e6t\/vejrbestandig (industrielle muligheder tilg\u00e6ngelige)<\/td>\n<\/tr>\n<tr data-start=\"2499\" data-end=\"2595\">\n<td data-start=\"2499\" data-end=\"2517\" data-col-size=\"sm\">Valgmuligheder<\/td>\n<td data-start=\"2517\" data-end=\"2540\" data-col-size=\"sm\">Andre frekvenser<\/td>\n<td data-col-size=\"md\" data-start=\"2540\" data-end=\"2595\">125 kHz LF eller 860\u2013960 MHz UHF (efter anmodning)<\/td>\n<\/tr>\n<tr data-start=\"2596\" data-end=\"2692\">\n<td data-start=\"2596\" data-end=\"2614\" data-col-size=\"sm\">Farver<\/td>\n<td data-start=\"2614\" data-end=\"2637\" data-col-size=\"sm\">Overflade<\/td>\n<td data-col-size=\"md\" data-start=\"2637\" data-end=\"2692\">Blank eller specialtrykt<\/td>\n<\/tr>\n<\/tbody>\n<\/table>\n<\/div>\n<\/div>","protected":false},"excerpt":{"rendered":"<p>30 mm PVC NFC-m\u00f8nttag med anti-metalbarriere og 3M-kl\u00e6bemiddel med h\u00f8j kl\u00e6beevne \u2013 fungerer p\u00e5 st\u00e5l, kan l\u00e6ses p\u00e5 telefon (ISO 14443A), er vandt\u00e6t\/vejrbestandig og har brugerdefinerede trykmuligheder.<\/p>","protected":false},"featured_media":899,"template":"","meta":{"_gspb_post_css":""},"product_brand":[],"product_cat":[24,27],"product_tag":[],"class_list":{"0":"post-894","1":"product","2":"type-product","3":"status-publish","4":"has-post-thumbnail","6":"product_cat-rfid-tags","7":"product_cat-rfid-patrol-tags","9":"first","10":"instock","11":"shipping-taxable","12":"purchasable","13":"product-type-simple"},"_links":{"self":[{"href":"https:\/\/www.cxjsmartcard.com\/da\/wp-json\/wp\/v2\/product\/894","targetHints":{"allow":["GET"]}}],"collection":[{"href":"https:\/\/www.cxjsmartcard.com\/da\/wp-json\/wp\/v2\/product"}],"about":[{"href":"https:\/\/www.cxjsmartcard.com\/da\/wp-json\/wp\/v2\/types\/product"}],"wp:featuredmedia":[{"embeddable":true,"href":"https:\/\/www.cxjsmartcard.com\/da\/wp-json\/wp\/v2\/media\/899"}],"wp:attachment":[{"href":"https:\/\/www.cxjsmartcard.com\/da\/wp-json\/wp\/v2\/media?parent=894"}],"wp:term":[{"taxonomy":"product_brand","embeddable":true,"href":"https:\/\/www.cxjsmartcard.com\/da\/wp-json\/wp\/v2\/product_brand?post=894"},{"taxonomy":"product_cat","embeddable":true,"href":"https:\/\/www.cxjsmartcard.com\/da\/wp-json\/wp\/v2\/product_cat?post=894"},{"taxonomy":"product_tag","embeddable":true,"href":"https:\/\/www.cxjsmartcard.com\/da\/wp-json\/wp\/v2\/product_tag?post=894"}],"curies":[{"name":"wp","href":"https:\/\/api.w.org\/{rel}","templated":true}]}}