{"id":882,"date":"2025-11-03T09:00:25","date_gmt":"2025-11-03T09:00:25","guid":{"rendered":"https:\/\/www.cxjsmartcard.com\/?post_type=product&#038;p=882"},"modified":"2025-12-29T01:27:08","modified_gmt":"2025-12-29T01:27:08","slug":"abs-pps-rfid-nfc-patrol-tag","status":"publish","type":"product","link":"https:\/\/www.cxjsmartcard.com\/da\/abs-pps-rfid-nfc-patrol-tag\/","title":{"rendered":"ABS PPS RFID NFC patruljetag"},"content":{"rendered":"<p data-start=\"39\" data-end=\"460\">Robust HF-patruljecheckpoint-tag til vagtture, vedligeholdelsesrunder og aktiver. ABS + PPS-kabinettet er modstandsdygtigt over for st\u00f8d, vejr og kemikalier, mens et valgfrit anti-metallag sikrer stabil ydeevne p\u00e5 porte, hegn og andre metalliske overflader. Monter med 3M-kl\u00e6bemiddel eller skruer; scan med smartphones (NFC) eller HF-l\u00e6sere for hurtige, h\u00e5ndfri check-ins.<\/p>\n<p data-start=\"462\" data-end=\"480\"><strong data-start=\"462\" data-end=\"478\">N\u00f8glefunktioner<\/strong><\/p>\n<ul data-start=\"481\" data-end=\"911\">\n<li data-start=\"481\" data-end=\"531\">\n<p data-start=\"483\" data-end=\"531\">13,56 MHz HF; ISO 14443A \/ ISO 15693-kompatibel<\/p>\n<\/li>\n<li data-start=\"532\" data-end=\"600\">\n<p data-start=\"534\" data-end=\"600\">Chip-muligheder: NTAG213\/215\/216, MIFARE Classic S50 1K, ICODE SLIX<\/p>\n<\/li>\n<li data-start=\"601\" data-end=\"679\">\n<p data-start=\"603\" data-end=\"679\">L\u00e6se-\/skriveudholdenhed &gt;100.000 cyklusser; skrivebeskyttet eller l\u00e6s\/skriv efter chiptype<\/p>\n<\/li>\n<li data-start=\"680\" data-end=\"755\">\n<p data-start=\"682\" data-end=\"755\">Typisk l\u00e6seafstand: op til 0,1-3 m (afh\u00e6ngigt af enhed og milj\u00f8)<\/p>\n<\/li>\n<li data-start=\"756\" data-end=\"836\">\n<p data-start=\"758\" data-end=\"836\">ABS\/PPS teknisk plast; valgfrit anti-metallisk lag; 3M kl\u00e6bende bagside<\/p>\n<\/li>\n<li data-start=\"837\" data-end=\"911\">\n<p data-start=\"839\" data-end=\"911\">Brugerdefineret trykning (logo\/tekst), kodning (URL\/tekst\/tal), st\u00f8rrelse og form<\/p>\n<\/li>\n<\/ul>\n<p data-start=\"913\" data-end=\"928\"><strong data-start=\"913\" data-end=\"926\">Brugsscenarier<\/strong><\/p>\n<ul data-start=\"929\" data-end=\"1183\">\n<li data-start=\"929\" data-end=\"1015\">\n<p data-start=\"931\" data-end=\"1015\"><strong data-start=\"931\" data-end=\"954\">Vagttursystemer:<\/strong> Log tid, dato og placering, n\u00e5r personale scanner kontrolpunkter<\/p>\n<\/li>\n<li data-start=\"1016\" data-end=\"1100\">\n<p data-start=\"1018\" data-end=\"1100\"><strong data-start=\"1018\" data-end=\"1042\">Vedligeholdelsespatruljer:<\/strong> Bekr\u00e6ft inspektioner og f\u00e6rdigg\u00f8relse af arbejdet p\u00e5 faste punkter<\/p>\n<\/li>\n<li data-start=\"1101\" data-end=\"1183\">\n<p data-start=\"1103\" data-end=\"1183\"><strong data-start=\"1103\" data-end=\"1135\">Kontrolpunkter for aktiver\/udstyr:<\/strong> Bevis tilstedev\u00e6relse ved porte, d\u00f8re, reoler, k\u00f8ret\u00f8jer<\/p>\n<\/li>\n<\/ul>\n<p data-start=\"1185\" data-end=\"1315\"><strong data-start=\"1185\" data-end=\"1202\">Monteringstips<\/strong><br data-start=\"1202\" data-end=\"1205\" \/>Reng\u00f8r overfladen, og fastg\u00f8r den derefter med 3M kl\u00e6bemiddel til hurtig installation, eller brug skruer til permanent udend\u00f8rs placering.<\/p>\n<h2 data-start=\"1317\" data-end=\"1342\">Tabel (Specifikationer)<\/h2>\n<div class=\"_tableContainer_1rjym_1\">\n<div class=\"group _tableWrapper_1rjym_13 flex w-fit flex-col-reverse\" tabindex=\"-1\">\n<table class=\"w-fit min-w-(--thread-content-width)\" data-start=\"1344\" data-end=\"3521\">\n<thead data-start=\"1344\" data-end=\"1464\">\n<tr data-start=\"1344\" data-end=\"1464\">\n<th data-start=\"1344\" data-end=\"1366\" data-col-size=\"sm\">Kategori<\/th>\n<th data-start=\"1366\" data-end=\"1391\" data-col-size=\"sm\">Parameter<\/th>\n<th data-start=\"1391\" data-end=\"1464\" data-col-size=\"md\">V\u00e6rdi<\/th>\n<\/tr>\n<\/thead>\n<tbody data-start=\"1586\" data-end=\"3521\">\n<tr data-start=\"1586\" data-end=\"1706\">\n<td data-start=\"1586\" data-end=\"1608\" data-col-size=\"sm\">Produkt<\/td>\n<td data-col-size=\"sm\" data-start=\"1608\" data-end=\"1633\">Type<\/td>\n<td data-col-size=\"md\" data-start=\"1633\" data-end=\"1706\">ABS\/PPS RFID NFC patruljetag<\/td>\n<\/tr>\n<tr data-start=\"1707\" data-end=\"1827\">\n<td data-start=\"1707\" data-end=\"1729\" data-col-size=\"sm\">Materialer<\/td>\n<td data-col-size=\"sm\" data-start=\"1729\" data-end=\"1754\">Boliger<\/td>\n<td data-col-size=\"md\" data-start=\"1754\" data-end=\"1827\">PPS \/ ABS<\/td>\n<\/tr>\n<tr data-start=\"1828\" data-end=\"1948\">\n<td data-start=\"1828\" data-end=\"1850\" data-col-size=\"sm\"><\/td>\n<td data-col-size=\"sm\" data-start=\"1850\" data-end=\"1875\">Kl\u00e6bemiddel<\/td>\n<td data-col-size=\"md\" data-start=\"1875\" data-end=\"1948\">3M industriel kl\u00e6bemiddel<\/td>\n<\/tr>\n<tr data-start=\"1949\" data-end=\"2069\">\n<td data-start=\"1949\" data-end=\"1971\" data-col-size=\"sm\">Antenne<\/td>\n<td data-col-size=\"sm\" data-start=\"1971\" data-end=\"1996\">Struktur<\/td>\n<td data-col-size=\"md\" data-start=\"1996\" data-end=\"2069\">Aluminium-\u00e6tset antenne; COB + kobberspole<\/td>\n<\/tr>\n<tr data-start=\"2070\" data-end=\"2190\">\n<td data-start=\"2070\" data-end=\"2092\" data-col-size=\"sm\">P\u00e5 metal<\/td>\n<td data-start=\"2092\" data-end=\"2117\" data-col-size=\"sm\">Lag<\/td>\n<td data-start=\"2117\" data-end=\"2190\" data-col-size=\"md\">Anti-metal materiale (valgfrit)<\/td>\n<\/tr>\n<tr data-start=\"2191\" data-end=\"2311\">\n<td data-start=\"2191\" data-end=\"2213\" data-col-size=\"sm\">RF<\/td>\n<td data-col-size=\"sm\" data-start=\"2213\" data-end=\"2238\">Frekvens<\/td>\n<td data-col-size=\"md\" data-start=\"2238\" data-end=\"2311\">13,56 MHz (HF)<\/td>\n<\/tr>\n<tr data-start=\"2312\" data-end=\"2432\">\n<td data-start=\"2312\" data-end=\"2334\" data-col-size=\"sm\">Protokoller<\/td>\n<td data-start=\"2334\" data-end=\"2359\" data-col-size=\"sm\">Standarder<\/td>\n<td data-col-size=\"md\" data-start=\"2359\" data-end=\"2432\">ISO 14443A; ISO 15693<\/td>\n<\/tr>\n<tr data-start=\"2433\" data-end=\"2553\">\n<td data-start=\"2433\" data-end=\"2455\" data-col-size=\"sm\">IC-muligheder<\/td>\n<td data-col-size=\"sm\" data-start=\"2455\" data-end=\"2480\">Chips<\/td>\n<td data-col-size=\"md\" data-start=\"2480\" data-end=\"2553\">NTAG213\/215\/216; MIFARE Classic S50 1K; ICODE SLIX<\/td>\n<\/tr>\n<tr data-start=\"2554\" data-end=\"2674\">\n<td data-start=\"2554\" data-end=\"2576\" data-col-size=\"sm\">Pr\u00e6station<\/td>\n<td data-col-size=\"sm\" data-start=\"2576\" data-end=\"2601\">L\u00e6seafstand<\/td>\n<td data-col-size=\"md\" data-start=\"2601\" data-end=\"2674\">0,1\u20133 m (afh\u00e6ngig af l\u00e6ser\/tag\/milj\u00f8)<\/td>\n<\/tr>\n<tr data-start=\"2675\" data-end=\"2795\">\n<td data-start=\"2675\" data-end=\"2697\" data-col-size=\"sm\"><\/td>\n<td data-col-size=\"sm\" data-start=\"2697\" data-end=\"2722\">Udholdenhed<\/td>\n<td data-col-size=\"md\" data-start=\"2722\" data-end=\"2795\">&gt;100.000 l\u00e6se-\/skrivecyklusser<\/td>\n<\/tr>\n<tr data-start=\"2796\" data-end=\"2916\">\n<td data-start=\"2796\" data-end=\"2818\" data-col-size=\"sm\">Operation<\/td>\n<td data-col-size=\"sm\" data-start=\"2818\" data-end=\"2843\">Mode<\/td>\n<td data-col-size=\"md\" data-start=\"2843\" data-end=\"2916\">Skrivebeskyttet eller l\u00e6s\/skriv (pr. chiptype)<\/td>\n<\/tr>\n<tr data-start=\"2917\" data-end=\"3037\">\n<td data-start=\"2917\" data-end=\"2939\" data-col-size=\"sm\">Milj\u00f8<\/td>\n<td data-col-size=\"sm\" data-start=\"2939\" data-end=\"2964\">Arbejdstemperatur<\/td>\n<td data-col-size=\"md\" data-start=\"2964\" data-end=\"3037\">\u221225 \u2103 til +75 \u2103<\/td>\n<\/tr>\n<tr data-start=\"3038\" data-end=\"3158\">\n<td data-start=\"3038\" data-end=\"3060\" data-col-size=\"sm\"><\/td>\n<td data-col-size=\"sm\" data-start=\"3060\" data-end=\"3085\">Opbevaringstemperatur<\/td>\n<td data-col-size=\"md\" data-start=\"3085\" data-end=\"3158\">\u221240 \u2103 til +80 \u2103<\/td>\n<\/tr>\n<tr data-start=\"3159\" data-end=\"3279\">\n<td data-start=\"3159\" data-end=\"3181\" data-col-size=\"sm\">Personalisering<\/td>\n<td data-col-size=\"sm\" data-start=\"3181\" data-end=\"3206\">Tilpassede tjenester<\/td>\n<td data-col-size=\"md\" data-start=\"3206\" data-end=\"3279\">Logo\/tekstudskrivning; URL\/tekst\/nummerkodning; brugerdefineret st\u00f8rrelse\/form<\/td>\n<\/tr>\n<tr data-start=\"3280\" data-end=\"3400\">\n<td data-start=\"3280\" data-end=\"3302\" data-col-size=\"sm\">Installation<\/td>\n<td data-start=\"3302\" data-end=\"3327\" data-col-size=\"sm\">Montering<\/td>\n<td data-start=\"3327\" data-end=\"3400\" data-col-size=\"md\">3M kl\u00e6bemiddel eller skruer<\/td>\n<\/tr>\n<tr data-start=\"3401\" data-end=\"3521\">\n<td data-start=\"3401\" data-end=\"3423\" data-col-size=\"sm\">Applikationer<\/td>\n<td data-col-size=\"sm\" data-start=\"3423\" data-end=\"3448\">Typiske brugsscenarier<\/td>\n<td data-col-size=\"md\" data-start=\"3448\" data-end=\"3521\">Vagtrundvisning, vedligeholdelsespatrulje, logning af kontrolpunkter for aktiver\/udstyr<\/td>\n<\/tr>\n<\/tbody>\n<\/table>\n<\/div>\n<\/div>","protected":false},"excerpt":{"rendered":"<p>ABS\/PPS HF-patruljetag til vagtture og vedligeholdelse \u2014 13,56 MHz NFC\/ISO 14443A\/15693, op til 0,1-3 m afl\u00e6sninger, &gt;100k cyklusser, anti-metal-mulighed, 3M kl\u00e6be- eller skruemontering.<\/p>","protected":false},"featured_media":887,"template":"","meta":{"_gspb_post_css":""},"product_brand":[],"product_cat":[24,27],"product_tag":[],"class_list":{"0":"post-882","1":"product","2":"type-product","3":"status-publish","4":"has-post-thumbnail","6":"product_cat-rfid-tags","7":"product_cat-rfid-patrol-tags","9":"first","10":"instock","11":"shipping-taxable","12":"purchasable","13":"product-type-simple"},"_links":{"self":[{"href":"https:\/\/www.cxjsmartcard.com\/da\/wp-json\/wp\/v2\/product\/882","targetHints":{"allow":["GET"]}}],"collection":[{"href":"https:\/\/www.cxjsmartcard.com\/da\/wp-json\/wp\/v2\/product"}],"about":[{"href":"https:\/\/www.cxjsmartcard.com\/da\/wp-json\/wp\/v2\/types\/product"}],"wp:featuredmedia":[{"embeddable":true,"href":"https:\/\/www.cxjsmartcard.com\/da\/wp-json\/wp\/v2\/media\/887"}],"wp:attachment":[{"href":"https:\/\/www.cxjsmartcard.com\/da\/wp-json\/wp\/v2\/media?parent=882"}],"wp:term":[{"taxonomy":"product_brand","embeddable":true,"href":"https:\/\/www.cxjsmartcard.com\/da\/wp-json\/wp\/v2\/product_brand?post=882"},{"taxonomy":"product_cat","embeddable":true,"href":"https:\/\/www.cxjsmartcard.com\/da\/wp-json\/wp\/v2\/product_cat?post=882"},{"taxonomy":"product_tag","embeddable":true,"href":"https:\/\/www.cxjsmartcard.com\/da\/wp-json\/wp\/v2\/product_tag?post=882"}],"curies":[{"name":"wp","href":"https:\/\/api.w.org\/{rel}","templated":true}]}}