{"id":881,"date":"2025-11-03T08:58:46","date_gmt":"2025-11-03T08:58:46","guid":{"rendered":"https:\/\/www.cxjsmartcard.com\/?post_type=product&#038;p=881"},"modified":"2025-12-29T01:27:08","modified_gmt":"2025-12-29T01:27:08","slug":"uhf-rfid-abs-anti-metal-tag","status":"publish","type":"product","link":"https:\/\/www.cxjsmartcard.com\/da\/uhf-rfid-abs-anti-metal-tag\/","title":{"rendered":"UHF RFID ABS anti-metal tag"},"content":{"rendered":"<p data-start=\"39\" data-end=\"339\">Robust UHF anti-metal tag designet til p\u00e5lidelig sporing af metalliske aktiver i barske indend\u00f8rs\/udend\u00f8rs milj\u00f8er. Den fungerer ved 860-960 MHz med passiv EPC Gen2v2-ydeevne og er egnet til industrielt udstyr, IT-hardware, v\u00e6rkt\u00f8j og fastmonterede maskiner.<\/p>\n<p data-start=\"341\" data-end=\"359\"><strong data-start=\"341\" data-end=\"357\">N\u00f8glefunktioner<\/strong><\/p>\n<ul data-start=\"360\" data-end=\"695\">\n<li data-start=\"360\" data-end=\"424\">\n<p data-start=\"362\" data-end=\"424\">Fungerer p\u00e5 metaloverflader; vandt\u00e6t\/vejrbestandigt ABS-hus<\/p>\n<\/li>\n<li data-start=\"425\" data-end=\"475\">\n<p data-start=\"427\" data-end=\"475\">Passiv UHF EPC Klasse 1 Gen 2v2 (ISO 18000-6C)<\/p>\n<\/li>\n<li data-start=\"476\" data-end=\"540\">\n<p data-start=\"478\" data-end=\"540\">Standardst\u00f8rrelse 135 \u00d7 22 \u00d7 12 mm; mulighed for tilpasning af store m\u00e6ngder<\/p>\n<\/li>\n<li data-start=\"541\" data-end=\"600\">\n<p data-start=\"543\" data-end=\"600\">Hukommelsesprofil: TID 64 bit, EPC 96 bit, bruger 512 bit<\/p>\n<\/li>\n<li data-start=\"601\" data-end=\"648\">\n<p data-start=\"603\" data-end=\"648\">Bred temperaturtolerance -40 \u2103 til +150 \u2103<\/p>\n<\/li>\n<li data-start=\"649\" data-end=\"695\">\n<p data-start=\"651\" data-end=\"695\">Udrulningsvenlig med tilg\u00e6ngelige pr\u00f8vepakker<\/p>\n<\/li>\n<\/ul>\n<p data-start=\"697\" data-end=\"826\"><strong data-start=\"697\" data-end=\"713\">Applikationer<\/strong><br data-start=\"713\" data-end=\"716\" \/>Industrielle aktiver og paller \u2022 IT-udstyr og reoler \u2022 V\u00e6rkt\u00f8j og inventar \u2022 Udend\u00f8rs metalinfrastruktur.<\/p>\n<p data-start=\"828\" data-end=\"1146\"><strong data-start=\"828\" data-end=\"836\">Ofte stillede sp\u00f8rgsm\u00e5l<\/strong><br data-start=\"836\" data-end=\"839\" \/><strong data-start=\"839\" data-end=\"846\">Sp\u00f8rgsm\u00e5l 1:<\/strong> Er der gratis pr\u00f8ver tilg\u00e6ngelige?<br data-start=\"874\" data-end=\"877\" \/><strong data-start=\"877\" data-end=\"883\">EN:<\/strong> Ja \u2013 pr\u00f8vepakker tilbydes til test f\u00f8r implementering.<br data-start=\"943\" data-end=\"946\" \/><strong data-start=\"946\" data-end=\"953\">Sp\u00f8rgsm\u00e5l 2:<\/strong> Er den egnet til udend\u00f8rs brug?<br data-start=\"985\" data-end=\"988\" \/><strong data-start=\"988\" data-end=\"994\">EN:<\/strong> Ja \u2013 ABS-kabinettet er vejrbestandigt til udend\u00f8rs forhold.<br data-start=\"1051\" data-end=\"1054\" \/><strong data-start=\"1054\" data-end=\"1061\">Sp\u00f8rgsm\u00e5l 3:<\/strong> Kan st\u00f8rrelsen tilpasses?<br data-start=\"1089\" data-end=\"1092\" \/><strong data-start=\"1092\" data-end=\"1098\">EN:<\/strong> Ja - brugerdefinerede st\u00f8rrelser er tilg\u00e6ngelige for bulkbestillinger.<\/p>\n<h2 data-start=\"1148\" data-end=\"1173\">Tabel (Specifikationer)<\/h2>\n<div class=\"_tableContainer_1rjym_1\">\n<div class=\"group _tableWrapper_1rjym_13 flex w-fit flex-col-reverse\" tabindex=\"-1\">\n<table class=\"w-fit min-w-(--thread-content-width)\" data-start=\"1175\" data-end=\"2516\">\n<thead data-start=\"1175\" data-end=\"1264\">\n<tr data-start=\"1175\" data-end=\"1264\">\n<th data-start=\"1175\" data-end=\"1197\" data-col-size=\"sm\">Kategori<\/th>\n<th data-start=\"1197\" data-end=\"1222\" data-col-size=\"sm\">Parameter<\/th>\n<th data-start=\"1222\" data-end=\"1264\" data-col-size=\"md\">V\u00e6rdi<\/th>\n<\/tr>\n<\/thead>\n<tbody data-start=\"1354\" data-end=\"2516\">\n<tr data-start=\"1354\" data-end=\"1442\">\n<td data-start=\"1354\" data-end=\"1375\" data-col-size=\"sm\">Produkt<\/td>\n<td data-start=\"1375\" data-end=\"1400\" data-col-size=\"sm\">Navn<\/td>\n<td data-col-size=\"md\" data-start=\"1400\" data-end=\"1442\">ABS anti-metal RFID-tag<\/td>\n<\/tr>\n<tr data-start=\"1443\" data-end=\"1531\">\n<td data-start=\"1443\" data-end=\"1464\" data-col-size=\"sm\">Model<\/td>\n<td data-col-size=\"sm\" data-start=\"1464\" data-end=\"1489\">Antal<\/td>\n<td data-col-size=\"md\" data-start=\"1489\" data-end=\"1531\">ABS anti-metal tag<\/td>\n<\/tr>\n<tr data-start=\"1532\" data-end=\"1620\">\n<td data-start=\"1532\" data-end=\"1553\" data-col-size=\"sm\">RF<\/td>\n<td data-col-size=\"sm\" data-start=\"1553\" data-end=\"1578\">Frekvens<\/td>\n<td data-col-size=\"md\" data-start=\"1578\" data-end=\"1620\">860\u2013960 MHz<\/td>\n<\/tr>\n<tr data-start=\"1621\" data-end=\"1709\">\n<td data-start=\"1621\" data-end=\"1642\" data-col-size=\"sm\"><\/td>\n<td data-col-size=\"sm\" data-start=\"1642\" data-end=\"1667\">Protokol<\/td>\n<td data-col-size=\"md\" data-start=\"1667\" data-end=\"1709\">ISO 18000-6C \/ EPC Klasse 1 Gen 2v2<\/td>\n<\/tr>\n<tr data-start=\"1710\" data-end=\"1798\">\n<td data-start=\"1710\" data-end=\"1731\" data-col-size=\"sm\">Operation<\/td>\n<td data-col-size=\"sm\" data-start=\"1731\" data-end=\"1756\">Mode<\/td>\n<td data-col-size=\"md\" data-start=\"1756\" data-end=\"1798\">Passiv<\/td>\n<\/tr>\n<tr data-start=\"1799\" data-end=\"1887\">\n<td data-start=\"1799\" data-end=\"1820\" data-col-size=\"sm\">Mekanik<\/td>\n<td data-col-size=\"sm\" data-start=\"1820\" data-end=\"1845\">Husmateriale<\/td>\n<td data-col-size=\"md\" data-start=\"1845\" data-end=\"1887\">ABS<\/td>\n<\/tr>\n<tr data-start=\"1888\" data-end=\"1976\">\n<td data-start=\"1888\" data-end=\"1909\" data-col-size=\"sm\">Dimensioner<\/td>\n<td data-start=\"1909\" data-end=\"1934\" data-col-size=\"sm\">St\u00f8rrelse<\/td>\n<td data-col-size=\"md\" data-start=\"1934\" data-end=\"1976\">135 \u00d7 22 \u00d7 12 mm<\/td>\n<\/tr>\n<tr data-start=\"1977\" data-end=\"2065\">\n<td data-start=\"1977\" data-end=\"1998\" data-col-size=\"sm\">Hukommelse<\/td>\n<td data-col-size=\"sm\" data-start=\"1998\" data-end=\"2023\">TID \/ EPC \/ Bruger<\/td>\n<td data-col-size=\"md\" data-start=\"2023\" data-end=\"2065\">64 bit \/ 96 bit \/ 512 bit<\/td>\n<\/tr>\n<tr data-start=\"2066\" data-end=\"2154\">\n<td data-start=\"2066\" data-end=\"2087\" data-col-size=\"sm\">Gr\u00e6nseflade<\/td>\n<td data-start=\"2087\" data-end=\"2112\" data-col-size=\"sm\">Meddelelse<\/td>\n<td data-col-size=\"md\" data-start=\"2112\" data-end=\"2154\">RFID<\/td>\n<\/tr>\n<tr data-start=\"2155\" data-end=\"2243\">\n<td data-start=\"2155\" data-end=\"2176\" data-col-size=\"sm\">Milj\u00f8<\/td>\n<td data-col-size=\"sm\" data-start=\"2176\" data-end=\"2201\">Anvendelsestemperatur<\/td>\n<td data-col-size=\"md\" data-start=\"2201\" data-end=\"2243\">\u221240 \u2103 til +150 \u2103<\/td>\n<\/tr>\n<tr data-start=\"2244\" data-end=\"2332\">\n<td data-start=\"2244\" data-end=\"2265\" data-col-size=\"sm\">Beskyttelse<\/td>\n<td data-col-size=\"sm\" data-start=\"2265\" data-end=\"2290\">S\u00e6rlige funktioner<\/td>\n<td data-col-size=\"md\" data-start=\"2290\" data-end=\"2332\">Vandt\u00e6t \/ Vejrbestandig<\/td>\n<\/tr>\n<tr data-start=\"2333\" data-end=\"2421\">\n<td data-start=\"2333\" data-end=\"2354\" data-col-size=\"sm\">Personalisering<\/td>\n<td data-col-size=\"sm\" data-start=\"2354\" data-end=\"2379\">Valgmuligheder<\/td>\n<td data-col-size=\"md\" data-start=\"2379\" data-end=\"2421\">St\u00f8rrelsestilpasning til bulkbestillinger<\/td>\n<\/tr>\n<tr data-start=\"2422\" data-end=\"2516\">\n<td data-start=\"2422\" data-end=\"2443\" data-col-size=\"sm\">Brugsscenarier<\/td>\n<td data-col-size=\"sm\" data-start=\"2443\" data-end=\"2468\">Typiske anvendelser<\/td>\n<td data-col-size=\"md\" data-start=\"2468\" data-end=\"2516\">Metalaktiver, v\u00e6rkt\u00f8j, IT-udstyr, maskiner<\/td>\n<\/tr>\n<\/tbody>\n<\/table>\n<\/div>\n<\/div>","protected":false},"excerpt":{"rendered":"<p>ABS UHF anti-metal RFID-tag til metalaktiver \u2014 EPC Gen2v2, passivt, vejrbestandigt ABS-hus, \u221240 \u2103 til +150 \u2103, standard 135\u00d722\u00d712 mm med brugerdefinerede muligheder.<\/p>","protected":false},"featured_media":879,"template":"","meta":{"_gspb_post_css":""},"product_brand":[],"product_cat":[24,26],"product_tag":[],"class_list":{"0":"post-881","1":"product","2":"type-product","3":"status-publish","4":"has-post-thumbnail","6":"product_cat-rfid-tags","7":"product_cat-anti-metal-abs-uhf-rfid-tags","9":"first","10":"instock","11":"shipping-taxable","12":"purchasable","13":"product-type-simple"},"_links":{"self":[{"href":"https:\/\/www.cxjsmartcard.com\/da\/wp-json\/wp\/v2\/product\/881","targetHints":{"allow":["GET"]}}],"collection":[{"href":"https:\/\/www.cxjsmartcard.com\/da\/wp-json\/wp\/v2\/product"}],"about":[{"href":"https:\/\/www.cxjsmartcard.com\/da\/wp-json\/wp\/v2\/types\/product"}],"wp:featuredmedia":[{"embeddable":true,"href":"https:\/\/www.cxjsmartcard.com\/da\/wp-json\/wp\/v2\/media\/879"}],"wp:attachment":[{"href":"https:\/\/www.cxjsmartcard.com\/da\/wp-json\/wp\/v2\/media?parent=881"}],"wp:term":[{"taxonomy":"product_brand","embeddable":true,"href":"https:\/\/www.cxjsmartcard.com\/da\/wp-json\/wp\/v2\/product_brand?post=881"},{"taxonomy":"product_cat","embeddable":true,"href":"https:\/\/www.cxjsmartcard.com\/da\/wp-json\/wp\/v2\/product_cat?post=881"},{"taxonomy":"product_tag","embeddable":true,"href":"https:\/\/www.cxjsmartcard.com\/da\/wp-json\/wp\/v2\/product_tag?post=881"}],"curies":[{"name":"wp","href":"https:\/\/api.w.org\/{rel}","templated":true}]}}