{"id":873,"date":"2025-11-03T08:55:50","date_gmt":"2025-11-03T08:55:50","guid":{"rendered":"https:\/\/www.cxjsmartcard.com\/?post_type=product&#038;p=873"},"modified":"2025-12-29T01:27:08","modified_gmt":"2025-12-29T01:27:08","slug":"rewritable-long-range-abs-uhf-rfid-anti-metal-tag","status":"publish","type":"product","link":"https:\/\/www.cxjsmartcard.com\/da\/rewritable-long-range-abs-uhf-rfid-anti-metal-tag\/","title":{"rendered":"Genskrivbar langtr\u00e6kkende ABS UHF RFID anti-metal tag"},"content":{"rendered":"<p data-start=\"61\" data-end=\"323\">Robust ABS UHF anti-metal tag optimeret til montering p\u00e5 metalgenstande. Bygget til langdistancel\u00e6sninger og barske milj\u00f8er og leverer stabil ydeevne p\u00e5 ledende overflader til adgangskontrol, logistik, lager og sporing af industrielle aktiver.<\/p>\n<p data-start=\"325\" data-end=\"343\"><strong data-start=\"325\" data-end=\"341\">Vigtigste fordele<\/strong><\/p>\n<ul data-start=\"344\" data-end=\"715\">\n<li data-start=\"344\" data-end=\"413\">\n<p data-start=\"346\" data-end=\"413\"><strong data-start=\"346\" data-end=\"361\">Lang r\u00e6kkevidde:<\/strong> 6\u201312 m (afh\u00e6ngig af l\u00e6ser\/antenne og milj\u00f8)<\/p>\n<\/li>\n<li data-start=\"414\" data-end=\"487\">\n<p data-start=\"416\" data-end=\"487\"><strong data-start=\"416\" data-end=\"441\">Ydeevne p\u00e5 metal:<\/strong> Indvendig struktur tilpasset metaloverflader<\/p>\n<\/li>\n<li data-start=\"488\" data-end=\"557\">\n<p data-start=\"490\" data-end=\"557\"><strong data-start=\"490\" data-end=\"512\">Genskrivbar hukommelse:<\/strong> Opdater data gennem hele aktivets livscyklus<\/p>\n<\/li>\n<li data-start=\"558\" data-end=\"651\">\n<p data-start=\"560\" data-end=\"651\"><strong data-start=\"560\" data-end=\"577\">Vejrbestandig:<\/strong> Vandt\u00e6t\/vejrbestandigt ABS-hus i en kompakt &quot;mini-tag&quot;-formfaktor<\/p>\n<\/li>\n<li data-start=\"652\" data-end=\"715\">\n<p data-start=\"654\" data-end=\"715\"><strong data-start=\"654\" data-end=\"674\">Standardklar:<\/strong> EPC C1G2 \/ ISO\/IEC 18000-6C, 860\u2013960 MHz<\/p>\n<\/li>\n<\/ul>\n<p data-start=\"717\" data-end=\"865\"><strong data-start=\"717\" data-end=\"733\">Applikationer<\/strong><br data-start=\"733\" data-end=\"736\" \/>Adgangskontrol og porte \u2022 Sporing af metalv\u00e6rkt\u00f8j og -udstyr \u2022 Hotel- og anl\u00e6gsdrift \u2022 Logistik og lagerbeholdning.<\/p>\n<p data-start=\"867\" data-end=\"1105\"><strong data-start=\"867\" data-end=\"875\">Ofte stillede sp\u00f8rgsm\u00e5l<\/strong><br data-start=\"875\" data-end=\"878\" \/><strong data-start=\"878\" data-end=\"924\">Q1: Kan den spore metalv\u00e6rkt\u00f8j og inventar?<\/strong> Ja \u2013 konstrueret til brug p\u00e5 metal.<br data-start=\"957\" data-end=\"960\" \/><strong data-start=\"960\" data-end=\"985\">Q2: Kan den omskrives?<\/strong> Ja \u2013 underst\u00f8tter dataopdateringer over tid.<br data-start=\"1022\" data-end=\"1025\" \/><strong data-start=\"1025\" data-end=\"1055\">Q3: Er pr\u00f8ver tilg\u00e6ngelige?<\/strong> Ja \u2013 pr\u00f8vepakker er tilg\u00e6ngelige til pilottestning.<\/p>\n<h2 data-start=\"1107\" data-end=\"1132\">Tabel (Specifikationer)<\/h2>\n<div class=\"_tableContainer_1rjym_1\">\n<div class=\"group _tableWrapper_1rjym_13 flex w-fit flex-col-reverse\" tabindex=\"-1\">\n<table class=\"w-fit min-w-(--thread-content-width)\" data-start=\"1134\" data-end=\"2492\">\n<thead data-start=\"1134\" data-end=\"1231\">\n<tr data-start=\"1134\" data-end=\"1231\">\n<th data-start=\"1134\" data-end=\"1156\" data-col-size=\"sm\">Kategori<\/th>\n<th data-start=\"1156\" data-end=\"1181\" data-col-size=\"sm\">Parameter<\/th>\n<th data-start=\"1181\" data-end=\"1231\" data-col-size=\"md\">V\u00e6rdi<\/th>\n<\/tr>\n<\/thead>\n<tbody data-start=\"1329\" data-end=\"2492\">\n<tr data-start=\"1329\" data-end=\"1425\">\n<td data-start=\"1329\" data-end=\"1350\" data-col-size=\"sm\">Produkt<\/td>\n<td data-col-size=\"sm\" data-start=\"1350\" data-end=\"1375\">Navn<\/td>\n<td data-col-size=\"md\" data-start=\"1375\" data-end=\"1425\">Genskrivbar UHF Anti-Metal Tag (Mini)<\/td>\n<\/tr>\n<tr data-start=\"1426\" data-end=\"1522\">\n<td data-start=\"1426\" data-end=\"1447\" data-col-size=\"sm\">IC-muligheder<\/td>\n<td data-col-size=\"sm\" data-start=\"1447\" data-end=\"1472\">Chip<\/td>\n<td data-col-size=\"md\" data-start=\"1472\" data-end=\"1522\">Higgs 9; brugerdefinerede muligheder (Impinj\/Monza-familier)<\/td>\n<\/tr>\n<tr data-start=\"1523\" data-end=\"1619\">\n<td data-start=\"1523\" data-end=\"1544\" data-col-size=\"sm\">RF<\/td>\n<td data-start=\"1544\" data-end=\"1569\" data-col-size=\"sm\">Frekvens<\/td>\n<td data-col-size=\"md\" data-start=\"1569\" data-end=\"1619\">860\u2013960 MHz<\/td>\n<\/tr>\n<tr data-start=\"1620\" data-end=\"1716\">\n<td data-start=\"1620\" data-end=\"1641\" data-col-size=\"sm\"><\/td>\n<td data-col-size=\"sm\" data-start=\"1641\" data-end=\"1666\">Protokol<\/td>\n<td data-col-size=\"md\" data-start=\"1666\" data-end=\"1716\">ISO\/IEC 18000-6C; EPC Klasse 1 Gen 2<\/td>\n<\/tr>\n<tr data-start=\"1717\" data-end=\"1813\">\n<td data-start=\"1717\" data-end=\"1738\" data-col-size=\"sm\">Pr\u00e6station<\/td>\n<td data-col-size=\"sm\" data-start=\"1738\" data-end=\"1763\">L\u00e6seafstand<\/td>\n<td data-col-size=\"md\" data-start=\"1763\" data-end=\"1813\">6\u201312 m (afh\u00e6ngig af l\u00e6ser\/antenne\/milj\u00f8)<\/td>\n<\/tr>\n<tr data-start=\"1814\" data-end=\"1910\">\n<td data-start=\"1814\" data-end=\"1835\" data-col-size=\"sm\">Mekanik<\/td>\n<td data-col-size=\"sm\" data-start=\"1835\" data-end=\"1860\">Husmateriale<\/td>\n<td data-col-size=\"md\" data-start=\"1860\" data-end=\"1910\">ABS i industriel kvalitet<\/td>\n<\/tr>\n<tr data-start=\"1911\" data-end=\"2007\">\n<td data-start=\"1911\" data-end=\"1932\" data-col-size=\"sm\">Beskyttelse<\/td>\n<td data-col-size=\"sm\" data-start=\"1932\" data-end=\"1957\">Milj\u00f8m\u00e6ssig<\/td>\n<td data-col-size=\"md\" data-start=\"1957\" data-end=\"2007\">Vandt\u00e6t \/ Vejrbestandig<\/td>\n<\/tr>\n<tr data-start=\"2008\" data-end=\"2104\">\n<td data-start=\"2008\" data-end=\"2029\" data-col-size=\"sm\">Gr\u00e6nseflade<\/td>\n<td data-col-size=\"sm\" data-start=\"2029\" data-end=\"2054\">Meddelelse<\/td>\n<td data-col-size=\"md\" data-start=\"2054\" data-end=\"2104\">Passiv UHF RFID<\/td>\n<\/tr>\n<tr data-start=\"2105\" data-end=\"2201\">\n<td data-start=\"2105\" data-end=\"2126\" data-col-size=\"sm\">Formfaktor<\/td>\n<td data-start=\"2126\" data-end=\"2151\" data-col-size=\"sm\">Type<\/td>\n<td data-start=\"2151\" data-end=\"2201\" data-col-size=\"md\">Mini-m\u00e6rke p\u00e5 metal<\/td>\n<\/tr>\n<tr data-start=\"2202\" data-end=\"2298\">\n<td data-start=\"2202\" data-end=\"2223\" data-col-size=\"sm\">Emballage<\/td>\n<td data-col-size=\"sm\" data-start=\"2223\" data-end=\"2248\">Levere<\/td>\n<td data-col-size=\"md\" data-start=\"2248\" data-end=\"2298\">Emballagekasser<\/td>\n<\/tr>\n<tr data-start=\"2299\" data-end=\"2395\">\n<td data-start=\"2299\" data-end=\"2320\" data-col-size=\"sm\">Oprindelse<\/td>\n<td data-col-size=\"sm\" data-start=\"2320\" data-end=\"2345\">Oprindelsessted<\/td>\n<td data-col-size=\"md\" data-start=\"2345\" data-end=\"2395\">Guangdong, Kina<\/td>\n<\/tr>\n<tr data-start=\"2396\" data-end=\"2492\">\n<td data-start=\"2396\" data-end=\"2417\" data-col-size=\"sm\">Applikationer<\/td>\n<td data-col-size=\"sm\" data-start=\"2417\" data-end=\"2442\">Typiske brugsscenarier<\/td>\n<td data-col-size=\"md\" data-start=\"2442\" data-end=\"2492\">Adgangskontrol, hotel, logistik, lager<\/td>\n<\/tr>\n<\/tbody>\n<\/table>\n<\/div>\n<\/div>","protected":false},"excerpt":{"rendered":"<p>Lang r\u00e6kkevidde (6-12 m) omskrivbar ABS UHF anti-metal tag til metalaktiver \u2014 EPC Gen2\/ISO 18000-6C, vandt\u00e6t\/vejrbestandigt hus og kompakt formfaktor til industriel sporing.<\/p>","protected":false},"featured_media":876,"template":"","meta":{"_gspb_post_css":""},"product_brand":[],"product_cat":[24,26],"product_tag":[],"class_list":{"0":"post-873","1":"product","2":"type-product","3":"status-publish","4":"has-post-thumbnail","6":"product_cat-rfid-tags","7":"product_cat-anti-metal-abs-uhf-rfid-tags","9":"first","10":"instock","11":"shipping-taxable","12":"purchasable","13":"product-type-simple"},"_links":{"self":[{"href":"https:\/\/www.cxjsmartcard.com\/da\/wp-json\/wp\/v2\/product\/873","targetHints":{"allow":["GET"]}}],"collection":[{"href":"https:\/\/www.cxjsmartcard.com\/da\/wp-json\/wp\/v2\/product"}],"about":[{"href":"https:\/\/www.cxjsmartcard.com\/da\/wp-json\/wp\/v2\/types\/product"}],"wp:featuredmedia":[{"embeddable":true,"href":"https:\/\/www.cxjsmartcard.com\/da\/wp-json\/wp\/v2\/media\/876"}],"wp:attachment":[{"href":"https:\/\/www.cxjsmartcard.com\/da\/wp-json\/wp\/v2\/media?parent=873"}],"wp:term":[{"taxonomy":"product_brand","embeddable":true,"href":"https:\/\/www.cxjsmartcard.com\/da\/wp-json\/wp\/v2\/product_brand?post=873"},{"taxonomy":"product_cat","embeddable":true,"href":"https:\/\/www.cxjsmartcard.com\/da\/wp-json\/wp\/v2\/product_cat?post=873"},{"taxonomy":"product_tag","embeddable":true,"href":"https:\/\/www.cxjsmartcard.com\/da\/wp-json\/wp\/v2\/product_tag?post=873"}],"curies":[{"name":"wp","href":"https:\/\/api.w.org\/{rel}","templated":true}]}}