{"id":866,"date":"2025-11-03T08:37:44","date_gmt":"2025-11-03T08:37:44","guid":{"rendered":"https:\/\/www.cxjsmartcard.com\/?post_type=product&#038;p=866"},"modified":"2025-12-29T01:27:08","modified_gmt":"2025-12-29T01:27:08","slug":"pet-chip-134khz-rfid-em4305-animal-tracking-microchip-with-applicator","status":"publish","type":"product","link":"https:\/\/www.cxjsmartcard.com\/da\/pet-chip-134khz-rfid-em4305-animal-tracking-microchip-with-applicator\/","title":{"rendered":"K\u00e6ledyrschip 134kHz RFID EM4305 Dyresporingsmikrochip med applikator"},"content":{"rendered":"<p data-start=\"81\" data-end=\"413\">LF dyremikrochip til permanent identifikation og genfinding. M\u00e6rket er omtrent p\u00e5 st\u00f8rrelse med et riskorn og injiceres subkutant ved hj\u00e6lp af den medf\u00f8lgende applikator. N\u00e5r chippen er registreret, forbinder den dit k\u00e6ledyr med dine kontaktoplysninger med et unikke 15-cifret ID, s\u00e5 det hurtigt kan genforenes med dyrl\u00e6ger, internater og dyrekontrol.<\/p>\n<p data-start=\"415\" data-end=\"620\"><strong data-start=\"415\" data-end=\"439\">Hvad er en mikrochip?<\/strong><br data-start=\"439\" data-end=\"442\" \/>En hurtig og sikker procedure udf\u00f8rt af en dyrl\u00e6ge eller en uddannet implantator. Den lille passive transponder kr\u00e6ver intet batteri og er designet til at holde i hele dyrets levetid.<\/p>\n<p data-start=\"622\" data-end=\"939\"><strong data-start=\"622\" data-end=\"657\">Hvordan det hj\u00e6lper med at genforene et mistet k\u00e6ledyr<\/strong><br data-start=\"657\" data-end=\"660\" \/>N\u00e5r et k\u00e6ledyr findes, scanner en autoriseret bruger dyret for at afl\u00e6se den unikke 15-cifrede kode. Koden kontrolleres med registreringsdatabasen, som udf\u00f8rer sikkerhedsverifikation, f\u00f8r ejerens kontaktoplysninger frigives til den autoriserede part, hvilket muligg\u00f8r en hurtig genforening.<\/p>\n<p data-start=\"941\" data-end=\"958\"><strong data-start=\"941\" data-end=\"956\">Vigtige detaljer<\/strong><\/p>\n<ul data-start=\"959\" data-end=\"1313\">\n<li data-start=\"959\" data-end=\"1004\">\n<p data-start=\"961\" data-end=\"1004\"><strong data-start=\"961\" data-end=\"975\">Frekvens:<\/strong> LF 125\/134,2 kHz (FDX\/HDX)<\/p>\n<\/li>\n<li data-start=\"1005\" data-end=\"1032\">\n<p data-start=\"1007\" data-end=\"1032\"><strong data-start=\"1007\" data-end=\"1023\">Chip-mulighed:<\/strong> EM4305<\/p>\n<\/li>\n<li data-start=\"1033\" data-end=\"1121\">\n<p data-start=\"1035\" data-end=\"1121\"><strong data-start=\"1035\" data-end=\"1050\">L\u00e6seomr\u00e5de:<\/strong> LF 1\u201310 cm (afh\u00e6ngig af l\u00e6ser); HF 1\u20133 cm (ved brug med HF-systemer)<\/p>\n<\/li>\n<li data-start=\"1122\" data-end=\"1202\">\n<p data-start=\"1124\" data-end=\"1202\"><strong data-start=\"1124\" data-end=\"1138\">Standarder:<\/strong> ISO 11784\/11785 (FDX\/HDX); ISO 15693 (HF-kompatibilitet bem\u00e6rket)<\/p>\n<\/li>\n<li data-start=\"1203\" data-end=\"1313\">\n<p data-start=\"1205\" data-end=\"1313\"><strong data-start=\"1205\" data-end=\"1219\">Brugsscenarier:<\/strong> Dyreh\u00e5ndtering og identifikation af k\u00e6ledyr (hunde, katte, fisk) og vilde dyr\/eksotiske dyr (f.eks. tiger, l\u00f8ve)<\/p>\n<\/li>\n<\/ul>\n<p data-start=\"1315\" data-end=\"1406\"><strong data-start=\"1315\" data-end=\"1335\">Pakken indeholder<\/strong><br data-start=\"1335\" data-end=\"1338\" \/>Forfyldt steril spr\u00f8jte med mikrochippen klar til implantation.<\/p>\n<h2 data-start=\"1408\" data-end=\"1433\">Tabel (Specifikationer)<\/h2>\n<div class=\"_tableContainer_1rjym_1\">\n<div class=\"group _tableWrapper_1rjym_13 flex w-fit flex-col-reverse\" tabindex=\"-1\">\n<table class=\"w-fit min-w-(--thread-content-width)\" data-start=\"1435\" data-end=\"3047\">\n<thead data-start=\"1435\" data-end=\"1549\">\n<tr data-start=\"1435\" data-end=\"1549\">\n<th data-start=\"1435\" data-end=\"1453\" data-col-size=\"sm\">Kategori<\/th>\n<th data-start=\"1453\" data-end=\"1476\" data-col-size=\"sm\">Parameter<\/th>\n<th data-start=\"1476\" data-end=\"1549\" data-col-size=\"md\">V\u00e6rdi<\/th>\n<\/tr>\n<\/thead>\n<tbody data-start=\"1665\" data-end=\"3047\">\n<tr data-start=\"1665\" data-end=\"1779\">\n<td data-start=\"1665\" data-end=\"1683\" data-col-size=\"sm\">Produkt<\/td>\n<td data-col-size=\"sm\" data-start=\"1683\" data-end=\"1706\">Type<\/td>\n<td data-col-size=\"md\" data-start=\"1706\" data-end=\"1779\">LF RFID dyremikrochip med applikator<\/td>\n<\/tr>\n<tr data-start=\"1780\" data-end=\"1894\">\n<td data-start=\"1780\" data-end=\"1798\" data-col-size=\"sm\">Frekvens<\/td>\n<td data-col-size=\"sm\" data-start=\"1798\" data-end=\"1821\">LF<\/td>\n<td data-col-size=\"md\" data-start=\"1821\" data-end=\"1894\">125\/134,2 kHz (FDX\/HDX)<\/td>\n<\/tr>\n<tr data-start=\"1895\" data-end=\"2010\">\n<td data-start=\"1895\" data-end=\"1913\" data-col-size=\"sm\">Chip<\/td>\n<td data-col-size=\"sm\" data-start=\"1913\" data-end=\"1936\">IC<\/td>\n<td data-col-size=\"md\" data-start=\"1936\" data-end=\"2010\">EM4305<\/td>\n<\/tr>\n<tr data-start=\"2011\" data-end=\"2125\">\n<td data-start=\"2011\" data-end=\"2029\" data-col-size=\"sm\">Protokoller<\/td>\n<td data-col-size=\"sm\" data-start=\"2029\" data-end=\"2052\">Overholdelse<\/td>\n<td data-col-size=\"md\" data-start=\"2052\" data-end=\"2125\">ISO 11784\/11785 (FDX\/HDX); ISO 15693 (HF-arbejdsgange)<\/td>\n<\/tr>\n<tr data-start=\"2126\" data-end=\"2240\">\n<td data-start=\"2126\" data-end=\"2144\" data-col-size=\"sm\">St\u00f8rrelser<\/td>\n<td data-col-size=\"sm\" data-start=\"2144\" data-end=\"2167\">Kapseldimensioner<\/td>\n<td data-col-size=\"md\" data-start=\"2167\" data-end=\"2240\">1,25\u00d77 mm; 1,4\u00d78 mm; 2,12\u00d78 mm; 2,12\u00d712 mm; 3\u00d715 mm; 4\u00d732 mm; specialfremstillet<\/td>\n<\/tr>\n<tr data-start=\"2241\" data-end=\"2355\">\n<td data-start=\"2241\" data-end=\"2259\" data-col-size=\"sm\">Pr\u00e6station<\/td>\n<td data-col-size=\"sm\" data-start=\"2259\" data-end=\"2282\">L\u00e6seafstand<\/td>\n<td data-col-size=\"md\" data-start=\"2282\" data-end=\"2355\">LF 1\u201310 cm; HF 1\u20133 cm<\/td>\n<\/tr>\n<tr data-start=\"2356\" data-end=\"2471\">\n<td data-start=\"2356\" data-end=\"2374\" data-col-size=\"sm\">Milj\u00f8<\/td>\n<td data-start=\"2374\" data-end=\"2397\" data-col-size=\"sm\">Arbejdstemperatur<\/td>\n<td data-col-size=\"md\" data-start=\"2397\" data-end=\"2471\">20 \u2103 til 50 \u2103<\/td>\n<\/tr>\n<tr data-start=\"2472\" data-end=\"2587\">\n<td data-start=\"2472\" data-end=\"2490\" data-col-size=\"sm\"><\/td>\n<td data-start=\"2490\" data-end=\"2513\" data-col-size=\"sm\">Opbevaringstemperatur<\/td>\n<td data-col-size=\"md\" data-start=\"2513\" data-end=\"2587\">\u221240 \u2103 til +70 \u2103<\/td>\n<\/tr>\n<tr data-start=\"2588\" data-end=\"2702\">\n<td data-start=\"2588\" data-end=\"2606\" data-col-size=\"sm\">Levering<\/td>\n<td data-col-size=\"sm\" data-start=\"2606\" data-end=\"2629\">Format<\/td>\n<td data-col-size=\"md\" data-start=\"2629\" data-end=\"2702\">Forfyldt steril spr\u00f8jte (applikator)<\/td>\n<\/tr>\n<tr data-start=\"2703\" data-end=\"2817\">\n<td data-start=\"2703\" data-end=\"2721\" data-col-size=\"sm\">Operation<\/td>\n<td data-start=\"2721\" data-end=\"2744\" data-col-size=\"sm\">Magt<\/td>\n<td data-start=\"2744\" data-end=\"2817\" data-col-size=\"md\">Passiv (uden batteri)<\/td>\n<\/tr>\n<tr data-start=\"2818\" data-end=\"2932\">\n<td data-start=\"2818\" data-end=\"2836\" data-col-size=\"sm\">Anvendelse<\/td>\n<td data-start=\"2836\" data-end=\"2859\" data-col-size=\"sm\">Dyr<\/td>\n<td data-start=\"2859\" data-end=\"2932\" data-col-size=\"md\">Hunde, katte, fisk og andre arter<\/td>\n<\/tr>\n<tr data-start=\"2933\" data-end=\"3047\">\n<td data-start=\"2933\" data-end=\"2951\" data-col-size=\"sm\">Fungere<\/td>\n<td data-start=\"2951\" data-end=\"2974\" data-col-size=\"sm\">Unikt ID<\/td>\n<td data-col-size=\"md\" data-start=\"2974\" data-end=\"3047\">15-cifret kode til registrering og gendannelse<\/td>\n<\/tr>\n<\/tbody>\n<\/table>\n<\/div>\n<\/div>","protected":false},"excerpt":{"rendered":"<p>LF 125\/134,2 kHz EM4305 k\u00e6ledyrsmikrochip med forudinstalleret steril applikator - ISO 11784\/11785-kompatibel, l\u00e6seomr\u00e5de p\u00e5 1-10 cm, flere st\u00f8rrelser til permanent dyreidentifikation.<\/p>","protected":false},"featured_media":864,"template":"","meta":{"_gspb_post_css":""},"product_brand":[],"product_cat":[24,25],"product_tag":[],"class_list":{"0":"post-866","1":"product","2":"type-product","3":"status-publish","4":"has-post-thumbnail","6":"product_cat-rfid-tags","7":"product_cat-rfid-animal-glass-tube-tag-pets-microchip","9":"first","10":"instock","11":"shipping-taxable","12":"purchasable","13":"product-type-simple"},"_links":{"self":[{"href":"https:\/\/www.cxjsmartcard.com\/da\/wp-json\/wp\/v2\/product\/866","targetHints":{"allow":["GET"]}}],"collection":[{"href":"https:\/\/www.cxjsmartcard.com\/da\/wp-json\/wp\/v2\/product"}],"about":[{"href":"https:\/\/www.cxjsmartcard.com\/da\/wp-json\/wp\/v2\/types\/product"}],"wp:featuredmedia":[{"embeddable":true,"href":"https:\/\/www.cxjsmartcard.com\/da\/wp-json\/wp\/v2\/media\/864"}],"wp:attachment":[{"href":"https:\/\/www.cxjsmartcard.com\/da\/wp-json\/wp\/v2\/media?parent=866"}],"wp:term":[{"taxonomy":"product_brand","embeddable":true,"href":"https:\/\/www.cxjsmartcard.com\/da\/wp-json\/wp\/v2\/product_brand?post=866"},{"taxonomy":"product_cat","embeddable":true,"href":"https:\/\/www.cxjsmartcard.com\/da\/wp-json\/wp\/v2\/product_cat?post=866"},{"taxonomy":"product_tag","embeddable":true,"href":"https:\/\/www.cxjsmartcard.com\/da\/wp-json\/wp\/v2\/product_tag?post=866"}],"curies":[{"name":"wp","href":"https:\/\/api.w.org\/{rel}","templated":true}]}}