{"id":860,"date":"2025-11-03T08:35:42","date_gmt":"2025-11-03T08:35:42","guid":{"rendered":"https:\/\/www.cxjsmartcard.com\/?post_type=product&#038;p=860"},"modified":"2025-12-29T01:27:08","modified_gmt":"2025-12-29T01:27:08","slug":"icar-certified-lf-fdx-b-134-2-khz-rfid-pet-chip-microchip-tag","status":"publish","type":"product","link":"https:\/\/www.cxjsmartcard.com\/da\/icar-certified-lf-fdx-b-134-2-khz-rfid-pet-chip-microchip-tag\/","title":{"rendered":"ICAR-certificeret LF FDX-B 134,2 kHz RFID-mikrochipm\u00e6rke til k\u00e6ledyr"},"content":{"rendered":"<p data-start=\"73\" data-end=\"392\">ICAR-certificeret LF-dyremikrochip til permanent identifikation og h\u00e5ndtering af k\u00e6ledyr. Den lille transponder er bygget p\u00e5 FDX-B 134,2 kHz-standarden og er anbragt i sterilt bioglas. Den injiceres subkutant og afl\u00e6ses af ISO-kompatible scannere, der bruges af dyrl\u00e6ger, internater og dyrekontrol til hurtig genforening.<\/p>\n<p data-start=\"394\" data-end=\"607\"><strong data-start=\"394\" data-end=\"408\">Hvad det er<\/strong><br data-start=\"408\" data-end=\"411\" \/>En pr\u00e6steriliseret spr\u00f8jte indeholdende en passiv RFID-glasmikrochip. N\u00e5r chippen er implanteret, giver den et unikt ID, der linker til registreringsdata for hunde, katte, fisk og andre k\u00e6ledyr.<\/p>\n<p data-start=\"609\" data-end=\"759\"><strong data-start=\"609\" data-end=\"635\">Standarder og overholdelse<\/strong><br data-start=\"635\" data-end=\"638\" \/>FDX-B i henhold til ISO 11784\/11785, ICAR-certificering. Valgfri HF\/NFC-variant tilg\u00e6ngelig (ISO\/IEC 14443A) til specifikke arbejdsgange.<\/p>\n<p data-start=\"761\" data-end=\"880\"><strong data-start=\"761\" data-end=\"774\">Brugsscenarier<\/strong><br data-start=\"774\" data-end=\"777\" \/>Identifikation og helbredelse af k\u00e6ledyr \u2022 H\u00e5ndtering af journaler for rabies og vaccination \u2022 Sporing af dyrs livscyklus.<\/p>\n<h2 data-start=\"882\" data-end=\"907\">Tabel (Specifikationer)<\/h2>\n<div class=\"_tableContainer_1rjym_1\">\n<div class=\"group _tableWrapper_1rjym_13 flex w-fit flex-col-reverse\" tabindex=\"-1\">\n<table class=\"w-fit min-w-(--thread-content-width)\" data-start=\"909\" data-end=\"2572\">\n<thead data-start=\"909\" data-end=\"1019\">\n<tr data-start=\"909\" data-end=\"1019\">\n<th data-start=\"909\" data-end=\"927\" data-col-size=\"sm\">Kategori<\/th>\n<th data-start=\"927\" data-end=\"946\" data-col-size=\"sm\">Parameter<\/th>\n<th data-start=\"946\" data-end=\"1019\" data-col-size=\"md\">V\u00e6rdi<\/th>\n<\/tr>\n<\/thead>\n<tbody data-start=\"1131\" data-end=\"2572\">\n<tr data-start=\"1131\" data-end=\"1240\">\n<td data-start=\"1131\" data-end=\"1149\" data-col-size=\"sm\">Produkt<\/td>\n<td data-col-size=\"sm\" data-start=\"1149\" data-end=\"1168\">Type<\/td>\n<td data-col-size=\"md\" data-start=\"1168\" data-end=\"1240\">RFID-dyreglasmikrochip<\/td>\n<\/tr>\n<tr data-start=\"1241\" data-end=\"1351\">\n<td data-start=\"1241\" data-end=\"1259\" data-col-size=\"sm\">Certificering<\/td>\n<td data-col-size=\"sm\" data-start=\"1259\" data-end=\"1278\">ICAR<\/td>\n<td data-col-size=\"md\" data-start=\"1278\" data-end=\"1351\">Ja<\/td>\n<\/tr>\n<tr data-start=\"1352\" data-end=\"1462\">\n<td data-start=\"1352\" data-end=\"1370\" data-col-size=\"sm\">Frekvens<\/td>\n<td data-col-size=\"sm\" data-start=\"1370\" data-end=\"1389\">LF<\/td>\n<td data-col-size=\"md\" data-start=\"1389\" data-end=\"1462\">134,2 kHz (FDX-B)<\/td>\n<\/tr>\n<tr data-start=\"1463\" data-end=\"1573\">\n<td data-start=\"1463\" data-end=\"1481\" data-col-size=\"sm\">Protokol<\/td>\n<td data-col-size=\"sm\" data-start=\"1481\" data-end=\"1500\">Standarder<\/td>\n<td data-col-size=\"md\" data-start=\"1500\" data-end=\"1573\">ISO 11784\/11785 (FDX-B); valgfri ISO\/IEC 14443A (NFC-variant)<\/td>\n<\/tr>\n<tr data-start=\"1574\" data-end=\"1684\">\n<td data-start=\"1574\" data-end=\"1592\" data-col-size=\"sm\">Chip-muligheder<\/td>\n<td data-col-size=\"sm\" data-start=\"1592\" data-end=\"1611\">IC<\/td>\n<td data-col-size=\"md\" data-start=\"1611\" data-end=\"1684\">EM4305; NTAG213 (NFC213-mulighed)<\/td>\n<\/tr>\n<tr data-start=\"1685\" data-end=\"1795\">\n<td data-start=\"1685\" data-end=\"1703\" data-col-size=\"sm\">Materialer<\/td>\n<td data-start=\"1703\" data-end=\"1722\" data-col-size=\"sm\">Kapsel<\/td>\n<td data-col-size=\"md\" data-start=\"1722\" data-end=\"1795\">Medicinsk bioglas<\/td>\n<\/tr>\n<tr data-start=\"1796\" data-end=\"1906\">\n<td data-start=\"1796\" data-end=\"1814\" data-col-size=\"sm\">Dimensioner<\/td>\n<td data-col-size=\"sm\" data-start=\"1814\" data-end=\"1833\">St\u00f8rrelser<\/td>\n<td data-col-size=\"md\" data-start=\"1833\" data-end=\"1906\">1,25\u00d77 mm; 1,4\u00d78 mm; 2\u00d78 mm; 2,12\u00d712 mm; 3\u00d715 mm<\/td>\n<\/tr>\n<tr data-start=\"1907\" data-end=\"2017\">\n<td data-start=\"1907\" data-end=\"1925\" data-col-size=\"sm\">Sterilisering<\/td>\n<td data-col-size=\"sm\" data-start=\"1925\" data-end=\"1944\">Metode<\/td>\n<td data-col-size=\"md\" data-start=\"1944\" data-end=\"2017\">100% sterilisering af medicinsk kvalitet<\/td>\n<\/tr>\n<tr data-start=\"2018\" data-end=\"2128\">\n<td data-start=\"2018\" data-end=\"2036\" data-col-size=\"sm\">Gyldighed<\/td>\n<td data-col-size=\"sm\" data-start=\"2036\" data-end=\"2055\">Levetid<\/td>\n<td data-col-size=\"md\" data-start=\"2055\" data-end=\"2128\">5 \u00e5r<\/td>\n<\/tr>\n<tr data-start=\"2129\" data-end=\"2239\">\n<td data-start=\"2129\" data-end=\"2147\" data-col-size=\"sm\">Operation<\/td>\n<td data-col-size=\"sm\" data-start=\"2147\" data-end=\"2166\">Magt<\/td>\n<td data-col-size=\"md\" data-start=\"2166\" data-end=\"2239\">Passiv (batterifri)<\/td>\n<\/tr>\n<tr data-start=\"2240\" data-end=\"2350\">\n<td data-start=\"2240\" data-end=\"2258\" data-col-size=\"sm\">Anvendelse<\/td>\n<td data-start=\"2258\" data-end=\"2277\" data-col-size=\"sm\">Dyr<\/td>\n<td data-col-size=\"md\" data-start=\"2277\" data-end=\"2350\">Hunde, katte, fisk og andre k\u00e6ledyr<\/td>\n<\/tr>\n<tr data-start=\"2351\" data-end=\"2461\">\n<td data-start=\"2351\" data-end=\"2369\" data-col-size=\"sm\">Levering<\/td>\n<td data-start=\"2369\" data-end=\"2388\" data-col-size=\"sm\">Format<\/td>\n<td data-start=\"2388\" data-end=\"2461\" data-col-size=\"md\">Forfyldt steril spr\u00f8jte med mikrochip<\/td>\n<\/tr>\n<tr data-start=\"2462\" data-end=\"2572\">\n<td data-start=\"2462\" data-end=\"2480\" data-col-size=\"sm\">Fungere<\/td>\n<td data-start=\"2480\" data-end=\"2499\" data-col-size=\"sm\">Form\u00e5l<\/td>\n<td data-col-size=\"md\" data-start=\"2499\" data-end=\"2572\">Sporing\/identifikation af k\u00e6ledyr<\/td>\n<\/tr>\n<\/tbody>\n<\/table>\n<\/div>\n<\/div>","protected":false},"excerpt":{"rendered":"<p>ICAR-certificeret FDX-B 134,2 kHz k\u00e6ledyrsmikrochip i sterilt bioglas - passiv, batterifri ID til hunde, katte og andre k\u00e6ledyr; ISO 11784\/11785-kompatibel med spr\u00f8jtelevering.<\/p>","protected":false},"featured_media":865,"template":"","meta":{"_gspb_post_css":""},"product_brand":[],"product_cat":[24,25],"product_tag":[],"class_list":{"0":"post-860","1":"product","2":"type-product","3":"status-publish","4":"has-post-thumbnail","6":"product_cat-rfid-tags","7":"product_cat-rfid-animal-glass-tube-tag-pets-microchip","9":"first","10":"instock","11":"shipping-taxable","12":"purchasable","13":"product-type-simple"},"_links":{"self":[{"href":"https:\/\/www.cxjsmartcard.com\/da\/wp-json\/wp\/v2\/product\/860","targetHints":{"allow":["GET"]}}],"collection":[{"href":"https:\/\/www.cxjsmartcard.com\/da\/wp-json\/wp\/v2\/product"}],"about":[{"href":"https:\/\/www.cxjsmartcard.com\/da\/wp-json\/wp\/v2\/types\/product"}],"wp:featuredmedia":[{"embeddable":true,"href":"https:\/\/www.cxjsmartcard.com\/da\/wp-json\/wp\/v2\/media\/865"}],"wp:attachment":[{"href":"https:\/\/www.cxjsmartcard.com\/da\/wp-json\/wp\/v2\/media?parent=860"}],"wp:term":[{"taxonomy":"product_brand","embeddable":true,"href":"https:\/\/www.cxjsmartcard.com\/da\/wp-json\/wp\/v2\/product_brand?post=860"},{"taxonomy":"product_cat","embeddable":true,"href":"https:\/\/www.cxjsmartcard.com\/da\/wp-json\/wp\/v2\/product_cat?post=860"},{"taxonomy":"product_tag","embeddable":true,"href":"https:\/\/www.cxjsmartcard.com\/da\/wp-json\/wp\/v2\/product_tag?post=860"}],"curies":[{"name":"wp","href":"https:\/\/api.w.org\/{rel}","templated":true}]}}