{"id":855,"date":"2025-11-03T08:32:04","date_gmt":"2025-11-03T08:32:04","guid":{"rendered":"https:\/\/www.cxjsmartcard.com\/?post_type=product&#038;p=855"},"modified":"2025-12-29T01:27:08","modified_gmt":"2025-12-29T01:27:08","slug":"uhf-rfid-inlay","status":"publish","type":"product","link":"https:\/\/www.cxjsmartcard.com\/da\/uhf-rfid-inlay\/","title":{"rendered":"UHF RFID-indl\u00e6g"},"content":{"rendered":"<p data-start=\"26\" data-end=\"302\">UHF RFID-indl\u00e6g med PET + aluminium-\u00e6tsede antenner til 860-960 MHz-systemer. F\u00e5s i t\u00f8r-, v\u00e5d- eller hvid-v\u00e5d-formater og kan nemt konverteres til etiketter, billetter, kort og bekl\u00e6dningsm\u00e6rker. Typisk l\u00e6seafstand er 1-10 meter (afh\u00e6ngig af l\u00e6ser og milj\u00f8).<\/p>\n<p data-start=\"304\" data-end=\"322\"><strong data-start=\"304\" data-end=\"320\">Hvorfor det virker<\/strong><\/p>\n<ul data-start=\"323\" data-end=\"723\">\n<li data-start=\"323\" data-end=\"398\">\n<p data-start=\"325\" data-end=\"398\"><strong data-start=\"325\" data-end=\"345\">Standardklar:<\/strong> EPC Klasse 1 Gen2 \/ ISO 18000-6C, passiv drift<\/p>\n<\/li>\n<li data-start=\"399\" data-end=\"485\">\n<p data-start=\"401\" data-end=\"485\"><strong data-start=\"401\" data-end=\"419\">Holdbar konstruktion:<\/strong> PET- eller belagt papirkonstruktion med aluminium\u00e6tsede antenner<\/p>\n<\/li>\n<li data-start=\"486\" data-end=\"579\">\n<p data-start=\"488\" data-end=\"579\"><strong data-start=\"488\" data-end=\"509\">Fleksible formater:<\/strong> T\u00f8r (laminering), v\u00e5d (kl\u00e6bende) og hvid-v\u00e5d (trykbar overflade)<\/p>\n<\/li>\n<li data-start=\"580\" data-end=\"664\">\n<p data-start=\"582\" data-end=\"664\"><strong data-start=\"582\" data-end=\"606\">Produktionsvenlig:<\/strong> Leveres p\u00e5 ruller til automatisk konvertering og trykning<\/p>\n<\/li>\n<li data-start=\"665\" data-end=\"723\">\n<p data-start=\"667\" data-end=\"723\"><strong data-start=\"667\" data-end=\"684\">Gratis pr\u00f8ver:<\/strong> Lagervarepr\u00f8ver tilg\u00e6ngelige til test<\/p>\n<\/li>\n<\/ul>\n<p data-start=\"725\" data-end=\"876\"><strong data-start=\"725\" data-end=\"741\">Applikationer<\/strong><br data-start=\"741\" data-end=\"744\" \/>Logistik og lager \u2022 M\u00e6rkning af t\u00f8j og fodt\u00f8j \u2022 Adgangskontrol og legitimationsoplysninger til arrangementer \u2022 M\u00e6rkning af lager og k\u00f8lerum.<\/p>\n<h2 data-start=\"878\" data-end=\"903\">Tabel (Specifikationer)<\/h2>\n<div class=\"_tableContainer_1rjym_1\">\n<div class=\"group _tableWrapper_1rjym_13 flex w-fit flex-col-reverse\" tabindex=\"-1\">\n<table class=\"w-fit min-w-(--thread-content-width)\" data-start=\"905\" data-end=\"2486\">\n<thead data-start=\"905\" data-end=\"1017\">\n<tr data-start=\"905\" data-end=\"1017\">\n<th data-start=\"905\" data-end=\"924\" data-col-size=\"sm\">Kategori<\/th>\n<th data-start=\"924\" data-end=\"944\" data-col-size=\"sm\">Parameter<\/th>\n<th data-start=\"944\" data-end=\"1017\" data-col-size=\"md\">V\u00e6rdi<\/th>\n<\/tr>\n<\/thead>\n<tbody data-start=\"1131\" data-end=\"2486\">\n<tr data-start=\"1131\" data-end=\"1243\">\n<td data-start=\"1131\" data-end=\"1150\" data-col-size=\"sm\">RF<\/td>\n<td data-col-size=\"sm\" data-start=\"1150\" data-end=\"1170\">Frekvens<\/td>\n<td data-col-size=\"md\" data-start=\"1170\" data-end=\"1243\">860\u2013960 MHz<\/td>\n<\/tr>\n<tr data-start=\"1244\" data-end=\"1356\">\n<td data-start=\"1244\" data-end=\"1263\" data-col-size=\"sm\"><\/td>\n<td data-col-size=\"sm\" data-start=\"1263\" data-end=\"1283\">Protokol<\/td>\n<td data-col-size=\"md\" data-start=\"1283\" data-end=\"1356\">EPC Klasse 1 Gen2 \/ ISO 18000-6C<\/td>\n<\/tr>\n<tr data-start=\"1357\" data-end=\"1469\">\n<td data-start=\"1357\" data-end=\"1376\" data-col-size=\"sm\">Antenne<\/td>\n<td data-col-size=\"sm\" data-start=\"1376\" data-end=\"1396\">Type<\/td>\n<td data-col-size=\"md\" data-start=\"1396\" data-end=\"1469\">\u00c6tset aluminium<\/td>\n<\/tr>\n<tr data-start=\"1470\" data-end=\"1582\">\n<td data-start=\"1470\" data-end=\"1489\" data-col-size=\"sm\">Konstruktion<\/td>\n<td data-col-size=\"sm\" data-start=\"1489\" data-end=\"1509\">Substrat<\/td>\n<td data-col-size=\"md\" data-start=\"1509\" data-end=\"1582\">PET; bestr\u00f8get papir<\/td>\n<\/tr>\n<tr data-start=\"1583\" data-end=\"1695\">\n<td data-start=\"1583\" data-end=\"1602\" data-col-size=\"sm\">IC-muligheder<\/td>\n<td data-col-size=\"sm\" data-start=\"1602\" data-end=\"1622\">Chips<\/td>\n<td data-col-size=\"md\" data-start=\"1622\" data-end=\"1695\">Alien H3, H9, H10; U9, U10, U7M; MR6-P<\/td>\n<\/tr>\n<tr data-start=\"1696\" data-end=\"1808\">\n<td data-start=\"1696\" data-end=\"1715\" data-col-size=\"sm\">Pr\u00e6station<\/td>\n<td data-col-size=\"sm\" data-start=\"1715\" data-end=\"1735\">L\u00e6seomr\u00e5de<\/td>\n<td data-col-size=\"md\" data-start=\"1735\" data-end=\"1808\">1\u201310 m (afh\u00e6ngig af l\u00e6ser\/milj\u00f8)<\/td>\n<\/tr>\n<tr data-start=\"1809\" data-end=\"1921\">\n<td data-start=\"1809\" data-end=\"1828\" data-col-size=\"sm\">Formater<\/td>\n<td data-start=\"1828\" data-end=\"1848\" data-col-size=\"sm\">Indl\u00e6gstyper<\/td>\n<td data-col-size=\"md\" data-start=\"1848\" data-end=\"1921\">T\u00f8r (laminering); V\u00e5d (kl\u00e6bende); Hvid-v\u00e5d (printbar kl\u00e6bende)<\/td>\n<\/tr>\n<tr data-start=\"1922\" data-end=\"2034\">\n<td data-start=\"1922\" data-end=\"1941\" data-col-size=\"sm\">Dimensioner<\/td>\n<td data-col-size=\"sm\" data-start=\"1941\" data-end=\"1961\">St\u00f8rrelsesmuligheder<\/td>\n<td data-col-size=\"md\" data-start=\"1961\" data-end=\"2034\">100\u00d715 mm; 99\u00d724 mm; 86\u00d754 mm; 80\u00d750 mm; 73\u00d723 mm<\/td>\n<\/tr>\n<tr data-start=\"2035\" data-end=\"2147\">\n<td data-start=\"2035\" data-end=\"2054\" data-col-size=\"sm\">Emballage<\/td>\n<td data-start=\"2054\" data-end=\"2074\" data-col-size=\"sm\">Levere<\/td>\n<td data-col-size=\"md\" data-start=\"2074\" data-end=\"2147\">Rulleformat til automatiseret konvertering<\/td>\n<\/tr>\n<tr data-start=\"2148\" data-end=\"2260\">\n<td data-start=\"2148\" data-end=\"2167\" data-col-size=\"sm\">Pr\u00f8ver<\/td>\n<td data-start=\"2167\" data-end=\"2187\" data-col-size=\"sm\">Tilg\u00e6ngelighed<\/td>\n<td data-col-size=\"md\" data-start=\"2187\" data-end=\"2260\">Gratis varepr\u00f8ver p\u00e5 lager<\/td>\n<\/tr>\n<tr data-start=\"2261\" data-end=\"2373\">\n<td data-start=\"2261\" data-end=\"2280\" data-col-size=\"sm\">Oprindelse<\/td>\n<td data-start=\"2280\" data-end=\"2300\" data-col-size=\"sm\">Oprindelsessted<\/td>\n<td data-col-size=\"md\" data-start=\"2300\" data-end=\"2373\">Guangdong, Kina<\/td>\n<\/tr>\n<tr data-start=\"2374\" data-end=\"2486\">\n<td data-start=\"2374\" data-end=\"2393\" data-col-size=\"sm\">Brugsscenarier<\/td>\n<td data-col-size=\"sm\" data-start=\"2393\" data-end=\"2413\">Applikationer<\/td>\n<td data-col-size=\"md\" data-start=\"2413\" data-end=\"2486\">Logistik, lager, t\u00f8jm\u00e6rkning, adgangskontrol<\/td>\n<\/tr>\n<\/tbody>\n<\/table>\n<\/div>\n<\/div>","protected":false},"excerpt":{"rendered":"<p>UHF RFID-indl\u00e6g (860-960 MHz) med PET + aluminiumsantenner \u2013 t\u00f8rre, v\u00e5de eller hvid-v\u00e5de formater til etiketter, billetter og bekl\u00e6dningsm\u00e6rker; 1-10 m afl\u00e6sning og gratis pr\u00f8ver.<\/p>","protected":false},"featured_media":856,"template":"","meta":{"_gspb_post_css":""},"product_brand":[],"product_cat":[23],"product_tag":[],"class_list":{"0":"post-855","1":"product","2":"type-product","3":"status-publish","4":"has-post-thumbnail","6":"product_cat-rfid-nfc-inlay","8":"first","9":"instock","10":"shipping-taxable","11":"purchasable","12":"product-type-simple"},"_links":{"self":[{"href":"https:\/\/www.cxjsmartcard.com\/da\/wp-json\/wp\/v2\/product\/855","targetHints":{"allow":["GET"]}}],"collection":[{"href":"https:\/\/www.cxjsmartcard.com\/da\/wp-json\/wp\/v2\/product"}],"about":[{"href":"https:\/\/www.cxjsmartcard.com\/da\/wp-json\/wp\/v2\/types\/product"}],"wp:featuredmedia":[{"embeddable":true,"href":"https:\/\/www.cxjsmartcard.com\/da\/wp-json\/wp\/v2\/media\/856"}],"wp:attachment":[{"href":"https:\/\/www.cxjsmartcard.com\/da\/wp-json\/wp\/v2\/media?parent=855"}],"wp:term":[{"taxonomy":"product_brand","embeddable":true,"href":"https:\/\/www.cxjsmartcard.com\/da\/wp-json\/wp\/v2\/product_brand?post=855"},{"taxonomy":"product_cat","embeddable":true,"href":"https:\/\/www.cxjsmartcard.com\/da\/wp-json\/wp\/v2\/product_cat?post=855"},{"taxonomy":"product_tag","embeddable":true,"href":"https:\/\/www.cxjsmartcard.com\/da\/wp-json\/wp\/v2\/product_tag?post=855"}],"curies":[{"name":"wp","href":"https:\/\/api.w.org\/{rel}","templated":true}]}}