{"id":850,"date":"2025-11-03T08:28:47","date_gmt":"2025-11-03T08:28:47","guid":{"rendered":"https:\/\/www.cxjsmartcard.com\/?post_type=product&#038;p=850"},"modified":"2025-12-29T01:27:08","modified_gmt":"2025-12-29T01:27:08","slug":"uhf-rfid-dry-inlay-with-ucode-9","status":"publish","type":"product","link":"https:\/\/www.cxjsmartcard.com\/da\/uhf-rfid-dry-inlay-with-ucode-9\/","title":{"rendered":"UHF RFID t\u00f8rindl\u00e6g med UCODE 9"},"content":{"rendered":"<p data-start=\"43\" data-end=\"468\">UHF-t\u00f8rindl\u00e6g til 860-960 MHz-systemer, designet som en halvf\u00e6rdig komponent, der nemt kan omdannes til billetter, etiketter, kort og badges. Indl\u00e6gget er bygget p\u00e5 NXP\u00ae UCODE\u00ae 9 og bruger en \u00e6tset aluminiumsantenne p\u00e5 PET med flip-chip-binding for p\u00e5lidelig konvertering i h\u00f8j volumen og ensartet ydeevne. Typisk l\u00e6seafstand er op til ~10 ft (\u22483,3 m) i velafstemte UHF-ops\u00e6tninger.<\/p>\n<p data-start=\"470\" data-end=\"487\"><strong data-start=\"470\" data-end=\"485\">Hvorfor det passer<\/strong><\/p>\n<ul data-start=\"488\" data-end=\"829\">\n<li data-start=\"488\" data-end=\"568\">\n<p data-start=\"490\" data-end=\"568\"><strong data-start=\"490\" data-end=\"510\">Standardklar:<\/strong> EPC Klasse 1 Gen 2 \/ ISO\/IEC 18000-6C, passiv drift<\/p>\n<\/li>\n<li data-start=\"569\" data-end=\"658\">\n<p data-start=\"571\" data-end=\"658\"><strong data-start=\"571\" data-end=\"589\">Holdbar konstruktion:<\/strong> PET-substrat; slid- og opl\u00f8sningsmiddelbestandige etiketkonstruktioner<\/p>\n<\/li>\n<li data-start=\"659\" data-end=\"746\">\n<p data-start=\"661\" data-end=\"746\"><strong data-start=\"661\" data-end=\"682\">Fleksible formater:<\/strong> T\u00f8rt indl\u00e6g (uden kl\u00e6bemiddel) eller lavet om til v\u00e5dt indl\u00e6g\/f\u00e6rdig etiket<\/p>\n<\/li>\n<li data-start=\"747\" data-end=\"829\">\n<p data-start=\"749\" data-end=\"829\"><strong data-start=\"749\" data-end=\"773\">Produktionsvenlig:<\/strong> Leveres p\u00e5 ruller til automatisk konvertering og trykning<\/p>\n<\/li>\n<\/ul>\n<p data-start=\"831\" data-end=\"1027\"><strong data-start=\"831\" data-end=\"847\">Applikationer<\/strong><br data-start=\"847\" data-end=\"850\" \/>Forsyningsk\u00e6de (kartoner, paller, forsendelsesetiketter) \u2022 Detailhandel og logistik (bekl\u00e6dningsm\u00e6rker, bagageetiketter, sporing af aktiver) \u2022 Dokument-\/filh\u00e5ndtering \u2022 Adgang til events og branding.<\/p>\n<h2 data-start=\"1029\" data-end=\"1054\">Tabel (Specifikationer)<\/h2>\n<div class=\"_tableContainer_1rjym_1\">\n<div class=\"group _tableWrapper_1rjym_13 flex w-fit flex-col-reverse\" tabindex=\"-1\">\n<table class=\"w-fit min-w-(--thread-content-width)\" data-start=\"1056\" data-end=\"3413\">\n<thead data-start=\"1056\" data-end=\"1167\">\n<tr data-start=\"1056\" data-end=\"1167\">\n<th data-start=\"1056\" data-end=\"1078\" data-col-size=\"sm\">Kategori<\/th>\n<th data-start=\"1078\" data-end=\"1107\" data-col-size=\"sm\">Parameter<\/th>\n<th data-start=\"1107\" data-end=\"1167\" data-col-size=\"md\">V\u00e6rdi<\/th>\n<\/tr>\n<\/thead>\n<tbody data-start=\"1280\" data-end=\"3413\">\n<tr data-start=\"1280\" data-end=\"1391\">\n<td data-start=\"1280\" data-end=\"1302\" data-col-size=\"sm\">Produkt<\/td>\n<td data-start=\"1302\" data-end=\"1331\" data-col-size=\"sm\">Type<\/td>\n<td data-col-size=\"md\" data-start=\"1331\" data-end=\"1391\">UHF RFID t\u00f8rindl\u00e6g (kan konverteres til v\u00e5d\/etiket)<\/td>\n<\/tr>\n<tr data-start=\"1392\" data-end=\"1503\">\n<td data-start=\"1392\" data-end=\"1414\" data-col-size=\"sm\">IC<\/td>\n<td data-col-size=\"sm\" data-start=\"1414\" data-end=\"1443\">Chip<\/td>\n<td data-col-size=\"md\" data-start=\"1443\" data-end=\"1503\">NXP\u00ae UCODE\u00ae 9<\/td>\n<\/tr>\n<tr data-start=\"1504\" data-end=\"1615\">\n<td data-start=\"1504\" data-end=\"1526\" data-col-size=\"sm\">RF<\/td>\n<td data-col-size=\"sm\" data-start=\"1526\" data-end=\"1555\">Frekvens<\/td>\n<td data-col-size=\"md\" data-start=\"1555\" data-end=\"1615\">860\u2013960 MHz<\/td>\n<\/tr>\n<tr data-start=\"1616\" data-end=\"1727\">\n<td data-start=\"1616\" data-end=\"1638\" data-col-size=\"sm\"><\/td>\n<td data-col-size=\"sm\" data-start=\"1638\" data-end=\"1667\">Protokol<\/td>\n<td data-col-size=\"md\" data-start=\"1667\" data-end=\"1727\">ISO\/IEC 18000-6C, EPC Klasse 1 Gen 2<\/td>\n<\/tr>\n<tr data-start=\"1728\" data-end=\"1839\">\n<td data-start=\"1728\" data-end=\"1750\" data-col-size=\"sm\">Operation<\/td>\n<td data-start=\"1750\" data-end=\"1779\" data-col-size=\"sm\">Arbejdstilstand<\/td>\n<td data-col-size=\"md\" data-start=\"1779\" data-end=\"1839\">Passiv<\/td>\n<\/tr>\n<tr data-start=\"1840\" data-end=\"1951\">\n<td data-start=\"1840\" data-end=\"1862\" data-col-size=\"sm\">Antenne<\/td>\n<td data-col-size=\"sm\" data-start=\"1862\" data-end=\"1891\">Konstruktion<\/td>\n<td data-col-size=\"md\" data-start=\"1891\" data-end=\"1951\">Aluminium \u00e6tsning<\/td>\n<\/tr>\n<tr data-start=\"1952\" data-end=\"2063\">\n<td data-start=\"1952\" data-end=\"1974\" data-col-size=\"sm\"><\/td>\n<td data-col-size=\"sm\" data-start=\"1974\" data-end=\"2003\">Antennest\u00f8rrelse<\/td>\n<td data-col-size=\"md\" data-start=\"2003\" data-end=\"2063\">40 \u00d7 10 mm<\/td>\n<\/tr>\n<tr data-start=\"2064\" data-end=\"2175\">\n<td data-start=\"2064\" data-end=\"2086\" data-col-size=\"sm\">L\u00e6seydelse<\/td>\n<td data-start=\"2086\" data-end=\"2115\" data-col-size=\"sm\">Typisk l\u00e6seomr\u00e5de<\/td>\n<td data-col-size=\"md\" data-start=\"2115\" data-end=\"2175\">Op til ~10 ft (\u22483,3 m), afh\u00e6ngig af l\u00e6ser\/milj\u00f8<\/td>\n<\/tr>\n<tr data-start=\"2176\" data-end=\"2287\">\n<td data-start=\"2176\" data-end=\"2198\" data-col-size=\"sm\">Mekanik<\/td>\n<td data-col-size=\"sm\" data-start=\"2198\" data-end=\"2227\">Substrat<\/td>\n<td data-col-size=\"md\" data-start=\"2227\" data-end=\"2287\">K\u00c6LEDYR<\/td>\n<\/tr>\n<tr data-start=\"2288\" data-end=\"2404\">\n<td data-start=\"2288\" data-end=\"2310\" data-col-size=\"sm\">Etiketmaterialer<\/td>\n<td data-col-size=\"sm\" data-start=\"2310\" data-end=\"2339\">Ansigtsindstillinger<\/td>\n<td data-col-size=\"md\" data-start=\"2339\" data-end=\"2404\">Bestr\u00f8get papir \/ PET \/ Syntetisk papir \/ Termopapir \/ specialpapir<\/td>\n<\/tr>\n<tr data-start=\"2405\" data-end=\"2516\">\n<td data-start=\"2405\" data-end=\"2427\" data-col-size=\"sm\">Formater<\/td>\n<td data-col-size=\"sm\" data-start=\"2427\" data-end=\"2456\">V\u00e5dindl\u00e6g \/ Etiketst\u00f8rrelse<\/td>\n<td data-col-size=\"md\" data-start=\"2456\" data-end=\"2516\">43 \u00d7 18 mm (eller tilpasset)<\/td>\n<\/tr>\n<tr data-start=\"2517\" data-end=\"2628\">\n<td data-start=\"2517\" data-end=\"2539\" data-col-size=\"sm\">Trykning<\/td>\n<td data-col-size=\"sm\" data-start=\"2539\" data-end=\"2568\">Valgmuligheder<\/td>\n<td data-col-size=\"md\" data-start=\"2568\" data-end=\"2628\">Fuld farve, logo, stregkode, QR, variable data<\/td>\n<\/tr>\n<tr data-start=\"2629\" data-end=\"2740\">\n<td data-start=\"2629\" data-end=\"2651\" data-col-size=\"sm\">P\u00e5lidelighed<\/td>\n<td data-col-size=\"sm\" data-start=\"2651\" data-end=\"2680\">IC-liv<\/td>\n<td data-col-size=\"md\" data-start=\"2680\" data-end=\"2740\">100.000 programmeringscyklusser; 10 \u00e5rs dataopbevaring<\/td>\n<\/tr>\n<tr data-start=\"2741\" data-end=\"2852\">\n<td data-start=\"2741\" data-end=\"2763\" data-col-size=\"sm\">Milj\u00f8<\/td>\n<td data-col-size=\"sm\" data-start=\"2763\" data-end=\"2792\">Driftstemperatur\/fugtighed<\/td>\n<td data-col-size=\"md\" data-start=\"2792\" data-end=\"2852\">\u221225 til +65 \u2103 \/ 20\u201380% RF<\/td>\n<\/tr>\n<tr data-start=\"2853\" data-end=\"2964\">\n<td data-start=\"2853\" data-end=\"2875\" data-col-size=\"sm\"><\/td>\n<td data-col-size=\"sm\" data-start=\"2875\" data-end=\"2904\">Opbevaringstemperatur\/fugtighed<\/td>\n<td data-col-size=\"md\" data-start=\"2904\" data-end=\"2964\">+23 \u2103 \u00b15 \u2103 \/ 50% \u00b110% RF (ingen kondensering)<\/td>\n<\/tr>\n<tr data-start=\"2965\" data-end=\"3076\">\n<td data-start=\"2965\" data-end=\"2987\" data-col-size=\"sm\">Emballage<\/td>\n<td data-col-size=\"sm\" data-start=\"2987\" data-end=\"3016\">Rulleforsyning<\/td>\n<td data-col-size=\"md\" data-start=\"3016\" data-end=\"3076\">1.000-5.000 stk.\/rulle; 4 ruller\/karton<\/td>\n<\/tr>\n<tr data-start=\"3077\" data-end=\"3189\">\n<td data-start=\"3077\" data-end=\"3099\" data-col-size=\"sm\">Pr\u00f8ver<\/td>\n<td data-start=\"3099\" data-end=\"3128\" data-col-size=\"sm\">Tilg\u00e6ngelighed<\/td>\n<td data-col-size=\"md\" data-start=\"3128\" data-end=\"3189\">Gratis pr\u00f8ver til testning<\/td>\n<\/tr>\n<tr data-start=\"3190\" data-end=\"3301\">\n<td data-start=\"3190\" data-end=\"3212\" data-col-size=\"sm\">Oprindelse<\/td>\n<td data-col-size=\"sm\" data-start=\"3212\" data-end=\"3241\">Oprindelsessted<\/td>\n<td data-col-size=\"md\" data-start=\"3241\" data-end=\"3301\">Chengdu, Kina<\/td>\n<\/tr>\n<tr data-start=\"3302\" data-end=\"3413\">\n<td data-start=\"3302\" data-end=\"3324\" data-col-size=\"sm\">Brugsscenarier<\/td>\n<td data-col-size=\"sm\" data-start=\"3324\" data-end=\"3353\">Eksempler p\u00e5 anvendelser<\/td>\n<td data-col-size=\"md\" data-start=\"3353\" data-end=\"3413\">Forsyningsk\u00e6de, detailhandel\/logistik, dokumenter, adgang til arrangementer<\/td>\n<\/tr>\n<\/tbody>\n<\/table>\n<\/div>\n<\/div>","protected":false},"excerpt":{"rendered":"<p>UHF 860-960 MHz t\u00f8rindl\u00e6g med UCODE 9\u2014PET + \u00e6tset aluminium, EPC Gen2, op til ~10 fods afl\u00e6sning, rulleleveret til konvertering til etiketter, billetter, kort og badges.<\/p>","protected":false},"featured_media":851,"template":"","meta":{"_gspb_post_css":""},"product_brand":[],"product_cat":[23],"product_tag":[],"class_list":{"0":"post-850","1":"product","2":"type-product","3":"status-publish","4":"has-post-thumbnail","6":"product_cat-rfid-nfc-inlay","8":"first","9":"instock","10":"shipping-taxable","11":"purchasable","12":"product-type-simple"},"_links":{"self":[{"href":"https:\/\/www.cxjsmartcard.com\/da\/wp-json\/wp\/v2\/product\/850","targetHints":{"allow":["GET"]}}],"collection":[{"href":"https:\/\/www.cxjsmartcard.com\/da\/wp-json\/wp\/v2\/product"}],"about":[{"href":"https:\/\/www.cxjsmartcard.com\/da\/wp-json\/wp\/v2\/types\/product"}],"wp:featuredmedia":[{"embeddable":true,"href":"https:\/\/www.cxjsmartcard.com\/da\/wp-json\/wp\/v2\/media\/851"}],"wp:attachment":[{"href":"https:\/\/www.cxjsmartcard.com\/da\/wp-json\/wp\/v2\/media?parent=850"}],"wp:term":[{"taxonomy":"product_brand","embeddable":true,"href":"https:\/\/www.cxjsmartcard.com\/da\/wp-json\/wp\/v2\/product_brand?post=850"},{"taxonomy":"product_cat","embeddable":true,"href":"https:\/\/www.cxjsmartcard.com\/da\/wp-json\/wp\/v2\/product_cat?post=850"},{"taxonomy":"product_tag","embeddable":true,"href":"https:\/\/www.cxjsmartcard.com\/da\/wp-json\/wp\/v2\/product_tag?post=850"}],"curies":[{"name":"wp","href":"https:\/\/api.w.org\/{rel}","templated":true}]}}