{"id":833,"date":"2025-11-03T08:21:51","date_gmt":"2025-11-03T08:21:51","guid":{"rendered":"https:\/\/www.cxjsmartcard.com\/?post_type=product&#038;p=833"},"modified":"2025-12-29T01:27:09","modified_gmt":"2025-12-29T01:27:09","slug":"nxp-mifare-ultralight-ev1-rfid-nfc-inlay","status":"publish","type":"product","link":"https:\/\/www.cxjsmartcard.com\/da\/nxp-mifare-ultralight-ev1-rfid-nfc-inlay\/","title":{"rendered":"NXP MIFARE Ultralight EV1 RFID NFC-indl\u00e6g"},"content":{"rendered":"<p data-start=\"52\" data-end=\"335\">Fleksibelt HF NFC-indl\u00e6g bygget p\u00e5 <strong data-start=\"98\" data-end=\"124\">MIFARE Ultralight\u00ae EV1<\/strong> til telefonkompatible applikationer med kort r\u00e6kkevidde. Leveres som <strong data-start=\"185\" data-end=\"198\">t\u00f8rt indl\u00e6g<\/strong> (laminering) eller <strong data-start=\"215\" data-end=\"228\">v\u00e5dt indl\u00e6g<\/strong> (kl\u00e6bende) med flere antenneformer og -st\u00f8rrelser for nem integration i kort, etiketter og emballage.<\/p>\n<p data-start=\"337\" data-end=\"355\"><strong data-start=\"337\" data-end=\"353\">N\u00f8glefunktioner<\/strong><\/p>\n<ul data-start=\"356\" data-end=\"738\">\n<li data-start=\"356\" data-end=\"445\">\n<p data-start=\"358\" data-end=\"445\">13,56 MHz HF; ISO\/IEC 14443A (Ultralight EV1), valgfri ISO\/IEC 15693 til andre chips<\/p>\n<\/li>\n<li data-start=\"446\" data-end=\"498\">\n<p data-start=\"448\" data-end=\"498\">Anti-kollision, hurtig afl\u00e6sning, h\u00f8j scanningsstyrke<\/p>\n<\/li>\n<li data-start=\"499\" data-end=\"570\">\n<p data-start=\"501\" data-end=\"570\">Holdbar PET\/aluminiumskonstruktion med muligheder for kobber\/aluminiumspoler<\/p>\n<\/li>\n<li data-start=\"571\" data-end=\"643\">\n<p data-start=\"573\" data-end=\"643\">Brugerdefinerede former (runde, firkantede, sekskantede) og st\u00f8rrelser til forskellige produkter<\/p>\n<\/li>\n<li data-start=\"644\" data-end=\"738\">\n<p data-start=\"646\" data-end=\"738\">Sikkerhedsmuligheder: 7-byte UID, OTP-hukommelse, envejst\u00e6llere, ECC-signatur, valgfri adgangskode<\/p>\n<\/li>\n<\/ul>\n<p data-start=\"740\" data-end=\"922\"><strong data-start=\"740\" data-end=\"756\">Applikationer<\/strong><br data-start=\"756\" data-end=\"759\" \/>Lager- og aktivsporing \u2022 Lager og logistik \u2022 Adgangskontrol og personale-ID \u2022 Mobile betalings- og billetsystemer \u2022 Smarte marketing-\/loyalitetsprogrammer.<\/p>\n<p data-start=\"924\" data-end=\"1088\"><strong data-start=\"924\" data-end=\"941\">Tilpasning<\/strong><br data-start=\"941\" data-end=\"944\" \/>Logo, QR-\/serienumre, grafik; leveret p\u00e5 rulle eller som individuelle stykker. NTAG213\/215\/216 og brugerdefinerede IC&#039;er f\u00e5s sammen med Ultralight EV1.<\/p>\n<h2 data-start=\"1090\" data-end=\"1115\">Tabel (Specifikationer)<\/h2>\n<div class=\"_tableContainer_1rjym_1\">\n<div class=\"group _tableWrapper_1rjym_13 flex w-fit flex-col-reverse\" tabindex=\"-1\">\n<table class=\"w-fit min-w-(--thread-content-width)\" data-start=\"1117\" data-end=\"3049\">\n<thead data-start=\"1117\" data-end=\"1245\">\n<tr data-start=\"1117\" data-end=\"1245\">\n<th data-start=\"1117\" data-end=\"1136\" data-col-size=\"sm\">Kategori<\/th>\n<th data-start=\"1136\" data-end=\"1159\" data-col-size=\"sm\">Parameter<\/th>\n<th data-start=\"1159\" data-end=\"1245\" data-col-size=\"md\">V\u00e6rdi<\/th>\n<\/tr>\n<\/thead>\n<tbody data-start=\"1375\" data-end=\"3049\">\n<tr data-start=\"1375\" data-end=\"1503\">\n<td data-start=\"1375\" data-end=\"1394\" data-col-size=\"sm\">Produkt<\/td>\n<td data-col-size=\"sm\" data-start=\"1394\" data-end=\"1417\">Type<\/td>\n<td data-col-size=\"md\" data-start=\"1417\" data-end=\"1503\">HF NFC-indl\u00e6g \/ RFID-indl\u00e6g<\/td>\n<\/tr>\n<tr data-start=\"1504\" data-end=\"1632\">\n<td data-start=\"1504\" data-end=\"1523\" data-col-size=\"sm\">RF<\/td>\n<td data-col-size=\"sm\" data-start=\"1523\" data-end=\"1546\">Frekvens<\/td>\n<td data-col-size=\"md\" data-start=\"1546\" data-end=\"1632\">13,56 MHz (HF)<\/td>\n<\/tr>\n<tr data-start=\"1633\" data-end=\"1760\">\n<td data-start=\"1633\" data-end=\"1652\" data-col-size=\"sm\"><\/td>\n<td data-col-size=\"sm\" data-start=\"1652\" data-end=\"1675\">Protokol<\/td>\n<td data-col-size=\"md\" data-start=\"1675\" data-end=\"1760\">ISO\/IEC 14443A (Ultralet EV1); ISO\/IEC 15693 (valgfrit med andre IC&#039;er)<\/td>\n<\/tr>\n<tr data-start=\"1761\" data-end=\"1888\">\n<td data-start=\"1761\" data-end=\"1780\" data-col-size=\"sm\">IC-muligheder<\/td>\n<td data-start=\"1780\" data-end=\"1803\" data-col-size=\"sm\">Chips<\/td>\n<td data-start=\"1803\" data-end=\"1888\" data-col-size=\"md\">MIFARE Ultralight\u00ae EV1; NTAG213\/215\/216; specialfremstillet<\/td>\n<\/tr>\n<tr data-start=\"1889\" data-end=\"2017\">\n<td data-start=\"1889\" data-end=\"1908\" data-col-size=\"sm\">Materialer<\/td>\n<td data-col-size=\"sm\" data-start=\"1908\" data-end=\"1931\">Struktur<\/td>\n<td data-col-size=\"md\" data-start=\"1931\" data-end=\"2017\">Aluminium + PET-base; antennespole i kobber\/aluminium<\/td>\n<\/tr>\n<tr data-start=\"2018\" data-end=\"2146\">\n<td data-start=\"2018\" data-end=\"2037\" data-col-size=\"sm\">Formfaktor<\/td>\n<td data-col-size=\"sm\" data-start=\"2037\" data-end=\"2060\">Indl\u00e6gsstil<\/td>\n<td data-col-size=\"md\" data-start=\"2060\" data-end=\"2146\">T\u00f8rt indl\u00e6g (laminering) \/ V\u00e5dt indl\u00e6g (kl\u00e6bende)<\/td>\n<\/tr>\n<tr data-start=\"2147\" data-end=\"2275\">\n<td data-start=\"2147\" data-end=\"2166\" data-col-size=\"sm\">Antenne<\/td>\n<td data-col-size=\"sm\" data-start=\"2166\" data-end=\"2189\">Former<\/td>\n<td data-col-size=\"md\" data-start=\"2189\" data-end=\"2275\">Rund, firkantet, sekskantet, brugerdefineret<\/td>\n<\/tr>\n<tr data-start=\"2276\" data-end=\"2404\">\n<td data-start=\"2276\" data-end=\"2295\" data-col-size=\"sm\">Dimensioner<\/td>\n<td data-start=\"2295\" data-end=\"2318\" data-col-size=\"sm\">St\u00f8rrelsesmuligheder<\/td>\n<td data-col-size=\"md\" data-start=\"2318\" data-end=\"2404\">\u00d821\u201356 mm; 40\u00d740\u201346\u00d748 mm; specialfremstillet<\/td>\n<\/tr>\n<tr data-start=\"2405\" data-end=\"2533\">\n<td data-start=\"2405\" data-end=\"2424\" data-col-size=\"sm\">Pr\u00e6station<\/td>\n<td data-col-size=\"sm\" data-start=\"2424\" data-end=\"2447\">Funktioner<\/td>\n<td data-col-size=\"md\" data-start=\"2447\" data-end=\"2533\">Anti-kollision; hurtig l\u00e6sning; h\u00f8j scanningsstyrke; fleksibelt design<\/td>\n<\/tr>\n<tr data-start=\"2534\" data-end=\"2662\">\n<td data-start=\"2534\" data-end=\"2553\" data-col-size=\"sm\">Sikkerhed<\/td>\n<td data-col-size=\"sm\" data-start=\"2553\" data-end=\"2576\">Hukommelse\/Sikkerhed<\/td>\n<td data-col-size=\"md\" data-start=\"2576\" data-end=\"2662\">7-byte UID; OTP; envejst\u00e6llere; ECC-signatur; valgfri adgangskodebeskyttelse<\/td>\n<\/tr>\n<tr data-start=\"2663\" data-end=\"2791\">\n<td data-start=\"2663\" data-end=\"2682\" data-col-size=\"sm\">Tilpasning<\/td>\n<td data-col-size=\"sm\" data-start=\"2682\" data-end=\"2705\">Trykning\/Emballage<\/td>\n<td data-col-size=\"md\" data-start=\"2705\" data-end=\"2791\">Logo, QR, serienummer; rulle eller styk<\/td>\n<\/tr>\n<tr data-start=\"2792\" data-end=\"2920\">\n<td data-start=\"2792\" data-end=\"2811\" data-col-size=\"sm\">Applikationer<\/td>\n<td data-col-size=\"sm\" data-start=\"2811\" data-end=\"2834\">Brugsscenarier<\/td>\n<td data-col-size=\"md\" data-start=\"2834\" data-end=\"2920\">Lager, aktiver, lager, logistik, adgangskontrol, mobilbetaling, marketing<\/td>\n<\/tr>\n<tr data-start=\"2921\" data-end=\"3049\">\n<td data-start=\"2921\" data-end=\"2940\" data-col-size=\"sm\">Fordele<\/td>\n<td data-col-size=\"sm\" data-start=\"2940\" data-end=\"2963\">Integration<\/td>\n<td data-col-size=\"md\" data-start=\"2963\" data-end=\"3049\">Holdbar, kompakt, kompatibel med NFC-enheder, nem at integrere<\/td>\n<\/tr>\n<\/tbody>\n<\/table>\n<\/div>\n<\/div>","protected":false},"excerpt":{"rendered":"<p>HF 13,56 MHz MIFARE Ultralight EV1 NFC-indl\u00e6g \u2013 t\u00f8rre\/v\u00e5de formater, flere antenneformer, st\u00e6rk l\u00e6seydelse og indbygget sikkerhed for adgang, sporing og betalinger.<\/p>","protected":false},"featured_media":835,"template":"","meta":{"_gspb_post_css":""},"product_brand":[],"product_cat":[23],"product_tag":[],"class_list":{"0":"post-833","1":"product","2":"type-product","3":"status-publish","4":"has-post-thumbnail","6":"product_cat-rfid-nfc-inlay","8":"first","9":"instock","10":"shipping-taxable","11":"purchasable","12":"product-type-simple"},"_links":{"self":[{"href":"https:\/\/www.cxjsmartcard.com\/da\/wp-json\/wp\/v2\/product\/833","targetHints":{"allow":["GET"]}}],"collection":[{"href":"https:\/\/www.cxjsmartcard.com\/da\/wp-json\/wp\/v2\/product"}],"about":[{"href":"https:\/\/www.cxjsmartcard.com\/da\/wp-json\/wp\/v2\/types\/product"}],"wp:featuredmedia":[{"embeddable":true,"href":"https:\/\/www.cxjsmartcard.com\/da\/wp-json\/wp\/v2\/media\/835"}],"wp:attachment":[{"href":"https:\/\/www.cxjsmartcard.com\/da\/wp-json\/wp\/v2\/media?parent=833"}],"wp:term":[{"taxonomy":"product_brand","embeddable":true,"href":"https:\/\/www.cxjsmartcard.com\/da\/wp-json\/wp\/v2\/product_brand?post=833"},{"taxonomy":"product_cat","embeddable":true,"href":"https:\/\/www.cxjsmartcard.com\/da\/wp-json\/wp\/v2\/product_cat?post=833"},{"taxonomy":"product_tag","embeddable":true,"href":"https:\/\/www.cxjsmartcard.com\/da\/wp-json\/wp\/v2\/product_tag?post=833"}],"curies":[{"name":"wp","href":"https:\/\/api.w.org\/{rel}","templated":true}]}}