{"id":824,"date":"2025-11-03T08:17:18","date_gmt":"2025-11-03T08:17:18","guid":{"rendered":"https:\/\/www.cxjsmartcard.com\/?post_type=product&#038;p=824"},"modified":"2025-12-29T01:27:09","modified_gmt":"2025-12-29T01:27:09","slug":"customizable-rfid-nfc-programmable-printable-wet-dry-inlay","status":"publish","type":"product","link":"https:\/\/www.cxjsmartcard.com\/da\/customizable-rfid-nfc-programmable-printable-wet-dry-inlay\/","title":{"rendered":"Tilpasset RFID NFC Programmerbar Printbar V\u00e5d\/T\u00f8r Indl\u00e6g"},"content":{"rendered":"<p data-start=\"70\" data-end=\"424\">HF 13,56 MHz NFC-indl\u00e6g baseret p\u00e5 NTAG213 til smartphone-kompatible applikationer med kort r\u00e6kkevidde. F\u00e5s som <strong data-start=\"191\" data-end=\"204\">v\u00e5dt indl\u00e6g<\/strong> (kl\u00e6bende, aftagelig og fastkl\u00e6bende) eller <strong data-start=\"235\" data-end=\"248\">t\u00f8rt indl\u00e6g<\/strong> (til laminering) er mini-formfaktordesignet <strong data-start=\"298\" data-end=\"341\">printbar, programmerbar og vandt\u00e6t<\/strong>\u2014 ideel til hoteln\u00f8glekort, medlems-ID&#039;er, detailm\u00e6rker og kontaktl\u00f8s markedsf\u00f8ring.<\/p>\n<p data-start=\"426\" data-end=\"456\"><strong data-start=\"426\" data-end=\"454\">Konstruktion og materialer<\/strong><\/p>\n<ul data-start=\"457\" data-end=\"705\">\n<li data-start=\"457\" data-end=\"543\">\n<p data-start=\"459\" data-end=\"543\"><strong data-start=\"459\" data-end=\"471\">Formater:<\/strong> V\u00e5dt indl\u00e6g med kl\u00e6bende bagside; t\u00f8rt indl\u00e6g til laminering af kort\/billetter<\/p>\n<\/li>\n<li data-start=\"544\" data-end=\"619\">\n<p data-start=\"546\" data-end=\"619\"><strong data-start=\"546\" data-end=\"573\">Materialer til front\/antenne:<\/strong> PET, kobberpapir for st\u00e6rk RF-ydeevne<\/p>\n<\/li>\n<li data-start=\"620\" data-end=\"705\">\n<p data-start=\"622\" data-end=\"705\"><strong data-start=\"622\" data-end=\"643\">Trykoverflade:<\/strong> Underst\u00f8tter direkte udskrivning af logoer, stregkoder og instruktioner<\/p>\n<\/li>\n<\/ul>\n<p data-start=\"707\" data-end=\"739\"><strong data-start=\"707\" data-end=\"737\">Programmerbare NFC-funktioner<\/strong><\/p>\n<ul data-start=\"740\" data-end=\"970\">\n<li data-start=\"740\" data-end=\"806\">\n<p data-start=\"742\" data-end=\"806\"><strong data-start=\"742\" data-end=\"751\">Chip:<\/strong> NTAG213 (ISO\/IEC 14443A), Android\/iOS NFC-kompatibel<\/p>\n<\/li>\n<li data-start=\"807\" data-end=\"886\">\n<p data-start=\"809\" data-end=\"886\"><strong data-start=\"809\" data-end=\"825\">Brugerhukommelse:<\/strong> ~180 bytes kan bruges til URL&#039;er, ID&#039;er, legitimationsoplysninger og loyalitetsdata<\/p>\n<\/li>\n<li data-start=\"887\" data-end=\"970\">\n<p data-start=\"889\" data-end=\"970\"><strong data-start=\"889\" data-end=\"903\">Brugsscenarier:<\/strong> Adgangskontrol, medlemskab, godkendelse, smart emballage\/etiketter<\/p>\n<\/li>\n<\/ul>\n<p data-start=\"972\" data-end=\"982\"><strong data-start=\"972\" data-end=\"980\">Ofte stillede sp\u00f8rgsm\u00e5l<\/strong><\/p>\n<ul data-start=\"983\" data-end=\"1267\">\n<li data-start=\"983\" data-end=\"1039\">\n<p data-start=\"985\" data-end=\"1039\"><strong data-start=\"985\" data-end=\"997\">Pr\u00f8ver?<\/strong> Gratis pr\u00f8ver er tilg\u00e6ngelige til testning.<\/p>\n<\/li>\n<li data-start=\"1040\" data-end=\"1109\">\n<p data-start=\"1042\" data-end=\"1109\"><strong data-start=\"1042\" data-end=\"1054\">L\u00e6sere?<\/strong> Fungerer med NFC-aktiverede telefoner og ISO14443A-l\u00e6sere.<\/p>\n<\/li>\n<li data-start=\"1110\" data-end=\"1194\">\n<p data-start=\"1112\" data-end=\"1194\"><strong data-start=\"1112\" data-end=\"1129\">Brugerdefineret tryk?<\/strong> Fuld tilpasning: illustrationer, stregkoder\/QR, serienumre, unikke ID&#039;er.<\/p>\n<\/li>\n<li data-start=\"1195\" data-end=\"1267\">\n<p data-start=\"1197\" data-end=\"1267\"><strong data-start=\"1197\" data-end=\"1212\">Holdbarhed?<\/strong> 10+ \u00e5r under standardlagring; lang dataopbevaring.<\/p>\n<\/li>\n<\/ul>\n<p data-start=\"1269\" data-end=\"1314\"><strong data-start=\"1269\" data-end=\"1279\">Oprindelse<\/strong><br data-start=\"1279\" data-end=\"1282\" \/>Fremstillet i Zhejiang, Kina.<\/p>\n<h2 data-start=\"1316\" data-end=\"1341\">Tabel (Specifikationer)<\/h2>\n<div class=\"_tableContainer_1rjym_1\">\n<div class=\"group _tableWrapper_1rjym_13 flex w-fit flex-col-reverse\" tabindex=\"-1\">\n<table class=\"w-fit min-w-(--thread-content-width)\" data-start=\"1343\" data-end=\"2954\">\n<thead data-start=\"1343\" data-end=\"1458\">\n<tr data-start=\"1343\" data-end=\"1458\">\n<th data-start=\"1343\" data-end=\"1365\" data-col-size=\"sm\">Kategori<\/th>\n<th data-start=\"1365\" data-end=\"1388\" data-col-size=\"sm\">Parameter<\/th>\n<th data-start=\"1388\" data-end=\"1458\" data-col-size=\"md\">V\u00e6rdi<\/th>\n<\/tr>\n<\/thead>\n<tbody data-start=\"1574\" data-end=\"2954\">\n<tr data-start=\"1574\" data-end=\"1688\">\n<td data-start=\"1574\" data-end=\"1595\" data-col-size=\"sm\">Produkt<\/td>\n<td data-start=\"1595\" data-end=\"1618\" data-col-size=\"sm\">Type<\/td>\n<td data-col-size=\"md\" data-start=\"1618\" data-end=\"1688\">NFC v\u00e5d\/t\u00f8r indl\u00e6g (mini-tag)<\/td>\n<\/tr>\n<tr data-start=\"1689\" data-end=\"1804\">\n<td data-start=\"1689\" data-end=\"1710\" data-col-size=\"sm\">Frekvens<\/td>\n<td data-col-size=\"sm\" data-start=\"1710\" data-end=\"1733\">HF<\/td>\n<td data-col-size=\"md\" data-start=\"1733\" data-end=\"1804\">13,56 MHz<\/td>\n<\/tr>\n<tr data-start=\"1805\" data-end=\"1919\">\n<td data-start=\"1805\" data-end=\"1826\" data-col-size=\"sm\">Protokol<\/td>\n<td data-start=\"1826\" data-end=\"1849\" data-col-size=\"sm\">Luftgr\u00e6nseflade<\/td>\n<td data-col-size=\"md\" data-start=\"1849\" data-end=\"1919\">ISO\/IEC 14443A<\/td>\n<\/tr>\n<tr data-start=\"1920\" data-end=\"2034\">\n<td data-start=\"1920\" data-end=\"1941\" data-col-size=\"sm\">IC<\/td>\n<td data-col-size=\"sm\" data-start=\"1941\" data-end=\"1964\">Chip<\/td>\n<td data-col-size=\"md\" data-start=\"1964\" data-end=\"2034\">NTAG213<\/td>\n<\/tr>\n<tr data-start=\"2035\" data-end=\"2149\">\n<td data-start=\"2035\" data-end=\"2056\" data-col-size=\"sm\">Hukommelse<\/td>\n<td data-col-size=\"sm\" data-start=\"2056\" data-end=\"2079\">Brugerkapacitet<\/td>\n<td data-col-size=\"md\" data-start=\"2079\" data-end=\"2149\">~180 bytes brugbare<\/td>\n<\/tr>\n<tr data-start=\"2150\" data-end=\"2264\">\n<td data-start=\"2150\" data-end=\"2171\" data-col-size=\"sm\">Kompatibilitet<\/td>\n<td data-col-size=\"sm\" data-start=\"2171\" data-end=\"2194\">Enheder<\/td>\n<td data-col-size=\"md\" data-start=\"2194\" data-end=\"2264\">Android\/iOS NFC-telefoner; ISO14443A-l\u00e6sere<\/td>\n<\/tr>\n<tr data-start=\"2265\" data-end=\"2379\">\n<td data-start=\"2265\" data-end=\"2286\" data-col-size=\"sm\">Formater<\/td>\n<td data-col-size=\"sm\" data-start=\"2286\" data-end=\"2309\">Indl\u00e6gsstile<\/td>\n<td data-col-size=\"md\" data-start=\"2309\" data-end=\"2379\">V\u00e5d (kl\u00e6bende, aftagelig og fastkl\u00e6bende); T\u00f8r (laminering)<\/td>\n<\/tr>\n<tr data-start=\"2380\" data-end=\"2494\">\n<td data-start=\"2380\" data-end=\"2401\" data-col-size=\"sm\">Materialer<\/td>\n<td data-col-size=\"sm\" data-start=\"2401\" data-end=\"2424\">Konstruktion<\/td>\n<td data-col-size=\"md\" data-start=\"2424\" data-end=\"2494\">PET, kobberpapir<\/td>\n<\/tr>\n<tr data-start=\"2495\" data-end=\"2609\">\n<td data-start=\"2495\" data-end=\"2516\" data-col-size=\"sm\">Funktioner<\/td>\n<td data-col-size=\"sm\" data-start=\"2516\" data-end=\"2539\">Attributter<\/td>\n<td data-col-size=\"md\" data-start=\"2539\" data-end=\"2609\">Printbar, programmerbar, vandt\u00e6t<\/td>\n<\/tr>\n<tr data-start=\"2610\" data-end=\"2724\">\n<td data-start=\"2610\" data-end=\"2631\" data-col-size=\"sm\">Personalisering<\/td>\n<td data-col-size=\"sm\" data-start=\"2631\" data-end=\"2654\">Udskriv\/Data<\/td>\n<td data-col-size=\"md\" data-start=\"2654\" data-end=\"2724\">Logoer, stregkoder\/QR, serienumre, instruktioner<\/td>\n<\/tr>\n<tr data-start=\"2725\" data-end=\"2839\">\n<td data-start=\"2725\" data-end=\"2746\" data-col-size=\"sm\">Applikationer<\/td>\n<td data-col-size=\"sm\" data-start=\"2746\" data-end=\"2769\">Typiske anvendelser<\/td>\n<td data-col-size=\"md\" data-start=\"2769\" data-end=\"2839\">Hoteln\u00f8gler, medlemskort, detailm\u00e6rker, marketingm\u00e6rker<\/td>\n<\/tr>\n<tr data-start=\"2840\" data-end=\"2954\">\n<td data-start=\"2840\" data-end=\"2861\" data-col-size=\"sm\">Oprindelse<\/td>\n<td data-col-size=\"sm\" data-start=\"2861\" data-end=\"2884\">Produktion<\/td>\n<td data-col-size=\"md\" data-start=\"2884\" data-end=\"2954\">Zhejiang, Kina<\/td>\n<\/tr>\n<\/tbody>\n<\/table>\n<\/div>\n<\/div>","protected":false},"excerpt":{"rendered":"<p>Brugerdefinerbart 13,56 MHz NTAG213 NFC-indl\u00e6g i v\u00e5dt eller t\u00f8rt format \u2013 printbart, programmerbart, vandt\u00e6t og telefonkompatibelt til n\u00f8gler, ID&#039;er, etiketter og smart emballage.<\/p>","protected":false},"featured_media":828,"template":"","meta":{"_gspb_post_css":""},"product_brand":[],"product_cat":[23],"product_tag":[],"class_list":{"0":"post-824","1":"product","2":"type-product","3":"status-publish","4":"has-post-thumbnail","6":"product_cat-rfid-nfc-inlay","8":"first","9":"instock","10":"shipping-taxable","11":"purchasable","12":"product-type-simple"},"_links":{"self":[{"href":"https:\/\/www.cxjsmartcard.com\/da\/wp-json\/wp\/v2\/product\/824","targetHints":{"allow":["GET"]}}],"collection":[{"href":"https:\/\/www.cxjsmartcard.com\/da\/wp-json\/wp\/v2\/product"}],"about":[{"href":"https:\/\/www.cxjsmartcard.com\/da\/wp-json\/wp\/v2\/types\/product"}],"wp:featuredmedia":[{"embeddable":true,"href":"https:\/\/www.cxjsmartcard.com\/da\/wp-json\/wp\/v2\/media\/828"}],"wp:attachment":[{"href":"https:\/\/www.cxjsmartcard.com\/da\/wp-json\/wp\/v2\/media?parent=824"}],"wp:term":[{"taxonomy":"product_brand","embeddable":true,"href":"https:\/\/www.cxjsmartcard.com\/da\/wp-json\/wp\/v2\/product_brand?post=824"},{"taxonomy":"product_cat","embeddable":true,"href":"https:\/\/www.cxjsmartcard.com\/da\/wp-json\/wp\/v2\/product_cat?post=824"},{"taxonomy":"product_tag","embeddable":true,"href":"https:\/\/www.cxjsmartcard.com\/da\/wp-json\/wp\/v2\/product_tag?post=824"}],"curies":[{"name":"wp","href":"https:\/\/api.w.org\/{rel}","templated":true}]}}