{"id":820,"date":"2025-11-03T08:14:41","date_gmt":"2025-11-03T08:14:41","guid":{"rendered":"https:\/\/www.cxjsmartcard.com\/?post_type=product&#038;p=820"},"modified":"2025-12-29T01:27:09","modified_gmt":"2025-12-29T01:27:09","slug":"uhf-rfid-textile-label-for-apparel-tracking","status":"publish","type":"product","link":"https:\/\/www.cxjsmartcard.com\/da\/uhf-rfid-textile-label-for-apparel-tracking\/","title":{"rendered":"UHF RFID tekstiletiket til bekl\u00e6dningssporing"},"content":{"rendered":"<p data-start=\"55\" data-end=\"315\">Bl\u00f8de, vaskbare UHF-tekstiletiketter med indlejrede EPC Gen2-indl\u00e6g til hurtig og pr\u00e6cis sporing af bekl\u00e6dningsgenstande. Konstruktionen kan sys p\u00e5 eller stryges p\u00e5, hvilket underst\u00f8tter afl\u00e6sning af store m\u00e6ngder t\u00f8j under lageropt\u00e6lling, vasket\u00f8jsindtag og distribution \u2013 hvilket forbedrer synligheden og reducerer spild.<\/p>\n<p data-start=\"317\" data-end=\"335\"><strong data-start=\"317\" data-end=\"333\">Vigtigste fordele<\/strong><\/p>\n<ul data-start=\"336\" data-end=\"662\">\n<li data-start=\"336\" data-end=\"407\">\n<p data-start=\"338\" data-end=\"407\"><strong data-start=\"338\" data-end=\"358\">Hurtig multil\u00e6sning:<\/strong> 1-10 m l\u00e6seafstand til hurtig batchscanning.<\/p>\n<\/li>\n<li data-start=\"408\" data-end=\"500\">\n<p data-start=\"410\" data-end=\"500\"><strong data-start=\"410\" data-end=\"429\">Bl\u00f8d og holdbar:<\/strong> Behagelig i t\u00f8jet; t\u00e5ler vask, strygning og rensning.<\/p>\n<\/li>\n<li data-start=\"501\" data-end=\"579\">\n<p data-start=\"503\" data-end=\"579\"><strong data-start=\"503\" data-end=\"523\">Standardbaseret:<\/strong> UHF 860\u2013960 MHz, ISO\/IEC 18000-6C (EPC Klasse 1 Gen2).<\/p>\n<\/li>\n<li data-start=\"580\" data-end=\"662\">\n<p data-start=\"582\" data-end=\"662\"><strong data-start=\"582\" data-end=\"598\">M\u00e6rkeklar:<\/strong> Brugerdefinerede st\u00f8rrelser, materialer, illustrationer og fuld trykning\/kodning.<\/p>\n<\/li>\n<\/ul>\n<p data-start=\"664\" data-end=\"809\"><strong data-start=\"664\" data-end=\"680\">Applikationer<\/strong><br data-start=\"680\" data-end=\"683\" \/>Detailhandelslager og cyklust\u00e6llinger \u2022 Sporing af t\u00f8j\/bekl\u00e6dningsgenstande \u2022 Vaskeri- og uniformprogrammer \u2022 Forsyningsk\u00e6de for fodt\u00f8j og tekstiler.<\/p>\n<p data-start=\"811\" data-end=\"1039\"><strong data-start=\"811\" data-end=\"834\">Valgmuligheder og efterbehandling<\/strong><br data-start=\"834\" data-end=\"837\" \/>Materialer: polyester, satin, bomuld, PET, non-woven \u2022 St\u00f8rrelser: 60\u00d730 mm, 80\u00d738 mm eller specialfremstillet \u2022 Chips: NXP UCODE 8\/9; Impinj Monza R6\/R6-P \u2022 Tryk\/kodning: logo, serienummer\/UID, stregkode, QR, variable data.<\/p>\n<h2 data-start=\"1041\" data-end=\"1066\">Tabel (Specifikationer)<\/h2>\n<div class=\"_tableContainer_1rjym_1\">\n<div class=\"group _tableWrapper_1rjym_13 flex w-fit flex-col-reverse\" tabindex=\"-1\">\n<table class=\"w-fit min-w-(--thread-content-width)\" data-start=\"1068\" data-end=\"2897\">\n<thead data-start=\"1068\" data-end=\"1189\">\n<tr data-start=\"1068\" data-end=\"1189\">\n<th data-start=\"1068\" data-end=\"1090\" data-col-size=\"sm\">Kategori<\/th>\n<th data-start=\"1090\" data-end=\"1116\" data-col-size=\"sm\">Parameter<\/th>\n<th data-start=\"1116\" data-end=\"1189\" data-col-size=\"md\">V\u00e6rdi<\/th>\n<\/tr>\n<\/thead>\n<tbody data-start=\"1312\" data-end=\"2897\">\n<tr data-start=\"1312\" data-end=\"1432\">\n<td data-start=\"1312\" data-end=\"1334\" data-col-size=\"sm\">Produkt<\/td>\n<td data-col-size=\"sm\" data-start=\"1334\" data-end=\"1360\">Type<\/td>\n<td data-col-size=\"md\" data-start=\"1360\" data-end=\"1432\">UHF RFID vaskemiddel\/tekstilm\u00e6rke<\/td>\n<\/tr>\n<tr data-start=\"1433\" data-end=\"1554\">\n<td data-start=\"1433\" data-end=\"1455\" data-col-size=\"sm\">RFID<\/td>\n<td data-col-size=\"sm\" data-start=\"1455\" data-end=\"1481\">Protokol<\/td>\n<td data-col-size=\"md\" data-start=\"1481\" data-end=\"1554\">ISO\/IEC 18000-6C, EPC Klasse 1 Gen 2<\/td>\n<\/tr>\n<tr data-start=\"1555\" data-end=\"1676\">\n<td data-start=\"1555\" data-end=\"1577\" data-col-size=\"sm\"><\/td>\n<td data-col-size=\"sm\" data-start=\"1577\" data-end=\"1603\">Frekvens<\/td>\n<td data-col-size=\"md\" data-start=\"1603\" data-end=\"1676\">860\u2013960 MHz<\/td>\n<\/tr>\n<tr data-start=\"1677\" data-end=\"1798\">\n<td data-start=\"1677\" data-end=\"1699\" data-col-size=\"sm\">IC-muligheder<\/td>\n<td data-col-size=\"sm\" data-start=\"1699\" data-end=\"1725\">Chipmodeller<\/td>\n<td data-col-size=\"md\" data-start=\"1725\" data-end=\"1798\">NXP UCODE 8 \/ UCODE 9; Impinj Monza R6 \/ R6-P<\/td>\n<\/tr>\n<tr data-start=\"1799\" data-end=\"1920\">\n<td data-start=\"1799\" data-end=\"1821\" data-col-size=\"sm\">Hukommelse<\/td>\n<td data-col-size=\"sm\" data-start=\"1821\" data-end=\"1847\">EPC \/ Bruger \/ TID<\/td>\n<td data-col-size=\"md\" data-start=\"1847\" data-end=\"1920\">EPC 96\u2013496 bit (konfigurerbar) \/ Brugervalgfri \/ TID 96 bit<\/td>\n<\/tr>\n<tr data-start=\"1921\" data-end=\"2042\">\n<td data-start=\"1921\" data-end=\"1943\" data-col-size=\"sm\">Pr\u00e6station<\/td>\n<td data-col-size=\"sm\" data-start=\"1943\" data-end=\"1969\">L\u00e6seafstand<\/td>\n<td data-col-size=\"md\" data-start=\"1969\" data-end=\"2042\">1\u201310 m (afh\u00e6ngig af l\u00e6ser\/milj\u00f8)<\/td>\n<\/tr>\n<tr data-start=\"2043\" data-end=\"2165\">\n<td data-start=\"2043\" data-end=\"2065\" data-col-size=\"sm\">Konstruktion<\/td>\n<td data-col-size=\"sm\" data-start=\"2065\" data-end=\"2091\">Materialer<\/td>\n<td data-col-size=\"md\" data-start=\"2091\" data-end=\"2165\">Polyester, satin, bomuld, PET, ikke-v\u00e6vet<\/td>\n<\/tr>\n<tr data-start=\"2166\" data-end=\"2287\">\n<td data-start=\"2166\" data-end=\"2188\" data-col-size=\"sm\">Dimensioner<\/td>\n<td data-col-size=\"sm\" data-start=\"2188\" data-end=\"2214\">Standardst\u00f8rrelser<\/td>\n<td data-col-size=\"md\" data-start=\"2214\" data-end=\"2287\">60\u00d730 mm; 80\u00d738 mm; specialfremstilling mulig<\/td>\n<\/tr>\n<tr data-start=\"2288\" data-end=\"2409\">\n<td data-start=\"2288\" data-end=\"2310\" data-col-size=\"sm\">Integration<\/td>\n<td data-col-size=\"sm\" data-start=\"2310\" data-end=\"2336\">Fastg\u00f8relsesmetoder<\/td>\n<td data-col-size=\"md\" data-start=\"2336\" data-end=\"2409\">Sy-p\u00e5 eller stryge-p\u00e5<\/td>\n<\/tr>\n<tr data-start=\"2410\" data-end=\"2531\">\n<td data-start=\"2410\" data-end=\"2432\" data-col-size=\"sm\">Udskrivning og data<\/td>\n<td data-col-size=\"sm\" data-start=\"2432\" data-end=\"2458\">Personalisering<\/td>\n<td data-col-size=\"md\" data-start=\"2458\" data-end=\"2531\">Logo, serienummer\/UID, stregkode, QR, variable data; forudkodning underst\u00f8ttes<\/td>\n<\/tr>\n<tr data-start=\"2532\" data-end=\"2653\">\n<td data-start=\"2532\" data-end=\"2554\" data-col-size=\"sm\">Holdbarhed<\/td>\n<td data-col-size=\"sm\" data-start=\"2554\" data-end=\"2580\">Procesmodstand<\/td>\n<td data-col-size=\"md\" data-start=\"2580\" data-end=\"2653\">Vaskbar; t\u00e5ler strygning og rensning<\/td>\n<\/tr>\n<tr data-start=\"2654\" data-end=\"2775\">\n<td data-start=\"2654\" data-end=\"2676\" data-col-size=\"sm\">Livscyklus<\/td>\n<td data-col-size=\"sm\" data-start=\"2676\" data-end=\"2702\">IC-udholdenhed \/ -fastholdelse<\/td>\n<td data-col-size=\"md\" data-start=\"2702\" data-end=\"2775\">100.000 programmeringscyklusser; 10 \u00e5rs dataopbevaring<\/td>\n<\/tr>\n<tr data-start=\"2776\" data-end=\"2897\">\n<td data-start=\"2776\" data-end=\"2798\" data-col-size=\"sm\">Brugsscenarier<\/td>\n<td data-start=\"2798\" data-end=\"2824\" data-col-size=\"sm\">Typiske anvendelser<\/td>\n<td data-col-size=\"md\" data-start=\"2824\" data-end=\"2897\">Sporing af t\u00f8j, detaillager, forsyningsk\u00e6de, fodt\u00f8j\/tekstiler<\/td>\n<\/tr>\n<\/tbody>\n<\/table>\n<\/div>\n<\/div>","protected":false},"excerpt":{"rendered":"<p>Bl\u00f8de, vaskbare UHF RFID-tekstiletiketter til bekl\u00e6dning \u2013 1-10 m bulkl\u00e6sning, EPC Gen2-kompatibel, kan sys i eller stryges p\u00e5, med brugerdefinerede materialer, st\u00f8rrelser, tryk og kodning.<\/p>","protected":false},"featured_media":821,"template":"","meta":{"_gspb_post_css":""},"product_brand":[],"product_cat":[22],"product_tag":[],"class_list":{"0":"post-820","1":"product","2":"type-product","3":"status-publish","4":"has-post-thumbnail","6":"product_cat-rfid-wash-care-labels","8":"first","9":"instock","10":"shipping-taxable","11":"purchasable","12":"product-type-simple"},"_links":{"self":[{"href":"https:\/\/www.cxjsmartcard.com\/da\/wp-json\/wp\/v2\/product\/820","targetHints":{"allow":["GET"]}}],"collection":[{"href":"https:\/\/www.cxjsmartcard.com\/da\/wp-json\/wp\/v2\/product"}],"about":[{"href":"https:\/\/www.cxjsmartcard.com\/da\/wp-json\/wp\/v2\/types\/product"}],"wp:featuredmedia":[{"embeddable":true,"href":"https:\/\/www.cxjsmartcard.com\/da\/wp-json\/wp\/v2\/media\/821"}],"wp:attachment":[{"href":"https:\/\/www.cxjsmartcard.com\/da\/wp-json\/wp\/v2\/media?parent=820"}],"wp:term":[{"taxonomy":"product_brand","embeddable":true,"href":"https:\/\/www.cxjsmartcard.com\/da\/wp-json\/wp\/v2\/product_brand?post=820"},{"taxonomy":"product_cat","embeddable":true,"href":"https:\/\/www.cxjsmartcard.com\/da\/wp-json\/wp\/v2\/product_cat?post=820"},{"taxonomy":"product_tag","embeddable":true,"href":"https:\/\/www.cxjsmartcard.com\/da\/wp-json\/wp\/v2\/product_tag?post=820"}],"curies":[{"name":"wp","href":"https:\/\/api.w.org\/{rel}","templated":true}]}}