{"id":815,"date":"2025-11-03T08:03:51","date_gmt":"2025-11-03T08:03:51","guid":{"rendered":"https:\/\/www.cxjsmartcard.com\/?post_type=product&#038;p=815"},"modified":"2025-12-29T01:27:09","modified_gmt":"2025-12-29T01:27:09","slug":"ribbon-satin-garment-uhf-rfid-wash-care-label-tag","status":"publish","type":"product","link":"https:\/\/www.cxjsmartcard.com\/da\/ribbon-satin-garment-uhf-rfid-wash-care-label-tag\/","title":{"rendered":"B\u00e5nd Satin Bekl\u00e6dningsgenstand UHF RFID Vaskepleje Etiket"},"content":{"rendered":"<p data-start=\"61\" data-end=\"309\">UHF RFID-plejeetiketter integrerer EPC Gen2-teknologi i vaskbare bekl\u00e6dningsetiketter for at give overblik over lagerbeholdningen i realtid. De er bygget til industrivask, strygning og daglig brug, reducerer svind, forhindrer lagerudl\u00f8b og minimerer manuel opt\u00e6lling.<\/p>\n<p data-start=\"311\" data-end=\"329\"><strong data-start=\"311\" data-end=\"327\">N\u00f8glefunktioner<\/strong><\/p>\n<ul data-start=\"330\" data-end=\"1000\">\n<li data-start=\"330\" data-end=\"408\">\n<p data-start=\"332\" data-end=\"408\"><strong data-start=\"332\" data-end=\"346\">Materialer:<\/strong> Polyester, satin, kompositionsetiket, bomuld, non-woven, PET<\/p>\n<\/li>\n<li data-start=\"409\" data-end=\"461\">\n<p data-start=\"411\" data-end=\"461\"><strong data-start=\"411\" data-end=\"421\">St\u00f8rrelser:<\/strong> 80 \u00d7 38 mm, 60 \u00d7 30 mm eller tilpasset<\/p>\n<\/li>\n<li data-start=\"462\" data-end=\"492\">\n<p data-start=\"464\" data-end=\"492\"><strong data-start=\"464\" data-end=\"473\">Type:<\/strong> Passiv UHF RFID<\/p>\n<\/li>\n<li data-start=\"493\" data-end=\"566\">\n<p data-start=\"495\" data-end=\"566\"><strong data-start=\"495\" data-end=\"518\">Protokol\/Hyppighed:<\/strong> ISO 18000-6C \/ EPC Klasse 1 Gen 2; 860\u2013960 MHz<\/p>\n<\/li>\n<li data-start=\"567\" data-end=\"623\">\n<p data-start=\"569\" data-end=\"623\"><strong data-start=\"569\" data-end=\"579\">Chips:<\/strong> Impinj Monza R6\/R6-P; NXP UCODE 8\/UCODE 9<\/p>\n<\/li>\n<li data-start=\"624\" data-end=\"680\">\n<p data-start=\"626\" data-end=\"680\"><strong data-start=\"626\" data-end=\"644\">L\u00e6seafstand:<\/strong> 1\u201310 m (afh\u00e6ngig af l\u00e6ser\/antenne)<\/p>\n<\/li>\n<li data-start=\"681\" data-end=\"718\">\n<p data-start=\"683\" data-end=\"718\"><strong data-start=\"683\" data-end=\"698\">Vedh\u00e6ftet fil:<\/strong> Sy-p\u00e5 eller stryge-p\u00e5<\/p>\n<\/li>\n<li data-start=\"719\" data-end=\"780\">\n<p data-start=\"721\" data-end=\"780\"><strong data-start=\"721\" data-end=\"741\">Udskrivning og data:<\/strong> Brugerdefineret kunst, seriel\/UID, kodning<\/p>\n<\/li>\n<li data-start=\"781\" data-end=\"853\">\n<p data-start=\"783\" data-end=\"853\"><strong data-start=\"783\" data-end=\"800\">IC-udholdenhed:<\/strong> 100.000 programmeringscyklusser; 10 \u00e5rs dataopbevaring<\/p>\n<\/li>\n<li data-start=\"854\" data-end=\"904\">\n<p data-start=\"856\" data-end=\"904\"><strong data-start=\"856\" data-end=\"868\">Pr\u00f8ver:<\/strong> Gratis pr\u00f8ver tilg\u00e6ngelige p\u00e5 foresp\u00f8rgsel<\/p>\n<\/li>\n<li data-start=\"905\" data-end=\"1000\">\n<p data-start=\"907\" data-end=\"1000\"><strong data-start=\"907\" data-end=\"924\">Anvendelser:<\/strong> Lagerstyring, forsyningsk\u00e6de, detailhandel; bekl\u00e6dningsgenstande, t\u00f8j, tasker, sko<\/p>\n<\/li>\n<\/ul>\n<h2 data-start=\"1002\" data-end=\"1027\">Tabel (Specifikationer)<\/h2>\n<div class=\"_tableContainer_1rjym_1\">\n<div class=\"group _tableWrapper_1rjym_13 flex w-fit flex-col-reverse\" tabindex=\"-1\">\n<table class=\"w-fit min-w-(--thread-content-width)\" data-start=\"1029\" data-end=\"2619\">\n<thead data-start=\"1029\" data-end=\"1128\">\n<tr data-start=\"1029\" data-end=\"1128\">\n<th data-start=\"1029\" data-end=\"1051\" data-col-size=\"sm\">Kategori<\/th>\n<th data-start=\"1051\" data-end=\"1072\" data-col-size=\"sm\">Parameter<\/th>\n<th data-start=\"1072\" data-end=\"1128\" data-col-size=\"md\">V\u00e6rdi<\/th>\n<\/tr>\n<\/thead>\n<tbody data-start=\"1228\" data-end=\"2619\">\n<tr data-start=\"1228\" data-end=\"1326\">\n<td data-start=\"1228\" data-end=\"1249\" data-col-size=\"sm\">Produkt<\/td>\n<td data-start=\"1249\" data-end=\"1270\" data-col-size=\"sm\">Navn<\/td>\n<td data-col-size=\"md\" data-start=\"1270\" data-end=\"1326\">RFID-plejem\u00e6rke<\/td>\n<\/tr>\n<tr data-start=\"1327\" data-end=\"1431\">\n<td data-start=\"1327\" data-end=\"1348\" data-col-size=\"sm\">Konstruktion<\/td>\n<td data-col-size=\"sm\" data-start=\"1348\" data-end=\"1369\">Materialer<\/td>\n<td data-col-size=\"md\" data-start=\"1369\" data-end=\"1431\">Polyester \/ Satin \/ Komposition \/ Bomuld \/ Ikke-v\u00e6vet \/ PET<\/td>\n<\/tr>\n<tr data-start=\"1432\" data-end=\"1530\">\n<td data-start=\"1432\" data-end=\"1453\" data-col-size=\"sm\">Dimensioner<\/td>\n<td data-col-size=\"sm\" data-start=\"1453\" data-end=\"1474\">Standardst\u00f8rrelser<\/td>\n<td data-col-size=\"md\" data-start=\"1474\" data-end=\"1530\">80 \u00d7 38 mm; 60 \u00d7 30 mm; specialfremstillet<\/td>\n<\/tr>\n<tr data-start=\"1531\" data-end=\"1629\">\n<td data-start=\"1531\" data-end=\"1552\" data-col-size=\"sm\">RFID<\/td>\n<td data-col-size=\"sm\" data-start=\"1552\" data-end=\"1573\">Type<\/td>\n<td data-col-size=\"md\" data-start=\"1573\" data-end=\"1629\">Passiv UHF<\/td>\n<\/tr>\n<tr data-start=\"1630\" data-end=\"1728\">\n<td data-start=\"1630\" data-end=\"1651\" data-col-size=\"sm\"><\/td>\n<td data-col-size=\"sm\" data-start=\"1651\" data-end=\"1672\">Protokol<\/td>\n<td data-col-size=\"md\" data-start=\"1672\" data-end=\"1728\">ISO 18000-6C; EPC Klasse 1 Gen 2<\/td>\n<\/tr>\n<tr data-start=\"1729\" data-end=\"1827\">\n<td data-start=\"1729\" data-end=\"1750\" data-col-size=\"sm\"><\/td>\n<td data-col-size=\"sm\" data-start=\"1750\" data-end=\"1771\">Frekvens<\/td>\n<td data-col-size=\"md\" data-start=\"1771\" data-end=\"1827\">860\u2013960 MHz<\/td>\n<\/tr>\n<tr data-start=\"1828\" data-end=\"1926\">\n<td data-start=\"1828\" data-end=\"1849\" data-col-size=\"sm\">IC-muligheder<\/td>\n<td data-col-size=\"sm\" data-start=\"1849\" data-end=\"1870\">Chips<\/td>\n<td data-col-size=\"md\" data-start=\"1870\" data-end=\"1926\">Impinj Monza R6 \/ R6-P; NXP UCODE 8 \/ UCODE 9<\/td>\n<\/tr>\n<tr data-start=\"1927\" data-end=\"2025\">\n<td data-start=\"1927\" data-end=\"1948\" data-col-size=\"sm\">Pr\u00e6station<\/td>\n<td data-col-size=\"sm\" data-start=\"1948\" data-end=\"1969\">L\u00e6seafstand<\/td>\n<td data-col-size=\"md\" data-start=\"1969\" data-end=\"2025\">1\u201310 m (afh\u00e6nger af l\u00e6ser og antenne)<\/td>\n<\/tr>\n<tr data-start=\"2026\" data-end=\"2124\">\n<td data-start=\"2026\" data-end=\"2047\" data-col-size=\"sm\">Installation<\/td>\n<td data-col-size=\"sm\" data-start=\"2047\" data-end=\"2068\">Fastg\u00f8relsesmetode<\/td>\n<td data-col-size=\"md\" data-start=\"2068\" data-end=\"2124\">Syning eller strygning<\/td>\n<\/tr>\n<tr data-start=\"2125\" data-end=\"2223\">\n<td data-start=\"2125\" data-end=\"2146\" data-col-size=\"sm\">Personalisering<\/td>\n<td data-start=\"2146\" data-end=\"2167\" data-col-size=\"sm\">Udskrivning\/kodning<\/td>\n<td data-col-size=\"md\" data-start=\"2167\" data-end=\"2223\">Udskrivning, seriel\/UID, design, datakodning<\/td>\n<\/tr>\n<tr data-start=\"2224\" data-end=\"2322\">\n<td data-start=\"2224\" data-end=\"2245\" data-col-size=\"sm\">Udholdenhed<\/td>\n<td data-start=\"2245\" data-end=\"2266\" data-col-size=\"sm\">Programmeringscyklusser<\/td>\n<td data-col-size=\"md\" data-start=\"2266\" data-end=\"2322\">100,000<\/td>\n<\/tr>\n<tr data-start=\"2323\" data-end=\"2421\">\n<td data-start=\"2323\" data-end=\"2344\" data-col-size=\"sm\">Data<\/td>\n<td data-col-size=\"sm\" data-start=\"2344\" data-end=\"2365\">Tilbageholdelse<\/td>\n<td data-col-size=\"md\" data-start=\"2365\" data-end=\"2421\">10 \u00e5r<\/td>\n<\/tr>\n<tr data-start=\"2422\" data-end=\"2520\">\n<td data-start=\"2422\" data-end=\"2443\" data-col-size=\"sm\">Pr\u00f8veudtagning<\/td>\n<td data-col-size=\"sm\" data-start=\"2443\" data-end=\"2464\">Tilg\u00e6ngelighed<\/td>\n<td data-col-size=\"md\" data-start=\"2464\" data-end=\"2520\">Gratis pr\u00f8ver tilg\u00e6ngelige<\/td>\n<\/tr>\n<tr data-start=\"2521\" data-end=\"2619\">\n<td data-start=\"2521\" data-end=\"2542\" data-col-size=\"sm\">Brugsscenarier<\/td>\n<td data-col-size=\"sm\" data-start=\"2542\" data-end=\"2563\">Applikationer<\/td>\n<td data-col-size=\"md\" data-start=\"2563\" data-end=\"2619\">Lager, forsyningsk\u00e6de, detailhandel; bekl\u00e6dningsgenstande\/tasker\/sko<\/td>\n<\/tr>\n<\/tbody>\n<\/table>\n<\/div>\n<\/div>","protected":false},"excerpt":{"rendered":"<p>Vaskbare UHF RFID-plejeetiketter i satin\/polyester til bekl\u00e6dningsgenstande \u2013 1-10 m l\u00e6seafstand, ISO 18000-6C EPC Gen2, isyning eller strygning, brugerdefineret trykning og kodning.<\/p>","protected":false},"featured_media":816,"template":"","meta":{"_gspb_post_css":""},"product_brand":[],"product_cat":[22],"product_tag":[],"class_list":{"0":"post-815","1":"product","2":"type-product","3":"status-publish","4":"has-post-thumbnail","6":"product_cat-rfid-wash-care-labels","8":"first","9":"instock","10":"shipping-taxable","11":"purchasable","12":"product-type-simple"},"_links":{"self":[{"href":"https:\/\/www.cxjsmartcard.com\/da\/wp-json\/wp\/v2\/product\/815","targetHints":{"allow":["GET"]}}],"collection":[{"href":"https:\/\/www.cxjsmartcard.com\/da\/wp-json\/wp\/v2\/product"}],"about":[{"href":"https:\/\/www.cxjsmartcard.com\/da\/wp-json\/wp\/v2\/types\/product"}],"wp:featuredmedia":[{"embeddable":true,"href":"https:\/\/www.cxjsmartcard.com\/da\/wp-json\/wp\/v2\/media\/816"}],"wp:attachment":[{"href":"https:\/\/www.cxjsmartcard.com\/da\/wp-json\/wp\/v2\/media?parent=815"}],"wp:term":[{"taxonomy":"product_brand","embeddable":true,"href":"https:\/\/www.cxjsmartcard.com\/da\/wp-json\/wp\/v2\/product_brand?post=815"},{"taxonomy":"product_cat","embeddable":true,"href":"https:\/\/www.cxjsmartcard.com\/da\/wp-json\/wp\/v2\/product_cat?post=815"},{"taxonomy":"product_tag","embeddable":true,"href":"https:\/\/www.cxjsmartcard.com\/da\/wp-json\/wp\/v2\/product_tag?post=815"}],"curies":[{"name":"wp","href":"https:\/\/api.w.org\/{rel}","templated":true}]}}