{"id":811,"date":"2025-11-03T08:01:29","date_gmt":"2025-11-03T08:01:29","guid":{"rendered":"https:\/\/www.cxjsmartcard.com\/?post_type=product&#038;p=811"},"modified":"2025-12-29T01:27:09","modified_gmt":"2025-12-29T01:27:09","slug":"nylon-woven-uhf-rfid-wash-care-label-tags","status":"publish","type":"product","link":"https:\/\/www.cxjsmartcard.com\/da\/nylon-woven-uhf-rfid-wash-care-label-tags\/","title":{"rendered":"Nylonv\u00e6vede UHF RFID-vaskem\u00e6rkeetiketter"},"content":{"rendered":"<p data-start=\"53\" data-end=\"357\">Nylonv\u00e6vede UHF-vaskem\u00e6rker ligner og f\u00f8les som standard tekstilm\u00e6rker, men har indbygget EPC Gen2\/UHF-indl\u00e6g for hurtig sporing af flere tekstiler. De er slidst\u00e6rke, vaskbare og sybare, og de str\u00f8mliner lageropt\u00e6llinger, vasket\u00f8jsindtag og synlighed i forsyningsk\u00e6den.<\/p>\n<p data-start=\"359\" data-end=\"377\"><strong data-start=\"359\" data-end=\"375\">N\u00f8glefunktioner<\/strong><\/p>\n<ul data-start=\"378\" data-end=\"955\">\n<li data-start=\"378\" data-end=\"452\">\n<p data-start=\"380\" data-end=\"452\"><strong data-start=\"380\" data-end=\"400\">UHF-ydeevne:<\/strong> 860\u2013960 MHz; ISO\/IEC 18000-6C (EPC Klasse 1 Gen 2)<\/p>\n<\/li>\n<li data-start=\"453\" data-end=\"516\">\n<p data-start=\"455\" data-end=\"516\"><strong data-start=\"455\" data-end=\"465\">Chips:<\/strong> NXP UCODE 8\/9, Impinj M4QT, MR6-P (kan tilpasses)<\/p>\n<\/li>\n<li data-start=\"517\" data-end=\"603\">\n<p data-start=\"519\" data-end=\"603\"><strong data-start=\"519\" data-end=\"538\">Hukommelsesprofil:<\/strong> EPC 96\u2013128 bit; Bruger 0\u2013512 bit; TID 96 bit; Reserve 64 bit<\/p>\n<\/li>\n<li data-start=\"604\" data-end=\"652\">\n<p data-start=\"606\" data-end=\"652\"><strong data-start=\"606\" data-end=\"621\">L\u00e6seomr\u00e5de:<\/strong> 0\u20138 m (afh\u00e6ngig af tag\/l\u00e6ser)<\/p>\n<\/li>\n<li data-start=\"653\" data-end=\"721\">\n<p data-start=\"655\" data-end=\"721\"><strong data-start=\"655\" data-end=\"672\">Konstruktion:<\/strong> Nylonstof eller PET-overflade; isybare etiketteformater<\/p>\n<\/li>\n<li data-start=\"722\" data-end=\"797\">\n<p data-start=\"724\" data-end=\"797\"><strong data-start=\"724\" data-end=\"738\">Udholdenhed:<\/strong> Kan genskrives op til 100.000 gange; dataopbevaring &gt;50 \u00e5r<\/p>\n<\/li>\n<li data-start=\"798\" data-end=\"864\">\n<p data-start=\"800\" data-end=\"864\"><strong data-start=\"800\" data-end=\"816\">Etiketst\u00f8rrelser:<\/strong> Standard eller specialfremstillet (f.eks. 64\u00d721 mm, 81\u00d730 mm)<\/p>\n<\/li>\n<li data-start=\"865\" data-end=\"955\">\n<p data-start=\"867\" data-end=\"955\"><strong data-start=\"867\" data-end=\"891\">Udskrivning og kodning:<\/strong> Termotransfer, silketryk, andre muligheder med datakodning<\/p>\n<\/li>\n<\/ul>\n<p data-start=\"957\" data-end=\"1084\"><strong data-start=\"957\" data-end=\"973\">Applikationer<\/strong><br data-start=\"973\" data-end=\"976\" \/>Lagerbeholdning af t\u00f8j og fodt\u00f8j \u2022 Sporing af vaskeri og tekstiler \u2022 Kontrol af forsyningsk\u00e6de og distribution af bekl\u00e6dningsgenstande.<\/p>\n<p data-start=\"1086\" data-end=\"1224\"><strong data-start=\"1086\" data-end=\"1111\">Tilpasningsmuligheder<\/strong><br data-start=\"1111\" data-end=\"1114\" \/>Chiptype, etiketdimensioner, overflademateriale (nylon\/PET), illustrationer (logo\/tekst\/serienummer\/QR) og fuld datakodning.<\/p>\n<h2 data-start=\"1226\" data-end=\"1251\">Tabel (Specifikationer)<\/h2>\n<div class=\"_tableContainer_1rjym_1\">\n<div class=\"group _tableWrapper_1rjym_13 flex w-fit flex-col-reverse\" tabindex=\"-1\">\n<table class=\"w-fit min-w-(--thread-content-width)\" data-start=\"1253\" data-end=\"3546\">\n<thead data-start=\"1253\" data-end=\"1381\">\n<tr data-start=\"1253\" data-end=\"1381\">\n<th data-start=\"1253\" data-end=\"1275\" data-col-size=\"sm\">Kategori<\/th>\n<th data-start=\"1275\" data-end=\"1298\" data-col-size=\"sm\">Parameter<\/th>\n<th data-start=\"1298\" data-end=\"1381\" data-col-size=\"md\">V\u00e6rdi<\/th>\n<\/tr>\n<\/thead>\n<tbody data-start=\"1510\" data-end=\"3546\">\n<tr data-start=\"1510\" data-end=\"1636\">\n<td data-start=\"1510\" data-end=\"1531\" data-col-size=\"sm\">Produkt<\/td>\n<td data-start=\"1531\" data-end=\"1554\" data-col-size=\"sm\">Navn<\/td>\n<td data-col-size=\"md\" data-start=\"1554\" data-end=\"1636\">UHF RFID vaskemiddelm\u00e6rke<\/td>\n<\/tr>\n<tr data-start=\"1637\" data-end=\"1763\">\n<td data-start=\"1637\" data-end=\"1658\" data-col-size=\"sm\">RF<\/td>\n<td data-start=\"1658\" data-end=\"1681\" data-col-size=\"sm\">Frekvens<\/td>\n<td data-col-size=\"md\" data-start=\"1681\" data-end=\"1763\">860\u2013960 MHz<\/td>\n<\/tr>\n<tr data-start=\"1764\" data-end=\"1890\">\n<td data-start=\"1764\" data-end=\"1785\" data-col-size=\"sm\"><\/td>\n<td data-col-size=\"sm\" data-start=\"1785\" data-end=\"1808\">Protokol<\/td>\n<td data-col-size=\"md\" data-start=\"1808\" data-end=\"1890\">ISO\/IEC 18000-6C, EPC Klasse 1 Gen 2<\/td>\n<\/tr>\n<tr data-start=\"1891\" data-end=\"2017\">\n<td data-start=\"1891\" data-end=\"1912\" data-col-size=\"sm\">IC-muligheder<\/td>\n<td data-col-size=\"sm\" data-start=\"1912\" data-end=\"1935\">Chips<\/td>\n<td data-col-size=\"md\" data-start=\"1935\" data-end=\"2017\">NXP UCODE 8 \/ UCODE 9; Impinj M4QT; MR6-P<\/td>\n<\/tr>\n<tr data-start=\"2018\" data-end=\"2144\">\n<td data-start=\"2018\" data-end=\"2039\" data-col-size=\"sm\">Hukommelse<\/td>\n<td data-col-size=\"sm\" data-start=\"2039\" data-end=\"2062\">EPC \/ Bruger \/ TID<\/td>\n<td data-col-size=\"md\" data-start=\"2062\" data-end=\"2144\">96\u2013128 bit \/ 0\u2013512 bit \/ 96 bit<\/td>\n<\/tr>\n<tr data-start=\"2145\" data-end=\"2272\">\n<td data-start=\"2145\" data-end=\"2166\" data-col-size=\"sm\"><\/td>\n<td data-col-size=\"sm\" data-start=\"2166\" data-end=\"2189\">Reservere<\/td>\n<td data-col-size=\"md\" data-start=\"2189\" data-end=\"2272\">64 bit<\/td>\n<\/tr>\n<tr data-start=\"2273\" data-end=\"2399\">\n<td data-start=\"2273\" data-end=\"2294\" data-col-size=\"sm\">Mekanik<\/td>\n<td data-col-size=\"sm\" data-start=\"2294\" data-end=\"2317\">Ansigtsmateriale<\/td>\n<td data-col-size=\"md\" data-start=\"2317\" data-end=\"2399\">Nylonstof, PET eller tilpasset<\/td>\n<\/tr>\n<tr data-start=\"2400\" data-end=\"2526\">\n<td data-start=\"2400\" data-end=\"2421\" data-col-size=\"sm\">Dimensioner<\/td>\n<td data-col-size=\"sm\" data-start=\"2421\" data-end=\"2444\">Etiketst\u00f8rrelse<\/td>\n<td data-col-size=\"md\" data-start=\"2444\" data-end=\"2526\">Standard eller specialfremstillet (f.eks. 64\u00d721 mm, 81\u00d730 mm)<\/td>\n<\/tr>\n<tr data-start=\"2527\" data-end=\"2653\">\n<td data-start=\"2527\" data-end=\"2548\" data-col-size=\"sm\">Pr\u00e6station<\/td>\n<td data-col-size=\"sm\" data-start=\"2548\" data-end=\"2571\">L\u00e6seafstand<\/td>\n<td data-col-size=\"md\" data-start=\"2571\" data-end=\"2653\">0\u20138 m (afh\u00e6ngig af l\u00e6ser, milj\u00f8 og bekl\u00e6dningsgenstand)<\/td>\n<\/tr>\n<tr data-start=\"2654\" data-end=\"2780\">\n<td data-start=\"2654\" data-end=\"2675\" data-col-size=\"sm\">Livscyklus<\/td>\n<td data-col-size=\"sm\" data-start=\"2675\" data-end=\"2698\">Genskrivbar\/Opbevaring<\/td>\n<td data-col-size=\"md\" data-start=\"2698\" data-end=\"2780\">Op til 100.000 skrivninger; &gt;50 \u00e5rs dataopbevaring<\/td>\n<\/tr>\n<tr data-start=\"2781\" data-end=\"2908\">\n<td data-start=\"2781\" data-end=\"2802\" data-col-size=\"sm\">Milj\u00f8<\/td>\n<td data-col-size=\"sm\" data-start=\"2802\" data-end=\"2825\">Driftstemperatur\/RF<\/td>\n<td data-col-size=\"md\" data-start=\"2825\" data-end=\"2908\">0\u201360 \u2103 \/ 20\u201380% RF<\/td>\n<\/tr>\n<tr data-start=\"2909\" data-end=\"3036\">\n<td data-start=\"2909\" data-end=\"2930\" data-col-size=\"sm\"><\/td>\n<td data-col-size=\"sm\" data-start=\"2930\" data-end=\"2953\">Opbevaringstemperatur\/RF<\/td>\n<td data-col-size=\"md\" data-start=\"2953\" data-end=\"3036\">20\u201330 \u2103 \/ 20\u201360% RF<\/td>\n<\/tr>\n<tr data-start=\"3037\" data-end=\"3163\">\n<td data-start=\"3037\" data-end=\"3058\" data-col-size=\"sm\">Produktion<\/td>\n<td data-start=\"3058\" data-end=\"3081\" data-col-size=\"sm\">Udskrivningsmetoder<\/td>\n<td data-col-size=\"md\" data-start=\"3081\" data-end=\"3163\">Termotransfer, silketryk, andet<\/td>\n<\/tr>\n<tr data-start=\"3164\" data-end=\"3291\">\n<td data-start=\"3164\" data-end=\"3185\" data-col-size=\"sm\">Integration<\/td>\n<td data-col-size=\"sm\" data-start=\"3185\" data-end=\"3208\">Vedh\u00e6ftet fil<\/td>\n<td data-col-size=\"md\" data-start=\"3208\" data-end=\"3291\">Kan sys i bekl\u00e6dningsgenstande<\/td>\n<\/tr>\n<tr data-start=\"3292\" data-end=\"3418\">\n<td data-start=\"3292\" data-end=\"3313\" data-col-size=\"sm\">Fordele<\/td>\n<td data-col-size=\"sm\" data-start=\"3313\" data-end=\"3336\">H\u00f8jdepunkter<\/td>\n<td data-col-size=\"md\" data-start=\"3336\" data-end=\"3418\">Hurtig multil\u00e6sning, vaskbar og holdbar, sporbarhed og lagerstyring<\/td>\n<\/tr>\n<tr data-start=\"3419\" data-end=\"3546\">\n<td data-start=\"3419\" data-end=\"3440\" data-col-size=\"sm\">Brugsscenarier<\/td>\n<td data-col-size=\"sm\" data-start=\"3440\" data-end=\"3463\">Applikationer<\/td>\n<td data-col-size=\"md\" data-start=\"3463\" data-end=\"3546\">H\u00e5ndtering af t\u00f8j og fodt\u00f8j; sporing af vaskeri og tekstiler; kontrol af forsyningsk\u00e6den<\/td>\n<\/tr>\n<\/tbody>\n<\/table>\n<\/div>\n<\/div>","protected":false},"excerpt":{"rendered":"<p>Holdbare, sybare UHF RFID-vaskem\u00e6rker i nylon eller PET\u2014EPC Gen2, 0-8 m afl\u00e6sninger, op til 100.000 omskrivninger og &gt;50 \u00e5rs opbevaringstid til sporing af bekl\u00e6dning, vaskeri og forsyningsk\u00e6der.<\/p>","protected":false},"featured_media":812,"template":"","meta":{"_gspb_post_css":""},"product_brand":[],"product_cat":[22],"product_tag":[],"class_list":{"0":"post-811","1":"product","2":"type-product","3":"status-publish","4":"has-post-thumbnail","6":"product_cat-rfid-wash-care-labels","8":"first","9":"instock","10":"shipping-taxable","11":"purchasable","12":"product-type-simple"},"_links":{"self":[{"href":"https:\/\/www.cxjsmartcard.com\/da\/wp-json\/wp\/v2\/product\/811","targetHints":{"allow":["GET"]}}],"collection":[{"href":"https:\/\/www.cxjsmartcard.com\/da\/wp-json\/wp\/v2\/product"}],"about":[{"href":"https:\/\/www.cxjsmartcard.com\/da\/wp-json\/wp\/v2\/types\/product"}],"wp:featuredmedia":[{"embeddable":true,"href":"https:\/\/www.cxjsmartcard.com\/da\/wp-json\/wp\/v2\/media\/812"}],"wp:attachment":[{"href":"https:\/\/www.cxjsmartcard.com\/da\/wp-json\/wp\/v2\/media?parent=811"}],"wp:term":[{"taxonomy":"product_brand","embeddable":true,"href":"https:\/\/www.cxjsmartcard.com\/da\/wp-json\/wp\/v2\/product_brand?post=811"},{"taxonomy":"product_cat","embeddable":true,"href":"https:\/\/www.cxjsmartcard.com\/da\/wp-json\/wp\/v2\/product_cat?post=811"},{"taxonomy":"product_tag","embeddable":true,"href":"https:\/\/www.cxjsmartcard.com\/da\/wp-json\/wp\/v2\/product_tag?post=811"}],"curies":[{"name":"wp","href":"https:\/\/api.w.org\/{rel}","templated":true}]}}