{"id":806,"date":"2025-11-03T07:59:45","date_gmt":"2025-11-03T07:59:45","guid":{"rendered":"https:\/\/www.cxjsmartcard.com\/?post_type=product&#038;p=806"},"modified":"2025-12-29T01:27:09","modified_gmt":"2025-12-29T01:27:09","slug":"custom-clothing-uhf-wash-care-labels-for-retail-apparel","status":"publish","type":"product","link":"https:\/\/www.cxjsmartcard.com\/da\/custom-clothing-uhf-wash-care-labels-for-retail-apparel\/","title":{"rendered":"Brugerdefinerede UHF-vaskem\u00e6rker til detailbekl\u00e6dning"},"content":{"rendered":"<p data-start=\"67\" data-end=\"422\">UHF-vaskem\u00e6rker ligner og f\u00f8les som standard tekstilplejem\u00e6rker, men har en indlejret RFID-chip til hurtig og pr\u00e6cis sporing af t\u00f8jet. De er bl\u00f8de og fleksible, behagelige at have p\u00e5 og muligg\u00f8r hurtig scanning af batcher under lagerkontrol, vasket\u00f8jsindtag og distribution \u2013 hvilket sparer tid og reducerer spild.<\/p>\n<p data-start=\"424\" data-end=\"442\"><strong data-start=\"424\" data-end=\"440\">Hvorfor det virker<\/strong><\/p>\n<ul data-start=\"443\" data-end=\"811\">\n<li data-start=\"443\" data-end=\"525\">\n<p data-start=\"445\" data-end=\"525\"><strong data-start=\"445\" data-end=\"465\">Lang l\u00e6seafstand:<\/strong> Op til ~6 m p\u00e5 standard UHF-systemer til hurtige batchscanninger.<\/p>\n<\/li>\n<li data-start=\"526\" data-end=\"609\">\n<p data-start=\"528\" data-end=\"609\"><strong data-start=\"528\" data-end=\"557\">Lille, bl\u00f8d og holdbar:<\/strong> T\u00e5ler industrivask og h\u00f8je temperaturer.<\/p>\n<\/li>\n<li data-start=\"610\" data-end=\"710\">\n<p data-start=\"612\" data-end=\"710\"><strong data-start=\"612\" data-end=\"635\">Standardvenlig:<\/strong> Fungerer med almindelige UHF-l\u00e6sere og middleware, der anvendes i detailhandel og vaskerier.<\/p>\n<\/li>\n<li data-start=\"711\" data-end=\"811\">\n<p data-start=\"713\" data-end=\"811\"><strong data-start=\"713\" data-end=\"736\">Smartere drift:<\/strong> Forbedrer lageroverblikket, reducerer svind og fremskynder cyklusopt\u00e6llinger.<\/p>\n<\/li>\n<\/ul>\n<p data-start=\"813\" data-end=\"936\"><strong data-start=\"813\" data-end=\"826\">Brugsscenarier<\/strong><br data-start=\"826\" data-end=\"829\" \/>Lagerrevisioner i detailhandlen \u2022 Opf\u00f8lgning p\u00e5 uniformer og linned \u2022 Vaskeri af hoteller og hospitaler \u2022 Udlejning af t\u00f8j og arbejdst\u00f8j.<\/p>\n<p data-start=\"938\" data-end=\"1113\"><strong data-start=\"938\" data-end=\"961\">Valgmuligheder og efterbehandling<\/strong><br data-start=\"961\" data-end=\"964\" \/>Centerfold- eller endfold-konstruktioner; kantsk\u00e6ring med varme, laser eller ultralyd. Brugerdefineret logo, st\u00f8rrelse, farve og basismateriale, der matcher brandstandarder.<\/p>\n<p data-start=\"1115\" data-end=\"1453\"><strong data-start=\"1115\" data-end=\"1123\">Ofte stillede sp\u00f8rgsm\u00e5l<\/strong><br data-start=\"1123\" data-end=\"1126\" \/><strong data-start=\"1126\" data-end=\"1161\">Q1: Kan disse maskinvaskes?<\/strong> Ja \u2013 konstrueret til over 200 vaske\/t\u00f8rrecyklusser.<br data-start=\"1202\" data-end=\"1205\" \/><strong data-start=\"1205\" data-end=\"1246\">Q2: Vil de fungere i mit RFID-system?<\/strong> Ja \u2013 kompatibel med almindelige UHF-platforme.<br data-start=\"1291\" data-end=\"1294\" \/><strong data-start=\"1294\" data-end=\"1323\">Q3: Tilbyder I pr\u00f8ver?<\/strong> Ja - gratis pr\u00f8ver, typisk 7 dages leveringstid.<br data-start=\"1366\" data-end=\"1369\" \/><strong data-start=\"1369\" data-end=\"1399\">Q4: Hvordan er de fastgjort?<\/strong> Sy i som en normal plejeetiket (midter- eller endefold).<\/p>\n<h2 data-start=\"1455\" data-end=\"1480\">Tabel (Specifikationer)<\/h2>\n<div class=\"_tableContainer_1rjym_1\">\n<div class=\"group _tableWrapper_1rjym_13 flex w-fit flex-col-reverse\" tabindex=\"-1\">\n<table class=\"w-fit min-w-(--thread-content-width)\" data-start=\"1482\" data-end=\"2735\">\n<thead data-start=\"1482\" data-end=\"1564\">\n<tr data-start=\"1482\" data-end=\"1564\">\n<th data-start=\"1482\" data-end=\"1501\" data-col-size=\"sm\">Kategori<\/th>\n<th data-start=\"1501\" data-end=\"1524\" data-col-size=\"sm\">Parameter<\/th>\n<th data-start=\"1524\" data-end=\"1564\" data-col-size=\"md\">V\u00e6rdi<\/th>\n<\/tr>\n<\/thead>\n<tbody data-start=\"1648\" data-end=\"2735\">\n<tr data-start=\"1648\" data-end=\"1730\">\n<td data-start=\"1648\" data-end=\"1667\" data-col-size=\"sm\">Produkt<\/td>\n<td data-col-size=\"sm\" data-start=\"1667\" data-end=\"1690\">Type<\/td>\n<td data-col-size=\"md\" data-start=\"1690\" data-end=\"1730\">Vaskpleje UHF RFID-etiket<\/td>\n<\/tr>\n<tr data-start=\"1731\" data-end=\"1813\">\n<td data-start=\"1731\" data-end=\"1750\" data-col-size=\"sm\">RF<\/td>\n<td data-col-size=\"sm\" data-start=\"1750\" data-end=\"1773\">Frekvens<\/td>\n<td data-col-size=\"md\" data-start=\"1773\" data-end=\"1813\">860\u2013960 MHz<\/td>\n<\/tr>\n<tr data-start=\"1814\" data-end=\"1896\">\n<td data-start=\"1814\" data-end=\"1833\" data-col-size=\"sm\">Chip<\/td>\n<td data-col-size=\"sm\" data-start=\"1833\" data-end=\"1856\">Valgmuligheder<\/td>\n<td data-col-size=\"md\" data-start=\"1856\" data-end=\"1896\">U8 \/ U9 \/ Tilpasset<\/td>\n<\/tr>\n<tr data-start=\"1897\" data-end=\"1979\">\n<td data-start=\"1897\" data-end=\"1916\" data-col-size=\"sm\">Pr\u00e6station<\/td>\n<td data-start=\"1916\" data-end=\"1939\" data-col-size=\"sm\">L\u00e6seomr\u00e5de<\/td>\n<td data-col-size=\"md\" data-start=\"1939\" data-end=\"1979\">Op til 6 meter<\/td>\n<\/tr>\n<tr data-start=\"1980\" data-end=\"2062\">\n<td data-start=\"1980\" data-end=\"1999\" data-col-size=\"sm\">S\u00e6rlige funktioner<\/td>\n<td data-col-size=\"sm\" data-start=\"1999\" data-end=\"2022\">Holdbarhed<\/td>\n<td data-col-size=\"md\" data-start=\"2022\" data-end=\"2062\">Vaskbar; modstandsdygtig over for h\u00f8je temperaturer<\/td>\n<\/tr>\n<tr data-start=\"2063\" data-end=\"2153\">\n<td data-start=\"2063\" data-end=\"2082\" data-col-size=\"sm\">Applikationer<\/td>\n<td data-col-size=\"sm\" data-start=\"2082\" data-end=\"2105\">Omr\u00e5der<\/td>\n<td data-col-size=\"md\" data-start=\"2105\" data-end=\"2153\">T\u00f8j, uniformer, linned; detailhandel og vaskeri<\/td>\n<\/tr>\n<tr data-start=\"2154\" data-end=\"2236\">\n<td data-start=\"2154\" data-end=\"2173\" data-col-size=\"sm\">Funktioner<\/td>\n<td data-col-size=\"sm\" data-start=\"2173\" data-end=\"2196\">Form\u00e5l<\/td>\n<td data-col-size=\"md\" data-start=\"2196\" data-end=\"2236\">Styring af aktiver og lagerbeholdning<\/td>\n<\/tr>\n<tr data-start=\"2237\" data-end=\"2319\">\n<td data-start=\"2237\" data-end=\"2256\" data-col-size=\"sm\">Konstruktion<\/td>\n<td data-col-size=\"sm\" data-start=\"2256\" data-end=\"2279\">Foldetype<\/td>\n<td data-col-size=\"md\" data-start=\"2279\" data-end=\"2319\">Midterfold \/ Endefold<\/td>\n<\/tr>\n<tr data-start=\"2320\" data-end=\"2403\">\n<td data-start=\"2320\" data-end=\"2339\" data-col-size=\"sm\">Efterbehandling<\/td>\n<td data-col-size=\"sm\" data-start=\"2339\" data-end=\"2362\">Kantfinish<\/td>\n<td data-col-size=\"md\" data-start=\"2362\" data-end=\"2403\">Varmesk\u00e6ring \/ Lasersk\u00e6ring \/ Ultralydssk\u00e6ring<\/td>\n<\/tr>\n<tr data-start=\"2404\" data-end=\"2486\">\n<td data-start=\"2404\" data-end=\"2423\" data-col-size=\"sm\">Branding<\/td>\n<td data-col-size=\"sm\" data-start=\"2423\" data-end=\"2446\">Tilpasning<\/td>\n<td data-col-size=\"md\" data-start=\"2446\" data-end=\"2486\">Logo, st\u00f8rrelse, farve, materiale<\/td>\n<\/tr>\n<tr data-start=\"2487\" data-end=\"2569\">\n<td data-start=\"2487\" data-end=\"2506\" data-col-size=\"sm\">Oprindelse<\/td>\n<td data-col-size=\"sm\" data-start=\"2506\" data-end=\"2529\">Beliggenhed<\/td>\n<td data-col-size=\"md\" data-start=\"2529\" data-end=\"2569\">Guangdong, Kina<\/td>\n<\/tr>\n<tr data-start=\"2570\" data-end=\"2652\">\n<td data-start=\"2570\" data-end=\"2589\" data-col-size=\"sm\">Leveringstider<\/td>\n<td data-start=\"2589\" data-end=\"2612\" data-col-size=\"sm\">Leveringstid<\/td>\n<td data-col-size=\"md\" data-start=\"2612\" data-end=\"2652\">5\u20138 dage<\/td>\n<\/tr>\n<tr data-start=\"2653\" data-end=\"2735\">\n<td data-start=\"2653\" data-end=\"2672\" data-col-size=\"sm\">Pr\u00f8veudtagning<\/td>\n<td data-col-size=\"sm\" data-start=\"2672\" data-end=\"2695\">Pr\u00f8veleveringstid<\/td>\n<td data-col-size=\"md\" data-start=\"2695\" data-end=\"2735\">7 dage; gratis pr\u00f8ver tilg\u00e6ngelige<\/td>\n<\/tr>\n<\/tbody>\n<\/table>\n<\/div>\n<\/div>","protected":false},"excerpt":{"rendered":"<p>Bl\u00f8de UHF-vaskem\u00e6rker med indlejret RFID til hurtig scanning af batcher \u2013 vaskbare, varmebestandige og klar til brug i t\u00f8j, uniformer og linned.<\/p>","protected":false},"featured_media":810,"template":"","meta":{"_gspb_post_css":""},"product_brand":[],"product_cat":[22],"product_tag":[],"class_list":{"0":"post-806","1":"product","2":"type-product","3":"status-publish","4":"has-post-thumbnail","6":"product_cat-rfid-wash-care-labels","8":"first","9":"instock","10":"shipping-taxable","11":"purchasable","12":"product-type-simple"},"_links":{"self":[{"href":"https:\/\/www.cxjsmartcard.com\/da\/wp-json\/wp\/v2\/product\/806","targetHints":{"allow":["GET"]}}],"collection":[{"href":"https:\/\/www.cxjsmartcard.com\/da\/wp-json\/wp\/v2\/product"}],"about":[{"href":"https:\/\/www.cxjsmartcard.com\/da\/wp-json\/wp\/v2\/types\/product"}],"wp:featuredmedia":[{"embeddable":true,"href":"https:\/\/www.cxjsmartcard.com\/da\/wp-json\/wp\/v2\/media\/810"}],"wp:attachment":[{"href":"https:\/\/www.cxjsmartcard.com\/da\/wp-json\/wp\/v2\/media?parent=806"}],"wp:term":[{"taxonomy":"product_brand","embeddable":true,"href":"https:\/\/www.cxjsmartcard.com\/da\/wp-json\/wp\/v2\/product_brand?post=806"},{"taxonomy":"product_cat","embeddable":true,"href":"https:\/\/www.cxjsmartcard.com\/da\/wp-json\/wp\/v2\/product_cat?post=806"},{"taxonomy":"product_tag","embeddable":true,"href":"https:\/\/www.cxjsmartcard.com\/da\/wp-json\/wp\/v2\/product_tag?post=806"}],"curies":[{"name":"wp","href":"https:\/\/api.w.org\/{rel}","templated":true}]}}