{"id":801,"date":"2025-11-03T07:55:36","date_gmt":"2025-11-03T07:55:36","guid":{"rendered":"https:\/\/www.cxjsmartcard.com\/?post_type=product&#038;p=801"},"modified":"2025-12-29T01:27:09","modified_gmt":"2025-12-29T01:27:09","slug":"printable-fabric-ntag213-nfc-elastic-rfid-bracelet","status":"publish","type":"product","link":"https:\/\/www.cxjsmartcard.com\/da\/printable-fabric-ntag213-nfc-elastic-rfid-bracelet\/","title":{"rendered":"Printbart stof NTAG213 NFC elastisk RFID armb\u00e5nd"},"content":{"rendered":"<p data-start=\"63\" data-end=\"246\">Elastisk stofarmb\u00e5nd med NTAG213 (HF 13,56 MHz) til adgangskontrol og kontantl\u00f8s brug ved arrangementer. Remmen er vandt\u00e6t, genanvendelig og behagelig til l\u00e6ngere tids brug.<\/p>\n<p data-start=\"248\" data-end=\"262\"><strong data-start=\"248\" data-end=\"260\">Funktioner<\/strong><\/p>\n<ul data-start=\"263\" data-end=\"444\">\n<li data-start=\"263\" data-end=\"289\">\n<p data-start=\"265\" data-end=\"289\">Holdbar og vandt\u00e6t<\/p>\n<\/li>\n<li data-start=\"290\" data-end=\"343\">\n<p data-start=\"292\" data-end=\"343\">Elastisk pasform; justerbar til forskellige h\u00e5ndledsst\u00f8rrelser<\/p>\n<\/li>\n<li data-start=\"344\" data-end=\"396\">\n<p data-start=\"346\" data-end=\"396\">Genanvendelig; bl\u00f8d og behagelig til lange sessioner<\/p>\n<\/li>\n<li data-start=\"397\" data-end=\"444\">\n<p data-start=\"399\" data-end=\"444\">Printbart kort\/m\u00e6rkeomr\u00e5de til ID&#039;er eller branding<\/p>\n<\/li>\n<\/ul>\n<p data-start=\"446\" data-end=\"627\"><strong data-start=\"446\" data-end=\"463\">Tilpasning<\/strong><br data-start=\"463\" data-end=\"466\" \/>Farver, logoer, serienumre, QR-koder og begivenhedsdetaljer. Underst\u00f8ttede metoder: v\u00e6vning, termotransfertryk, silketryk; valgfri lasergravering eller UV-tryk.<\/p>\n<p data-start=\"629\" data-end=\"755\"><strong data-start=\"629\" data-end=\"645\">Applikationer<\/strong><br data-start=\"645\" data-end=\"648\" \/>Resorts, barer, fester, udstillinger, konferencer, sportsbegivenheder, koncerter, sociale m\u00f8desteder og natklubber.<\/p>\n<h2 data-start=\"757\" data-end=\"782\">Tabel (Specifikationer)<\/h2>\n<div class=\"_tableContainer_1rjym_1\">\n<div class=\"group _tableWrapper_1rjym_13 flex w-fit flex-col-reverse\" tabindex=\"-1\">\n<table class=\"w-fit min-w-(--thread-content-width)\" data-start=\"784\" data-end=\"2223\">\n<thead data-start=\"784\" data-end=\"903\">\n<tr data-start=\"784\" data-end=\"903\">\n<th data-start=\"784\" data-end=\"802\" data-col-size=\"sm\">Kategori<\/th>\n<th data-start=\"802\" data-end=\"830\" data-col-size=\"sm\">Parameter<\/th>\n<th data-start=\"830\" data-end=\"903\" data-col-size=\"md\">V\u00e6rdi<\/th>\n<\/tr>\n<\/thead>\n<tbody data-start=\"1024\" data-end=\"2223\">\n<tr data-start=\"1024\" data-end=\"1143\">\n<td data-start=\"1024\" data-end=\"1042\" data-col-size=\"sm\">Produkt<\/td>\n<td data-start=\"1042\" data-end=\"1070\" data-col-size=\"sm\">Navn<\/td>\n<td data-col-size=\"md\" data-start=\"1070\" data-end=\"1143\">Printbart stof NTAG 213 NFC elastisk RFID armb\u00e5nd<\/td>\n<\/tr>\n<tr data-start=\"1144\" data-end=\"1263\">\n<td data-start=\"1144\" data-end=\"1162\" data-col-size=\"sm\">Funktioner<\/td>\n<td data-start=\"1162\" data-end=\"1190\" data-col-size=\"sm\">Attributter<\/td>\n<td data-col-size=\"md\" data-start=\"1190\" data-end=\"1263\">Vandt\u00e6t, genanvendelig, bl\u00f8d, behagelig<\/td>\n<\/tr>\n<tr data-start=\"1264\" data-end=\"1383\">\n<td data-start=\"1264\" data-end=\"1282\" data-col-size=\"sm\">Dimensioner<\/td>\n<td data-col-size=\"sm\" data-start=\"1282\" data-end=\"1310\">Breddeindstillinger<\/td>\n<td data-col-size=\"md\" data-start=\"1310\" data-end=\"1383\">15 mm \/ 20 mm \/ 25 mm<\/td>\n<\/tr>\n<tr data-start=\"1384\" data-end=\"1503\">\n<td data-start=\"1384\" data-end=\"1402\" data-col-size=\"sm\"><\/td>\n<td data-col-size=\"sm\" data-start=\"1402\" data-end=\"1430\">L\u00e6ngdeomr\u00e5de<\/td>\n<td data-col-size=\"md\" data-start=\"1430\" data-end=\"1503\">145\u2013210 mm (kan tilpasses)<\/td>\n<\/tr>\n<tr data-start=\"1504\" data-end=\"1623\">\n<td data-start=\"1504\" data-end=\"1522\" data-col-size=\"sm\"><\/td>\n<td data-col-size=\"sm\" data-start=\"1522\" data-end=\"1550\">Anbefalede st\u00f8rrelser<\/td>\n<td data-col-size=\"md\" data-start=\"1550\" data-end=\"1623\">25\u00d7145 mm (b\u00f8rn) \u2022 25\u00d7160 mm (ungdom) \u2022 25\u00d7180 mm (voksne)<\/td>\n<\/tr>\n<tr data-start=\"1624\" data-end=\"1743\">\n<td data-start=\"1624\" data-end=\"1642\" data-col-size=\"sm\">Personalisering<\/td>\n<td data-col-size=\"sm\" data-start=\"1642\" data-end=\"1670\">Brugerdefinerede indstillinger<\/td>\n<td data-col-size=\"md\" data-start=\"1670\" data-end=\"1743\">Logo, tryk, st\u00f8rrelse<\/td>\n<\/tr>\n<tr data-start=\"1744\" data-end=\"1863\">\n<td data-start=\"1744\" data-end=\"1762\" data-col-size=\"sm\">H\u00e5ndv\u00e6rk<\/td>\n<td data-col-size=\"sm\" data-start=\"1762\" data-end=\"1790\">Metoder<\/td>\n<td data-col-size=\"md\" data-start=\"1790\" data-end=\"1863\">V\u00e6vning, termotransfertryk, silketryk<\/td>\n<\/tr>\n<tr data-start=\"1864\" data-end=\"1983\">\n<td data-start=\"1864\" data-end=\"1882\" data-col-size=\"sm\">RFID<\/td>\n<td data-col-size=\"sm\" data-start=\"1882\" data-end=\"1910\">HF-chip<\/td>\n<td data-col-size=\"md\" data-start=\"1910\" data-end=\"1983\">NTAG213 (13,56 MHz NFC)<\/td>\n<\/tr>\n<tr data-start=\"1984\" data-end=\"2103\">\n<td data-start=\"1984\" data-end=\"2002\" data-col-size=\"sm\"><\/td>\n<td data-col-size=\"sm\" data-start=\"2002\" data-end=\"2030\">Andre chipmuligheder<\/td>\n<td data-col-size=\"md\" data-start=\"2030\" data-end=\"2103\">LF 125 kHz og yderligere HF-muligheder p\u00e5 foresp\u00f8rgsel<\/td>\n<\/tr>\n<tr data-start=\"2104\" data-end=\"2223\">\n<td data-start=\"2104\" data-end=\"2122\" data-col-size=\"sm\">Brugsscenarier<\/td>\n<td data-col-size=\"sm\" data-start=\"2122\" data-end=\"2150\">Typiske anvendelser<\/td>\n<td data-col-size=\"md\" data-start=\"2150\" data-end=\"2223\">Adgangskontrol, kontantl\u00f8s betaling, deltager-ID ved arrangementer og spillesteder<\/td>\n<\/tr>\n<\/tbody>\n<\/table>\n<\/div>\n<\/div>","protected":false},"excerpt":{"rendered":"<p>Elastisk, printbart NFC-armb\u00e5nd med NTAG213 \u2013 vandt\u00e6t, genanvendeligt og komfortabelt. Bredder 15\/20\/25 mm, l\u00e6ngde 145-210 mm, med brugerdefinerede farver, logoer og QR\/serienumre.<\/p>","protected":false},"featured_media":802,"template":"","meta":{"_gspb_post_css":""},"product_brand":[],"product_cat":[21],"product_tag":[],"class_list":{"0":"post-801","1":"product","2":"type-product","3":"status-publish","4":"has-post-thumbnail","6":"product_cat-rfid-nfc-bracelets","8":"first","9":"instock","10":"shipping-taxable","11":"purchasable","12":"product-type-simple"},"_links":{"self":[{"href":"https:\/\/www.cxjsmartcard.com\/da\/wp-json\/wp\/v2\/product\/801","targetHints":{"allow":["GET"]}}],"collection":[{"href":"https:\/\/www.cxjsmartcard.com\/da\/wp-json\/wp\/v2\/product"}],"about":[{"href":"https:\/\/www.cxjsmartcard.com\/da\/wp-json\/wp\/v2\/types\/product"}],"wp:featuredmedia":[{"embeddable":true,"href":"https:\/\/www.cxjsmartcard.com\/da\/wp-json\/wp\/v2\/media\/802"}],"wp:attachment":[{"href":"https:\/\/www.cxjsmartcard.com\/da\/wp-json\/wp\/v2\/media?parent=801"}],"wp:term":[{"taxonomy":"product_brand","embeddable":true,"href":"https:\/\/www.cxjsmartcard.com\/da\/wp-json\/wp\/v2\/product_brand?post=801"},{"taxonomy":"product_cat","embeddable":true,"href":"https:\/\/www.cxjsmartcard.com\/da\/wp-json\/wp\/v2\/product_cat?post=801"},{"taxonomy":"product_tag","embeddable":true,"href":"https:\/\/www.cxjsmartcard.com\/da\/wp-json\/wp\/v2\/product_tag?post=801"}],"curies":[{"name":"wp","href":"https:\/\/api.w.org\/{rel}","templated":true}]}}