{"id":796,"date":"2025-11-03T07:51:07","date_gmt":"2025-11-03T07:51:07","guid":{"rendered":"https:\/\/www.cxjsmartcard.com\/?post_type=product&#038;p=796"},"modified":"2025-12-29T01:27:09","modified_gmt":"2025-12-29T01:27:09","slug":"paper-tyvek-rfid-bracelets-nfc-wristband-for-concert-festival","status":"publish","type":"product","link":"https:\/\/www.cxjsmartcard.com\/da\/paper-tyvek-rfid-bracelets-nfc-wristband-for-concert-festival\/","title":{"rendered":"Papir Tyvek RFID-armb\u00e5nd NFC-armb\u00e5nd til koncertfestival"},"content":{"rendered":"<p data-start=\"73\" data-end=\"388\">Papir Tyvek RFID NFC-armb\u00e5nd kombinerer milj\u00f8venligt Tyvek\u00ae-materiale med indlejrede RFID\/NFC-chips for at str\u00f8mline adgang, adgangskontrol og kontantl\u00f8se betalinger ved koncerter, festivaler og store spillesteder. De er lette, holdbare og meget brugerdefinerbare, og de giver hurtig check-in og sikker identifikation.<\/p>\n<p data-start=\"390\" data-end=\"459\"><strong data-start=\"390\" data-end=\"402\">Materiale<\/strong><br data-start=\"402\" data-end=\"405\" \/>Tyvek\u00ae-papir (letv\u00e6gts, holdbart og milj\u00f8venligt).<\/p>\n<p data-start=\"461\" data-end=\"479\"><strong data-start=\"461\" data-end=\"477\">N\u00f8glefunktioner<\/strong><\/p>\n<ul data-start=\"480\" data-end=\"953\">\n<li data-start=\"480\" data-end=\"544\">\n<p data-start=\"482\" data-end=\"544\"><strong data-start=\"482\" data-end=\"492\">St\u00f8rrelser:<\/strong> 250 \u00d7 25 mm; 250 \u00d7 20 mm (specialfremstillede st\u00f8rrelser er tilg\u00e6ngelige)<\/p>\n<\/li>\n<li data-start=\"545\" data-end=\"588\">\n<p data-start=\"547\" data-end=\"588\"><strong data-start=\"547\" data-end=\"558\">Farver:<\/strong> CMYK\/Pantone farvematchning<\/p>\n<\/li>\n<li data-start=\"589\" data-end=\"703\">\n<p data-start=\"591\" data-end=\"703\"><strong data-start=\"591\" data-end=\"604\">Trykning:<\/strong> Fuldfarvetryk til logoer, billeder, tekst, stregkoder, QR-koder, serienumre eller ensfarvede farver<\/p>\n<\/li>\n<li data-start=\"704\" data-end=\"744\">\n<p data-start=\"706\" data-end=\"744\"><strong data-start=\"706\" data-end=\"718\">Lukning:<\/strong> Genanvendeligt lukningdesign<\/p>\n<\/li>\n<li data-start=\"745\" data-end=\"765\">\n<p data-start=\"747\" data-end=\"765\"><strong data-start=\"747\" data-end=\"755\">MOQ:<\/strong> 500 stk.<\/p>\n<\/li>\n<li data-start=\"766\" data-end=\"953\">\n<p data-start=\"768\" data-end=\"790\"><strong data-start=\"768\" data-end=\"788\">Tilg\u00e6ngelige chips:<\/strong><\/p>\n<ul data-start=\"793\" data-end=\"953\">\n<li data-start=\"793\" data-end=\"824\">\n<p data-start=\"795\" data-end=\"824\">NTAG\u00ae 203 \/ 213 \/ 215 \/ 216<\/p>\n<\/li>\n<li data-start=\"827\" data-end=\"854\">\n<p data-start=\"829\" data-end=\"854\">MIFARE Classic\u00ae 1K \/ 4K<\/p>\n<\/li>\n<li data-start=\"857\" data-end=\"886\">\n<p data-start=\"859\" data-end=\"886\">MIFARE Plus\u00ae 1K \/ 2K \/ 4K<\/p>\n<\/li>\n<li data-start=\"889\" data-end=\"919\">\n<p data-start=\"891\" data-end=\"919\">MIFARE Ultralight\u00ae EV1 \/ C<\/p>\n<\/li>\n<li data-start=\"922\" data-end=\"953\">\n<p data-start=\"924\" data-end=\"953\">MIFARE\u00ae DESFire\u00ae 2K \/ 4K \/ 8K<\/p>\n<\/li>\n<\/ul>\n<\/li>\n<\/ul>\n<p data-start=\"955\" data-end=\"1168\"><strong data-start=\"955\" data-end=\"971\">Applikationer<\/strong><br data-start=\"971\" data-end=\"974\" \/>Events og festivaler; koncerter; udstillinger; forlystelses- og vandlande; sport (maratonl\u00f8b og konkurrencer); klubber og barer; hospitaler\/sundhedsv\u00e6sen (patient-ID); k\u00f8lerum; tr\u00e6ning og mere.<\/p>\n<p data-start=\"1170\" data-end=\"1202\"><strong data-start=\"1170\" data-end=\"1200\">Emballage og certificeringer<\/strong><\/p>\n<ul data-start=\"1203\" data-end=\"1372\">\n<li data-start=\"1203\" data-end=\"1285\">\n<p data-start=\"1205\" data-end=\"1285\"><strong data-start=\"1205\" data-end=\"1217\">Pakning:<\/strong> 1000 stk. pr. PP-pose; 2000 stk. pr. indvendig \u00e6ske; 20000 stk. pr. karton<\/p>\n<\/li>\n<li data-start=\"1286\" data-end=\"1326\">\n<p data-start=\"1288\" data-end=\"1326\"><strong data-start=\"1288\" data-end=\"1307\">Certificeringer:<\/strong> ISO \/ RoHS \/ SGS<\/p>\n<\/li>\n<li data-start=\"1327\" data-end=\"1372\">\n<p data-start=\"1329\" data-end=\"1372\"><strong data-start=\"1329\" data-end=\"1342\">Levering:<\/strong> Med havfragt, luftfragt eller ekspresfragt<\/p>\n<\/li>\n<\/ul>\n<h2 data-start=\"1374\" data-end=\"1399\">Tabel (Specifikationer)<\/h2>\n<div class=\"_tableContainer_1rjym_1\">\n<div class=\"group _tableWrapper_1rjym_13 flex w-fit flex-col-reverse\" tabindex=\"-1\">\n<table class=\"w-fit min-w-(--thread-content-width)\" data-start=\"1401\" data-end=\"3139\">\n<thead data-start=\"1401\" data-end=\"1532\">\n<tr data-start=\"1401\" data-end=\"1532\">\n<th data-start=\"1401\" data-end=\"1419\" data-col-size=\"sm\">Kategori<\/th>\n<th data-start=\"1419\" data-end=\"1442\" data-col-size=\"sm\">Parameter<\/th>\n<th data-start=\"1442\" data-end=\"1532\" data-col-size=\"md\">V\u00e6rdi<\/th>\n<\/tr>\n<\/thead>\n<tbody data-start=\"1665\" data-end=\"3139\">\n<tr data-start=\"1665\" data-end=\"1796\">\n<td data-start=\"1665\" data-end=\"1683\" data-col-size=\"sm\">Materiale<\/td>\n<td data-col-size=\"sm\" data-start=\"1683\" data-end=\"1706\">Legeme<\/td>\n<td data-col-size=\"md\" data-start=\"1706\" data-end=\"1796\">Tyvek\u00ae-papir<\/td>\n<\/tr>\n<tr data-start=\"1797\" data-end=\"1928\">\n<td data-start=\"1797\" data-end=\"1815\" data-col-size=\"sm\">Dimensioner<\/td>\n<td data-start=\"1815\" data-end=\"1838\" data-col-size=\"sm\">St\u00f8rrelsesmuligheder<\/td>\n<td data-col-size=\"md\" data-start=\"1838\" data-end=\"1928\">250 \u00d7 25 mm; 250 \u00d7 20 mm; brugerdefinerede st\u00f8rrelser tilg\u00e6ngelige<\/td>\n<\/tr>\n<tr data-start=\"1929\" data-end=\"2060\">\n<td data-start=\"1929\" data-end=\"1947\" data-col-size=\"sm\">Farve<\/td>\n<td data-col-size=\"sm\" data-start=\"1947\" data-end=\"1970\">Valgmuligheder<\/td>\n<td data-col-size=\"md\" data-start=\"1970\" data-end=\"2060\">CMYK \/ Pantone<\/td>\n<\/tr>\n<tr data-start=\"2061\" data-end=\"2192\">\n<td data-start=\"2061\" data-end=\"2079\" data-col-size=\"sm\">Trykning<\/td>\n<td data-col-size=\"sm\" data-start=\"2079\" data-end=\"2102\">Metoder<\/td>\n<td data-col-size=\"md\" data-start=\"2102\" data-end=\"2192\">Fuldfarvede logoer, billeder, tekst, stregkoder, QR-koder, serienumre; ensfarvede<\/td>\n<\/tr>\n<tr data-start=\"2193\" data-end=\"2338\">\n<td data-start=\"2193\" data-end=\"2211\" data-col-size=\"sm\">Hardware<\/td>\n<td data-col-size=\"sm\" data-start=\"2211\" data-end=\"2234\">Chip-muligheder<\/td>\n<td data-col-size=\"md\" data-start=\"2234\" data-end=\"2338\">NTAG 203\/213\/215\/216; MIFARE Classic 1K\/4K; MIFARE Plus 1K\/2K\/4K; Ultralet EV1\/C; DESFire 2K\/4K\/8K<\/td>\n<\/tr>\n<tr data-start=\"2339\" data-end=\"2470\">\n<td data-start=\"2339\" data-end=\"2357\" data-col-size=\"sm\">Lukning<\/td>\n<td data-col-size=\"sm\" data-start=\"2357\" data-end=\"2380\">Type<\/td>\n<td data-col-size=\"md\" data-start=\"2380\" data-end=\"2470\">Genanvendelig lukning<\/td>\n<\/tr>\n<tr data-start=\"2471\" data-end=\"2602\">\n<td data-start=\"2471\" data-end=\"2489\" data-col-size=\"sm\">MOQ<\/td>\n<td data-col-size=\"sm\" data-start=\"2489\" data-end=\"2512\">Minimumsbestilling<\/td>\n<td data-col-size=\"md\" data-start=\"2512\" data-end=\"2602\">500 stk.<\/td>\n<\/tr>\n<tr data-start=\"2603\" data-end=\"2734\">\n<td data-start=\"2603\" data-end=\"2621\" data-col-size=\"sm\">Emballage<\/td>\n<td data-col-size=\"sm\" data-start=\"2621\" data-end=\"2644\">Standardpakker<\/td>\n<td data-col-size=\"md\" data-start=\"2644\" data-end=\"2734\">1000 stk.\/PP-pose; 2000 stk.\/indre \u00e6ske; 20000 stk.\/karton<\/td>\n<\/tr>\n<tr data-start=\"2735\" data-end=\"2866\">\n<td data-start=\"2735\" data-end=\"2753\" data-col-size=\"sm\">Certificeringer<\/td>\n<td data-col-size=\"sm\" data-start=\"2753\" data-end=\"2776\">Overholdelse<\/td>\n<td data-col-size=\"md\" data-start=\"2776\" data-end=\"2866\">ISO \/ RoHS \/ SGS<\/td>\n<\/tr>\n<tr data-start=\"2867\" data-end=\"2998\">\n<td data-start=\"2867\" data-end=\"2885\" data-col-size=\"sm\">Logistik<\/td>\n<td data-col-size=\"sm\" data-start=\"2885\" data-end=\"2908\">Leveringsmetoder<\/td>\n<td data-col-size=\"md\" data-start=\"2908\" data-end=\"2998\">S\u00f8fragt, luftfragt, ekspresfragt<\/td>\n<\/tr>\n<tr data-start=\"2999\" data-end=\"3139\">\n<td data-start=\"2999\" data-end=\"3017\" data-col-size=\"sm\">Applikationer<\/td>\n<td data-col-size=\"sm\" data-start=\"3017\" data-end=\"3040\">Brugsscenarier<\/td>\n<td data-col-size=\"md\" data-start=\"3040\" data-end=\"3139\">Begivenheder, festivaler, koncerter, udstillinger, forlystelses-\/vandlande, sport, klubber, barer, hospitaler<\/td>\n<\/tr>\n<\/tbody>\n<\/table>\n<\/div>\n<\/div>","protected":false},"excerpt":{"rendered":"<p>Milj\u00f8venlige Tyvek\u00ae RFID\/NFC-armb\u00e5nd til events \u2013 lette, holdbare og fuldt tilpasselige med farver, tryk og chipmuligheder for sikker adgang og kontantl\u00f8se betalinger.<\/p>","protected":false},"featured_media":797,"template":"","meta":{"_gspb_post_css":""},"product_brand":[],"product_cat":[21],"product_tag":[],"class_list":{"0":"post-796","1":"product","2":"type-product","3":"status-publish","4":"has-post-thumbnail","6":"product_cat-rfid-nfc-bracelets","8":"first","9":"instock","10":"shipping-taxable","11":"purchasable","12":"product-type-simple"},"_links":{"self":[{"href":"https:\/\/www.cxjsmartcard.com\/da\/wp-json\/wp\/v2\/product\/796","targetHints":{"allow":["GET"]}}],"collection":[{"href":"https:\/\/www.cxjsmartcard.com\/da\/wp-json\/wp\/v2\/product"}],"about":[{"href":"https:\/\/www.cxjsmartcard.com\/da\/wp-json\/wp\/v2\/types\/product"}],"wp:featuredmedia":[{"embeddable":true,"href":"https:\/\/www.cxjsmartcard.com\/da\/wp-json\/wp\/v2\/media\/797"}],"wp:attachment":[{"href":"https:\/\/www.cxjsmartcard.com\/da\/wp-json\/wp\/v2\/media?parent=796"}],"wp:term":[{"taxonomy":"product_brand","embeddable":true,"href":"https:\/\/www.cxjsmartcard.com\/da\/wp-json\/wp\/v2\/product_brand?post=796"},{"taxonomy":"product_cat","embeddable":true,"href":"https:\/\/www.cxjsmartcard.com\/da\/wp-json\/wp\/v2\/product_cat?post=796"},{"taxonomy":"product_tag","embeddable":true,"href":"https:\/\/www.cxjsmartcard.com\/da\/wp-json\/wp\/v2\/product_tag?post=796"}],"curies":[{"name":"wp","href":"https:\/\/api.w.org\/{rel}","templated":true}]}}