{"id":791,"date":"2025-11-03T07:42:05","date_gmt":"2025-11-03T07:42:05","guid":{"rendered":"https:\/\/www.cxjsmartcard.com\/?post_type=product&#038;p=791"},"modified":"2025-12-29T01:27:09","modified_gmt":"2025-12-29T01:27:09","slug":"fabric-woven-rfid-bracelet-disposable-nfc-wristband","status":"publish","type":"product","link":"https:\/\/www.cxjsmartcard.com\/da\/fabric-woven-rfid-bracelet-disposable-nfc-wristband\/","title":{"rendered":"Stofv\u00e6vet RFID-armb\u00e5nd Engangs NFC-armb\u00e5nd"},"content":{"rendered":"<p data-start=\"63\" data-end=\"390\">Det v\u00e6vede RFID-engangs-NFC-armb\u00e5nd i stof er designet til at give g\u00e6ster en problemfri oplevelse og forenkle adgang, betaling og adgangskontrol. Uanset om det er p\u00e5 festivaler, events eller andre steder, tilbyder disse armb\u00e5nd en problemfri l\u00f8sning til at undg\u00e5 lange k\u00f8er, mistede billetter og kontanth\u00e5ndtering \u2013 blot et enkelt tryk.<\/p>\n<p data-start=\"392\" data-end=\"410\"><strong data-start=\"392\" data-end=\"408\">N\u00f8glefunktioner<\/strong><\/p>\n<ul data-start=\"411\" data-end=\"1069\">\n<li data-start=\"411\" data-end=\"514\">\n<p data-start=\"413\" data-end=\"514\"><strong data-start=\"413\" data-end=\"422\">St\u00f8rrelse:<\/strong> 350 \u00d7 15 mm (standard); smartkortst\u00f8rrelse: 42 \u00d7 26 mm \/ 36 \u00d7 26 mm (brugerdefinerede st\u00f8rrelser tilg\u00e6ngelige)<\/p>\n<\/li>\n<li data-start=\"515\" data-end=\"555\">\n<p data-start=\"517\" data-end=\"555\"><strong data-start=\"517\" data-end=\"537\">Skriv udholdenhed:<\/strong> \u2265100.000 cyklusser<\/p>\n<\/li>\n<li data-start=\"556\" data-end=\"624\">\n<p data-start=\"558\" data-end=\"624\"><strong data-start=\"558\" data-end=\"573\">L\u00e6seomr\u00e5de:<\/strong> 0\u20135 cm (afh\u00e6ngigt af l\u00e6seren og omgivelserne)<\/p>\n<\/li>\n<li data-start=\"625\" data-end=\"749\">\n<p data-start=\"627\" data-end=\"749\"><strong data-start=\"627\" data-end=\"648\">H\u00e5ndv\u00e6rksmuligheder:<\/strong> Brugerdefineret trykning (farve, logo, tekst, QR-kode, stregkode, serienummer, variable data, serialisering)<\/p>\n<\/li>\n<li data-start=\"750\" data-end=\"1069\">\n<p data-start=\"752\" data-end=\"778\"><strong data-start=\"752\" data-end=\"776\">Tilg\u00e6ngelige materialer:<\/strong><\/p>\n<ul data-start=\"781\" data-end=\"1069\">\n<li data-start=\"781\" data-end=\"823\">\n<p data-start=\"783\" data-end=\"823\"><strong data-start=\"783\" data-end=\"807\">Genanvendelige armb\u00e5nd:<\/strong> Silikone, PVC<\/p>\n<\/li>\n<li data-start=\"826\" data-end=\"895\">\n<p data-start=\"828\" data-end=\"895\"><strong data-start=\"828\" data-end=\"854\">Justerbare armb\u00e5nd:<\/strong> Polyester, tekstilv\u00e6vet, satinb\u00e5nd<\/p>\n<\/li>\n<li data-start=\"898\" data-end=\"967\">\n<p data-start=\"900\" data-end=\"967\"><strong data-start=\"900\" data-end=\"926\">Engangsarmb\u00e5nd:<\/strong> Polyester, tekstilv\u00e6vet, satinb\u00e5nd<\/p>\n<\/li>\n<li data-start=\"970\" data-end=\"1015\">\n<p data-start=\"972\" data-end=\"1015\"><strong data-start=\"972\" data-end=\"1004\">Armb\u00e5nd der lyser i m\u00f8rket:<\/strong> Silikone<\/p>\n<\/li>\n<li data-start=\"1018\" data-end=\"1069\">\n<p data-start=\"1020\" data-end=\"1069\"><strong data-start=\"1020\" data-end=\"1048\">LED-lysende armb\u00e5nd:<\/strong> Silikone, PVC, ABS<\/p>\n<\/li>\n<\/ul>\n<\/li>\n<\/ul>\n<p data-start=\"1071\" data-end=\"1089\"><strong data-start=\"1071\" data-end=\"1087\">Applikationer<\/strong><\/p>\n<ul data-start=\"1090\" data-end=\"1512\">\n<li data-start=\"1090\" data-end=\"1153\">\n<p data-start=\"1092\" data-end=\"1153\"><strong data-start=\"1092\" data-end=\"1110\">Dataoverf\u00f8rsel:<\/strong> Effektiv informationsdeling til arrangementer<\/p>\n<\/li>\n<li data-start=\"1154\" data-end=\"1206\">\n<p data-start=\"1156\" data-end=\"1206\"><strong data-start=\"1156\" data-end=\"1175\">Adgangskontrol:<\/strong> Sikker og hurtig adgang til lokalet<\/p>\n<\/li>\n<li data-start=\"1207\" data-end=\"1290\">\n<p data-start=\"1209\" data-end=\"1290\"><strong data-start=\"1209\" data-end=\"1232\">Betalingsstyring:<\/strong> Kontantl\u00f8se transaktioner til festivaler og forlystelsesparker<\/p>\n<\/li>\n<li data-start=\"1291\" data-end=\"1354\">\n<p data-start=\"1293\" data-end=\"1354\"><strong data-start=\"1293\" data-end=\"1320\">Sundhedsv\u00e6sen og hospitaler:<\/strong> P\u00e5lidelig patientidentifikation<\/p>\n<\/li>\n<li data-start=\"1355\" data-end=\"1434\">\n<p data-start=\"1357\" data-end=\"1434\"><strong data-start=\"1357\" data-end=\"1385\">Sv\u00f8mmebassiner og saunaer:<\/strong> Vandt\u00e6t design til vandbaserede milj\u00f8er<\/p>\n<\/li>\n<li data-start=\"1435\" data-end=\"1512\">\n<p data-start=\"1437\" data-end=\"1512\"><strong data-start=\"1437\" data-end=\"1460\">K\u00f8lelagerenheder:<\/strong> Nem identifikation af temperaturf\u00f8lsomme varer<\/p>\n<\/li>\n<\/ul>\n<p data-start=\"1514\" data-end=\"1539\"><strong data-start=\"1514\" data-end=\"1537\">Yderligere funktioner<\/strong><\/p>\n<ul data-start=\"1540\" data-end=\"1718\">\n<li data-start=\"1540\" data-end=\"1643\">\n<p data-start=\"1542\" data-end=\"1643\">Holdbar og vandt\u00e6t, ideel til festivaler, koncerter, vandlande, sundhedspleje og forlystelsesparker<\/p>\n<\/li>\n<li data-start=\"1644\" data-end=\"1718\">\n<p data-start=\"1646\" data-end=\"1718\">Fuldt tilpasselig til eventbranding, sponsorlogoer, QR-koder og mere<\/p>\n<\/li>\n<\/ul>\n<p data-start=\"1720\" data-end=\"1975\"><strong data-start=\"1720\" data-end=\"1750\">Hvorfor v\u00e6lge dette armb\u00e5nd?<\/strong><br data-start=\"1750\" data-end=\"1753\" \/>RFID-armb\u00e5nd hj\u00e6lper med at reducere ventetider og str\u00f8mline adgangskontrollen. Armb\u00e5ndene er fuldt kompatible med RFID-l\u00f8sninger og tilbyder kontantl\u00f8se betalinger, effektiv adgangskontrol og integration med sociale medier til arrangementer.<\/p>\n<p data-start=\"1977\" data-end=\"2052\"><strong data-start=\"1977\" data-end=\"1996\">Leveringstid<\/strong><br data-start=\"1996\" data-end=\"1999\" \/>Branchef\u00f8rende ekspeditionstider for hurtig levering.<\/p>\n<h2 data-start=\"2054\" data-end=\"2079\">Tabel (Specifikationer)<\/h2>\n<div class=\"_tableContainer_1rjym_1\">\n<div class=\"group _tableWrapper_1rjym_13 flex w-fit flex-col-reverse\" tabindex=\"-1\">\n<table class=\"w-fit min-w-(--thread-content-width)\" data-start=\"2081\" data-end=\"3642\">\n<thead data-start=\"2081\" data-end=\"2200\">\n<tr data-start=\"2081\" data-end=\"2200\">\n<th data-start=\"2081\" data-end=\"2101\" data-col-size=\"sm\">Kategori<\/th>\n<th data-start=\"2101\" data-end=\"2127\" data-col-size=\"sm\">Parameter<\/th>\n<th data-start=\"2127\" data-end=\"2200\" data-col-size=\"md\">V\u00e6rdi<\/th>\n<\/tr>\n<\/thead>\n<tbody data-start=\"2321\" data-end=\"3642\">\n<tr data-start=\"2321\" data-end=\"2439\">\n<td data-start=\"2321\" data-end=\"2341\" data-col-size=\"sm\">Produkt<\/td>\n<td data-col-size=\"sm\" data-start=\"2341\" data-end=\"2367\">Type<\/td>\n<td data-col-size=\"md\" data-start=\"2367\" data-end=\"2439\">Engangs RFID-armb\u00e5nd<\/td>\n<\/tr>\n<tr data-start=\"2440\" data-end=\"2559\">\n<td data-start=\"2440\" data-end=\"2460\" data-col-size=\"sm\">Materialer<\/td>\n<td data-col-size=\"sm\" data-start=\"2460\" data-end=\"2486\">Legeme<\/td>\n<td data-col-size=\"md\" data-start=\"2486\" data-end=\"2559\">Polyester, v\u00e6vet tekstil, satinb\u00e5nd, silikone, PVC<\/td>\n<\/tr>\n<tr data-start=\"2560\" data-end=\"2679\">\n<td data-start=\"2560\" data-end=\"2580\" data-col-size=\"sm\">RF<\/td>\n<td data-start=\"2580\" data-end=\"2606\" data-col-size=\"sm\">Frekvens<\/td>\n<td data-col-size=\"md\" data-start=\"2606\" data-end=\"2679\">13,56 MHz (HF)<\/td>\n<\/tr>\n<tr data-start=\"2680\" data-end=\"2799\">\n<td data-start=\"2680\" data-end=\"2700\" data-col-size=\"sm\"><\/td>\n<td data-col-size=\"sm\" data-start=\"2700\" data-end=\"2726\">Protokol<\/td>\n<td data-col-size=\"md\" data-start=\"2726\" data-end=\"2799\">ISO14443A, ISO15693<\/td>\n<\/tr>\n<tr data-start=\"2800\" data-end=\"2919\">\n<td data-start=\"2800\" data-end=\"2820\" data-col-size=\"sm\"><\/td>\n<td data-col-size=\"sm\" data-start=\"2820\" data-end=\"2846\">Skriveudholdenhed<\/td>\n<td data-col-size=\"md\" data-start=\"2846\" data-end=\"2919\">\u2265100.000 cyklusser<\/td>\n<\/tr>\n<tr data-start=\"2920\" data-end=\"3039\">\n<td data-start=\"2920\" data-end=\"2940\" data-col-size=\"sm\">L\u00e6seomr\u00e5de<\/td>\n<td data-col-size=\"sm\" data-start=\"2940\" data-end=\"2966\">Afstand<\/td>\n<td data-col-size=\"md\" data-start=\"2966\" data-end=\"3039\">0\u20135 cm (afh\u00e6ngigt af l\u00e6seren)<\/td>\n<\/tr>\n<tr data-start=\"3040\" data-end=\"3161\">\n<td data-start=\"3040\" data-end=\"3060\" data-col-size=\"sm\">Tilpasning<\/td>\n<td data-col-size=\"sm\" data-start=\"3060\" data-end=\"3086\">H\u00e5ndv\u00e6rk<\/td>\n<td data-col-size=\"md\" data-start=\"3086\" data-end=\"3161\">Fuld farvetryk, logo, tekst, serienummer, QR, stregkode, datakodning<\/td>\n<\/tr>\n<tr data-start=\"3162\" data-end=\"3280\">\n<td data-start=\"3162\" data-end=\"3182\" data-col-size=\"sm\">Holdbarhed<\/td>\n<td data-col-size=\"sm\" data-start=\"3182\" data-end=\"3208\">Vandt\u00e6t<\/td>\n<td data-col-size=\"md\" data-start=\"3208\" data-end=\"3280\">Ja, vandt\u00e6t og holdbar<\/td>\n<\/tr>\n<tr data-start=\"3281\" data-end=\"3403\">\n<td data-start=\"3281\" data-end=\"3301\" data-col-size=\"sm\">Applikationer<\/td>\n<td data-col-size=\"sm\" data-start=\"3301\" data-end=\"3327\">Brugsscenarier<\/td>\n<td data-col-size=\"md\" data-start=\"3327\" data-end=\"3403\">Deltagelse i arrangementer, kontantl\u00f8se betalinger, sundheds-ID, adgangskontrol, billetsalg<\/td>\n<\/tr>\n<tr data-start=\"3404\" data-end=\"3522\">\n<td data-start=\"3404\" data-end=\"3424\" data-col-size=\"sm\"><\/td>\n<td data-col-size=\"sm\" data-start=\"3424\" data-end=\"3450\"><\/td>\n<td data-col-size=\"md\" data-start=\"3450\" data-end=\"3522\">Sv\u00f8mmebassiner, forlystelsesparker og meget mere<\/td>\n<\/tr>\n<tr data-start=\"3523\" data-end=\"3642\">\n<td data-start=\"3523\" data-end=\"3543\" data-col-size=\"sm\">Leveringstid<\/td>\n<td data-col-size=\"sm\" data-start=\"3543\" data-end=\"3569\">Leveringstid<\/td>\n<td data-col-size=\"md\" data-start=\"3569\" data-end=\"3642\">Branchef\u00f8rende ekspeditionstider<\/td>\n<\/tr>\n<\/tbody>\n<\/table>\n<\/div>\n<\/div>","protected":false},"excerpt":{"rendered":"<p>Brugerdefinerbart engangs RFID NFC-armb\u00e5nd til events, festivaler og adgangskontrol \u2013 13,56 MHz, vandt\u00e6t, holdbart og fuldt brugerdefinerbart med logoer, tekst og data.<\/p>","protected":false},"featured_media":792,"template":"","meta":{"_gspb_post_css":""},"product_brand":[],"product_cat":[21],"product_tag":[],"class_list":{"0":"post-791","1":"product","2":"type-product","3":"status-publish","4":"has-post-thumbnail","6":"product_cat-rfid-nfc-bracelets","8":"first","9":"instock","10":"shipping-taxable","11":"purchasable","12":"product-type-simple"},"_links":{"self":[{"href":"https:\/\/www.cxjsmartcard.com\/da\/wp-json\/wp\/v2\/product\/791","targetHints":{"allow":["GET"]}}],"collection":[{"href":"https:\/\/www.cxjsmartcard.com\/da\/wp-json\/wp\/v2\/product"}],"about":[{"href":"https:\/\/www.cxjsmartcard.com\/da\/wp-json\/wp\/v2\/types\/product"}],"wp:featuredmedia":[{"embeddable":true,"href":"https:\/\/www.cxjsmartcard.com\/da\/wp-json\/wp\/v2\/media\/792"}],"wp:attachment":[{"href":"https:\/\/www.cxjsmartcard.com\/da\/wp-json\/wp\/v2\/media?parent=791"}],"wp:term":[{"taxonomy":"product_brand","embeddable":true,"href":"https:\/\/www.cxjsmartcard.com\/da\/wp-json\/wp\/v2\/product_brand?post=791"},{"taxonomy":"product_cat","embeddable":true,"href":"https:\/\/www.cxjsmartcard.com\/da\/wp-json\/wp\/v2\/product_cat?post=791"},{"taxonomy":"product_tag","embeddable":true,"href":"https:\/\/www.cxjsmartcard.com\/da\/wp-json\/wp\/v2\/product_tag?post=791"}],"curies":[{"name":"wp","href":"https:\/\/api.w.org\/{rel}","templated":true}]}}