{"id":787,"date":"2025-11-03T07:37:44","date_gmt":"2025-11-03T07:37:44","guid":{"rendered":"https:\/\/www.cxjsmartcard.com\/?post_type=product&#038;p=787"},"modified":"2025-12-29T01:27:09","modified_gmt":"2025-12-29T01:27:09","slug":"fabric-rfid-bracelet-woven-mifare-ultralight-c-wristband","status":"publish","type":"product","link":"https:\/\/www.cxjsmartcard.com\/da\/fabric-rfid-bracelet-woven-mifare-ultralight-c-wristband\/","title":{"rendered":"RFID-armb\u00e5nd i stof V\u00e6vet MIFARE Ultralet C-armb\u00e5nd"},"content":{"rendered":"<p data-start=\"68\" data-end=\"300\">Som en f\u00f8rende producent af RFID-armb\u00e5nd (SGS-certificeret) tilbyder vi RFID-v\u00e6vede armb\u00e5nd af h\u00f8j kvalitet. <strong data-start=\"198\" data-end=\"222\">MIFARE Ultralight\u00ae C<\/strong> til sikker, stilfuld adgangskontrol og kontantl\u00f8s betaling ved events og spillesteder.<\/p>\n<p data-start=\"302\" data-end=\"316\"><strong data-start=\"302\" data-end=\"314\">Funktioner<\/strong><\/p>\n<ul data-start=\"317\" data-end=\"602\">\n<li data-start=\"317\" data-end=\"359\">\n<p data-start=\"319\" data-end=\"359\">13,56 MHz HF, ISO\/IEC 14443A-kompatibel<\/p>\n<\/li>\n<li data-start=\"360\" data-end=\"412\">\n<p data-start=\"362\" data-end=\"412\">0\u20135 cm l\u00e6seafstand (afh\u00e6ngig af l\u00e6ser\/milj\u00f8)<\/p>\n<\/li>\n<li data-start=\"413\" data-end=\"448\">\n<p data-start=\"415\" data-end=\"448\">Skriveudholdenhed \u2265100.000 cyklusser<\/p>\n<\/li>\n<li data-start=\"449\" data-end=\"507\">\n<p data-start=\"451\" data-end=\"507\">Vandt\u00e6tte, varmebestandige og str\u00e6kbare stofmuligheder<\/p>\n<\/li>\n<li data-start=\"508\" data-end=\"602\">\n<p data-start=\"510\" data-end=\"602\">Fuldt tilpasselig: st\u00f8rrelse, farver, logo, QR\/stregkode, serienummer\/UID, variable data, chipkodning<\/p>\n<\/li>\n<\/ul>\n<p data-start=\"604\" data-end=\"767\"><strong data-start=\"604\" data-end=\"627\">Materialer og muligheder<\/strong><br data-start=\"627\" data-end=\"630\" \/>PVC, polyesterv\u00e6vet tekstil, satinb\u00e5nd, ABS; genanvendelige, justerbare, engangs-, selvlysende og LED-lysende varianter tilg\u00e6ngelige.<\/p>\n<p data-start=\"769\" data-end=\"1054\"><strong data-start=\"769\" data-end=\"785\">Applikationer<\/strong><br data-start=\"785\" data-end=\"788\" \/>Adgangskontrol, billettering, kontantl\u00f8se betalinger, dataoverf\u00f8rsel, medlemskab\/loyalitetskort, sundheds-ID, medarbejderfremm\u00f8de, v\u00e6relsesadgang og sporing af k\u00f8lerum. Ideel til musikfestivaler, sportsbegivenheder, tema-\/vandlande, pools, spaer, klubber, hoteller og virksomhedslokationer.<\/p>\n<p data-start=\"1056\" data-end=\"1274\"><strong data-start=\"1056\" data-end=\"1085\">Hvorfor v\u00e6lge dette armb\u00e5nd<\/strong><br data-start=\"1085\" data-end=\"1088\" \/>10+ \u00e5rs produktionserfaring, SGS-certificeret kvalitet, fuld tilpasning (chip\/st\u00f8rrelse\/farve\/kodning), p\u00e5lidelig bulklevering og teknisk support til chipkryptering og programmering.<\/p>\n<h2 data-start=\"1276\" data-end=\"1301\">Tabel (Specifikationer)<\/h2>\n<div class=\"_tableContainer_1rjym_1\">\n<div class=\"group _tableWrapper_1rjym_13 flex w-fit flex-col-reverse\" tabindex=\"-1\">\n<table class=\"w-fit min-w-(--thread-content-width)\" data-start=\"1303\" data-end=\"2977\">\n<thead data-start=\"1303\" data-end=\"1415\">\n<tr data-start=\"1303\" data-end=\"1415\">\n<th data-start=\"1303\" data-end=\"1321\" data-col-size=\"sm\">Kategori<\/th>\n<th data-start=\"1321\" data-end=\"1342\" data-col-size=\"sm\">Parameter<\/th>\n<th data-start=\"1342\" data-end=\"1415\" data-col-size=\"lg\">V\u00e6rdi<\/th>\n<\/tr>\n<\/thead>\n<tbody data-start=\"1529\" data-end=\"2977\">\n<tr data-start=\"1529\" data-end=\"1640\">\n<td data-start=\"1529\" data-end=\"1547\" data-col-size=\"sm\">Produkt<\/td>\n<td data-col-size=\"sm\" data-start=\"1547\" data-end=\"1568\">Type<\/td>\n<td data-col-size=\"lg\" data-start=\"1568\" data-end=\"1640\">RFID-armb\u00e5nd i stof V\u00e6vet MIFARE Ultralet C-armb\u00e5nd<\/td>\n<\/tr>\n<tr data-start=\"1641\" data-end=\"1753\">\n<td data-start=\"1641\" data-end=\"1659\" data-col-size=\"sm\">RF<\/td>\n<td data-start=\"1659\" data-end=\"1680\" data-col-size=\"sm\">Frekvens<\/td>\n<td data-col-size=\"lg\" data-start=\"1680\" data-end=\"1753\">13,56 MHz (HF)<\/td>\n<\/tr>\n<tr data-start=\"1754\" data-end=\"1866\">\n<td data-start=\"1754\" data-end=\"1772\" data-col-size=\"sm\"><\/td>\n<td data-col-size=\"sm\" data-start=\"1772\" data-end=\"1793\">Protokol<\/td>\n<td data-col-size=\"lg\" data-start=\"1793\" data-end=\"1866\">ISO\/IEC 14443A<\/td>\n<\/tr>\n<tr data-start=\"1867\" data-end=\"1979\">\n<td data-start=\"1867\" data-end=\"1885\" data-col-size=\"sm\"><\/td>\n<td data-col-size=\"sm\" data-start=\"1885\" data-end=\"1906\">L\u00e6seomr\u00e5de<\/td>\n<td data-col-size=\"lg\" data-start=\"1906\" data-end=\"1979\">0\u20135 cm (afh\u00e6nger af l\u00e6ser og milj\u00f8)<\/td>\n<\/tr>\n<tr data-start=\"1980\" data-end=\"2092\">\n<td data-start=\"1980\" data-end=\"1998\" data-col-size=\"sm\">Chip<\/td>\n<td data-start=\"1998\" data-end=\"2019\" data-col-size=\"sm\">IC<\/td>\n<td data-col-size=\"lg\" data-start=\"2019\" data-end=\"2092\">MIFARE Ultralight\u00ae C (andre chipmuligheder tilg\u00e6ngelige)<\/td>\n<\/tr>\n<tr data-start=\"2093\" data-end=\"2205\">\n<td data-start=\"2093\" data-end=\"2111\" data-col-size=\"sm\">Hukommelse\/Udholdenhed<\/td>\n<td data-start=\"2111\" data-end=\"2132\" data-col-size=\"sm\">Skriveudholdenhed<\/td>\n<td data-start=\"2132\" data-end=\"2205\" data-col-size=\"lg\">\u2265100.000 cyklusser<\/td>\n<\/tr>\n<tr data-start=\"2206\" data-end=\"2319\">\n<td data-start=\"2206\" data-end=\"2224\" data-col-size=\"sm\">Materialer<\/td>\n<td data-start=\"2224\" data-end=\"2245\" data-col-size=\"sm\">Band\/Dele<\/td>\n<td data-col-size=\"lg\" data-start=\"2245\" data-end=\"2319\">PVC; polyesterv\u00e6vet tekstil; satinb\u00e5nd; ABS<\/td>\n<\/tr>\n<tr data-start=\"2320\" data-end=\"2432\">\n<td data-start=\"2320\" data-end=\"2338\" data-col-size=\"sm\">Dimensioner<\/td>\n<td data-col-size=\"sm\" data-start=\"2338\" data-end=\"2359\">Armb\u00e5ndsst\u00f8rrelse<\/td>\n<td data-col-size=\"lg\" data-start=\"2359\" data-end=\"2432\">350 \u00d7 15 mm (kan tilpasses)<\/td>\n<\/tr>\n<tr data-start=\"2433\" data-end=\"2545\">\n<td data-start=\"2433\" data-end=\"2451\" data-col-size=\"sm\"><\/td>\n<td data-col-size=\"sm\" data-start=\"2451\" data-end=\"2472\">Kortarealst\u00f8rrelser<\/td>\n<td data-col-size=\"lg\" data-start=\"2472\" data-end=\"2545\">42 \u00d7 26 mm; 36 \u00d7 26 mm (brugerdefinerede st\u00f8rrelser underst\u00f8ttes)<\/td>\n<\/tr>\n<tr data-start=\"2546\" data-end=\"2658\">\n<td data-start=\"2546\" data-end=\"2564\" data-col-size=\"sm\">Holdbarhed<\/td>\n<td data-start=\"2564\" data-end=\"2585\" data-col-size=\"sm\">Milj\u00f8m\u00e6ssig<\/td>\n<td data-col-size=\"lg\" data-start=\"2585\" data-end=\"2658\">Vandt\u00e6t; varmebestandig; str\u00e6kbare stofmuligheder<\/td>\n<\/tr>\n<tr data-start=\"2659\" data-end=\"2818\">\n<td data-start=\"2659\" data-end=\"2677\" data-col-size=\"sm\">Personalisering<\/td>\n<td data-col-size=\"sm\" data-start=\"2677\" data-end=\"2698\">Trykning\/m\u00e6rkning<\/td>\n<td data-col-size=\"lg\" data-start=\"2698\" data-end=\"2818\">Fuldfarvet kort- og satintryk (2-sidet valgfrit); v\u00e6vet op til 8 farver; logo\/QR\/stregkode\/serienummer\/UID; datakodning<\/td>\n<\/tr>\n<tr data-start=\"2819\" data-end=\"2977\">\n<td data-start=\"2819\" data-end=\"2837\" data-col-size=\"sm\">Applikationer<\/td>\n<td data-col-size=\"sm\" data-start=\"2837\" data-end=\"2858\">Typiske brugsscenarier<\/td>\n<td data-col-size=\"lg\" data-start=\"2858\" data-end=\"2977\">Adgangskontrol, kontantl\u00f8s betaling, billettering, medlemskab, sundhedspleje, fremm\u00f8de, adgang til lokaler, sporing af k\u00f8lerum<\/td>\n<\/tr>\n<\/tbody>\n<\/table>\n<\/div>\n<\/div>","protected":false},"excerpt":{"rendered":"<p>RFID-armb\u00e5nd i v\u00e6vet stof med MIFARE Ultralight\u00ae C \u2013 sikker adgang og kontantl\u00f8s betaling, 13,56 MHz ISO 14443A, 0-5 cm afl\u00e6sning, vandt\u00e6t\/varmebestandig, fuldt brugerdefinerbar.<\/p>","protected":false},"featured_media":789,"template":"","meta":{"_gspb_post_css":""},"product_brand":[],"product_cat":[21],"product_tag":[],"class_list":{"0":"post-787","1":"product","2":"type-product","3":"status-publish","4":"has-post-thumbnail","6":"product_cat-rfid-nfc-bracelets","8":"first","9":"instock","10":"shipping-taxable","11":"purchasable","12":"product-type-simple"},"_links":{"self":[{"href":"https:\/\/www.cxjsmartcard.com\/da\/wp-json\/wp\/v2\/product\/787","targetHints":{"allow":["GET"]}}],"collection":[{"href":"https:\/\/www.cxjsmartcard.com\/da\/wp-json\/wp\/v2\/product"}],"about":[{"href":"https:\/\/www.cxjsmartcard.com\/da\/wp-json\/wp\/v2\/types\/product"}],"wp:featuredmedia":[{"embeddable":true,"href":"https:\/\/www.cxjsmartcard.com\/da\/wp-json\/wp\/v2\/media\/789"}],"wp:attachment":[{"href":"https:\/\/www.cxjsmartcard.com\/da\/wp-json\/wp\/v2\/media?parent=787"}],"wp:term":[{"taxonomy":"product_brand","embeddable":true,"href":"https:\/\/www.cxjsmartcard.com\/da\/wp-json\/wp\/v2\/product_brand?post=787"},{"taxonomy":"product_cat","embeddable":true,"href":"https:\/\/www.cxjsmartcard.com\/da\/wp-json\/wp\/v2\/product_cat?post=787"},{"taxonomy":"product_tag","embeddable":true,"href":"https:\/\/www.cxjsmartcard.com\/da\/wp-json\/wp\/v2\/product_tag?post=787"}],"curies":[{"name":"wp","href":"https:\/\/api.w.org\/{rel}","templated":true}]}}