{"id":782,"date":"2025-11-03T07:34:16","date_gmt":"2025-11-03T07:34:16","guid":{"rendered":"https:\/\/www.cxjsmartcard.com\/?post_type=product&#038;p=782"},"modified":"2025-12-29T01:27:09","modified_gmt":"2025-12-29T01:27:09","slug":"customized-rfid-silicone-nfc-bracelets","status":"publish","type":"product","link":"https:\/\/www.cxjsmartcard.com\/da\/customized-rfid-silicone-nfc-bracelets\/","title":{"rendered":"Tilpassede RFID silikone NFC armb\u00e5nd"},"content":{"rendered":"<p data-start=\"50\" data-end=\"327\">Brugerdefinerede RFID silikone NFC-armb\u00e5nd kombinerer moderigtigt design med sikker RFID\/NFC-teknologi til adgangskontrol, kontantl\u00f8s betaling, eventstyring og personalesporing. De er lavet af milj\u00f8venlig silikone og er vandt\u00e6tte, holdbare, komfortable og genanvendelige.<\/p>\n<p data-start=\"329\" data-end=\"343\"><strong data-start=\"329\" data-end=\"341\">Funktioner<\/strong><\/p>\n<ul data-start=\"344\" data-end=\"594\">\n<li data-start=\"344\" data-end=\"384\">\n<p data-start=\"346\" data-end=\"384\">Brugerdefinerede st\u00f8rrelser og Pantone\/CMYK-farver<\/p>\n<\/li>\n<li data-start=\"385\" data-end=\"435\">\n<p data-start=\"387\" data-end=\"435\">Flere frekvenser (LF\/HF\/UHF) og protokoller<\/p>\n<\/li>\n<li data-start=\"436\" data-end=\"485\">\n<p data-start=\"438\" data-end=\"485\">Tryk-\/graveringsmuligheder med chipkodning<\/p>\n<\/li>\n<li data-start=\"486\" data-end=\"545\">\n<p data-start=\"488\" data-end=\"545\">Velegnet til v\u00e5de milj\u00f8er (vandlande, fitnesscentre, swimmingpools)<\/p>\n<\/li>\n<li data-start=\"546\" data-end=\"594\">\n<p data-start=\"548\" data-end=\"594\">Gratis pr\u00f8ver tilg\u00e6ngelige; fleksible betalingsbetingelser<\/p>\n<\/li>\n<\/ul>\n<p data-start=\"596\" data-end=\"944\"><strong data-start=\"596\" data-end=\"612\">Applikationer<\/strong><br data-start=\"612\" data-end=\"615\" \/>Fitness og spa (adgang til fitnesscenter, skabe, kontantl\u00f8s betaling) \u2022 Koncerter og events (billetter, VIP-adgang, crowd control) \u2022 Hoteller og resorts (n\u00f8glefri adgang til v\u00e6relser\/skabe) \u2022 Vandlande og pools (vandt\u00e6t ID og betaling) \u2022 Sundhedspleje (patient-ID, bes\u00f8gsadministration) \u2022 Forlystelsesparker\/temaparker \u2022 Skoler og zoologiske haver \u2022 Sikkerhed og personaleadministration.<\/p>\n<h2 data-start=\"946\" data-end=\"971\">Tabel (Specifikationer)<\/h2>\n<div class=\"_tableContainer_1rjym_1\">\n<div class=\"group _tableWrapper_1rjym_13 flex w-fit flex-col-reverse\" tabindex=\"-1\">\n<table class=\"w-fit min-w-(--thread-content-width)\" data-start=\"972\" data-end=\"2511\">\n<thead data-start=\"972\" data-end=\"1086\">\n<tr data-start=\"972\" data-end=\"1086\">\n<th data-start=\"972\" data-end=\"990\" data-col-size=\"sm\">Kategori<\/th>\n<th data-start=\"990\" data-end=\"1013\" data-col-size=\"sm\">Parameter<\/th>\n<th data-start=\"1013\" data-end=\"1086\" data-col-size=\"lg\">V\u00e6rdi<\/th>\n<\/tr>\n<\/thead>\n<tbody data-start=\"1202\" data-end=\"2511\">\n<tr data-start=\"1202\" data-end=\"1316\">\n<td data-start=\"1202\" data-end=\"1220\" data-col-size=\"sm\">Produkt<\/td>\n<td data-col-size=\"sm\" data-start=\"1220\" data-end=\"1243\">Type<\/td>\n<td data-col-size=\"lg\" data-start=\"1243\" data-end=\"1316\">RFID silikone NFC armb\u00e5nd<\/td>\n<\/tr>\n<tr data-start=\"1317\" data-end=\"1431\">\n<td data-start=\"1317\" data-end=\"1335\" data-col-size=\"sm\">Materialer<\/td>\n<td data-col-size=\"sm\" data-start=\"1335\" data-end=\"1358\">Legeme<\/td>\n<td data-col-size=\"lg\" data-start=\"1358\" data-end=\"1431\">Milj\u00f8venlig silikone<\/td>\n<\/tr>\n<tr data-start=\"1432\" data-end=\"1546\">\n<td data-start=\"1432\" data-end=\"1450\" data-col-size=\"sm\">Dimensioner<\/td>\n<td data-col-size=\"sm\" data-start=\"1450\" data-end=\"1473\">St\u00f8rrelsesmuligheder<\/td>\n<td data-col-size=\"lg\" data-start=\"1473\" data-end=\"1546\">Tilpasset<\/td>\n<\/tr>\n<tr data-start=\"1547\" data-end=\"1661\">\n<td data-start=\"1547\" data-end=\"1565\" data-col-size=\"sm\">RF<\/td>\n<td data-col-size=\"sm\" data-start=\"1565\" data-end=\"1588\">Protokoller<\/td>\n<td data-col-size=\"lg\" data-start=\"1588\" data-end=\"1661\">ISO14443A; ISO15693; ISO 18000-6C<\/td>\n<\/tr>\n<tr data-start=\"1662\" data-end=\"1776\">\n<td data-start=\"1662\" data-end=\"1680\" data-col-size=\"sm\"><\/td>\n<td data-col-size=\"sm\" data-start=\"1680\" data-end=\"1703\">Frekvenser<\/td>\n<td data-col-size=\"lg\" data-start=\"1703\" data-end=\"1776\">LF 125 kHz; HF 13,56 MHz; UHF 860\u2013960 MHz<\/td>\n<\/tr>\n<tr data-start=\"1777\" data-end=\"1891\">\n<td data-start=\"1777\" data-end=\"1795\" data-col-size=\"sm\">Personalisering<\/td>\n<td data-col-size=\"sm\" data-start=\"1795\" data-end=\"1818\">Farve<\/td>\n<td data-col-size=\"lg\" data-start=\"1818\" data-end=\"1891\">Pantone eller CMYK<\/td>\n<\/tr>\n<tr data-start=\"1892\" data-end=\"2006\">\n<td data-start=\"1892\" data-end=\"1910\" data-col-size=\"sm\">H\u00e5ndv\u00e6rk<\/td>\n<td data-col-size=\"sm\" data-start=\"1910\" data-end=\"1933\">Trykning\/m\u00e6rkning<\/td>\n<td data-col-size=\"lg\" data-start=\"1933\" data-end=\"2006\">Silketryk, lasergravering, varmeoverf\u00f8ringstryk<\/td>\n<\/tr>\n<tr data-start=\"2007\" data-end=\"2120\">\n<td data-start=\"2007\" data-end=\"2025\" data-col-size=\"sm\">Kodning<\/td>\n<td data-col-size=\"sm\" data-start=\"2025\" data-end=\"2048\">Datatjenester<\/td>\n<td data-col-size=\"lg\" data-start=\"2048\" data-end=\"2120\">Serienummer\/UID, QR, nummer; chipprogrammering\/kodning\/l\u00e5sning\/kryptering<\/td>\n<\/tr>\n<tr data-start=\"2121\" data-end=\"2281\">\n<td data-start=\"2121\" data-end=\"2139\" data-col-size=\"sm\">Applikationer<\/td>\n<td data-col-size=\"sm\" data-start=\"2139\" data-end=\"2162\">Typiske brugsscenarier<\/td>\n<td data-col-size=\"lg\" data-start=\"2162\" data-end=\"2281\">Fitnesscentre og spaer; koncerter\/events; hoteller\/resorts; vandlande; hospitaler; forlystelsesparker; skoler; zoologiske haver; sikkerhed\/personale<\/td>\n<\/tr>\n<tr data-start=\"2282\" data-end=\"2396\">\n<td data-start=\"2282\" data-end=\"2300\" data-col-size=\"sm\">Pr\u00f8veudtagning<\/td>\n<td data-col-size=\"sm\" data-start=\"2300\" data-end=\"2323\">Gratis pr\u00f8ver<\/td>\n<td data-col-size=\"lg\" data-start=\"2323\" data-end=\"2396\">Tilg\u00e6ngelig<\/td>\n<\/tr>\n<tr data-start=\"2397\" data-end=\"2511\">\n<td data-start=\"2397\" data-end=\"2415\" data-col-size=\"sm\">Betalinger<\/td>\n<td data-col-size=\"sm\" data-start=\"2415\" data-end=\"2438\">Betalingsbetingelser<\/td>\n<td data-col-size=\"lg\" data-start=\"2438\" data-end=\"2511\">T\/T, PayPal, Western Union, Ali udstedelsesoverf\u00f8rsel<\/td>\n<\/tr>\n<\/tbody>\n<\/table>\n<\/div>\n<\/div>","protected":false},"excerpt":{"rendered":"<p>Brugerdefinerede silikone RFID\/NFC-armb\u00e5nd \u2013 vandt\u00e6tte, holdbare og genanvendelige; underst\u00f8tter LF\/HF\/UHF, brugerdefinerede st\u00f8rrelser\/farver, tryk\/gravering og chipkodning til begivenheder og adgangskontrol.<\/p>","protected":false},"featured_media":786,"template":"","meta":{"_gspb_post_css":""},"product_brand":[],"product_cat":[21],"product_tag":[],"class_list":{"0":"post-782","1":"product","2":"type-product","3":"status-publish","4":"has-post-thumbnail","6":"product_cat-rfid-nfc-bracelets","8":"first","9":"instock","10":"shipping-taxable","11":"purchasable","12":"product-type-simple"},"_links":{"self":[{"href":"https:\/\/www.cxjsmartcard.com\/da\/wp-json\/wp\/v2\/product\/782","targetHints":{"allow":["GET"]}}],"collection":[{"href":"https:\/\/www.cxjsmartcard.com\/da\/wp-json\/wp\/v2\/product"}],"about":[{"href":"https:\/\/www.cxjsmartcard.com\/da\/wp-json\/wp\/v2\/types\/product"}],"wp:featuredmedia":[{"embeddable":true,"href":"https:\/\/www.cxjsmartcard.com\/da\/wp-json\/wp\/v2\/media\/786"}],"wp:attachment":[{"href":"https:\/\/www.cxjsmartcard.com\/da\/wp-json\/wp\/v2\/media?parent=782"}],"wp:term":[{"taxonomy":"product_brand","embeddable":true,"href":"https:\/\/www.cxjsmartcard.com\/da\/wp-json\/wp\/v2\/product_brand?post=782"},{"taxonomy":"product_cat","embeddable":true,"href":"https:\/\/www.cxjsmartcard.com\/da\/wp-json\/wp\/v2\/product_cat?post=782"},{"taxonomy":"product_tag","embeddable":true,"href":"https:\/\/www.cxjsmartcard.com\/da\/wp-json\/wp\/v2\/product_tag?post=782"}],"curies":[{"name":"wp","href":"https:\/\/api.w.org\/{rel}","templated":true}]}}