{"id":777,"date":"2025-11-03T07:31:45","date_gmt":"2025-11-03T07:31:45","guid":{"rendered":"https:\/\/www.cxjsmartcard.com\/?post_type=product&#038;p=777"},"modified":"2025-12-29T01:27:10","modified_gmt":"2025-12-29T01:27:10","slug":"customized-elastic-rfid-nfc-wristband-bracelet","status":"publish","type":"product","link":"https:\/\/www.cxjsmartcard.com\/da\/customized-elastic-rfid-nfc-wristband-bracelet\/","title":{"rendered":"Tilpasset elastisk RFID NFC armb\u00e5nd"},"content":{"rendered":"<p data-start=\"58\" data-end=\"331\">Elastisk RFID\/NFC-armb\u00e5nd, der kombinerer smart teknologi med et stilfuldt v\u00e6vet b\u00e5nd \u2013 ideelt til festivaler, koncerter, billetsalg og sikker adgangskontrol. Ud over adgang kan det underst\u00f8tte kontantl\u00f8s betaling, identifikation, klubmedlemskab og firmagruppeaktiviteter.<\/p>\n<p data-start=\"333\" data-end=\"375\"><strong data-start=\"333\" data-end=\"373\">RFID elastisk str\u00e6kv\u00e6vet armb\u00e5nd<\/strong><\/p>\n<ul data-start=\"376\" data-end=\"1218\">\n<li data-start=\"376\" data-end=\"422\">\n<p data-start=\"378\" data-end=\"422\"><strong data-start=\"378\" data-end=\"395\">Produktnavn:<\/strong> Glad RFID NFCC armb\u00e5nd<\/p>\n<\/li>\n<li data-start=\"423\" data-end=\"460\">\n<p data-start=\"425\" data-end=\"460\"><strong data-start=\"425\" data-end=\"438\">Materiale:<\/strong> Polyester og nylon<\/p>\n<\/li>\n<li data-start=\"461\" data-end=\"581\">\n<p data-start=\"463\" data-end=\"581\"><strong data-start=\"463\" data-end=\"473\">St\u00f8rrelser:<\/strong> 185\u00d713 mm (stor voksen), 160\u00d713 mm (ungdom\/lille voksen); h\u00f8jde 13 mm; l\u00e6ngde kan tilpasses fra 140-210 mm<\/p>\n<\/li>\n<li data-start=\"582\" data-end=\"612\">\n<p data-start=\"584\" data-end=\"612\"><strong data-start=\"584\" data-end=\"597\">NFC-chip:<\/strong> HF 13,56 MHz<\/p>\n<\/li>\n<li data-start=\"613\" data-end=\"682\">\n<p data-start=\"615\" data-end=\"682\"><strong data-start=\"615\" data-end=\"629\">Protokoller:<\/strong> ISO14443A, ISO15693, ISO7814, ISO7815, ISO18000-6C<\/p>\n<\/li>\n<li data-start=\"683\" data-end=\"726\">\n<p data-start=\"685\" data-end=\"726\"><strong data-start=\"685\" data-end=\"705\">Farve p\u00e5 armb\u00e5ndet:<\/strong> Tilpasset pr. PMS<\/p>\n<\/li>\n<li data-start=\"727\" data-end=\"797\">\n<p data-start=\"729\" data-end=\"797\"><strong data-start=\"729\" data-end=\"742\">Trykning:<\/strong> Fuldfarvet farvesublimering (indvendige\/udvendige overflader)<\/p>\n<\/li>\n<li data-start=\"798\" data-end=\"926\">\n<p data-start=\"800\" data-end=\"926\"><strong data-start=\"800\" data-end=\"811\">H\u00e5ndv\u00e6rk:<\/strong> Udskrivning af serie-\/UID-nummer, QR, stregkode; chipprogrammering\/kodning\/l\u00e5sning\/kryptering (URL, tekst, nummer, vCard)<\/p>\n<\/li>\n<li data-start=\"927\" data-end=\"960\">\n<p data-start=\"929\" data-end=\"960\"><strong data-start=\"929\" data-end=\"942\">Funktioner:<\/strong> 100% vandt\u00e6t<\/p>\n<\/li>\n<li data-start=\"961\" data-end=\"1130\">\n<p data-start=\"963\" data-end=\"1130\"><strong data-start=\"963\" data-end=\"980\">Anvendelser:<\/strong> Billetsalg, sundhedspleje, rejser, adgangskontrol og sikkerhed, tidsregistrering, parkering og betaling, administration af klub-\/spa-medlemskaber, bel\u00f8nninger og promoveringer<\/p>\n<\/li>\n<li data-start=\"1131\" data-end=\"1151\">\n<p data-start=\"1133\" data-end=\"1151\"><strong data-start=\"1133\" data-end=\"1141\">MOQ:<\/strong> 500 stk.<\/p>\n<\/li>\n<li data-start=\"1152\" data-end=\"1218\">\n<p data-start=\"1154\" data-end=\"1218\"><strong data-start=\"1154\" data-end=\"1172\">Eksempelpolitik:<\/strong> Gratis lagerpr\u00f8ve; k\u00f8ber betaler fragt<\/p>\n<\/li>\n<\/ul>\n<p data-start=\"1220\" data-end=\"1603\"><strong data-start=\"1220\" data-end=\"1260\">Str\u00e6kv\u00e6vet variant (vigtigste fordele)<\/strong><br data-start=\"1260\" data-end=\"1263\" \/>Ultrakomfortabel elastisk polyester; tilpasser sig h\u00e5ndledsst\u00f8rrelse; aftagelig, genanvendelig og vandt\u00e6t \u2013 ideel til flerdagesbrug eller s\u00e6sonkortprogrammer.<br data-start=\"1407\" data-end=\"1410\" \/><strong data-start=\"1410\" data-end=\"1423\">Fordele:<\/strong> Komfort og fleksibilitet \u2022 Genanvendelig og holdbar \u2022 100% vandt\u00e6t \u2022 Klar til branding (fuldfarvetryk, logo, unik ID-kodning) \u2022 Fungerer med de fleste NFC-aktiverede enheder og RFID-l\u00e6sere.<\/p>\n<h2 data-start=\"1605\" data-end=\"1630\">Tabel (Specifikationer)<\/h2>\n<div class=\"_tableContainer_1rjym_1\">\n<div class=\"group _tableWrapper_1rjym_13 flex w-fit flex-col-reverse\" tabindex=\"-1\">\n<table class=\"w-fit min-w-(--thread-content-width)\" data-start=\"1632\" data-end=\"3623\">\n<thead data-start=\"1632\" data-end=\"1754\">\n<tr data-start=\"1632\" data-end=\"1754\">\n<th data-start=\"1632\" data-end=\"1653\" data-col-size=\"sm\">Kategori<\/th>\n<th data-start=\"1653\" data-end=\"1681\" data-col-size=\"sm\">Parameter<\/th>\n<th data-start=\"1681\" data-end=\"1754\" data-col-size=\"lg\">V\u00e6rdi<\/th>\n<\/tr>\n<\/thead>\n<tbody data-start=\"1877\" data-end=\"3623\">\n<tr data-start=\"1877\" data-end=\"1998\">\n<td data-start=\"1877\" data-end=\"1897\" data-col-size=\"sm\">Produkt<\/td>\n<td data-col-size=\"sm\" data-start=\"1897\" data-end=\"1925\">Type<\/td>\n<td data-col-size=\"lg\" data-start=\"1925\" data-end=\"1998\">Tilpasset elastisk RFID\/NFC armb\u00e5nd<\/td>\n<\/tr>\n<tr data-start=\"1999\" data-end=\"2120\">\n<td data-start=\"1999\" data-end=\"2019\" data-col-size=\"sm\">Materialer<\/td>\n<td data-col-size=\"sm\" data-start=\"2019\" data-end=\"2047\">Bandet<\/td>\n<td data-col-size=\"lg\" data-start=\"2047\" data-end=\"2120\">Polyester og nylon<\/td>\n<\/tr>\n<tr data-start=\"2121\" data-end=\"2242\">\n<td data-start=\"2121\" data-end=\"2141\" data-col-size=\"sm\">Dimensioner<\/td>\n<td data-col-size=\"sm\" data-start=\"2141\" data-end=\"2169\">Standardst\u00f8rrelser<\/td>\n<td data-col-size=\"lg\" data-start=\"2169\" data-end=\"2242\">185\u00d713 mm (stor voksen); 160\u00d713 mm (ungdom\/lille voksen)<\/td>\n<\/tr>\n<tr data-start=\"2243\" data-end=\"2364\">\n<td data-start=\"2243\" data-end=\"2263\" data-col-size=\"sm\"><\/td>\n<td data-col-size=\"sm\" data-start=\"2263\" data-end=\"2291\">Brugerdefineret omr\u00e5de<\/td>\n<td data-col-size=\"lg\" data-start=\"2291\" data-end=\"2364\">L\u00e6ngde 140\u2013210 mm; h\u00f8jde 13 mm<\/td>\n<\/tr>\n<tr data-start=\"2365\" data-end=\"2486\">\n<td data-start=\"2365\" data-end=\"2385\" data-col-size=\"sm\">RF<\/td>\n<td data-col-size=\"sm\" data-start=\"2385\" data-end=\"2413\">Frekvens<\/td>\n<td data-col-size=\"lg\" data-start=\"2413\" data-end=\"2486\">HF 13,56 MHz<\/td>\n<\/tr>\n<tr data-start=\"2487\" data-end=\"2608\">\n<td data-start=\"2487\" data-end=\"2507\" data-col-size=\"sm\"><\/td>\n<td data-col-size=\"sm\" data-start=\"2507\" data-end=\"2535\">Protokoller<\/td>\n<td data-col-size=\"lg\" data-start=\"2535\" data-end=\"2608\">ISO14443A; ISO15693; ISO7814; ISO7815; ISO18000-6C<\/td>\n<\/tr>\n<tr data-start=\"2609\" data-end=\"2730\">\n<td data-start=\"2609\" data-end=\"2629\" data-col-size=\"sm\">Personalisering<\/td>\n<td data-col-size=\"sm\" data-start=\"2629\" data-end=\"2657\">Farve<\/td>\n<td data-col-size=\"lg\" data-start=\"2657\" data-end=\"2730\">Brugerdefinerede PMS-farver<\/td>\n<\/tr>\n<tr data-start=\"2731\" data-end=\"2852\">\n<td data-start=\"2731\" data-end=\"2751\" data-col-size=\"sm\"><\/td>\n<td data-col-size=\"sm\" data-start=\"2751\" data-end=\"2779\">Trykning<\/td>\n<td data-col-size=\"lg\" data-start=\"2779\" data-end=\"2852\">Fuldfarvet farvesublimering (indvendig\/udvendig)<\/td>\n<\/tr>\n<tr data-start=\"2853\" data-end=\"2978\">\n<td data-start=\"2853\" data-end=\"2873\" data-col-size=\"sm\">H\u00e5ndv\u00e6rk<\/td>\n<td data-col-size=\"sm\" data-start=\"2873\" data-end=\"2901\">Kodning\/M\u00e6rkning<\/td>\n<td data-col-size=\"lg\" data-start=\"2901\" data-end=\"2978\">Serienummer\/UID, QR, stregkode; chipkodning\/l\u00e5sning\/kryptering (URL\/tekst\/nummer\/vCard)<\/td>\n<\/tr>\n<tr data-start=\"2979\" data-end=\"3100\">\n<td data-start=\"2979\" data-end=\"2999\" data-col-size=\"sm\">Pr\u00e6station<\/td>\n<td data-col-size=\"sm\" data-start=\"2999\" data-end=\"3027\">Funktion<\/td>\n<td data-col-size=\"lg\" data-start=\"3027\" data-end=\"3100\">100% vandt\u00e6t<\/td>\n<\/tr>\n<tr data-start=\"3101\" data-end=\"3257\">\n<td data-start=\"3101\" data-end=\"3121\" data-col-size=\"sm\">Applikationer<\/td>\n<td data-col-size=\"sm\" data-start=\"3121\" data-end=\"3149\">Brugsscenarier<\/td>\n<td data-col-size=\"lg\" data-start=\"3149\" data-end=\"3257\">Billetsalg, adgangskontrol, kontantl\u00f8s betaling, sundhedspleje, tid og fremm\u00f8de, parkering, medlemskab, bel\u00f8nninger<\/td>\n<\/tr>\n<tr data-start=\"3258\" data-end=\"3379\">\n<td data-start=\"3258\" data-end=\"3278\" data-col-size=\"sm\">Logistik<\/td>\n<td data-col-size=\"sm\" data-start=\"3278\" data-end=\"3306\">MOQ<\/td>\n<td data-col-size=\"lg\" data-start=\"3306\" data-end=\"3379\">500 stk.<\/td>\n<\/tr>\n<tr data-start=\"3380\" data-end=\"3501\">\n<td data-start=\"3380\" data-end=\"3400\" data-col-size=\"sm\">Pr\u00f8veudtagning<\/td>\n<td data-col-size=\"sm\" data-start=\"3400\" data-end=\"3428\">Politik<\/td>\n<td data-col-size=\"lg\" data-start=\"3428\" data-end=\"3501\">Gratis lagervarepr\u00f8ve; k\u00f8ber betaler fragt<\/td>\n<\/tr>\n<tr data-start=\"3502\" data-end=\"3623\">\n<td data-start=\"3502\" data-end=\"3522\" data-col-size=\"sm\">Fordele<\/td>\n<td data-col-size=\"sm\" data-start=\"3522\" data-end=\"3550\">H\u00f8jdepunkter<\/td>\n<td data-col-size=\"lg\" data-start=\"3550\" data-end=\"3623\">Elastisk pasform, genanvendelig, brandingklar, NFC\/RFID-l\u00e6serkompatibilitet<\/td>\n<\/tr>\n<\/tbody>\n<\/table>\n<\/div>\n<\/div>","protected":false},"excerpt":{"rendered":"<p>Elastisk v\u00e6vet RFID\/NFC-armb\u00e5nd til events og adgangskontrol \u2013 brugerdefinerede st\u00f8rrelser\/farver, 100% vandt\u00e6t, genanvendelig og brandingklar med fuldfarvetryk og chipkodning.<\/p>","protected":false},"featured_media":778,"template":"","meta":{"_gspb_post_css":""},"product_brand":[],"product_cat":[21],"product_tag":[],"class_list":{"0":"post-777","1":"product","2":"type-product","3":"status-publish","4":"has-post-thumbnail","6":"product_cat-rfid-nfc-bracelets","8":"first","9":"instock","10":"shipping-taxable","11":"purchasable","12":"product-type-simple"},"_links":{"self":[{"href":"https:\/\/www.cxjsmartcard.com\/da\/wp-json\/wp\/v2\/product\/777","targetHints":{"allow":["GET"]}}],"collection":[{"href":"https:\/\/www.cxjsmartcard.com\/da\/wp-json\/wp\/v2\/product"}],"about":[{"href":"https:\/\/www.cxjsmartcard.com\/da\/wp-json\/wp\/v2\/types\/product"}],"wp:featuredmedia":[{"embeddable":true,"href":"https:\/\/www.cxjsmartcard.com\/da\/wp-json\/wp\/v2\/media\/778"}],"wp:attachment":[{"href":"https:\/\/www.cxjsmartcard.com\/da\/wp-json\/wp\/v2\/media?parent=777"}],"wp:term":[{"taxonomy":"product_brand","embeddable":true,"href":"https:\/\/www.cxjsmartcard.com\/da\/wp-json\/wp\/v2\/product_brand?post=777"},{"taxonomy":"product_cat","embeddable":true,"href":"https:\/\/www.cxjsmartcard.com\/da\/wp-json\/wp\/v2\/product_cat?post=777"},{"taxonomy":"product_tag","embeddable":true,"href":"https:\/\/www.cxjsmartcard.com\/da\/wp-json\/wp\/v2\/product_tag?post=777"}],"curies":[{"name":"wp","href":"https:\/\/api.w.org\/{rel}","templated":true}]}}