{"id":772,"date":"2025-11-03T07:28:48","date_gmt":"2025-11-03T07:28:48","guid":{"rendered":"https:\/\/www.cxjsmartcard.com\/?post_type=product&#038;p=772"},"modified":"2025-12-29T01:27:10","modified_gmt":"2025-12-29T01:27:10","slug":"custom-nfc-fabric-woven-bracelet-rfid-wristband-for-festival","status":"publish","type":"product","link":"https:\/\/www.cxjsmartcard.com\/da\/custom-nfc-fabric-woven-bracelet-rfid-wristband-for-festival\/","title":{"rendered":"Brugerdefineret NFC-stofv\u00e6vet armb\u00e5nd RFID-armb\u00e5nd til festival"},"content":{"rendered":"<p data-start=\"72\" data-end=\"240\">Brugerdefineret NFC-stofv\u00e6vet armb\u00e5nd RFID-armb\u00e5nd er en holdbar, vandt\u00e6t og sikker l\u00f8sning til adgangskontrol, kontantl\u00f8s betaling og eventstyring.<\/p>\n<p data-start=\"242\" data-end=\"277\"><strong data-start=\"242\" data-end=\"255\">Materialer<\/strong><br data-start=\"255\" data-end=\"258\" \/>PVC + v\u00e6vet stof.<\/p>\n<p data-start=\"279\" data-end=\"342\"><strong data-start=\"279\" data-end=\"292\">Protokoller<\/strong><br data-start=\"292\" data-end=\"295\" \/>ISO 11785, ISO 15693, ISO 14443A, ISO 18000-6C.<\/p>\n<p data-start=\"344\" data-end=\"443\"><strong data-start=\"344\" data-end=\"368\">St\u00f8rrelser (tilpasses)<\/strong><br data-start=\"368\" data-end=\"371\" \/>47\u00d747\u00d70,8 mm; 55,21\u00d756\u00d70,8 mm; 45\u00d740\u00d70,8 mm; 30\u00d747\u00d70,8 mm; 41\u00d726\u00d70,8 mm.<\/p>\n<p data-start=\"445\" data-end=\"519\"><strong data-start=\"445\" data-end=\"479\">L\u00e6seafstand (chipafh\u00e6ngig)<\/strong><br data-start=\"479\" data-end=\"482\" \/>LF: 1\u20134 cm \u2022 HF: 1\u20136 cm \u2022 UHF: 1\u20136 m.<\/p>\n<p data-start=\"521\" data-end=\"644\"><strong data-start=\"521\" data-end=\"541\">Tilg\u00e6ngelige h\u00e5ndv\u00e6rk<\/strong><br data-start=\"541\" data-end=\"544\" \/>Serigrafi eller flerfarvetryk; logo\/laser UID-kode; serienummer; QR-kode; datakodning.<\/p>\n<p data-start=\"646\" data-end=\"752\"><strong data-start=\"646\" data-end=\"662\">Applikationer<\/strong><br data-start=\"662\" data-end=\"665\" \/>Begivenheder, festivaler, skoler, forlystelsesparker, musikcentre og generel adgangskontrol.<\/p>\n<p data-start=\"754\" data-end=\"844\"><strong data-start=\"754\" data-end=\"778\">Installationsmuligheder<\/strong><br data-start=\"778\" data-end=\"781\" \/>Engangsarmb\u00e5nd med glidel\u00e5s; justerbart, genanvendeligt armb\u00e5nd.<\/p>\n<p data-start=\"846\" data-end=\"1312\"><strong data-start=\"846\" data-end=\"877\">Fordele ved RFID-armb\u00e5nd<\/strong><br data-start=\"877\" data-end=\"880\" \/>\u00d8g oms\u00e6tningen; maksimer rentabiliteten; \u00f8g servicehastigheden; forbedr driftseffektiviteten; eliminer problemer med kontanth\u00e5ndtering; str\u00f8mlin processer og procedurer; forhindrer svigagtig eller forfalsket kvittering.<br data-start=\"1093\" data-end=\"1096\" \/>RFID-chips indlejret i armb\u00e5nd muligg\u00f8r adgangskontrol, kontantl\u00f8se betalinger, dataindsamling, sociale interaktioner og mere \u2013 de underst\u00f8tter LF (125-134 kHz), HF (13,56 MHz) og UHF (860-960 MHz), s\u00e5 de passer til forskellige implementeringer.<\/p>\n<h2 data-start=\"1314\" data-end=\"1339\">Tabel (Specifikationer)<\/h2>\n<div class=\"_tableContainer_1rjym_1\">\n<div class=\"group _tableWrapper_1rjym_13 flex w-fit flex-col-reverse\" tabindex=\"-1\">\n<table class=\"w-fit min-w-(--thread-content-width)\" data-start=\"1341\" data-end=\"2618\">\n<thead data-start=\"1341\" data-end=\"1455\">\n<tr data-start=\"1341\" data-end=\"1455\">\n<th data-start=\"1341\" data-end=\"1359\" data-col-size=\"sm\">Kategori<\/th>\n<th data-start=\"1359\" data-end=\"1382\" data-col-size=\"sm\">Parameter<\/th>\n<th data-start=\"1382\" data-end=\"1455\" data-col-size=\"md\">V\u00e6rdi<\/th>\n<\/tr>\n<\/thead>\n<tbody data-start=\"1571\" data-end=\"2618\">\n<tr data-start=\"1571\" data-end=\"1685\">\n<td data-start=\"1571\" data-end=\"1589\" data-col-size=\"sm\">Produkt<\/td>\n<td data-col-size=\"sm\" data-start=\"1589\" data-end=\"1612\">Type<\/td>\n<td data-col-size=\"md\" data-start=\"1612\" data-end=\"1685\">Brugerdefineret NFC-stofv\u00e6vet armb\u00e5nd RFID-armb\u00e5nd<\/td>\n<\/tr>\n<tr data-start=\"1686\" data-end=\"1800\">\n<td data-start=\"1686\" data-end=\"1704\" data-col-size=\"sm\">Materialer<\/td>\n<td data-col-size=\"sm\" data-start=\"1704\" data-end=\"1727\">Legeme<\/td>\n<td data-col-size=\"md\" data-start=\"1727\" data-end=\"1800\">PVC + V\u00e6vet<\/td>\n<\/tr>\n<tr data-start=\"1801\" data-end=\"1915\">\n<td data-start=\"1801\" data-end=\"1819\" data-col-size=\"sm\">RF<\/td>\n<td data-col-size=\"sm\" data-start=\"1819\" data-end=\"1842\">Protokoller<\/td>\n<td data-col-size=\"md\" data-start=\"1842\" data-end=\"1915\">ISO 11785; ISO 15693; ISO 14443A; ISO 18000-6C<\/td>\n<\/tr>\n<tr data-start=\"1916\" data-end=\"2030\">\n<td data-start=\"1916\" data-end=\"1934\" data-col-size=\"sm\"><\/td>\n<td data-col-size=\"sm\" data-start=\"1934\" data-end=\"1957\">Frekvenser<\/td>\n<td data-col-size=\"md\" data-start=\"1957\" data-end=\"2030\">LF 125\u2013134 kHz; HF 13,56 MHz; UHF 860\u2013960 MHz<\/td>\n<\/tr>\n<tr data-start=\"2031\" data-end=\"2145\">\n<td data-start=\"2031\" data-end=\"2049\" data-col-size=\"sm\">Pr\u00e6station<\/td>\n<td data-col-size=\"sm\" data-start=\"2049\" data-end=\"2072\">L\u00e6seafstand<\/td>\n<td data-col-size=\"md\" data-start=\"2072\" data-end=\"2145\">LF 1\u20134 cm; HF 1\u20136 cm; UHF 1\u20136 m (afh\u00e6ngig af chip\/l\u00e6ser)<\/td>\n<\/tr>\n<tr data-start=\"2146\" data-end=\"2262\">\n<td data-start=\"2146\" data-end=\"2164\" data-col-size=\"sm\">Dimensioner<\/td>\n<td data-col-size=\"sm\" data-start=\"2164\" data-end=\"2187\">St\u00f8rrelsesmuligheder<\/td>\n<td data-col-size=\"md\" data-start=\"2187\" data-end=\"2262\">47\u00d747\u00d70,8 mm; 55,21\u00d756\u00d70,8 mm; 45\u00d740\u00d70,8 mm; 30\u00d747\u00d70,8 mm; 41\u00d726\u00d70,8 mm<\/td>\n<\/tr>\n<tr data-start=\"2263\" data-end=\"2385\">\n<td data-start=\"2263\" data-end=\"2281\" data-col-size=\"sm\">Personalisering<\/td>\n<td data-col-size=\"sm\" data-start=\"2281\" data-end=\"2304\">Udskrivning\/kodning<\/td>\n<td data-col-size=\"md\" data-start=\"2304\" data-end=\"2385\">Serigrafi eller flerfarvetryk; logo\/laser UID; serienummer; QR; datakodning<\/td>\n<\/tr>\n<tr data-start=\"2386\" data-end=\"2503\">\n<td data-start=\"2386\" data-end=\"2404\" data-col-size=\"sm\">Applikationer<\/td>\n<td data-col-size=\"sm\" data-start=\"2404\" data-end=\"2427\">Typiske brugsscenarier<\/td>\n<td data-col-size=\"md\" data-start=\"2427\" data-end=\"2503\">Adgang til events\/festivaler, administration af skoler og musikcentre, adgangskontrol<\/td>\n<\/tr>\n<tr data-start=\"2504\" data-end=\"2618\">\n<td data-start=\"2504\" data-end=\"2522\" data-col-size=\"sm\">Installation<\/td>\n<td data-col-size=\"sm\" data-start=\"2522\" data-end=\"2545\">Armb\u00e5ndstyper<\/td>\n<td data-col-size=\"md\" data-start=\"2545\" data-end=\"2618\">Engangs-skydel\u00e5s; justerbar genanvendelig<\/td>\n<\/tr>\n<\/tbody>\n<\/table>\n<\/div>\n<\/div>","protected":false},"excerpt":{"rendered":"<p>RFID-armb\u00e5nd i v\u00e6vet stof til events og adgangskontrol \u2013 holdbart, vandt\u00e6t og brugerdefinerbart; underst\u00f8tter LF\/HF\/UHF, flere st\u00f8rrelser og engangs- eller genanvendelige b\u00e5nd.<\/p>","protected":false},"featured_media":773,"template":"","meta":{"_gspb_post_css":""},"product_brand":[],"product_cat":[21],"product_tag":[],"class_list":{"0":"post-772","1":"product","2":"type-product","3":"status-publish","4":"has-post-thumbnail","6":"product_cat-rfid-nfc-bracelets","8":"first","9":"instock","10":"shipping-taxable","11":"purchasable","12":"product-type-simple"},"_links":{"self":[{"href":"https:\/\/www.cxjsmartcard.com\/da\/wp-json\/wp\/v2\/product\/772","targetHints":{"allow":["GET"]}}],"collection":[{"href":"https:\/\/www.cxjsmartcard.com\/da\/wp-json\/wp\/v2\/product"}],"about":[{"href":"https:\/\/www.cxjsmartcard.com\/da\/wp-json\/wp\/v2\/types\/product"}],"wp:featuredmedia":[{"embeddable":true,"href":"https:\/\/www.cxjsmartcard.com\/da\/wp-json\/wp\/v2\/media\/773"}],"wp:attachment":[{"href":"https:\/\/www.cxjsmartcard.com\/da\/wp-json\/wp\/v2\/media?parent=772"}],"wp:term":[{"taxonomy":"product_brand","embeddable":true,"href":"https:\/\/www.cxjsmartcard.com\/da\/wp-json\/wp\/v2\/product_brand?post=772"},{"taxonomy":"product_cat","embeddable":true,"href":"https:\/\/www.cxjsmartcard.com\/da\/wp-json\/wp\/v2\/product_cat?post=772"},{"taxonomy":"product_tag","embeddable":true,"href":"https:\/\/www.cxjsmartcard.com\/da\/wp-json\/wp\/v2\/product_tag?post=772"}],"curies":[{"name":"wp","href":"https:\/\/api.w.org\/{rel}","templated":true}]}}