{"id":767,"date":"2025-11-03T07:23:32","date_gmt":"2025-11-03T07:23:32","guid":{"rendered":"https:\/\/www.cxjsmartcard.com\/?post_type=product&#038;p=767"},"modified":"2025-12-29T01:27:10","modified_gmt":"2025-12-29T01:27:10","slug":"waterproof-uhf-industrial-rfid-flexible-silicone-laundry-tag","status":"publish","type":"product","link":"https:\/\/www.cxjsmartcard.com\/da\/waterproof-uhf-industrial-rfid-flexible-silicone-laundry-tag\/","title":{"rendered":"Vandt\u00e6t UHF Industriel RFID Fleksibel Silikone Vasket\u00f8jsm\u00e6rke"},"content":{"rendered":"<p data-start=\"72\" data-end=\"463\">Fleksibel UHF-vasket\u00f8jsetikette i silikone, der er udviklet til industriel vask og tekstilh\u00e5ndtering. Den er vandt\u00e6t, varmebestandig og vejrbestandig, fungerer i 860-960 MHz-b\u00e5ndet og underst\u00f8tter ISO\/IEC 18000-6C (EPC Gen2). S\u00e6rligt velegnet til industriel vask af t\u00f8j og linned med holdbarhed til strygning ved h\u00f8je temperaturer, h\u00f8jt tryk og over 200 industrielle vaskecyklusser.<\/p>\n<p data-start=\"465\" data-end=\"488\"><strong data-start=\"465\" data-end=\"486\">Kvalitetssikring<\/strong><\/p>\n<ul data-start=\"489\" data-end=\"581\">\n<li data-start=\"489\" data-end=\"545\">\n<p data-start=\"491\" data-end=\"545\">100% funktionstestet af Voyantic Performance Tester.<\/p>\n<\/li>\n<li data-start=\"546\" data-end=\"581\">\n<p data-start=\"548\" data-end=\"581\">100% EPC og brugerhukommelse kontrolleret.<\/p>\n<\/li>\n<\/ul>\n<p data-start=\"583\" data-end=\"614\"><strong data-start=\"583\" data-end=\"612\">Elektriske specifikationer<\/strong><\/p>\n<ul data-start=\"615\" data-end=\"886\">\n<li data-start=\"615\" data-end=\"664\">\n<p data-start=\"617\" data-end=\"664\">Luftgr\u00e6nseflade: EPC Klasse 1 Gen2, ISO 18000-6C<\/p>\n<\/li>\n<li data-start=\"665\" data-end=\"705\">\n<p data-start=\"667\" data-end=\"705\">Enhedstype: Passiv UHF-transponder<\/p>\n<\/li>\n<li data-start=\"706\" data-end=\"744\">\n<p data-start=\"708\" data-end=\"744\">Driftsfrekvens: 865\u2013928 MHz<\/p>\n<\/li>\n<li data-start=\"745\" data-end=\"834\">\n<p data-start=\"747\" data-end=\"834\">Hukommelse (typisk IC-konfiguration): EPC 128 bit; Bruger 32 bit; Adgangskode 32 bit; TID 96 bit<\/p>\n<\/li>\n<li data-start=\"835\" data-end=\"859\">\n<p data-start=\"837\" data-end=\"859\">Polarisering: Line\u00e6r<\/p>\n<\/li>\n<li data-start=\"860\" data-end=\"886\">\n<p data-start=\"862\" data-end=\"886\">Dataopbevaring: 10 \u00e5r<\/p>\n<\/li>\n<\/ul>\n<p data-start=\"888\" data-end=\"916\"><strong data-start=\"888\" data-end=\"914\">Mekanik og materialer<\/strong><\/p>\n<ul data-start=\"917\" data-end=\"1077\">\n<li data-start=\"917\" data-end=\"960\">\n<p data-start=\"919\" data-end=\"960\">Dimensioner (stofm\u00e6rke): 60 \u00d7 20 \u00d7 1 mm<\/p>\n<\/li>\n<li data-start=\"961\" data-end=\"1043\">\n<p data-start=\"963\" data-end=\"1043\">Dimensioner (silikonem\u00e6rke): 85 \u00d7 27 \u00d7 4 mm; 55 \u00d7 12 \u00d7 2,5 mm (andre st\u00f8rrelser f\u00e5s)<\/p>\n<\/li>\n<li data-start=\"1044\" data-end=\"1077\">\n<p data-start=\"1046\" data-end=\"1077\">M\u00e6rkematerialer: Stof, Silikone<\/p>\n<\/li>\n<\/ul>\n<p data-start=\"1079\" data-end=\"1118\"><strong data-start=\"1079\" data-end=\"1116\">Milj\u00f8m\u00e6ssig og procesm\u00e6ssig udholdenhed<\/strong><\/p>\n<ul data-start=\"1119\" data-end=\"1352\">\n<li data-start=\"1119\" data-end=\"1181\">\n<p data-start=\"1121\" data-end=\"1181\">Opbevaringstemperatur: \u221240 \u00b0C til +120 \u00b0C (\u221240 \u00b0F til +248 \u00b0F)<\/p>\n<\/li>\n<li data-start=\"1182\" data-end=\"1219\">\n<p data-start=\"1184\" data-end=\"1219\">Strygerulle: 180 \u00b0C \u00d7 15 sek., 200 cyklusser<\/p>\n<\/li>\n<li data-start=\"1220\" data-end=\"1316\">\n<p data-start=\"1222\" data-end=\"1316\">T\u00f8rretumbler: 85 \u00b0C \u00d7 120 min, 200 cyklusser; 120 \u00b0C \u00d7 60 min, 200 cyklusser; 150 \u00b0C \u00d7 20 min, 200 cyklusser<\/p>\n<\/li>\n<li data-start=\"1317\" data-end=\"1352\">\n<p data-start=\"1319\" data-end=\"1352\">Trykmodstand: op til 56 bar<\/p>\n<\/li>\n<\/ul>\n<p data-start=\"1354\" data-end=\"1372\"><strong data-start=\"1354\" data-end=\"1370\">Applikationer<\/strong><\/p>\n<ul data-start=\"1373\" data-end=\"1510\">\n<li data-start=\"1373\" data-end=\"1394\">\n<p data-start=\"1375\" data-end=\"1394\">H\u00e5ndtering af senget\u00f8j<\/p>\n<\/li>\n<li data-start=\"1395\" data-end=\"1417\">\n<p data-start=\"1397\" data-end=\"1417\">Ensartet ledelse<\/p>\n<\/li>\n<li data-start=\"1418\" data-end=\"1449\">\n<p data-start=\"1420\" data-end=\"1449\">H\u00e5ndtering af hospitalsvaskeri<\/p>\n<\/li>\n<li data-start=\"1450\" data-end=\"1478\">\n<p data-start=\"1452\" data-end=\"1478\">Hotellets vaskerih\u00e5ndtering<\/p>\n<\/li>\n<li data-start=\"1479\" data-end=\"1510\">\n<p data-start=\"1481\" data-end=\"1510\">Industriel tekstilh\u00e5ndtering<\/p>\n<\/li>\n<\/ul>\n<p data-start=\"1512\" data-end=\"1666\"><strong data-start=\"1512\" data-end=\"1520\">Ofte stillede sp\u00f8rgsm\u00e5l<\/strong><br data-start=\"1520\" data-end=\"1523\" \/><strong data-start=\"1523\" data-end=\"1530\">Sp\u00f8rgsm\u00e5l 1:<\/strong> Kan disse RFID-tags sys i uniformer eller bekl\u00e6dningsgenstande?<br data-start=\"1585\" data-end=\"1588\" \/><strong data-start=\"1588\" data-end=\"1594\">EN:<\/strong> Ja. Det fleksible silikonem\u00e6rke kan syes, varmeforsegles eller indlejres.<\/p>\n<p data-start=\"1668\" data-end=\"1791\"><strong data-start=\"1668\" data-end=\"1675\">Sp\u00f8rgsm\u00e5l 2:<\/strong> Hvor mange vaske kan dette m\u00e6rke klare?<br data-start=\"1717\" data-end=\"1720\" \/><strong data-start=\"1720\" data-end=\"1726\">EN:<\/strong> Op til 200 vaske, afh\u00e6ngigt af vaskemiddel og temperatur.<\/p>\n<p data-start=\"1793\" data-end=\"1916\"><strong data-start=\"1793\" data-end=\"1800\">Sp\u00f8rgsm\u00e5l 3:<\/strong> Er tilpasning mulig?<br data-start=\"1828\" data-end=\"1831\" \/><strong data-start=\"1831\" data-end=\"1837\">EN:<\/strong> Ja. St\u00f8rrelser, farver og branding (logotryk eller QR-koder) kan tilpasses.<\/p>\n<h2 data-start=\"1918\" data-end=\"1943\">Tabel (Specifikationer)<\/h2>\n<div class=\"_tableContainer_1rjym_1\">\n<div class=\"group _tableWrapper_1rjym_13 flex w-fit flex-col-reverse\" tabindex=\"-1\">\n<table class=\"w-fit min-w-(--thread-content-width)\" data-start=\"1945\" data-end=\"4087\">\n<thead data-start=\"1945\" data-end=\"2071\">\n<tr data-start=\"1945\" data-end=\"2071\">\n<th data-start=\"1945\" data-end=\"1970\" data-col-size=\"sm\">Kategori<\/th>\n<th data-start=\"1970\" data-end=\"1998\" data-col-size=\"sm\">Parameter<\/th>\n<th data-start=\"1998\" data-end=\"2071\" data-col-size=\"md\">V\u00e6rdi<\/th>\n<\/tr>\n<\/thead>\n<tbody data-start=\"2198\" data-end=\"4087\">\n<tr data-start=\"2198\" data-end=\"2323\">\n<td data-start=\"2198\" data-end=\"2222\" data-col-size=\"sm\">RF-gr\u00e6nseflade<\/td>\n<td data-col-size=\"sm\" data-start=\"2222\" data-end=\"2250\">Protokol<\/td>\n<td data-col-size=\"md\" data-start=\"2250\" data-end=\"2323\">EPC Klasse 1 Gen2 \/ ISO 18000-6C<\/td>\n<\/tr>\n<tr data-start=\"2324\" data-end=\"2449\">\n<td data-start=\"2324\" data-end=\"2348\" data-col-size=\"sm\"><\/td>\n<td data-col-size=\"sm\" data-start=\"2348\" data-end=\"2376\">Enhedstype<\/td>\n<td data-col-size=\"md\" data-start=\"2376\" data-end=\"2449\">Passiv UHF-transponder<\/td>\n<\/tr>\n<tr data-start=\"2450\" data-end=\"2575\">\n<td data-start=\"2450\" data-end=\"2474\" data-col-size=\"sm\"><\/td>\n<td data-col-size=\"sm\" data-start=\"2474\" data-end=\"2502\">Frekvens<\/td>\n<td data-col-size=\"md\" data-start=\"2502\" data-end=\"2575\">865\u2013928 MHz (i drift); 860\u2013960 MHz underst\u00f8ttet<\/td>\n<\/tr>\n<tr data-start=\"2576\" data-end=\"2701\">\n<td data-start=\"2576\" data-end=\"2600\" data-col-size=\"sm\">Hukommelse<\/td>\n<td data-col-size=\"sm\" data-start=\"2600\" data-end=\"2628\">EPC \/ Bruger \/ Adgangskode \/ Tidsnummer<\/td>\n<td data-col-size=\"md\" data-start=\"2628\" data-end=\"2701\">128 bit \/ 32 bit \/ 32 bit \/ 96 bit<\/td>\n<\/tr>\n<tr data-start=\"2702\" data-end=\"2827\">\n<td data-start=\"2702\" data-end=\"2726\" data-col-size=\"sm\">Data<\/td>\n<td data-col-size=\"sm\" data-start=\"2726\" data-end=\"2754\">Tilbageholdelse<\/td>\n<td data-col-size=\"md\" data-start=\"2754\" data-end=\"2827\">10 \u00e5r<\/td>\n<\/tr>\n<tr data-start=\"2828\" data-end=\"2953\">\n<td data-start=\"2828\" data-end=\"2852\" data-col-size=\"sm\">Antenne<\/td>\n<td data-col-size=\"sm\" data-start=\"2852\" data-end=\"2880\">Polarisering<\/td>\n<td data-col-size=\"md\" data-start=\"2880\" data-end=\"2953\">Line\u00e6r<\/td>\n<\/tr>\n<tr data-start=\"2954\" data-end=\"3079\">\n<td data-start=\"2954\" data-end=\"2978\" data-col-size=\"sm\">Materialer<\/td>\n<td data-col-size=\"sm\" data-start=\"2978\" data-end=\"3006\">Etiketmateriale<\/td>\n<td data-col-size=\"md\" data-start=\"3006\" data-end=\"3079\">Stof, Silikone<\/td>\n<\/tr>\n<tr data-start=\"3080\" data-end=\"3205\">\n<td data-start=\"3080\" data-end=\"3104\" data-col-size=\"sm\">Dimensioner (stof)<\/td>\n<td data-col-size=\"sm\" data-start=\"3104\" data-end=\"3132\">St\u00f8rrelse<\/td>\n<td data-col-size=\"md\" data-start=\"3132\" data-end=\"3205\">60 \u00d7 20 \u00d7 1 mm<\/td>\n<\/tr>\n<tr data-start=\"3206\" data-end=\"3331\">\n<td data-start=\"3206\" data-end=\"3230\" data-col-size=\"sm\">Dimensioner (silikone)<\/td>\n<td data-col-size=\"sm\" data-start=\"3230\" data-end=\"3258\">St\u00f8rrelsesmuligheder<\/td>\n<td data-col-size=\"md\" data-start=\"3258\" data-end=\"3331\">85 \u00d7 27 \u00d7 4 mm; 55 \u00d7 12 \u00d7 2,5 mm<\/td>\n<\/tr>\n<tr data-start=\"3332\" data-end=\"3457\">\n<td data-start=\"3332\" data-end=\"3356\" data-col-size=\"sm\">Milj\u00f8<\/td>\n<td data-col-size=\"sm\" data-start=\"3356\" data-end=\"3384\">Opbevaringstemperatur<\/td>\n<td data-col-size=\"md\" data-start=\"3384\" data-end=\"3457\">\u221240 \u00b0C til +120 \u00b0C<\/td>\n<\/tr>\n<tr data-start=\"3458\" data-end=\"3583\">\n<td data-start=\"3458\" data-end=\"3482\" data-col-size=\"sm\">Procesudholdenhed<\/td>\n<td data-col-size=\"sm\" data-start=\"3482\" data-end=\"3510\">Strygeren<\/td>\n<td data-col-size=\"md\" data-start=\"3510\" data-end=\"3583\">180 \u00b0C \u00d7 15 s, 200 cyklusser<\/td>\n<\/tr>\n<tr data-start=\"3584\" data-end=\"3709\">\n<td data-start=\"3584\" data-end=\"3608\" data-col-size=\"sm\"><\/td>\n<td data-col-size=\"sm\" data-start=\"3608\" data-end=\"3636\">T\u00f8rretumbler<\/td>\n<td data-col-size=\"md\" data-start=\"3636\" data-end=\"3709\">85 \u00b0C \u00d7 120 min; 120 \u00b0C \u00d7 60 min; 150 \u00b0C \u00d7 20 min (alle 200 cyklusser)<\/td>\n<\/tr>\n<tr data-start=\"3710\" data-end=\"3835\">\n<td data-start=\"3710\" data-end=\"3734\" data-col-size=\"sm\">Mekanik<\/td>\n<td data-col-size=\"sm\" data-start=\"3734\" data-end=\"3762\">Trykmodstand<\/td>\n<td data-col-size=\"md\" data-start=\"3762\" data-end=\"3835\">Op til 56 bar<\/td>\n<\/tr>\n<tr data-start=\"3836\" data-end=\"3961\">\n<td data-start=\"3836\" data-end=\"3860\" data-col-size=\"sm\">Applikationer<\/td>\n<td data-col-size=\"sm\" data-start=\"3860\" data-end=\"3888\">Typiske brugsscenarier<\/td>\n<td data-col-size=\"md\" data-start=\"3888\" data-end=\"3961\">Linned, uniformer, hospitals- og hotelvaskeri, industrielle tekstiler<\/td>\n<\/tr>\n<tr data-start=\"3962\" data-end=\"4087\">\n<td data-start=\"3962\" data-end=\"3986\" data-col-size=\"sm\">QA<\/td>\n<td data-col-size=\"sm\" data-start=\"3986\" data-end=\"4014\">Testning<\/td>\n<td data-col-size=\"md\" data-start=\"4014\" data-end=\"4087\">Voyantics ydeevne testet; 100% EPC og brugerhukommelse kontrolleret<\/td>\n<\/tr>\n<\/tbody>\n<\/table>\n<\/div>\n<\/div>","protected":false},"excerpt":{"rendered":"<p>Fleksibel, vandt\u00e6t UHF RFID-silikone-vasket\u00f8jsm\u00e6rke til industrielle tekstiler \u2013 EPC Gen2, 865\u2013928 MHz, op til 200 cyklusser, 56 bar trykmodstand; sy, varmeforsegling eller indlejring.<\/p>","protected":false},"featured_media":768,"template":"","meta":{"_gspb_post_css":""},"product_brand":[],"product_cat":[17,20],"product_tag":[],"class_list":{"0":"post-767","1":"product","2":"type-product","3":"status-publish","4":"has-post-thumbnail","6":"product_cat-rfid-laundry-tags","7":"product_cat-silicone-rfid-laundry-tags","9":"first","10":"instock","11":"shipping-taxable","12":"purchasable","13":"product-type-simple"},"_links":{"self":[{"href":"https:\/\/www.cxjsmartcard.com\/da\/wp-json\/wp\/v2\/product\/767","targetHints":{"allow":["GET"]}}],"collection":[{"href":"https:\/\/www.cxjsmartcard.com\/da\/wp-json\/wp\/v2\/product"}],"about":[{"href":"https:\/\/www.cxjsmartcard.com\/da\/wp-json\/wp\/v2\/types\/product"}],"wp:featuredmedia":[{"embeddable":true,"href":"https:\/\/www.cxjsmartcard.com\/da\/wp-json\/wp\/v2\/media\/768"}],"wp:attachment":[{"href":"https:\/\/www.cxjsmartcard.com\/da\/wp-json\/wp\/v2\/media?parent=767"}],"wp:term":[{"taxonomy":"product_brand","embeddable":true,"href":"https:\/\/www.cxjsmartcard.com\/da\/wp-json\/wp\/v2\/product_brand?post=767"},{"taxonomy":"product_cat","embeddable":true,"href":"https:\/\/www.cxjsmartcard.com\/da\/wp-json\/wp\/v2\/product_cat?post=767"},{"taxonomy":"product_tag","embeddable":true,"href":"https:\/\/www.cxjsmartcard.com\/da\/wp-json\/wp\/v2\/product_tag?post=767"}],"curies":[{"name":"wp","href":"https:\/\/api.w.org\/{rel}","templated":true}]}}